{"id":10359,"date":"2023-10-16T13:00:12","date_gmt":"2023-10-16T13:00:12","guid":{"rendered":"https:\/\/www.ne.se\/info\/?page_id=10359"},"modified":"2025-09-08T09:46:34","modified_gmt":"2025-09-08T09:46:34","slug":"kontaktsida-kundansvariga","status":"publish","type":"page","link":"https:\/\/www.ne.se\/info\/kontaktsida\/kontaktsida-kundansvariga\/","title":{"rendered":"Kontaktsida kundansvariga"},"content":{"rendered":"\n\n<section  class=\"hubspot-form-block\">\n    <div class=\"container\">\n        <div class=\"inner first-block  \">\n                            <div class=\"grid\">\n                    <div class=\"col col-2\">\n                        \n\n<div class=\"content\">\n\n            \n<p class=\"uptext\">\n    <span class=\"line\"><\/span>\n    Best\u00e4llning av l\u00e4romedel<\/p>    \n            \n<h2 class=\"\"> Kontakta oss <\/h2>    \n            <p class=\"ingress\">Klicka p\u00e5 kartan och se vem som \u00e4r kundansvarig i ditt omr\u00e5de.\r\n<br>Varmt v\u00e4lkommen att h\u00f6ra av dig till oss kundansvariga f\u00f6r:<\/p>\n    \n            <ul class=\"usps\">\n            <li class=\"usp\">\n            <svg width=\"24\" height=\"24\" viewBox=\"0 0 24 24\" fill=\"none\" xmlns=\"http:\/\/www.w3.org\/2000\/svg\">\n    <path d=\"M9 16.17 5.53 12.7a.996.996 0 1 0-1.41 1.41l4.18 4.18c.39.39 1.02.39 1.41 0L20.29 7.71a.996.996 0 1 0-1.41-1.41L9 16.17z\" fill=\"#007DB8\"\/>\n<\/svg>\n            Best\u00e4llning av l\u00e4romedel        <\/li>\n            <li class=\"usp\">\n            <svg width=\"24\" height=\"24\" viewBox=\"0 0 24 24\" fill=\"none\" xmlns=\"http:\/\/www.w3.org\/2000\/svg\">\n    <path d=\"M9 16.17 5.53 12.7a.996.996 0 1 0-1.41 1.41l4.18 4.18c.39.39 1.02.39 1.41 0L20.29 7.71a.996.996 0 1 0-1.41-1.41L9 16.17z\" fill=\"#007DB8\"\/>\n<\/svg>\n            Offertf\u00f6rfr\u00e5gan        <\/li>\n            <li class=\"usp\">\n            <svg width=\"24\" height=\"24\" viewBox=\"0 0 24 24\" fill=\"none\" xmlns=\"http:\/\/www.w3.org\/2000\/svg\">\n    <path d=\"M9 16.17 5.53 12.7a.996.996 0 1 0-1.41 1.41l4.18 4.18c.39.39 1.02.39 1.41 0L20.29 7.71a.996.996 0 1 0-1.41-1.41L9 16.17z\" fill=\"#007DB8\"\/>\n<\/svg>\n            Kostnadsfri provperiod        <\/li>\n    <\/ul>    \n    \n<\/div>                    <\/div>\n                    <div class=\"col col-2 form-right\">\n                        <div class=\"hubspot-form\">\n                            <iframe title=\"\" aria-label=\"Map\" id=\"datawrapper-chart-n8aun\" src=\"https:\/\/datawrapper.dwcdn.net\/n8aun\/3\/\" scrolling=\"no\" frameborder=\"0\" style=\"border: none;\" width=\"500\" height=\"480\" data-external=\"1\"><\/iframe>                        <\/div>\n                    <\/div>\n                <\/div>\n                    <\/div>\n    <\/div>\n<\/section>\n\n\n\n<section  class=\"contact-person-grid bg-white\">\n    <div class=\"container\">\n        <div class=\"inner  pt-1 pb-0\">\n                            <div class=\"grid contact-person-grid\">\n                                            <div class=\"col col-3 contact-person-col\">\n                            \n\n\n<div class=\"content small-center\">\n    <div class=\"image\">\n        <img decoding=\"async\" src=\"https:\/\/www.ne.se\/info\/wp-content\/uploads\/2024\/12\/Gustaf_Olsson_5-7-360x360.jpg\" alt=\"\">\n    <\/div>\n    <div class=\"info\"> \n        <div class=\"top\"> \n                            <p class=\"name\">Gustaf Olsson<\/p>\n                                        <p class=\"title\">Sydv\u00e4st<\/p>\n                                        <a href=\"tel:073-036 06 64\" title=\"Ring Gustaf Olsson\" class=\"phone\">073-036 06 64<\/a>\n                                        <a href=\"mailto:gustaf.olsson@ne.se\" title=\"Skicka ett mail till Gustaf Olsson\" class=\"email\">gustaf.olsson@ne.se<\/a>\n                    <\/div>\n                    <div class=\"sales-link\" data-block-id=\"18083\">\n                <svg width=\"16\" height=\"17\" viewBox=\"0 0 16 17\" fill=\"none\" xmlns=\"http:\/\/www.w3.org\/2000\/svg\">\n    <path d=\"M13.332 2.5h-.667v-.667c0-.366-.3-.666-.666-.666-.367 0-.667.3-.667.666V2.5H4.665v-.667c0-.366-.3-.666-.666-.666-.367 0-.667.3-.667.666V2.5h-.667c-.733 0-1.333.6-1.333 1.333V14.5c0 .733.6 1.333 1.333 1.333h10.667c.733 0 1.333-.6 1.333-1.333V3.833c0-.733-.6-1.333-1.333-1.333zm-.667 12H3.332a.669.669 0 0 1-.667-.667v-8h10.667v8c0 .367-.3.667-.667.667z\" fill=\"#007DB8\"\/>\n<\/svg>\n                <span>Boka m\u00f6te<\/span>\n            <\/div>\n            <\/div>\n\n<\/div>                        <\/div>\n\n                        \n                                                    <div class=\"modal modal-form\" data-modal-id=\"18083\">\n\n  <div class=\"modal-content\">\n    <div class=\"grid\">\n      <div class=\"col col-2 info\">\n                  <img decoding=\"async\" src=\"https:\/\/www.ne.se\/info\/wp-content\/uploads\/2025\/01\/shutterstock_1195641025-1044x610.jpg\" srcset=\"\" sizes=\"(max-width: 1044px) 100vw, 1044px\" alt=\"\" title=\"\"  \/>\n                          <p class=\"heading\">Hej!<\/p>\n                          <p class=\"text\">Vad roligt att du \u00e4r nyfiken p\u00e5 NE! Boka g\u00e4rna en tid i min kalender som passar dig b\u00e4st, s\u00e5 kan vi prata vidare.<br \/>\r\n<\/p>\n              <\/div>\n      <div class=\"col col-2 form\">\n        <!-- Start of Meetings Embed Script -->\r\n    <div class=\"meetings-iframe-container\" data-src=\"https:\/\/meetings.hubspot.com\/gustaf-olsson\/mote-med-gustaf-pa-ne?embed=true\"><\/div>\r\n    <script type=\"text\/javascript\" src=\"https:\/\/static.hsappstatic.net\/MeetingsEmbed\/ex\/MeetingsEmbedCode.js\"><\/script>\r\n  <!-- End of Meetings Embed Script -->      <\/div>\n    <\/div>\n    \n  <\/div>\n\n<\/div>                                                                    <div class=\"col col-3 contact-person-col\">\n                            \n\n\n<div class=\"content small-center\">\n    <div class=\"image\">\n        <img decoding=\"async\" src=\"https:\/\/www.ne.se\/info\/wp-content\/uploads\/2023\/03\/kenneth_skardud-360x360.jpg\" alt=\"\">\n    <\/div>\n    <div class=\"info\"> \n        <div class=\"top\"> \n                            <p class=\"name\">Kenneth Sk\u00e5rud<\/p>\n                                        <p class=\"title\">Norr<\/p>\n                                        <a href=\"tel:076-943 32 22\" title=\"Ring Kenneth Sk\u00e5rud\" class=\"phone\">076-943 32 22<\/a>\n                                        <a href=\"mailto:kenneth.skarud@ne.se\" title=\"Skicka ett mail till Kenneth Sk\u00e5rud\" class=\"email\">kenneth.skarud@ne.se<\/a>\n                    <\/div>\n                    <div class=\"sales-link\" data-block-id=\"18079\">\n                <svg width=\"16\" height=\"17\" viewBox=\"0 0 16 17\" fill=\"none\" xmlns=\"http:\/\/www.w3.org\/2000\/svg\">\n    <path d=\"M13.332 2.5h-.667v-.667c0-.366-.3-.666-.666-.666-.367 0-.667.3-.667.666V2.5H4.665v-.667c0-.366-.3-.666-.666-.666-.367 0-.667.3-.667.666V2.5h-.667c-.733 0-1.333.6-1.333 1.333V14.5c0 .733.6 1.333 1.333 1.333h10.667c.733 0 1.333-.6 1.333-1.333V3.833c0-.733-.6-1.333-1.333-1.333zm-.667 12H3.332a.669.669 0 0 1-.667-.667v-8h10.667v8c0 .367-.3.667-.667.667z\" fill=\"#007DB8\"\/>\n<\/svg>\n                <span>Boka m\u00f6te<\/span>\n            <\/div>\n            <\/div>\n\n<\/div>                        <\/div>\n\n                        \n                                                    <div class=\"modal modal-form\" data-modal-id=\"18079\">\n\n  <div class=\"modal-content\">\n    <div class=\"grid\">\n      <div class=\"col col-2 info\">\n                  <img decoding=\"async\" src=\"https:\/\/www.ne.se\/info\/wp-content\/uploads\/2025\/01\/shutterstock_1195641025-1044x610.jpg\" srcset=\"\" sizes=\"(max-width: 1044px) 100vw, 1044px\" alt=\"\" title=\"\"  \/>\n                          <p class=\"heading\">Hej!<\/p>\n                          <p class=\"text\">Vad roligt att du \u00e4r nyfiken p\u00e5 NE! Boka g\u00e4rna en tid i min kalender som passar dig b\u00e4st, s\u00e5 kan vi prata vidare.<\/p>\n              <\/div>\n      <div class=\"col col-2 form\">\n        <!-- Start of Meetings Embed Script -->\r\n    <div class=\"meetings-iframe-container\" data-src=\"https:\/\/meetings.hubspot.com\/kenneth-skarud\/webbmote-med-ne?embed=true\"><\/div>\r\n    <script type=\"text\/javascript\" src=\"https:\/\/static.hsappstatic.net\/MeetingsEmbed\/ex\/MeetingsEmbedCode.js\"><\/script>\r\n  <!-- End of Meetings Embed Script -->      <\/div>\n    <\/div>\n    \n  <\/div>\n\n<\/div>                                                                    <div class=\"col col-3 contact-person-col\">\n                            \n\n\n<div class=\"content small-center\">\n    <div class=\"image\">\n        <img decoding=\"async\" src=\"https:\/\/www.ne.se\/info\/wp-content\/uploads\/2024\/12\/HM2025-2-360x360.png\" alt=\"\">\n    <\/div>\n    <div class=\"info\"> \n        <div class=\"top\"> \n                            <p class=\"name\">Hannah Majoros<\/p>\n                                        <p class=\"title\">\u00d6st<\/p>\n                                        <a href=\"tel:070-668 47 74\" title=\"Ring Hannah Majoros\" class=\"phone\">070-668 47 74<\/a>\n                                        <a href=\"mailto:hannah.majoros@ne.se\" title=\"Skicka ett mail till Hannah Majoros\" class=\"email\">hannah.majoros@ne.se<\/a>\n                    <\/div>\n                    <div class=\"sales-link\" data-block-id=\"18080\">\n                <svg width=\"16\" height=\"17\" viewBox=\"0 0 16 17\" fill=\"none\" xmlns=\"http:\/\/www.w3.org\/2000\/svg\">\n    <path d=\"M13.332 2.5h-.667v-.667c0-.366-.3-.666-.666-.666-.367 0-.667.3-.667.666V2.5H4.665v-.667c0-.366-.3-.666-.666-.666-.367 0-.667.3-.667.666V2.5h-.667c-.733 0-1.333.6-1.333 1.333V14.5c0 .733.6 1.333 1.333 1.333h10.667c.733 0 1.333-.6 1.333-1.333V3.833c0-.733-.6-1.333-1.333-1.333zm-.667 12H3.332a.669.669 0 0 1-.667-.667v-8h10.667v8c0 .367-.3.667-.667.667z\" fill=\"#007DB8\"\/>\n<\/svg>\n                <span>Boka m\u00f6te<\/span>\n            <\/div>\n            <\/div>\n\n<\/div>                        <\/div>\n\n                        \n                                                    <div class=\"modal modal-form\" data-modal-id=\"18080\">\n\n  <div class=\"modal-content\">\n    <div class=\"grid\">\n      <div class=\"col col-2 info\">\n                  <img decoding=\"async\" src=\"https:\/\/www.ne.se\/info\/wp-content\/uploads\/2025\/01\/shutterstock_1195641025-1044x610.jpg\" srcset=\"\" sizes=\"(max-width: 1044px) 100vw, 1044px\" alt=\"\" title=\"\"  \/>\n                          <p class=\"heading\">Hej!<\/p>\n                          <p class=\"text\">Vad roligt att du \u00e4r nyfiken p\u00e5 NE! Boka g\u00e4rna en tid i min kalender som passar dig b\u00e4st, s\u00e5 kan vi prata vidare.<\/p>\n              <\/div>\n      <div class=\"col col-2 form\">\n        <!-- Start of Meetings Embed Script -->\r\n    <div class=\"meetings-iframe-container\" data-src=\"https:\/\/meetings.hubspot.com\/hannah-majoros?embed=true\"><\/div>\r\n    <script type=\"text\/javascript\" src=\"https:\/\/static.hsappstatic.net\/MeetingsEmbed\/ex\/MeetingsEmbedCode.js\"><\/script>\r\n  <!-- End of Meetings Embed Script -->      <\/div>\n    <\/div>\n    \n  <\/div>\n\n<\/div>                                                            <\/div>\n                    <\/div>\n    <\/div>\n<\/section>","protected":false},"excerpt":{"rendered":"","protected":false},"author":6,"featured_media":0,"parent":4242,"menu_order":0,"comment_status":"closed","ping_status":"closed","template":"","meta":{"inline_featured_image":false,"footnotes":""},"subject":[],"class_list":["post-10359","page","type-page","status-publish","hentry"],"acf":[],"_links":{"self":[{"href":"https:\/\/www.ne.se\/info\/wp-json\/wp\/v2\/pages\/10359","targetHints":{"allow":["GET"]}}],"collection":[{"href":"https:\/\/www.ne.se\/info\/wp-json\/wp\/v2\/pages"}],"about":[{"href":"https:\/\/www.ne.se\/info\/wp-json\/wp\/v2\/types\/page"}],"author":[{"embeddable":true,"href":"https:\/\/www.ne.se\/info\/wp-json\/wp\/v2\/users\/6"}],"replies":[{"embeddable":true,"href":"https:\/\/www.ne.se\/info\/wp-json\/wp\/v2\/comments?post=10359"}],"version-history":[{"count":26,"href":"https:\/\/www.ne.se\/info\/wp-json\/wp\/v2\/pages\/10359\/revisions"}],"predecessor-version":[{"id":22669,"href":"https:\/\/www.ne.se\/info\/wp-json\/wp\/v2\/pages\/10359\/revisions\/22669"}],"up":[{"embeddable":true,"href":"https:\/\/www.ne.se\/info\/wp-json\/wp\/v2\/pages\/4242"}],"wp:attachment":[{"href":"https:\/\/www.ne.se\/info\/wp-json\/wp\/v2\/media?parent=10359"}],"wp:term":[{"taxonomy":"subject","embeddable":true,"href":"https:\/\/www.ne.se\/info\/wp-json\/wp\/v2\/subject?post=10359"}],"curies":[{"name":"wp","href":"https:\/\/api.w.org\/{rel}","templated":true}]}}