{"id":11407,"date":"2023-11-29T12:34:26","date_gmt":"2023-11-29T12:34:26","guid":{"rendered":"https:\/\/www.ne.se\/info\/?page_id=11407"},"modified":"2023-11-29T13:10:01","modified_gmt":"2023-11-29T13:10:01","slug":"julbingo","status":"publish","type":"page","link":"https:\/\/www.ne.se\/info\/skola\/julbingo\/","title":{"rendered":"Jullovsbingo"},"content":{"rendered":"\n\n<section  class=\"blog-header\">\n    <div class=\"container\">\n        <div class=\"inner  pt-5 pb-2\">\n        \n            <div class=\"content\">\n                \n                \n                \n                            <\/div>\n\n                            <img decoding=\"async\" src=\"https:\/\/www.ne.se\/info\/wp-content\/uploads\/2023\/11\/Blog-header-julbingo-1280x516.png\" srcset=\"https:\/\/www.ne.se\/info\/wp-content\/uploads\/2023\/11\/Blog-header-julbingo-1280x516.png 1280w, https:\/\/www.ne.se\/info\/wp-content\/uploads\/2023\/11\/Blog-header-julbingo-300x121.png 300w, https:\/\/www.ne.se\/info\/wp-content\/uploads\/2023\/11\/Blog-header-julbingo-1024x413.png 1024w, https:\/\/www.ne.se\/info\/wp-content\/uploads\/2023\/11\/Blog-header-julbingo-768x310.png 768w, https:\/\/www.ne.se\/info\/wp-content\/uploads\/2023\/11\/Blog-header-julbingo-1536x619.png 1536w, https:\/\/www.ne.se\/info\/wp-content\/uploads\/2023\/11\/Blog-header-julbingo-2048x826.png 2048w, https:\/\/www.ne.se\/info\/wp-content\/uploads\/2023\/11\/Blog-header-julbingo-354x143.png 354w\" sizes=\"(max-width: 1280px) 100vw, 1280px\" alt=\"\" title=\"Blog header julbingo\" \/>\n                                    <\/div>\n    <\/div>\n<\/section>\n\n\n\n<section  class=\"hubspot-form-block\">\n    <div class=\"container\">\n        <div class=\"inner  pt-3 pb-5\">\n                            <div class=\"grid\">\n                    <div class=\"col col-2\">\n                        \n\n<div class=\"content\">\n\n            \n<p class=\"uptext\">\n    <span class=\"line\"><\/span>\n    Lektionstips inf\u00f6r jullovet<\/p>    \n            \n<h2 class=\"\"> Jullovsbingo <\/h2>    \n            <p class=\"ingress\">Uppmuntra till l\u00e4sning med ett f\u00e4rdigt julbingo. Toppen att skicka med dina elever hem under lovet. Fyll i formul\u00e4ret s\u00e5 f\u00e5r du bingot direkt i din inkorg.<\/p>\n    \n            <ul class=\"usps\">\n            <li class=\"usp\">\n            <svg width=\"24\" height=\"24\" viewBox=\"0 0 24 24\" fill=\"none\" xmlns=\"http:\/\/www.w3.org\/2000\/svg\">\n    <path d=\"M9 16.17 5.53 12.7a.996.996 0 1 0-1.41 1.41l4.18 4.18c.39.39 1.02.39 1.41 0L20.29 7.71a.996.996 0 1 0-1.41-1.41L9 16.17z\" fill=\"#007DB8\"\/>\n<\/svg>\n            L\u00e4sfr\u00e4mjande aktivitet        <\/li>\n            <li class=\"usp\">\n            <svg width=\"24\" height=\"24\" viewBox=\"0 0 24 24\" fill=\"none\" xmlns=\"http:\/\/www.w3.org\/2000\/svg\">\n    <path d=\"M9 16.17 5.53 12.7a.996.996 0 1 0-1.41 1.41l4.18 4.18c.39.39 1.02.39 1.41 0L20.29 7.71a.996.996 0 1 0-1.41-1.41L9 16.17z\" fill=\"#007DB8\"\/>\n<\/svg>\n            Gratis att ladda ner        <\/li>\n            <li class=\"usp\">\n            <svg width=\"24\" height=\"24\" viewBox=\"0 0 24 24\" fill=\"none\" xmlns=\"http:\/\/www.w3.org\/2000\/svg\">\n    <path d=\"M9 16.17 5.53 12.7a.996.996 0 1 0-1.41 1.41l4.18 4.18c.39.39 1.02.39 1.41 0L20.29 7.71a.996.996 0 1 0-1.41-1.41L9 16.17z\" fill=\"#007DB8\"\/>\n<\/svg>\n            Anpassas efter elevens l\u00e4sniv\u00e5        <\/li>\n    <\/ul>    \n    \n<\/div>                    <\/div>\n                    <div class=\"col col-2 form-right\">\n                        <div class=\"hubspot-form\">\n                            <script charset=\"utf-8\" type=\"text\/javascript\" src=\"\/\/js.hsforms.net\/forms\/embed\/v2.js\"><\/script>\r\n<script>\r\n  hbspt.forms.create({\r\n    region: \"na1\",\r\n    portalId: \"4069921\",\r\n    formId: \"f629b3d0-1b4c-45b9-801f-24dc15ed80f0\"\r\n  });\r\n<\/script>                        <\/div>\n                    <\/div>\n                <\/div>\n                    <\/div>\n    <\/div>\n<\/section>","protected":false},"excerpt":{"rendered":"","protected":false},"author":6,"featured_media":0,"parent":751,"menu_order":0,"comment_status":"closed","ping_status":"closed","template":"","meta":{"inline_featured_image":false,"footnotes":""},"subject":[],"class_list":["post-11407","page","type-page","status-publish","hentry"],"acf":[],"_links":{"self":[{"href":"https:\/\/www.ne.se\/info\/wp-json\/wp\/v2\/pages\/11407","targetHints":{"allow":["GET"]}}],"collection":[{"href":"https:\/\/www.ne.se\/info\/wp-json\/wp\/v2\/pages"}],"about":[{"href":"https:\/\/www.ne.se\/info\/wp-json\/wp\/v2\/types\/page"}],"author":[{"embeddable":true,"href":"https:\/\/www.ne.se\/info\/wp-json\/wp\/v2\/users\/6"}],"replies":[{"embeddable":true,"href":"https:\/\/www.ne.se\/info\/wp-json\/wp\/v2\/comments?post=11407"}],"version-history":[{"count":5,"href":"https:\/\/www.ne.se\/info\/wp-json\/wp\/v2\/pages\/11407\/revisions"}],"predecessor-version":[{"id":11446,"href":"https:\/\/www.ne.se\/info\/wp-json\/wp\/v2\/pages\/11407\/revisions\/11446"}],"up":[{"embeddable":true,"href":"https:\/\/www.ne.se\/info\/wp-json\/wp\/v2\/pages\/751"}],"wp:attachment":[{"href":"https:\/\/www.ne.se\/info\/wp-json\/wp\/v2\/media?parent=11407"}],"wp:term":[{"taxonomy":"subject","embeddable":true,"href":"https:\/\/www.ne.se\/info\/wp-json\/wp\/v2\/subject?post=11407"}],"curies":[{"name":"wp","href":"https:\/\/api.w.org\/{rel}","templated":true}]}}