{"id":11447,"date":"2023-11-29T13:56:38","date_gmt":"2023-11-29T13:56:38","guid":{"rendered":"https:\/\/www.ne.se\/info\/?page_id=11447"},"modified":"2023-11-29T13:56:40","modified_gmt":"2023-11-29T13:56:40","slug":"tipsrunda-jul","status":"publish","type":"page","link":"https:\/\/www.ne.se\/info\/skola\/tipsrunda-jul\/","title":{"rendered":"Tipsrunda: Jul"},"content":{"rendered":"\n\n<section  class=\"blog-header\">\n    <div class=\"container\">\n        <div class=\"inner  pt-5 pb-2\">\n        \n            <div class=\"content\">\n                \n                \n                \n                            <\/div>\n\n                            <img decoding=\"async\" src=\"https:\/\/www.ne.se\/info\/wp-content\/uploads\/2023\/11\/Blog-header-tipsrunda-1280x516.png\" srcset=\"https:\/\/www.ne.se\/info\/wp-content\/uploads\/2023\/11\/Blog-header-tipsrunda-1280x516.png 1280w, https:\/\/www.ne.se\/info\/wp-content\/uploads\/2023\/11\/Blog-header-tipsrunda-300x121.png 300w, https:\/\/www.ne.se\/info\/wp-content\/uploads\/2023\/11\/Blog-header-tipsrunda-1024x413.png 1024w, https:\/\/www.ne.se\/info\/wp-content\/uploads\/2023\/11\/Blog-header-tipsrunda-768x310.png 768w, https:\/\/www.ne.se\/info\/wp-content\/uploads\/2023\/11\/Blog-header-tipsrunda-1536x619.png 1536w, https:\/\/www.ne.se\/info\/wp-content\/uploads\/2023\/11\/Blog-header-tipsrunda-2048x826.png 2048w, https:\/\/www.ne.se\/info\/wp-content\/uploads\/2023\/11\/Blog-header-tipsrunda-354x143.png 354w\" sizes=\"(max-width: 1280px) 100vw, 1280px\" alt=\"\" title=\"Blog header tipsrunda\" \/>\n                                    <\/div>\n    <\/div>\n<\/section>\n\n\n\n<section  class=\"hubspot-form-block\">\n    <div class=\"container\">\n        <div class=\"inner  pt-3 pb-5\">\n                            <div class=\"grid\">\n                    <div class=\"col col-2\">\n                        \n\n<div class=\"content\">\n\n            \n<p class=\"uptext\">\n    <span class=\"line\"><\/span>\n    Lektionstips inf\u00f6r jullovet<\/p>    \n            \n<h2 class=\"\"> Tipsrunda: Jul <\/h2>    \n            <p class=\"ingress\">Fyll i formul\u00e4ret s\u00e5 f\u00e5r du en julig tipsrunda direkt i din inkorg. Efter det kan du enkelt skriva ut tipsfr\u00e5gorna. Givetvis f\u00e5r du \u00e4ven svarsblad och facit, allt f\u00e4rdigt f\u00f6r en rolig aktivitet.<\/p>\n    \n            <ul class=\"usps\">\n            <li class=\"usp\">\n            <svg width=\"24\" height=\"24\" viewBox=\"0 0 24 24\" fill=\"none\" xmlns=\"http:\/\/www.w3.org\/2000\/svg\">\n    <path d=\"M9 16.17 5.53 12.7a.996.996 0 1 0-1.41 1.41l4.18 4.18c.39.39 1.02.39 1.41 0L20.29 7.71a.996.996 0 1 0-1.41-1.41L9 16.17z\" fill=\"#007DB8\"\/>\n<\/svg>\n            F\u00e4rdiga tipsfr\u00e5gor med facit och svarsblad        <\/li>\n            <li class=\"usp\">\n            <svg width=\"24\" height=\"24\" viewBox=\"0 0 24 24\" fill=\"none\" xmlns=\"http:\/\/www.w3.org\/2000\/svg\">\n    <path d=\"M9 16.17 5.53 12.7a.996.996 0 1 0-1.41 1.41l4.18 4.18c.39.39 1.02.39 1.41 0L20.29 7.71a.996.996 0 1 0-1.41-1.41L9 16.17z\" fill=\"#007DB8\"\/>\n<\/svg>\n            Blandade temafr\u00e5gor        <\/li>\n            <li class=\"usp\">\n            <svg width=\"24\" height=\"24\" viewBox=\"0 0 24 24\" fill=\"none\" xmlns=\"http:\/\/www.w3.org\/2000\/svg\">\n    <path d=\"M9 16.17 5.53 12.7a.996.996 0 1 0-1.41 1.41l4.18 4.18c.39.39 1.02.39 1.41 0L20.29 7.71a.996.996 0 1 0-1.41-1.41L9 16.17z\" fill=\"#007DB8\"\/>\n<\/svg>\n            Gratis att ladda ner        <\/li>\n    <\/ul>    \n    \n<\/div>                    <\/div>\n                    <div class=\"col col-2 form-right\">\n                        <div class=\"hubspot-form\">\n                            <script charset=\"utf-8\" type=\"text\/javascript\" src=\"\/\/js.hsforms.net\/forms\/embed\/v2.js\"><\/script>\r\n<script>\r\n  hbspt.forms.create({\r\n    region: \"na1\",\r\n    portalId: \"4069921\",\r\n    formId: \"102d680a-d28c-428f-9ccc-815efda1c122\"\r\n  });\r\n<\/script>                        <\/div>\n                    <\/div>\n                <\/div>\n                    <\/div>\n    <\/div>\n<\/section>","protected":false},"excerpt":{"rendered":"","protected":false},"author":6,"featured_media":0,"parent":751,"menu_order":0,"comment_status":"closed","ping_status":"closed","template":"","meta":{"inline_featured_image":false,"footnotes":""},"subject":[],"class_list":["post-11447","page","type-page","status-publish","hentry"],"acf":[],"_links":{"self":[{"href":"https:\/\/www.ne.se\/info\/wp-json\/wp\/v2\/pages\/11447","targetHints":{"allow":["GET"]}}],"collection":[{"href":"https:\/\/www.ne.se\/info\/wp-json\/wp\/v2\/pages"}],"about":[{"href":"https:\/\/www.ne.se\/info\/wp-json\/wp\/v2\/types\/page"}],"author":[{"embeddable":true,"href":"https:\/\/www.ne.se\/info\/wp-json\/wp\/v2\/users\/6"}],"replies":[{"embeddable":true,"href":"https:\/\/www.ne.se\/info\/wp-json\/wp\/v2\/comments?post=11447"}],"version-history":[{"count":3,"href":"https:\/\/www.ne.se\/info\/wp-json\/wp\/v2\/pages\/11447\/revisions"}],"predecessor-version":[{"id":11450,"href":"https:\/\/www.ne.se\/info\/wp-json\/wp\/v2\/pages\/11447\/revisions\/11450"}],"up":[{"embeddable":true,"href":"https:\/\/www.ne.se\/info\/wp-json\/wp\/v2\/pages\/751"}],"wp:attachment":[{"href":"https:\/\/www.ne.se\/info\/wp-json\/wp\/v2\/media?parent=11447"}],"wp:term":[{"taxonomy":"subject","embeddable":true,"href":"https:\/\/www.ne.se\/info\/wp-json\/wp\/v2\/subject?post=11447"}],"curies":[{"name":"wp","href":"https:\/\/api.w.org\/{rel}","templated":true}]}}