{"id":12915,"date":"2024-02-21T13:38:17","date_gmt":"2024-02-21T13:38:17","guid":{"rendered":"https:\/\/www.ne.se\/info\/?page_id=12915"},"modified":"2025-05-14T10:07:05","modified_gmt":"2025-05-14T10:07:05","slug":"katalog","status":"publish","type":"page","link":"https:\/\/www.ne.se\/info\/skola\/tryckta-laromedel-2\/katalog\/","title":{"rendered":"Samlingssida b\u00f6cker"},"content":{"rendered":"\n\n<section  class=\"big-header bg-white \">\n    <div class=\"container\">\n        <div class=\"inner first-block  \">\n\n            \n\n<div class=\"big-header-left-right\">\n    <div class=\"grid\">\n        <div class=\"col col-2 left\">\n                                        \n<h1 class=\"h1\"> Tryckta l\u00e4romedel <br> f\u00f6r grundskolan <\/h1>                    <\/div>\n        <div class=\"col col-2 right\">\n                                        \n<p class=\"ample\">\n    Uppt\u00e4ck helt\u00e4ckande tryckta l\u00e4romedel av h\u00f6g kvalitet fr\u00e5n erfarna l\u00e4romedelsf\u00f6rfattare och skaparna bakom Sveriges nationella uppslagsverk. Trov\u00e4rdig fakta och bepr\u00f6vad pedagogik.<\/p>            \n            \n                    <\/div>\n    <\/div>\n   \n<\/div>\n        <\/div>\n    <\/div>\n<\/section>\n\n\n\n<section  class=\"teaching-material-grid bg-gray\">\n    <div class=\"container\">\n        <div class=\"inner   \">\n\n                            <div class=\"outer-grid\">      \n                \n                    <aside class=\"side-nav\" data-page_id=\"12915\">\n                        <nav>\n                            <ul class=\"side-nav-list\">\n                                <li class=\"side-nav-item\">\n                                    <span class=\"side-nav-link active\" data-term_id=\"0\">Alla<\/span>\n                                <\/li>\n\n                                                                    <li class=\"side-nav-item\">\n                                        <span class=\"side-nav-link\" data-term_id=\"16\">\u00e5k 4\u20136<\/span>\n                                    <\/li>\n                                                                    <li class=\"side-nav-item\">\n                                        <span class=\"side-nav-link\" data-term_id=\"17\">\u00e5k 7\u20139<\/span>\n                                    <\/li>\n                                \n                            <\/ul>\n                        <\/nav>\n                    <\/aside>\n\n                    <main class=\"grid material-grid\">\n                    \n                        \n                            \n                            \n    <a href=\"https:\/\/www.ne.se\/info\/skola\/tryckta-laromedel-2\/katalog\/biologi-4-6\/\" class=\"col col-3 teaching-material-item\">\n        <div class=\"wrapper\">\n            <img decoding=\"async\" src=\"https:\/\/www.ne.se\/info\/wp-content\/uploads\/2024\/02\/Teaching-grid_biologi-4-6-580x600.png\" alt=\"\">\n                            <p class=\"heading\">Biologi 4\u20136<\/p>\n                        <div class=\"overlay\"><\/div>\n        <\/div>\n    <\/a>\n                            \n                        \n                            \n                            \n    <a href=\"https:\/\/www.ne.se\/info\/skola\/tryckta-laromedel-2\/katalog\/biologi-7-9\/\" class=\"col col-3 teaching-material-item\">\n        <div class=\"wrapper\">\n            <img decoding=\"async\" src=\"https:\/\/www.ne.se\/info\/wp-content\/uploads\/2024\/02\/Biologi-200x215-1-567x600.jpg\" alt=\"\">\n                            <p class=\"heading\">Biologi 7\u20139<\/p>\n                        <div class=\"overlay\"><\/div>\n        <\/div>\n    <\/a>\n                            \n                        \n                            \n                            \n    <a href=\"https:\/\/www.ne.se\/info\/skola\/tryckta-laromedel-2\/katalog\/fysik-4-6\/\" class=\"col col-3 teaching-material-item\">\n        <div class=\"wrapper\">\n            <img decoding=\"async\" src=\"https:\/\/www.ne.se\/info\/wp-content\/uploads\/2024\/02\/Fysik-4-6-200x200-1-580x600.png\" alt=\"\">\n                            <p class=\"heading\">Fysik 4\u20136<\/p>\n                        <div class=\"overlay\"><\/div>\n        <\/div>\n    <\/a>\n                            \n                        \n                            \n                            \n    <a href=\"https:\/\/www.ne.se\/info\/skola\/tryckta-laromedel-2\/katalog\/fysik-7-9\/\" class=\"col col-3 teaching-material-item\">\n        <div class=\"wrapper\">\n            <img decoding=\"async\" src=\"https:\/\/www.ne.se\/info\/wp-content\/uploads\/2024\/02\/Fysik-200x200-1-e1774877311533.png\" alt=\"\">\n                            <p class=\"heading\">Fysik 7\u20139<\/p>\n                        <div class=\"overlay\"><\/div>\n        <\/div>\n    <\/a>\n                            \n                        \n                            \n                            \n    <a href=\"https:\/\/www.ne.se\/info\/skola\/tryckta-laromedel-2\/katalog\/geografi-4-6\/\" class=\"col col-3 teaching-material-item\">\n        <div class=\"wrapper\">\n            <img decoding=\"async\" src=\"https:\/\/www.ne.se\/info\/wp-content\/uploads\/2024\/02\/Geografi-4-6-200x200-1-580x600.png\" alt=\"\">\n                            <p class=\"heading\">Geografi 4\u20136<\/p>\n                        <div class=\"overlay\"><\/div>\n        <\/div>\n    <\/a>\n                            \n                        \n                            \n                            \n    <a href=\"https:\/\/www.ne.se\/info\/skola\/tryckta-laromedel-2\/katalog\/geografi-7-9\/\" class=\"col col-3 teaching-material-item\">\n        <div class=\"wrapper\">\n            <img decoding=\"async\" src=\"https:\/\/www.ne.se\/info\/wp-content\/uploads\/2024\/02\/Geografi-200x215-1-567x600.jpg\" alt=\"\">\n                            <p class=\"heading\">Geografi 7\u20139<\/p>\n                        <div class=\"overlay\"><\/div>\n        <\/div>\n    <\/a>\n                            \n                        \n                            \n                            \n    <a href=\"https:\/\/www.ne.se\/info\/skola\/tryckta-laromedel-2\/katalog\/historia-4-6\/\" class=\"col col-3 teaching-material-item\">\n        <div class=\"wrapper\">\n            <img decoding=\"async\" src=\"https:\/\/www.ne.se\/info\/wp-content\/uploads\/2024\/02\/Historia-4-6-200x200-1-580x600.png\" alt=\"\">\n                            <p class=\"heading\">Historia 4\u20136<\/p>\n                        <div class=\"overlay\"><\/div>\n        <\/div>\n    <\/a>\n                            \n                        \n                            \n                            \n    <a href=\"https:\/\/www.ne.se\/info\/skola\/tryckta-laromedel-2\/katalog\/historia-7-9\/\" class=\"col col-3 teaching-material-item\">\n        <div class=\"wrapper\">\n            <img decoding=\"async\" src=\"https:\/\/www.ne.se\/info\/wp-content\/uploads\/2024\/02\/Historia-200x215-1-567x600.jpg\" alt=\"\">\n                            <p class=\"heading\">Historia 7\u20139<\/p>\n                        <div class=\"overlay\"><\/div>\n        <\/div>\n    <\/a>\n                            \n                        \n                            \n                            \n    <a href=\"https:\/\/www.ne.se\/info\/skola\/tryckta-laromedel-2\/katalog\/kemi-4-6\/\" class=\"col col-3 teaching-material-item\">\n        <div class=\"wrapper\">\n            <img decoding=\"async\" src=\"https:\/\/www.ne.se\/info\/wp-content\/uploads\/2024\/02\/Kemi-4-6-200x200-1-580x600.png\" alt=\"\">\n                            <p class=\"heading\">Kemi 4\u20136<\/p>\n                        <div class=\"overlay\"><\/div>\n        <\/div>\n    <\/a>\n                            \n                        \n                            \n                            \n    <a href=\"https:\/\/www.ne.se\/info\/skola\/tryckta-laromedel-2\/katalog\/kemi-7-9\/\" class=\"col col-3 teaching-material-item\">\n        <div class=\"wrapper\">\n            <img decoding=\"async\" src=\"https:\/\/www.ne.se\/info\/wp-content\/uploads\/2024\/02\/Kemi-200x200-1-580x600.png\" alt=\"\">\n                            <p class=\"heading\">Kemi 7\u20139<\/p>\n                        <div class=\"overlay\"><\/div>\n        <\/div>\n    <\/a>\n                            \n                        \n                            \n                            \n    <a href=\"https:\/\/www.ne.se\/info\/skola\/tryckta-laromedel-2\/katalog\/religion-7-9\/\" class=\"col col-3 teaching-material-item\">\n        <div class=\"wrapper\">\n            <img decoding=\"async\" src=\"https:\/\/www.ne.se\/info\/wp-content\/uploads\/2024\/02\/Religion-200x215-1-567x600.jpg\" alt=\"\">\n                            <p class=\"heading\">Religionskunskap 7\u20139<\/p>\n                        <div class=\"overlay\"><\/div>\n        <\/div>\n    <\/a>\n                            \n                        \n                            \n                            \n    <a href=\"https:\/\/www.ne.se\/info\/skola\/tryckta-laromedel-2\/katalog\/religionskunskap-4-6\/\" class=\"col col-3 teaching-material-item\">\n        <div class=\"wrapper\">\n            <img decoding=\"async\" src=\"https:\/\/www.ne.se\/info\/wp-content\/uploads\/2024\/02\/Religion-200x200-1-580x600.png\" alt=\"\">\n                            <p class=\"heading\">Religion 4\u20136<\/p>\n                        <div class=\"overlay\"><\/div>\n        <\/div>\n    <\/a>\n                            \n                        \n                            \n                            \n    <a href=\"https:\/\/www.ne.se\/info\/skola\/tryckta-laromedel-2\/katalog\/samhallskunskap-4-6\/\" class=\"col col-3 teaching-material-item\">\n        <div class=\"wrapper\">\n            <img decoding=\"async\" src=\"https:\/\/www.ne.se\/info\/wp-content\/uploads\/2024\/02\/samhallskunskap-2002x200-1-580x600.png\" alt=\"\">\n                            <p class=\"heading\">Samh\u00e4llskunskap 4\u20136<\/p>\n                        <div class=\"overlay\"><\/div>\n        <\/div>\n    <\/a>\n                            \n                        \n                            \n                            \n    <a href=\"https:\/\/www.ne.se\/info\/skola\/tryckta-laromedel-2\/katalog\/samhallskunskap-7-9\/\" class=\"col col-3 teaching-material-item\">\n        <div class=\"wrapper\">\n            <img decoding=\"async\" src=\"https:\/\/www.ne.se\/info\/wp-content\/uploads\/2024\/02\/Samhall-200x215-1-567x600.jpg\" alt=\"\">\n                            <p class=\"heading\">Samh\u00e4llskunskap 7\u20139<\/p>\n                        <div class=\"overlay\"><\/div>\n        <\/div>\n    <\/a>\n                            \n                        \n                            \n                            \n    <a href=\"https:\/\/www.ne.se\/info\/skola\/tryckta-laromedel-2\/katalog\/teknik-4-6\/\" class=\"col col-3 teaching-material-item\">\n        <div class=\"wrapper\">\n            <img decoding=\"async\" src=\"https:\/\/www.ne.se\/info\/wp-content\/uploads\/2024\/02\/Teknik-4-6-200x200-1-580x600.png\" alt=\"\">\n                            <p class=\"heading\">Teknik 4\u20136<\/p>\n                        <div class=\"overlay\"><\/div>\n        <\/div>\n    <\/a>\n                            \n                        \n                            \n                            \n    <a href=\"https:\/\/www.ne.se\/info\/skola\/tryckta-laromedel-2\/katalog\/teknik-7-9\/\" class=\"col col-3 teaching-material-item\">\n        <div class=\"wrapper\">\n            <img decoding=\"async\" src=\"https:\/\/www.ne.se\/info\/wp-content\/uploads\/2024\/02\/Teknik-200x200-1-580x600.png\" alt=\"\">\n                            <p class=\"heading\">Teknik 7\u20139<\/p>\n                        <div class=\"overlay\"><\/div>\n        <\/div>\n    <\/a>\n                            \n                        \n                    <\/main>        \n\n                <\/div>\n\n                    <\/div>\n    <\/div>\n<\/section>","protected":false},"excerpt":{"rendered":"","protected":false},"author":6,"featured_media":0,"parent":2665,"menu_order":0,"comment_status":"closed","ping_status":"closed","template":"","meta":{"inline_featured_image":false,"footnotes":""},"subject":[],"class_list":["post-12915","page","type-page","status-publish","hentry"],"acf":[],"_links":{"self":[{"href":"https:\/\/www.ne.se\/info\/wp-json\/wp\/v2\/pages\/12915","targetHints":{"allow":["GET"]}}],"collection":[{"href":"https:\/\/www.ne.se\/info\/wp-json\/wp\/v2\/pages"}],"about":[{"href":"https:\/\/www.ne.se\/info\/wp-json\/wp\/v2\/types\/page"}],"author":[{"embeddable":true,"href":"https:\/\/www.ne.se\/info\/wp-json\/wp\/v2\/users\/6"}],"replies":[{"embeddable":true,"href":"https:\/\/www.ne.se\/info\/wp-json\/wp\/v2\/comments?post=12915"}],"version-history":[{"count":22,"href":"https:\/\/www.ne.se\/info\/wp-json\/wp\/v2\/pages\/12915\/revisions"}],"predecessor-version":[{"id":26974,"href":"https:\/\/www.ne.se\/info\/wp-json\/wp\/v2\/pages\/12915\/revisions\/26974"}],"up":[{"embeddable":true,"href":"https:\/\/www.ne.se\/info\/wp-json\/wp\/v2\/pages\/2665"}],"wp:attachment":[{"href":"https:\/\/www.ne.se\/info\/wp-json\/wp\/v2\/media?parent=12915"}],"wp:term":[{"taxonomy":"subject","embeddable":true,"href":"https:\/\/www.ne.se\/info\/wp-json\/wp\/v2\/subject?post=12915"}],"curies":[{"name":"wp","href":"https:\/\/api.w.org\/{rel}","templated":true}]}}