{"id":1300,"date":"2023-03-21T13:20:00","date_gmt":"2023-03-21T13:20:00","guid":{"rendered":"https:\/\/www.ne.se\/info\/?page_id=1300"},"modified":"2026-02-17T15:00:27","modified_gmt":"2026-02-17T15:00:27","slug":"sva-7","status":"publish","type":"page","link":"https:\/\/www.ne.se\/info\/skola\/digitala-laromedel\/7-9\/sva-7\/","title":{"rendered":"SVA 7"},"content":{"rendered":"\n\n\n<section  class=\"header-big-pic\">\n    <div class=\"container\">\n        <div class=\"inner  teaching-padding\">\n                            \n<div class=\"badges\">\n            <p class=\"badge\">L\u00e4romedel 7\u20139<\/p>\n    <\/div>                                        \n<h1 class=\"h1\"> Svenska som andraspr\u00e5k 7 <\/h1>                                        <p class=\"ingress\">Ett modernt l\u00e4romedel som ger dig allt fr\u00e5n \u00e4mnets centrala inneh\u00e5ll och hj\u00e4lper dina elever att arbeta mot kunskapskraven.<\/p>\n            \n                            <ul class=\"usps\">\n            <li class=\"usp\">\n            <svg width=\"24\" height=\"24\" viewBox=\"0 0 24 24\" fill=\"none\" xmlns=\"http:\/\/www.w3.org\/2000\/svg\">\n    <path d=\"M9 16.17 5.53 12.7a.996.996 0 1 0-1.41 1.41l4.18 4.18c.39.39 1.02.39 1.41 0L20.29 7.71a.996.996 0 1 0-1.41-1.41L9 16.17z\" fill=\"#007DB8\"\/>\n<\/svg>\n            Lgr22        <\/li>\n            <li class=\"usp\">\n            <svg width=\"24\" height=\"24\" viewBox=\"0 0 24 24\" fill=\"none\" xmlns=\"http:\/\/www.w3.org\/2000\/svg\">\n    <path d=\"M9 16.17 5.53 12.7a.996.996 0 1 0-1.41 1.41l4.18 4.18c.39.39 1.02.39 1.41 0L20.29 7.71a.996.996 0 1 0-1.41-1.41L9 16.17z\" fill=\"#007DB8\"\/>\n<\/svg>\n            Helt\u00e4ckande        <\/li>\n            <li class=\"usp\">\n            <svg width=\"24\" height=\"24\" viewBox=\"0 0 24 24\" fill=\"none\" xmlns=\"http:\/\/www.w3.org\/2000\/svg\">\n    <path d=\"M9 16.17 5.53 12.7a.996.996 0 1 0-1.41 1.41l4.18 4.18c.39.39 1.02.39 1.41 0L20.29 7.71a.996.996 0 1 0-1.41-1.41L9 16.17z\" fill=\"#007DB8\"\/>\n<\/svg>\n            Anpassningsbart        <\/li>\n    <\/ul>                    <\/div>\n    <\/div>\n\n    <div class=\"background-image\">\n        <img decoding=\"async\" src=\"https:\/\/www.ne.se\/info\/wp-content\/uploads\/2023\/03\/svenska_ak7_omslag_GB-kopia-scaled.jpg\" srcset=\"\" sizes=\"(max-width: 5000px) 100vw, 5000px\" alt=\"\" title=\"svenska_ak7_omslag_GB (kopia)\" \/>\n    <\/div>\n\n    <div class=\"overlay-top\"><\/div>\n    <div class=\"overlay-bottom\"><\/div>\n<\/section>\n\n\n\n<section id=\"teaching_top\" class=\"left-right bg-white\">\n    <div class=\"container twelve-col\">\n        <div class=\"inner   \">\n                            <div class=\"grid\">\n                    <div class=\"col col-2 img-left\">\n                                                                                                                        <picture>\n                                        <source media=\"(min-width:767px)\" srcset=\"https:\/\/www.ne.se\/info\/wp-content\/uploads\/2023\/03\/SVA-7-1240x992.png\">\n                                        <source media=\"(max-width:767px)\" srcset=\"https:\/\/www.ne.se\/info\/wp-content\/uploads\/2023\/03\/SVA-7-1240x920.png\">\n                                        <img decoding=\"async\" src=\"https:\/\/www.ne.se\/info\/wp-content\/uploads\/2023\/03\/SVA-7-1240x992.png\" srcset=\"https:\/\/www.ne.se\/info\/wp-content\/uploads\/2023\/03\/SVA-7-1240x992.png 1240w, https:\/\/www.ne.se\/info\/wp-content\/uploads\/2023\/03\/SVA-7-800x640.png 800w\" sizes=\"(max-width: 1240px) 100vw, 1240px\" alt=\"\" title=\"SVA 7\"  \/>\n                                    <\/picture>\n                                                            \n                                            <\/div>\n                    <div class=\"col col-2\">\n                        \n\n<div class=\"content\">\n\n    \n    \n            \n<h2 class=\"h3\"> Ett uppdaterat och aktuellt l\u00e4romedel <\/h2>    \n            <p class=\"ingress\">Svenska som andraspr\u00e5k 7 l\u00e5ter eleverna arbeta med spr\u00e5ket f\u00f6r att bygga upp en tilltro till sin spr\u00e5kliga f\u00f6rm\u00e5ga. Genom b\u00e5de lek och allvar och med fokus p\u00e5 olika f\u00f6rm\u00e5gor, estetiska uttryckss\u00e4tt och \u00e4mnes\u00f6vergripande arbete, f\u00e5r eleverna utveckla sina kunskaper i svenska spr\u00e5ket samtidigt som de arbetar f\u00f6r att uppn\u00e5 m\u00e5len i kursplanen. <\/p>\n    \n    \n    \n    \n\n<\/div>                    <\/div>\n                <\/div>\n                    <\/div>\n    <\/div>\n<\/section>\n\n\n\n\n\n\n\n\n<section  class=\"tab-left-section\">\n    <div class=\"container\">\n        <div class=\"inner   \">\n                            <div class=\"grid\">\n                    <div class=\"col col-2 tabs\">\n                                                <div class=\"wrapper\">\n                                                                                <div class=\"tab-item active\" data-tab-id=\"block_1b79794f127b6384ae588244a195d4c0_1\">\n                                                                    <p class=\"tab-heading\">Kapitel<\/p>\n                                                                                                    <p class=\"tab-description\">Svenska som andraspr\u00e5k 7 t\u00e4cker \u00e4mnets centrala inneh\u00e5ll och hj\u00e4lper eleven att n\u00e5 betygskriterierna.<\/p>\n                                                            <\/div>\n                                                                                                            <div class=\"tab-item \" data-tab-id=\"block_1b79794f127b6384ae588244a195d4c0_2\">\n                                                                    <p class=\"tab-heading\">L\u00e4romedlet inneh\u00e5ller<\/p>\n                                                                                                    <p class=\"tab-description\">L\u00e4romedlet \u00e4r fyllt med inneh\u00e5ll som underl\u00e4ttar en varierad och rolig undervisning.<\/p>\n                                                            <\/div>\n                                                                                                            <div class=\"tab-item \" data-tab-id=\"block_1b79794f127b6384ae588244a195d4c0_3\">\n                                                                    <p class=\"tab-heading\">St\u00f6d och f\u00f6rdjupning<\/p>\n                                                                                                    <p class=\"tab-description\">M\u00f6t alla elever och anpassa inneh\u00e5ll efter behov och f\u00f6ruts\u00e4ttningar.<\/p>\n                                                            <\/div>\n                                                                                                            <div class=\"tab-item \" data-tab-id=\"block_1b79794f127b6384ae588244a195d4c0_4\">\n                                                                    <p class=\"tab-heading\">F\u00f6rfattare och medverkande<\/p>\n                                                                                                    <p class=\"tab-description\">L\u00e4romedlet \u00e4r framtaget av NE:s redaktion tillsammans med experter i \u00e4mnet.<\/p>\n                                                            <\/div>\n                                                                            <\/div>\n                    <\/div>\n                    <div class=\"col col-2 tabs-content\">\n                                                                                                        <div class=\"tab-content-item active text\" data-tab-content-id=\"block_1b79794f127b6384ae588244a195d4c0_1\">\n                                                                                                            <h4><b>Kapitel<\/b><\/h4>\n<ul>\n<li style=\"font-weight: 400;\" aria-level=\"1\"><span style=\"font-weight: 400;\">Varf\u00f6r svenska?<\/span><\/li>\n<li style=\"font-weight: 400;\" aria-level=\"1\"><span style=\"font-weight: 400;\">Bibliotek<\/span><\/li>\n<li style=\"font-weight: 400;\" aria-level=\"1\"><span style=\"font-weight: 400;\">Modelltexter<\/span><\/li>\n<li style=\"font-weight: 400;\" aria-level=\"1\"><span style=\"font-weight: 400;\">Varf\u00f6r svenska?<\/span><\/li>\n<li style=\"font-weight: 400;\" aria-level=\"1\"><span style=\"font-weight: 400;\">L\u00e4sa och l\u00e4ra<\/span><\/li>\n<li style=\"font-weight: 400;\" aria-level=\"1\"><span style=\"font-weight: 400;\">Tala och lyssna<\/span><\/li>\n<li style=\"font-weight: 400;\" aria-level=\"1\"><span style=\"font-weight: 400;\">Spr\u00e5k i f\u00f6r\u00e4ndring<\/span><\/li>\n<li style=\"font-weight: 400;\" aria-level=\"1\"><span style=\"font-weight: 400;\">Muntligt och skriftligt ber\u00e4ttande<\/span><\/li>\n<li style=\"font-weight: 400;\" aria-level=\"1\"><span style=\"font-weight: 400;\">Sk\u00f6nlitter\u00e4ra genrer<\/span><\/li>\n<li style=\"font-weight: 400;\" aria-level=\"1\"><span style=\"font-weight: 400;\">Texter i din v\u00e4rld<\/span><\/li>\n<li style=\"font-weight: 400;\" aria-level=\"1\"><span style=\"font-weight: 400;\">Spr\u00e5kets regler och normer<\/span><\/li>\n<li style=\"font-weight: 400;\" aria-level=\"1\"><span style=\"font-weight: 400;\">Informationss\u00f6kning och k\u00e4llkritik<\/span><\/li>\n<li style=\"font-weight: 400;\" aria-level=\"1\"><span style=\"font-weight: 400;\">Textanalys<\/span><\/li>\n<li style=\"font-weight: 400;\" aria-level=\"1\"><span style=\"font-weight: 400;\">F\u00f6rfattare<\/span><\/li>\n<\/ul>\n                                                                                                <\/div>\n\n                            \n                                                                                                            <div class=\"tab-content-item  text\" data-tab-content-id=\"block_1b79794f127b6384ae588244a195d4c0_2\">\n                                                                                                            <h4>L\u00e4romedlet inneh\u00e5ller:<\/h4>\n<ul>\n<li style=\"font-weight: 400;\" aria-level=\"1\"><span style=\"font-weight: 400;\">Bildst\u00f6d<\/span><\/li>\n<li style=\"font-weight: 400;\" aria-level=\"1\"><span style=\"font-weight: 400;\">Filmer och program<\/span><\/li>\n<li style=\"font-weight: 400;\" aria-level=\"1\"><span style=\"font-weight: 400;\">Grammatik<\/span><\/li>\n<li style=\"font-weight: 400;\" aria-level=\"1\"><span style=\"font-weight: 400;\">Interaktivitet<\/span><\/li>\n<li style=\"font-weight: 400;\" aria-level=\"1\"><span style=\"font-weight: 400;\">Kopplingar till NE:s svenska ordbok<\/span><\/li>\n<li style=\"font-weight: 400;\" aria-level=\"1\"><span style=\"font-weight: 400;\">K\u00e4llkritik<\/span><\/li>\n<li style=\"font-weight: 400;\" aria-level=\"1\"><span style=\"font-weight: 400;\">Ljudfiler<\/span><\/li>\n<li style=\"font-weight: 400;\" aria-level=\"1\"><span style=\"font-weight: 400;\">L\u00e4rarmaterial<\/span><\/li>\n<li style=\"font-weight: 400;\" aria-level=\"1\"><span style=\"font-weight: 400;\">Mallar och checklistor f\u00f6r olika texttyper<\/span><\/li>\n<li style=\"font-weight: 400;\" aria-level=\"1\"><span style=\"font-weight: 400;\">Bibliotek\u00a0<\/span><\/li>\n<li style=\"font-weight: 400;\" aria-level=\"1\"><span style=\"font-weight: 400;\">Modelltexter f\u00f6r alla texttyper<\/span><\/li>\n<li style=\"font-weight: 400;\" aria-level=\"1\"><span style=\"font-weight: 400;\">Sj\u00e4lvr\u00e4ttande quiz<\/span><\/li>\n<li style=\"font-weight: 400;\" aria-level=\"1\"><span style=\"font-weight: 400;\">Skrivuppgifter<\/span><\/li>\n<li style=\"font-weight: 400;\" aria-level=\"1\"><span style=\"font-weight: 400;\">Strategier och teknik<\/span><\/li>\n<li style=\"font-weight: 400;\" aria-level=\"1\"><span style=\"font-weight: 400;\">Texter<\/span><\/li>\n<li style=\"font-weight: 400;\" aria-level=\"1\"><span style=\"font-weight: 400;\">\u00d6vningar, <\/span><span style=\"font-weight: 400;\">extrauppgifter, f\u00f6rdjupningsuppgifter<\/span><\/li>\n<\/ul>\n                                                                                                <\/div>\n\n                            \n                                                                                                            <div class=\"tab-content-item  text\" data-tab-content-id=\"block_1b79794f127b6384ae588244a195d4c0_3\">\n                                                                                                            <h4>St\u00f6d och f\u00f6rdjupning:<\/h4>\n<p>L\u00e4romedel fr\u00e5n NE \u00e4r fyllda med tillg\u00e4nglighetsfunktioner och f\u00f6rdjupningsm\u00f6jligheter. H\u00e4r finns bland annat:<\/p>\n<ul>\n<li>L\u00e4ttl\u00e4sta versioner<\/li>\n<li>Uppl\u00e4sning av text<\/li>\n<li>\u00d6vers\u00e4ttning till \u00f6ver 100 spr\u00e5k<\/li>\n<li>L\u00e4sst\u00f6d \u2013 justera text, bakgrund, typsnitt eller anv\u00e4nd l\u00e4slinjal<\/li>\n<li>Enkel tillg\u00e5ng till extramaterial, uppgifter och laborationer<\/li>\n<li>Kopplingar till kunskapstj\u00e4nsterna som f\u00f6rklarar, breddar och f\u00f6rdjupar<\/li>\n<\/ul>\n                                                                                                <\/div>\n\n                            \n                                                                                                            <div class=\"tab-content-item  text\" data-tab-content-id=\"block_1b79794f127b6384ae588244a195d4c0_4\">\n                                                                                                            <h4>F\u00f6rfattare och medverkande<\/h4>\n<p>F\u00f6rfattare: Ingemar Breithel, Eva Bring\u00e9us, Maria Br\u00e4nnstr\u00f6m, Jonas Gruv\u00f6, M\u00e5rten Dahlrot, Laila H\u00f6glund, Moja Ladvelin, Pia Raunio, Karin Sj\u00f6b\u00e4ck, Per S\u00f6derberg och Katarina \u00c5kerholm<\/p>\n<p>Redakt\u00f6r: Laila H\u00f6glund<\/p>\n<p>L\u00e4romedelsutvecklare: Anna Nyman och Helene Ahlberg<\/p>\n<p>Bildredakt\u00f6r: Martina Eriksson<\/p>\n<p>Illustrationer: Tanja Marx<\/p>\n                                                                                                <\/div>\n\n                            \n                                                                        <\/div>\n                <\/div>\n                    <\/div>\n    <\/div>\n<\/section>\n\n\n\n\n\n<section  class=\"mini-header left\">\n    <div class=\"container\">\n        <div class=\"inner   \">\n\n        \n                            <div class=\"heading-container\">\n                    \n<h2 class=\"h3\"> Webbinarier just f\u00f6r dig <\/h2>                                    <\/div>\n            \n            <div class=\"content-container\">\n\n                                    \n<p class=\"ample\">\n    Vill du veta mer om hur du kan anv\u00e4nda Svenska som andraspr\u00e5k 7\u20139 i din undervisning? Anm\u00e4l dig till ett webbinarium!<\/p>                \n\n                \n                                    <div class=\"btn-container\">\n                                                    \n<a href=\"https:\/\/www.ne.se\/info\/webbinarier\/\" target=\"\" aria-label=\"Se webbinarier\" class=\"button button-blue\">\n    Se webbinarier    <\/a>                                                                    <\/div>\n                \n            <\/div>\n\n        <\/div>\n    <\/div>\n<\/section>\n\n\n\n<section  class=\"social-proof bg-gray\">\n    <div class=\"container\">\n        <div class=\"inner   \">\n                            \n<h3 class=\"h3\"> Nu \u00e4r vi 1 000 000 elever  i 245 kommuner <\/h3>                        \n                            <div class=\"grid\">\n                                            <div class=\"col col-4\">\n                            <div class=\"wrapper\">\n                                <img decoding=\"async\" src=\"https:\/\/www.ne.se\/info\/wp-content\/uploads\/2023\/03\/organisation_logotyp_vanster_2rader-354x159.png\" srcset=\"https:\/\/www.ne.se\/info\/wp-content\/uploads\/2023\/03\/organisation_logotyp_vanster_2rader-354x159.png 354w, https:\/\/www.ne.se\/info\/wp-content\/uploads\/2023\/03\/organisation_logotyp_vanster_2rader-300x135.png 300w, https:\/\/www.ne.se\/info\/wp-content\/uploads\/2023\/03\/organisation_logotyp_vanster_2rader-768x346.png 768w, https:\/\/www.ne.se\/info\/wp-content\/uploads\/2023\/03\/organisation_logotyp_vanster_2rader.png 800w\" sizes=\"(max-width: 354px) 100vw, 354px\" alt=\"\" title=\"organisation_logotyp_vanster_2rader\"  \/>\n                            <\/div>\n                        <\/div>\n                                            <div class=\"col col-4\">\n                            <div class=\"wrapper\">\n                                <img decoding=\"async\" src=\"https:\/\/www.ne.se\/info\/wp-content\/uploads\/2023\/03\/timra-logo-flat-354x85.png\" srcset=\"https:\/\/www.ne.se\/info\/wp-content\/uploads\/2023\/03\/timra-logo-flat-354x85.png 354w, https:\/\/www.ne.se\/info\/wp-content\/uploads\/2023\/03\/timra-logo-flat-300x72.png 300w, https:\/\/www.ne.se\/info\/wp-content\/uploads\/2023\/03\/timra-logo-flat.png 459w\" sizes=\"(max-width: 354px) 100vw, 354px\" alt=\"\" title=\"timra-logo-flat\"  \/>\n                            <\/div>\n                        <\/div>\n                                            <div class=\"col col-4\">\n                            <div class=\"wrapper\">\n                                <img decoding=\"async\" src=\"https:\/\/www.ne.se\/info\/wp-content\/uploads\/2023\/03\/lindesberg_RGB_Text-354x166.png\" srcset=\"https:\/\/www.ne.se\/info\/wp-content\/uploads\/2023\/03\/lindesberg_RGB_Text-354x166.png 354w, https:\/\/www.ne.se\/info\/wp-content\/uploads\/2023\/03\/lindesberg_RGB_Text.png 1106w, https:\/\/www.ne.se\/info\/wp-content\/uploads\/2023\/03\/lindesberg_RGB_Text-686x320.png 686w, https:\/\/www.ne.se\/info\/wp-content\/uploads\/2023\/03\/lindesberg_RGB_Text-300x141.png 300w, https:\/\/www.ne.se\/info\/wp-content\/uploads\/2023\/03\/lindesberg_RGB_Text-768x360.png 768w, https:\/\/www.ne.se\/info\/wp-content\/uploads\/2023\/03\/lindesberg_RGB_Text-1024x481.png 1024w\" sizes=\"(max-width: 354px) 100vw, 354px\" alt=\"\" title=\"lindesberg_RGB_Text\"  \/>\n                            <\/div>\n                        <\/div>\n                                            <div class=\"col col-4\">\n                            <div class=\"wrapper\">\n                                <img decoding=\"async\" src=\"https:\/\/www.ne.se\/info\/wp-content\/uploads\/2023\/03\/Orebro-kommun-354x133.png\" srcset=\"https:\/\/www.ne.se\/info\/wp-content\/uploads\/2023\/03\/Orebro-kommun-354x133.png 354w, https:\/\/www.ne.se\/info\/wp-content\/uploads\/2023\/03\/Orebro-kommun-300x113.png 300w, https:\/\/www.ne.se\/info\/wp-content\/uploads\/2023\/03\/Orebro-kommun.png 543w\" sizes=\"(max-width: 354px) 100vw, 354px\" alt=\"\" title=\"O\u0308rebro kommun\"  \/>\n                            <\/div>\n                        <\/div>\n                                    <\/div>\n                    <\/div>\n    <\/div>\n<\/section>\n\n\n\n<section  class=\"left-right bg-white\">\n    <div class=\"container twelve-col\">\n        <div class=\"inner   \">\n                            <div class=\"grid\">\n                    <div class=\"col col-2 img-left\">\n                                                                                                                        <picture>\n                                        <source media=\"(min-width:767px)\" srcset=\"https:\/\/www.ne.se\/info\/wp-content\/uploads\/2023\/03\/ima165271-1240x992.jpg\">\n                                        <source media=\"(max-width:767px)\" srcset=\"https:\/\/www.ne.se\/info\/wp-content\/uploads\/2023\/03\/ima165271-1460x920.jpg\">\n                                        <img decoding=\"async\" src=\"https:\/\/www.ne.se\/info\/wp-content\/uploads\/2023\/03\/ima165271-1240x992.jpg\" srcset=\"https:\/\/www.ne.se\/info\/wp-content\/uploads\/2023\/03\/ima165271-1240x992.jpg 1240w, https:\/\/www.ne.se\/info\/wp-content\/uploads\/2023\/03\/ima165271-800x640.jpg 800w\" sizes=\"(max-width: 1240px) 100vw, 1240px\" alt=\"\" title=\"Kollegor i m\u00f6te med dator\"  \/>\n                                    <\/picture>\n                                                            \n                                            <\/div>\n                    <div class=\"col col-2\">\n                        \n\n<div class=\"content\">\n\n    \n    \n            \n<h3 class=\"h3\"> Kom ig\u00e5ng direkt <\/h3>    \n            <p class=\"ingress\">Att komma ig\u00e5ng med NE \u00e4r enkelt. Vill du veta mer om hur du optimerar ditt anv\u00e4ndande kan du alltid st\u00e4lla en fr\u00e5ga i chatten eller delta i n\u00e5gon av de utbildningar vi erbjuder.<\/p>\n    \n    \n            <div class=\"btn-container\">\n                            \n<a href=\"https:\/\/www.ne.se\/info\/digitala-laromedel\/kom-igang-med-laromedel-fran-ne\/\" target=\"\" aria-label=\"Allt om statsbidraget\" class=\"button button-blue\">\n    Allt om statsbidraget    <\/a>                                        \n<a href=\"https:\/\/www.ne.se\/info\/prova-ne-kostnadsfritt-i-30-dagar\/\" target=\"\" class=\"button button-border-blue\">Inte kund? Prova gratis i 30 dagar<\/a>                    <\/div>\n    \n    \n\n<\/div>                    <\/div>\n                <\/div>\n                    <\/div>\n    <\/div>\n<\/section>\n\n\n","protected":false},"excerpt":{"rendered":"","protected":false},"author":6,"featured_media":0,"parent":1019,"menu_order":0,"comment_status":"closed","ping_status":"closed","template":"page-teaching-material.php","meta":{"inline_featured_image":false,"footnotes":""},"subject":[6],"class_list":["post-1300","page","type-page","status-publish","hentry"],"acf":[],"_links":{"self":[{"href":"https:\/\/www.ne.se\/info\/wp-json\/wp\/v2\/pages\/1300","targetHints":{"allow":["GET"]}}],"collection":[{"href":"https:\/\/www.ne.se\/info\/wp-json\/wp\/v2\/pages"}],"about":[{"href":"https:\/\/www.ne.se\/info\/wp-json\/wp\/v2\/types\/page"}],"author":[{"embeddable":true,"href":"https:\/\/www.ne.se\/info\/wp-json\/wp\/v2\/users\/6"}],"replies":[{"embeddable":true,"href":"https:\/\/www.ne.se\/info\/wp-json\/wp\/v2\/comments?post=1300"}],"version-history":[{"count":21,"href":"https:\/\/www.ne.se\/info\/wp-json\/wp\/v2\/pages\/1300\/revisions"}],"predecessor-version":[{"id":25772,"href":"https:\/\/www.ne.se\/info\/wp-json\/wp\/v2\/pages\/1300\/revisions\/25772"}],"up":[{"embeddable":true,"href":"https:\/\/www.ne.se\/info\/wp-json\/wp\/v2\/pages\/1019"}],"wp:attachment":[{"href":"https:\/\/www.ne.se\/info\/wp-json\/wp\/v2\/media?parent=1300"}],"wp:term":[{"taxonomy":"subject","embeddable":true,"href":"https:\/\/www.ne.se\/info\/wp-json\/wp\/v2\/subject?post=1300"}],"curies":[{"name":"wp","href":"https:\/\/api.w.org\/{rel}","templated":true}]}}