{"id":13047,"date":"2024-02-22T16:00:25","date_gmt":"2024-02-22T16:00:25","guid":{"rendered":"https:\/\/www.ne.se\/info\/?page_id=13047"},"modified":"2026-02-18T07:56:55","modified_gmt":"2026-02-18T07:56:55","slug":"historia-4-6","status":"publish","type":"page","link":"https:\/\/www.ne.se\/info\/skola\/tryckta-laromedel-2\/katalog\/historia-4-6\/","title":{"rendered":"Historia 4\u20136"},"content":{"rendered":"\n\n\n<section  class=\"header-big-pic\">\n    <div class=\"container\">\n        <div class=\"inner  teaching-padding\">\n                            \n<div class=\"badges\">\n            <p class=\"badge\">L\u00e4romedel 4\u20136<\/p>\n    <\/div>                                        \n<h1 class=\"h1\"> Historia 4\u20136 <\/h1>                                        <p class=\"ingress\">Ett modernt l\u00e4romedel som hj\u00e4lper eleverna att utveckla sitt his\u00adtorie\u00ad\u00admedvetande och sina kunskaper i historie\u00e4mnet.<\/p>\n            \n                            <ul class=\"usps\">\n            <li class=\"usp\">\n            <svg width=\"24\" height=\"24\" viewBox=\"0 0 24 24\" fill=\"none\" xmlns=\"http:\/\/www.w3.org\/2000\/svg\">\n    <path d=\"M9 16.17 5.53 12.7a.996.996 0 1 0-1.41 1.41l4.18 4.18c.39.39 1.02.39 1.41 0L20.29 7.71a.996.996 0 1 0-1.41-1.41L9 16.17z\" fill=\"#007DB8\"\/>\n<\/svg>\n            Lgr22        <\/li>\n            <li class=\"usp\">\n            <svg width=\"24\" height=\"24\" viewBox=\"0 0 24 24\" fill=\"none\" xmlns=\"http:\/\/www.w3.org\/2000\/svg\">\n    <path d=\"M9 16.17 5.53 12.7a.996.996 0 1 0-1.41 1.41l4.18 4.18c.39.39 1.02.39 1.41 0L20.29 7.71a.996.996 0 1 0-1.41-1.41L9 16.17z\" fill=\"#007DB8\"\/>\n<\/svg>\n            Helt\u00e4ckande        <\/li>\n            <li class=\"usp\">\n            <svg width=\"24\" height=\"24\" viewBox=\"0 0 24 24\" fill=\"none\" xmlns=\"http:\/\/www.w3.org\/2000\/svg\">\n    <path d=\"M9 16.17 5.53 12.7a.996.996 0 1 0-1.41 1.41l4.18 4.18c.39.39 1.02.39 1.41 0L20.29 7.71a.996.996 0 1 0-1.41-1.41L9 16.17z\" fill=\"#007DB8\"\/>\n<\/svg>\n            Anpassningsbart        <\/li>\n    <\/ul>                    <\/div>\n    <\/div>\n\n    <div class=\"background-image\">\n        <img decoding=\"async\" src=\"https:\/\/www.ne.se\/info\/wp-content\/uploads\/2023\/03\/historia_4-6.jpg\" srcset=\"https:\/\/www.ne.se\/info\/wp-content\/uploads\/2023\/03\/historia_4-6.jpg 2121w, https:\/\/www.ne.se\/info\/wp-content\/uploads\/2023\/03\/historia_4-6-354x236.jpg 354w, https:\/\/www.ne.se\/info\/wp-content\/uploads\/2023\/03\/historia_4-6-300x200.jpg 300w, https:\/\/www.ne.se\/info\/wp-content\/uploads\/2023\/03\/historia_4-6-768x512.jpg 768w, https:\/\/www.ne.se\/info\/wp-content\/uploads\/2023\/03\/historia_4-6-1024x683.jpg 1024w, https:\/\/www.ne.se\/info\/wp-content\/uploads\/2023\/03\/historia_4-6-1536x1024.jpg 1536w, https:\/\/www.ne.se\/info\/wp-content\/uploads\/2023\/03\/historia_4-6-2048x1365.jpg 2048w\" sizes=\"(max-width: 2121px) 100vw, 2121px\" alt=\"\" title=\"Famous viking rock carving\" \/>\n    <\/div>\n\n    <div class=\"overlay-top\"><\/div>\n    <div class=\"overlay-bottom\"><\/div>\n<\/section>\n\n\n\n<section id=\"teaching_top\" class=\"left-right bg-white\">\n    <div class=\"container twelve-col\">\n        <div class=\"inner   \">\n                            <div class=\"grid\">\n                    <div class=\"col col-2 img-left\">\n                                                                                                                        <picture>\n                                        <source media=\"(min-width:767px)\" srcset=\"https:\/\/www.ne.se\/info\/wp-content\/uploads\/2024\/02\/Historia-4-6.gif\">\n                                        <source media=\"(max-width:767px)\" srcset=\"https:\/\/www.ne.se\/info\/wp-content\/uploads\/2024\/02\/Historia-4-6.gif\">\n                                        <img decoding=\"async\" src=\"https:\/\/www.ne.se\/info\/wp-content\/uploads\/2024\/02\/Historia-4-6.gif\" srcset=\"\" sizes=\"(max-width: 900px) 100vw, 900px\" alt=\"\" title=\"Historia-4-6\"  \/>\n                                    <\/picture>\n                                                            \n                                            <\/div>\n                    <div class=\"col col-2\">\n                        \n\n<div class=\"content\">\n\n    \n    \n            \n<h3 class=\"h3\"> NE Historia 4\u20136 <\/h3>    \n            <p class=\"ingress\">L\u00e4romedlet utg\u00e5r fr\u00e5n det centrala inneh\u00e5llet i kursplanen f\u00f6r historia 4\u20136 (Lgr22) och behandlar alla arbetsomr\u00e5den: kulturm\u00f6ten och statsbildning i Norden, cirka 800\u20131500, maktf\u00f6rh\u00e5llanden och levnadsvillkor i Norden, cirka 1500\u20131800, samt folk\u00f6kning, \u00e4ndrade maktf\u00f6rh\u00e5llanden och emigration, cirka 1800\u20131900. <br \/>\r\n<br \/>\r\nBoken \u00e4r indelad i epoker som str\u00e4cker sig fr\u00e5n vikingatiden, via medeltiden, \u00d6stersj\u00f6riket och frihetstiden fram till sekelskiftet 1900. Olika typer av k\u00e4llor presenteras liksom ett flertal exempel p\u00e5 historiebruk. Eleverna f\u00e5r hj\u00e4lp att till\u00e4gna sig en historisk referensram f\u00f6r att l\u00e4ttare kunna f\u00f6rst\u00e5 vad som h\u00e4nder och se samband i nutiden.<br \/>\r\n<\/p>\n    \n    \n            <div class=\"btn-container\">\n                            \n<a href=\"https:\/\/www.laromedia.se\/start.php?site=visabokinfo&#038;isbn=88423-81-8\" target=\"\" aria-label=\"Best\u00e4ll nu\" class=\"button button-blue\" rel=\"nofollow noopener\">\n    Best\u00e4ll nu    <\/a>                                        \n<a href=\"https:\/\/issuu.com\/nationalencyklopedin\/docs\/ne_historia_4-6?fr=sZWFmODYzODA5Mjk\" target=\"\" class=\"button button-border-blue\" rel=\"nofollow noopener\">Bl\u00e4ddra i boken<\/a>                    <\/div>\n    \n    \n\n<\/div>                    <\/div>\n                <\/div>\n                    <\/div>\n    <\/div>\n<\/section>\n\n\n\n\n\n\n<section  class=\"mini-header left\">\n    <div class=\"container\">\n        <div class=\"inner   \">\n\n        \n                            <div class=\"heading-container\">\n                    \n<h2 class=\"h3\"> Inneh\u00e5ll Historia 4-6 <\/h2>                                    <\/div>\n            \n            <div class=\"content-container\">\n\n                \n\n                \n                \n            <\/div>\n\n        <\/div>\n    <\/div>\n<\/section>\n\n\n\n\n\n<section  class=\"tab-left-section\">\n    <div class=\"container\">\n        <div class=\"inner  pt-1 pb-5\">\n                            <div class=\"grid\">\n                    <div class=\"col col-2 tabs\">\n                                                <div class=\"wrapper\">\n                                                                                <div class=\"tab-item active\" data-tab-id=\"block_33da64e3beebec8b60eba733fa45c9ad_1\">\n                                                                    <p class=\"tab-heading\">Kapitel<\/p>\n                                                                                                    <p class=\"tab-description\">Historia 4\u20136 t\u00e4cker \u00e4mnets centrala inneh\u00e5ll och hj\u00e4lper eleven att n\u00e5 betygskriterierna.<\/p>\n                                                            <\/div>\n                                                                                                            <div class=\"tab-item \" data-tab-id=\"block_33da64e3beebec8b60eba733fa45c9ad_2\">\n                                                                    <p class=\"tab-heading\">L\u00e4romedlet inneh\u00e5ller<\/p>\n                                                                                                    <p class=\"tab-description\">L\u00e4romedlet \u00e4r fyllt med inneh\u00e5ll som underl\u00e4ttar en varierad och rolig undervisning.<\/p>\n                                                            <\/div>\n                                                                                                            <div class=\"tab-item \" data-tab-id=\"block_33da64e3beebec8b60eba733fa45c9ad_3\">\n                                                                    <p class=\"tab-heading\">St\u00f6d och f\u00f6rdjupning<\/p>\n                                                                                                    <p class=\"tab-description\">M\u00f6t alla elever och anpassa inneh\u00e5ll efter behov och f\u00f6ruts\u00e4ttningar.<\/p>\n                                                            <\/div>\n                                                                                                            <div class=\"tab-item \" data-tab-id=\"block_33da64e3beebec8b60eba733fa45c9ad_4\">\n                                                                    <p class=\"tab-heading\">F\u00f6rfattare och medverkande<\/p>\n                                                                                                    <p class=\"tab-description\">L\u00e4romedlet \u00e4r framtaget av NE:s redaktion tillsammans med experter i \u00e4mnet.<\/p>\n                                                            <\/div>\n                                                                            <\/div>\n                    <\/div>\n                    <div class=\"col col-2 tabs-content\">\n                                                                                                        <div class=\"tab-content-item active text\" data-tab-content-id=\"block_33da64e3beebec8b60eba733fa45c9ad_1\">\n                                                                                                            <h4>Kapitel<\/h4>\n<ul>\n<li style=\"font-weight: 400;\" aria-level=\"1\"><span style=\"font-weight: 400;\">Vad \u00e4r historia<\/span><\/li>\n<li style=\"font-weight: 400;\" aria-level=\"1\"><span style=\"font-weight: 400;\">Vinkingatiden<\/span><\/li>\n<li style=\"font-weight: 400;\" aria-level=\"1\"><span style=\"font-weight: 400;\">Medeltiden<\/span><\/li>\n<li style=\"font-weight: 400;\" aria-level=\"1\"><span style=\"font-weight: 400;\">Den nya tiden<\/span><\/li>\n<li style=\"font-weight: 400;\" aria-level=\"1\"><span style=\"font-weight: 400;\">\u00d6stersj\u00f6riket<\/span><\/li>\n<li style=\"font-weight: 400;\" aria-level=\"1\"><span style=\"font-weight: 400;\">Frihetstid och maktkamp<\/span><\/li>\n<li style=\"font-weight: 400;\" aria-level=\"1\"><span style=\"font-weight: 400;\">B\u00f6rjan till demokrati<\/span><\/li>\n<\/ul>\n                                                                                                <\/div>\n\n                            \n                                                                                                            <div class=\"tab-content-item  text\" data-tab-content-id=\"block_33da64e3beebec8b60eba733fa45c9ad_2\">\n                                                                                                            <h4>L\u00e4romedlet inneh\u00e5ller<\/h4>\n<ul>\n<li style=\"font-weight: 400;\" aria-level=\"1\"><span style=\"font-weight: 400;\">Ett rikt bildmaterial och illustrationer<\/span><\/li>\n<li style=\"font-weight: 400;\" aria-level=\"1\"><span style=\"font-weight: 400;\">\u00d6vningar, uppgifter och laborationer<\/span><\/li>\n<li style=\"font-weight: 400;\" aria-level=\"1\"><span style=\"font-weight: 400;\">Extramaterial och f\u00f6rdjupningar<\/span><\/li>\n<li style=\"font-weight: 400;\" aria-level=\"1\"><span style=\"font-weight: 400;\">L\u00e4rarledda elevaktiviteter<\/span><\/li>\n<li style=\"font-weight: 400;\" aria-level=\"1\"><span style=\"font-weight: 400;\">L\u00e4rarmaterial<\/span><\/li>\n<li style=\"font-weight: 400;\" aria-level=\"1\"><span style=\"font-weight: 400;\">L\u00e4roplanst\u00e4ckande inneh\u00e5ll<\/span><\/li>\n<li style=\"font-weight: 400;\" aria-level=\"1\"><span style=\"font-weight: 400;\">Pedagogiska teckningar<\/span><\/li>\n<\/ul>\n                                                                                                <\/div>\n\n                            \n                                                                                                            <div class=\"tab-content-item  text\" data-tab-content-id=\"block_33da64e3beebec8b60eba733fa45c9ad_3\">\n                                                                                                            <h4>St\u00f6d och f\u00f6rdjupning<\/h4>\n<p>Boken speglar det digitala l\u00e4romedlet som \u00e4r fyllt med tillg\u00e4nglighetsfunktioner och f\u00f6rdjupningsm\u00f6jligheter. H\u00e4r finns bland annat:<\/p>\n<ul>\n<li><span style=\"font-weight: 400;\">L\u00e4ttl\u00e4sta versioner<\/span><\/li>\n<li><span style=\"font-weight: 400;\">Uppl\u00e4sning av text<\/span><\/li>\n<li><span style=\"font-weight: 400;\">\u00d6vers\u00e4ttning till \u00f6ver 100 spr\u00e5k<\/span><\/li>\n<li>L\u00e4sst\u00f6d \u2013 justera text, bakgrund, typsnitt eller anv\u00e4nd l\u00e4slinjal<\/li>\n<li><span style=\"font-weight: 400;\">Enkel tillg\u00e5ng till extramaterial, uppgifter och laborationer<\/span><\/li>\n<li><span style=\"font-weight: 400;\"> Kopplingar till kunskapstj\u00e4nsterna som f\u00f6rklarar, breddar och f\u00f6rdjupar<\/span><\/li>\n<\/ul>\n                                                                                                <\/div>\n\n                            \n                                                                                                            <div class=\"tab-content-item  text\" data-tab-content-id=\"block_33da64e3beebec8b60eba733fa45c9ad_4\">\n                                                                                                            <h4>F\u00f6rfattare och medverkande<\/h4>\n<p class=\"p1\">F\u00f6rfattare: Anders Hansson, Birgitta Mel\u00e9n och Per S\u00f6derberg<\/p>\n<p class=\"p1\">L\u00e4romedelsutvecklare: Tobias Andersson<\/p>\n<p class=\"p1\">Redakt\u00f6r: Per S\u00f6derberg<\/p>\n<p class=\"p1\">Bildredakt\u00f6rer: Martina Eriksson och Per S\u00f6derberg<\/p>\n<p class=\"p1\">Illustrat\u00f6r: Elin Jonsson<\/p>\n<p class=\"p1\">Kartor: Erik Nylund<\/p>\n<p class=\"p1\">Grafisk formgivare: Jens Klaive<\/p>\n<p class=\"p1\">Grafisk produktion: Arvid Gruv\u00f6 W\u00e4rle och Ellen R\u00f6nn<\/p>\n                                                                                                <\/div>\n\n                            \n                                                                        <\/div>\n                <\/div>\n                    <\/div>\n    <\/div>\n<\/section>\n\n\n\n\n\n<section  class=\"left-right bg-white\">\n    <div class=\"container twelve-col\">\n        <div class=\"inner  pt-4 pb-2\">\n                            <div class=\"grid\">\n                    <div class=\"col col-2 img-left\">\n                                                                                                                        <picture>\n                                        <source media=\"(min-width:767px)\" srcset=\"https:\/\/www.ne.se\/info\/wp-content\/uploads\/2023\/03\/Historia-4\u20136-1240x992.png\">\n                                        <source media=\"(max-width:767px)\" srcset=\"https:\/\/www.ne.se\/info\/wp-content\/uploads\/2023\/03\/Historia-4\u20136-1240x920.png\">\n                                        <img decoding=\"async\" src=\"https:\/\/www.ne.se\/info\/wp-content\/uploads\/2023\/03\/Historia-4\u20136-1240x992.png\" srcset=\"https:\/\/www.ne.se\/info\/wp-content\/uploads\/2023\/03\/Historia-4\u20136-1240x992.png 1240w, https:\/\/www.ne.se\/info\/wp-content\/uploads\/2023\/03\/Historia-4\u20136-800x640.png 800w\" sizes=\"(max-width: 1240px) 100vw, 1240px\" alt=\"\" title=\"Historia 4\u20136\"  \/>\n                                    <\/picture>\n                                                            \n                                            <\/div>\n                    <div class=\"col col-2\">\n                        \n\n<div class=\"content\">\n\n    \n    \n            \n<h3 class=\"h3\"> Bok. Digitalt. Eller b\u00e5da. Du v\u00e4ljer. <\/h3>    \n            <p class=\"ingress\">Tillsammans med resurserna i det digitala l\u00e4romedlet kan du anpassa undervisningen utifr\u00e5n elevernas olika behov och f\u00f6ruts\u00e4ttningar. Ta del av l\u00e4rarhandledningar, filmer, extramaterial, \u00f6vningar, st\u00f6dfunktioner och l\u00e4ttl\u00e4sta versioner. <br \/>\r\n<br \/>\r\nUppt\u00e4ck m\u00f6jligheterna med att ha ett kompletta l\u00e4romedel oavsett format som fungerar s\u00e5v\u00e4l tillsammans som var f\u00f6r sig.<\/p>\n    \n    \n            <div class=\"btn-container\">\n                            \n<a href=\"https:\/\/www.laromedia.se\/start.php?site=soku0026search=Nationalencyklopedin+bok+%2B+digitalt\" target=\"\" aria-label=\"Best\u00e4ll nu\" class=\"button button-blue\" rel=\"nofollow noopener\">\n    Best\u00e4ll nu    <\/a>                                        \n<a href=\"https:\/\/www.ne.se\/info\/skola\/laromedel\/komplett\/\" target=\"\" class=\"button button-border-blue\">L\u00e4s mer om NE Komplett<\/a>                    <\/div>\n    \n    \n\n<\/div>                    <\/div>\n                <\/div>\n                    <\/div>\n    <\/div>\n<\/section>\n\n\n\n\n\n\n<section  class=\"left-right bg-white\">\n    <div class=\"container twelve-col\">\n        <div class=\"inner   \">\n                            <div class=\"grid\">\n                    <div class=\"col col-2\">\n                        \n\n<div class=\"content\">\n\n    \n    \n            \n<h3 class=\"h3\"> Kom ig\u00e5ng direkt <\/h3>    \n            <p class=\"ingress\">Att komma ig\u00e5ng med NE \u00e4r enkelt. Vill du veta mer om hur du optimerar ditt anv\u00e4ndande kan du alltid st\u00e4lla en fr\u00e5ga i chatten eller delta i n\u00e5gon av de utbildningar vi erbjuder.<\/p>\n    \n    \n            <div class=\"btn-container\">\n                            \n<a href=\"https:\/\/www.ne.se\/info\/kom-igang\/\" target=\"\" aria-label=\"Allt om statsbidraget\" class=\"button button-blue\">\n    Allt om statsbidraget    <\/a>                                        \n<a href=\"https:\/\/www.ne.se\/info\/prova-ne-kostnadsfritt-i-30-dagar\/\" target=\"\" class=\"button button-border-blue\">Inte kund? Prova gratis i 30 dagar<\/a>                    <\/div>\n    \n    \n\n<\/div>                    <\/div>\n                    <div class=\"col col-2 img-right\">\n                                                                                                                        <picture>\n                                        <source media=\"(min-width:767px)\" srcset=\"https:\/\/www.ne.se\/info\/wp-content\/uploads\/2023\/10\/Kontaktcircklar-Blandad.png\">\n                                        <source media=\"(max-width:767px)\" srcset=\"https:\/\/www.ne.se\/info\/wp-content\/uploads\/2023\/10\/Kontaktcircklar-Blandad.png\">\n                                        <img decoding=\"async\" src=\"https:\/\/www.ne.se\/info\/wp-content\/uploads\/2023\/10\/Kontaktcircklar-Blandad.png\" srcset=\"https:\/\/www.ne.se\/info\/wp-content\/uploads\/2023\/10\/Kontaktcircklar-Blandad.png 979w, https:\/\/www.ne.se\/info\/wp-content\/uploads\/2023\/10\/Kontaktcircklar-Blandad-300x245.png 300w, https:\/\/www.ne.se\/info\/wp-content\/uploads\/2023\/10\/Kontaktcircklar-Blandad-768x628.png 768w, https:\/\/www.ne.se\/info\/wp-content\/uploads\/2023\/10\/Kontaktcircklar-Blandad-354x289.png 354w\" sizes=\"(max-width: 979px) 100vw, 979px\" alt=\"\" title=\"\"  \/>\n                                    <\/picture>\n                                                            \n                                            <\/div>\n                <\/div>\n                    <\/div>\n    <\/div>\n<\/section>\n\n\n","protected":false},"excerpt":{"rendered":"","protected":false},"author":6,"featured_media":0,"parent":12915,"menu_order":0,"comment_status":"closed","ping_status":"closed","template":"page-teaching-material.php","meta":{"inline_featured_image":false,"footnotes":""},"subject":[16],"class_list":["post-13047","page","type-page","status-publish","hentry"],"acf":[],"_links":{"self":[{"href":"https:\/\/www.ne.se\/info\/wp-json\/wp\/v2\/pages\/13047","targetHints":{"allow":["GET"]}}],"collection":[{"href":"https:\/\/www.ne.se\/info\/wp-json\/wp\/v2\/pages"}],"about":[{"href":"https:\/\/www.ne.se\/info\/wp-json\/wp\/v2\/types\/page"}],"author":[{"embeddable":true,"href":"https:\/\/www.ne.se\/info\/wp-json\/wp\/v2\/users\/6"}],"replies":[{"embeddable":true,"href":"https:\/\/www.ne.se\/info\/wp-json\/wp\/v2\/comments?post=13047"}],"version-history":[{"count":21,"href":"https:\/\/www.ne.se\/info\/wp-json\/wp\/v2\/pages\/13047\/revisions"}],"predecessor-version":[{"id":25845,"href":"https:\/\/www.ne.se\/info\/wp-json\/wp\/v2\/pages\/13047\/revisions\/25845"}],"up":[{"embeddable":true,"href":"https:\/\/www.ne.se\/info\/wp-json\/wp\/v2\/pages\/12915"}],"wp:attachment":[{"href":"https:\/\/www.ne.se\/info\/wp-json\/wp\/v2\/media?parent=13047"}],"wp:term":[{"taxonomy":"subject","embeddable":true,"href":"https:\/\/www.ne.se\/info\/wp-json\/wp\/v2\/subject?post=13047"}],"curies":[{"name":"wp","href":"https:\/\/api.w.org\/{rel}","templated":true}]}}