{"id":13198,"date":"2024-02-27T10:52:06","date_gmt":"2024-02-27T10:52:06","guid":{"rendered":"https:\/\/www.ne.se\/info\/?page_id=13198"},"modified":"2026-02-20T07:32:23","modified_gmt":"2026-02-20T07:32:23","slug":"kemi-7-9","status":"publish","type":"page","link":"https:\/\/www.ne.se\/info\/skola\/tryckta-laromedel-2\/katalog\/kemi-7-9\/","title":{"rendered":"Kemi 7\u20139"},"content":{"rendered":"\n\n\n<section  class=\"header-big-pic\">\n    <div class=\"container\">\n        <div class=\"inner  teaching-padding\">\n                            \n<div class=\"badges\">\n            <p class=\"badge\">L\u00e4romedel 7\u20139<\/p>\n    <\/div>                                        \n<h1 class=\"h1\"> Kemi 7\u20139 <\/h1>                                        <p class=\"ingress\">Ge dina elever insikt i de otaliga fenomen d\u00e4r kemin \u00e4r central, i s\u00e5v\u00e4l de stora fr\u00e5gorna om livet som i fr\u00e5gest\u00e4llningar kring vardagens sm\u00e5 mysterier.<\/p>\n            \n                            <ul class=\"usps\">\n            <li class=\"usp\">\n            <svg width=\"24\" height=\"24\" viewBox=\"0 0 24 24\" fill=\"none\" xmlns=\"http:\/\/www.w3.org\/2000\/svg\">\n    <path d=\"M9 16.17 5.53 12.7a.996.996 0 1 0-1.41 1.41l4.18 4.18c.39.39 1.02.39 1.41 0L20.29 7.71a.996.996 0 1 0-1.41-1.41L9 16.17z\" fill=\"#007DB8\"\/>\n<\/svg>\n            Lgr22        <\/li>\n            <li class=\"usp\">\n            <svg width=\"24\" height=\"24\" viewBox=\"0 0 24 24\" fill=\"none\" xmlns=\"http:\/\/www.w3.org\/2000\/svg\">\n    <path d=\"M9 16.17 5.53 12.7a.996.996 0 1 0-1.41 1.41l4.18 4.18c.39.39 1.02.39 1.41 0L20.29 7.71a.996.996 0 1 0-1.41-1.41L9 16.17z\" fill=\"#007DB8\"\/>\n<\/svg>\n            Helt\u00e4ckande        <\/li>\n            <li class=\"usp\">\n            <svg width=\"24\" height=\"24\" viewBox=\"0 0 24 24\" fill=\"none\" xmlns=\"http:\/\/www.w3.org\/2000\/svg\">\n    <path d=\"M9 16.17 5.53 12.7a.996.996 0 1 0-1.41 1.41l4.18 4.18c.39.39 1.02.39 1.41 0L20.29 7.71a.996.996 0 1 0-1.41-1.41L9 16.17z\" fill=\"#007DB8\"\/>\n<\/svg>\n            Anpassningsbart        <\/li>\n    <\/ul>                    <\/div>\n    <\/div>\n\n    <div class=\"background-image\">\n        <img decoding=\"async\" src=\"https:\/\/www.ne.se\/info\/wp-content\/uploads\/2023\/03\/kemi7-9_omslag_GB-scaled.jpg\" srcset=\"\" sizes=\"(max-width: 5273px) 100vw, 5273px\" alt=\"\" title=\"Surface of a bubble\" \/>\n    <\/div>\n\n    <div class=\"overlay-top\"><\/div>\n    <div class=\"overlay-bottom\"><\/div>\n<\/section>\n\n\n\n<section id=\"teaching_top\" class=\"left-right bg-white\">\n    <div class=\"container twelve-col\">\n        <div class=\"inner   \">\n                            <div class=\"grid\">\n                    <div class=\"col col-2 img-left\">\n                                                                                                                        <picture>\n                                        <source media=\"(min-width:767px)\" srcset=\"https:\/\/www.ne.se\/info\/wp-content\/uploads\/2023\/11\/Kemi.gif\">\n                                        <source media=\"(max-width:767px)\" srcset=\"https:\/\/www.ne.se\/info\/wp-content\/uploads\/2023\/11\/Kemi.gif\">\n                                        <img decoding=\"async\" src=\"https:\/\/www.ne.se\/info\/wp-content\/uploads\/2023\/11\/Kemi.gif\" srcset=\"\" sizes=\"(max-width: 900px) 100vw, 900px\" alt=\"\" title=\"Kemi\"  \/>\n                                    <\/picture>\n                                                            \n                                            <\/div>\n                    <div class=\"col col-2\">\n                        \n\n<div class=\"content\">\n\n    \n    \n            \n<h3 class=\"h3\"> NE Kemi 7\u20139 <\/h3>    \n            <p class=\"ingress\">L\u00e4romedlet t\u00e4cker det centrala inneh\u00e5llet i kursplanen f\u00f6r kemi 7-9 (Lgr22). Boken inneh\u00e5ller kapitlen Vad \u00e4r kemi?, Materia \u00e4r partiklar, Luften, Vattnet, Jorden, Kolets kemi, Matmolekyler, Kemisk energi och Produkters livscykler. Syftet \u00e4r att v\u00e4cka intresse f\u00f6r kemi som \u00e4mne genom vardagliga exempel och kopplingar till viktiga samh\u00e4llsf\u00f6reteelser. <br \/>\r\n<br \/>\r\nBoken ger eleven kunskaper om kemins begrepp och f\u00f6rklaringsmodeller, f\u00f6rm\u00e5ga att anv\u00e4nda kunskaperna f\u00f6r ett k\u00e4llkritiskt f\u00f6rh\u00e5llningss\u00e4tt samt f\u00f6rm\u00e5ga att genomf\u00f6ra systematiska unders\u00f6kningar i kemi.<\/p>\n    \n    \n            <div class=\"btn-container\">\n                            \n<a href=\"https:\/\/www.laromedia.se\/start.php?site=visabokinfo&#038;utaninlogg=ja&#038;isbn=88423-77-1\" target=\"\" aria-label=\"Best\u00e4ll nu\" class=\"button button-blue\" rel=\"nofollow noopener\">\n    Best\u00e4ll nu    <\/a>                                        \n<a href=\"https:\/\/issuu.com\/nationalencyklopedin\/docs\/ne_kemi_7_9_kompr.?fr=sN2MzZjYzODA5Mjk\" target=\"\" class=\"button button-border-blue\" rel=\"nofollow noopener\">Bl\u00e4ddra i boken<\/a>                    <\/div>\n    \n    \n\n<\/div>                    <\/div>\n                <\/div>\n                    <\/div>\n    <\/div>\n<\/section>\n\n\n\n\n\n\n<section  class=\"mini-header left\">\n    <div class=\"container\">\n        <div class=\"inner   \">\n\n        \n                            <div class=\"heading-container\">\n                    \n<h2 class=\"h3\"> Inneh\u00e5ll Kemi 7\u20139 <\/h2>                                    <\/div>\n            \n            <div class=\"content-container\">\n\n                \n\n                \n                \n            <\/div>\n\n        <\/div>\n    <\/div>\n<\/section>\n\n\n\n\n\n<section  class=\"tab-left-section\">\n    <div class=\"container\">\n        <div class=\"inner  pt-1 pb-5\">\n                            <div class=\"grid\">\n                    <div class=\"col col-2 tabs\">\n                                                <div class=\"wrapper\">\n                                                                                <div class=\"tab-item active\" data-tab-id=\"block_b1deb16fe60bcfd9deef72c04cf3b903_1\">\n                                                                    <p class=\"tab-heading\">Kapitel<\/p>\n                                                                                                    <p class=\"tab-description\">Kemi 7\u20139 t\u00e4cker \u00e4mnets centrala inneh\u00e5ll och hj\u00e4lper eleven att n\u00e5 betygskriterierna.<\/p>\n                                                            <\/div>\n                                                                                                            <div class=\"tab-item \" data-tab-id=\"block_b1deb16fe60bcfd9deef72c04cf3b903_2\">\n                                                                    <p class=\"tab-heading\">L\u00e4romedlet inneh\u00e5ller<\/p>\n                                                                                                    <p class=\"tab-description\">L\u00e4romedlet \u00e4r fyllt med inneh\u00e5ll som underl\u00e4ttar en varierad och rolig undervisning.<\/p>\n                                                            <\/div>\n                                                                                                            <div class=\"tab-item \" data-tab-id=\"block_b1deb16fe60bcfd9deef72c04cf3b903_3\">\n                                                                    <p class=\"tab-heading\">St\u00f6d och f\u00f6rdjupning<\/p>\n                                                                                                    <p class=\"tab-description\">M\u00f6t alla elever och anpassa inneh\u00e5ll efter behov och f\u00f6ruts\u00e4ttningar.<\/p>\n                                                            <\/div>\n                                                                                                            <div class=\"tab-item \" data-tab-id=\"block_b1deb16fe60bcfd9deef72c04cf3b903_4\">\n                                                                    <p class=\"tab-heading\">F\u00f6rfattare och medverkande<\/p>\n                                                                                                    <p class=\"tab-description\">L\u00e4romedlet \u00e4r framtaget av NE:s redaktion tillsammans med experter i \u00e4mnet.<\/p>\n                                                            <\/div>\n                                                                            <\/div>\n                    <\/div>\n                    <div class=\"col col-2 tabs-content\">\n                                                                                                        <div class=\"tab-content-item active text\" data-tab-content-id=\"block_b1deb16fe60bcfd9deef72c04cf3b903_1\">\n                                                                                                            <h4>Kapitel<\/h4>\n<ul>\n<li style=\"font-weight: 400;\" aria-level=\"1\"><span style=\"font-weight: 400;\">Vad \u00e4r kemi?<\/span><\/li>\n<li style=\"font-weight: 400;\" aria-level=\"1\"><span style=\"font-weight: 400;\">Materia \u00e4r partiklar<\/span><\/li>\n<li style=\"font-weight: 400;\" aria-level=\"1\"><span style=\"font-weight: 400;\">Luften<\/span><\/li>\n<li style=\"font-weight: 400;\" aria-level=\"1\"><span style=\"font-weight: 400;\">Vattnet<\/span><\/li>\n<li style=\"font-weight: 400;\" aria-level=\"1\"><span style=\"font-weight: 400;\">Jorden<\/span><\/li>\n<li style=\"font-weight: 400;\" aria-level=\"1\"><span style=\"font-weight: 400;\">Kolets kemi<\/span><\/li>\n<li style=\"font-weight: 400;\" aria-level=\"1\"><span style=\"font-weight: 400;\">Matmolekyler<\/span><\/li>\n<li style=\"font-weight: 400;\" aria-level=\"1\"><span style=\"font-weight: 400;\">Kemisk energi<\/span><\/li>\n<li style=\"font-weight: 400;\" aria-level=\"1\"><span style=\"font-weight: 400;\">Produkters livscykler<\/span><\/li>\n<li style=\"font-weight: 400;\" aria-level=\"1\"><span style=\"font-weight: 400;\">Fler resurser.<\/span><\/li>\n<\/ul>\n                                                                                                <\/div>\n\n                            \n                                                                                                            <div class=\"tab-content-item  text\" data-tab-content-id=\"block_b1deb16fe60bcfd9deef72c04cf3b903_2\">\n                                                                                                            <h4>L\u00e4romedlet inneh\u00e5ller<\/h4>\n<ul>\n<li style=\"font-weight: 400;\" aria-level=\"1\"><span style=\"font-weight: 400;\">Ett rikt bildmaterial och illustrationer<\/span><\/li>\n<li style=\"font-weight: 400;\" aria-level=\"1\"><span style=\"font-weight: 400;\">\u00d6vningar, uppgifter och laborationer<\/span><\/li>\n<li style=\"font-weight: 400;\" aria-level=\"1\"><span style=\"font-weight: 400;\">Extramaterial och f\u00f6rdjupningar<\/span><\/li>\n<li style=\"font-weight: 400;\" aria-level=\"1\"><span style=\"font-weight: 400;\">L\u00e4rarledda elevaktiviteter<\/span><\/li>\n<li style=\"font-weight: 400;\" aria-level=\"1\"><span style=\"font-weight: 400;\">L\u00e4rarmaterial<\/span><\/li>\n<li style=\"font-weight: 400;\" aria-level=\"1\"><span style=\"font-weight: 400;\">L\u00e4roplanst\u00e4ckande inneh\u00e5ll<\/span><\/li>\n<li style=\"font-weight: 400;\" aria-level=\"1\"><span style=\"font-weight: 400;\">Pedagogiska teckningar<\/span><\/li>\n<\/ul>\n                                                                                                <\/div>\n\n                            \n                                                                                                            <div class=\"tab-content-item  text\" data-tab-content-id=\"block_b1deb16fe60bcfd9deef72c04cf3b903_3\">\n                                                                                                            <h4>St\u00f6d och f\u00f6rdjupning<\/h4>\n<p>Boken speglar det digitala l\u00e4romedlet som \u00e4r fyllt med tillg\u00e4nglighetsfunktioner och f\u00f6rdjupningsm\u00f6jligheter. H\u00e4r finns bland annat:<\/p>\n<ul>\n<li><span style=\"font-weight: 400;\">L\u00e4ttl\u00e4sta versioner<\/span><\/li>\n<li><span style=\"font-weight: 400;\">Uppl\u00e4sning av text<\/span><\/li>\n<li><span style=\"font-weight: 400;\">\u00d6vers\u00e4ttning till \u00f6ver 100 spr\u00e5k<\/span><\/li>\n<li>L\u00e4sst\u00f6d \u2013 justera text, bakgrund, typsnitt eller anv\u00e4nd l\u00e4slinjal<\/li>\n<li><span style=\"font-weight: 400;\">Enkel tillg\u00e5ng till extramaterial, uppgifter och laborationer<\/span><\/li>\n<li><span style=\"font-weight: 400;\"> Kopplingar till kunskapstj\u00e4nsterna som f\u00f6rklarar, breddar och f\u00f6rdjupar<\/span><\/li>\n<\/ul>\n                                                                                                <\/div>\n\n                            \n                                                                                                            <div class=\"tab-content-item  text\" data-tab-content-id=\"block_b1deb16fe60bcfd9deef72c04cf3b903_4\">\n                                                                                                            <h4>F\u00f6rfattare och medverkande<\/h4>\n<p class=\"p1\">F\u00f6rfattare: Rikard Ask, Christer Engstr\u00f6m, Peter Lindstr\u00f6m,<\/p>\n<p class=\"p1\">Olof Ollerstam och Fredrik Oxlin<\/p>\n<p class=\"p1\">L\u00e4romedelsutvecklare: Jesper S\u00f6rensson<\/p>\n<p class=\"p1\">Redakt\u00f6r: Olof Ollerstam<\/p>\n<p class=\"p1\">Bildredakt\u00f6rer: Martina Eriksson och L\u00e5tta Skogh<\/p>\n<p class=\"p1\">Illustrat\u00f6rer: Ken H\u00e5kansson, Erik Nylund och Olof Ollerstam<\/p>\n<p class=\"p1\">Grafisk formgivare: Jens Klaive<\/p>\n<p class=\"p1\">Grafisk produktion: Arvid Gruv\u00f6 W\u00e4rle och Ellen R\u00f6nn<\/p>\n                                                                                                <\/div>\n\n                            \n                                                                        <\/div>\n                <\/div>\n                    <\/div>\n    <\/div>\n<\/section>\n\n\n\n\n\n<section  class=\"left-right bg-white\">\n    <div class=\"container twelve-col\">\n        <div class=\"inner  pt-4 pb-2\">\n                            <div class=\"grid\">\n                    <div class=\"col col-2 img-left\">\n                                                                                                                        <picture>\n                                        <source media=\"(min-width:767px)\" srcset=\"https:\/\/www.ne.se\/info\/wp-content\/uploads\/2023\/03\/Kemi-7\u20139-1240x992.png\">\n                                        <source media=\"(max-width:767px)\" srcset=\"https:\/\/www.ne.se\/info\/wp-content\/uploads\/2023\/03\/Kemi-7\u20139-1240x920.png\">\n                                        <img decoding=\"async\" src=\"https:\/\/www.ne.se\/info\/wp-content\/uploads\/2023\/03\/Kemi-7\u20139-1240x992.png\" srcset=\"https:\/\/www.ne.se\/info\/wp-content\/uploads\/2023\/03\/Kemi-7\u20139-1240x992.png 1240w, https:\/\/www.ne.se\/info\/wp-content\/uploads\/2023\/03\/Kemi-7\u20139-800x640.png 800w\" sizes=\"(max-width: 1240px) 100vw, 1240px\" alt=\"\" title=\"Kemi 7\u20139\"  \/>\n                                    <\/picture>\n                                                            \n                                            <\/div>\n                    <div class=\"col col-2\">\n                        \n\n<div class=\"content\">\n\n    \n    \n            \n<h3 class=\"h3\"> Bok. Digitalt. Eller b\u00e5da. Du v\u00e4ljer. <\/h3>    \n            <p class=\"ingress\">Tillsammans med resurserna i det digitala l\u00e4romedlet kan du anpassa undervisningen utifr\u00e5n elevernas olika behov och f\u00f6ruts\u00e4ttningar. Ta del av l\u00e4rarhandledningar, filmer, extramaterial, \u00f6vningar, st\u00f6dfunktioner och l\u00e4ttl\u00e4sta versioner. <br \/>\r\n<br \/>\r\nUppt\u00e4ck m\u00f6jligheterna med att ha kompletta l\u00e4romedel oavsett format som fungerar s\u00e5v\u00e4l tillsammans som var f\u00f6r sig.<\/p>\n    \n    \n            <div class=\"btn-container\">\n                            \n<a href=\"https:\/\/www.laromedia.se\/start.php?site=soku0026search=Nationalencyklopedin+bok+%2B+digitalt\" target=\"\" aria-label=\"Best\u00e4ll nu\" class=\"button button-blue\" rel=\"nofollow noopener\">\n    Best\u00e4ll nu    <\/a>                                        \n<a href=\"https:\/\/www.ne.se\/info\/skola\/laromedel\/komplett\/\" target=\"\" class=\"button button-border-blue\">L\u00e4s mer om NE Komplett<\/a>                    <\/div>\n    \n    \n\n<\/div>                    <\/div>\n                <\/div>\n                    <\/div>\n    <\/div>\n<\/section>\n\n\n\n\n\n\n<section  class=\"left-right bg-white\">\n    <div class=\"container twelve-col\">\n        <div class=\"inner   \">\n                            <div class=\"grid\">\n                    <div class=\"col col-2\">\n                        \n\n<div class=\"content\">\n\n    \n    \n            \n<h3 class=\"h3\"> Kom ig\u00e5ng direkt <\/h3>    \n            <p class=\"ingress\">Att komma ig\u00e5ng med NE \u00e4r enkelt. Vill du veta mer om hur du optimerar ditt anv\u00e4ndande kan du alltid st\u00e4lla en fr\u00e5ga i chatten eller delta i n\u00e5gon av de utbildningar vi erbjuder.<\/p>\n    \n    \n            <div class=\"btn-container\">\n                            \n<a href=\"https:\/\/www.ne.se\/info\/kom-igang\/\" target=\"\" aria-label=\"Allt om statsbidraget\" class=\"button button-blue\">\n    Allt om statsbidraget    <\/a>                                        \n<a href=\"https:\/\/www.ne.se\/info\/prova-ne-kostnadsfritt-i-30-dagar\/\" target=\"\" class=\"button button-border-blue\">Inte kund? Prova gratis i 30 dagar<\/a>                    <\/div>\n    \n    \n\n<\/div>                    <\/div>\n                    <div class=\"col col-2 img-right\">\n                                                                                                                        <picture>\n                                        <source media=\"(min-width:767px)\" srcset=\"https:\/\/www.ne.se\/info\/wp-content\/uploads\/2023\/10\/Kontaktcircklar-Blandad.png\">\n                                        <source media=\"(max-width:767px)\" srcset=\"https:\/\/www.ne.se\/info\/wp-content\/uploads\/2023\/10\/Kontaktcircklar-Blandad.png\">\n                                        <img decoding=\"async\" src=\"https:\/\/www.ne.se\/info\/wp-content\/uploads\/2023\/10\/Kontaktcircklar-Blandad.png\" srcset=\"https:\/\/www.ne.se\/info\/wp-content\/uploads\/2023\/10\/Kontaktcircklar-Blandad.png 979w, https:\/\/www.ne.se\/info\/wp-content\/uploads\/2023\/10\/Kontaktcircklar-Blandad-300x245.png 300w, https:\/\/www.ne.se\/info\/wp-content\/uploads\/2023\/10\/Kontaktcircklar-Blandad-768x628.png 768w, https:\/\/www.ne.se\/info\/wp-content\/uploads\/2023\/10\/Kontaktcircklar-Blandad-354x289.png 354w\" sizes=\"(max-width: 979px) 100vw, 979px\" alt=\"\" title=\"\"  \/>\n                                    <\/picture>\n                                                            \n                                            <\/div>\n                <\/div>\n                    <\/div>\n    <\/div>\n<\/section>\n\n\n","protected":false},"excerpt":{"rendered":"","protected":false},"author":6,"featured_media":0,"parent":12915,"menu_order":0,"comment_status":"closed","ping_status":"closed","template":"page-teaching-material.php","meta":{"inline_featured_image":false,"footnotes":""},"subject":[17],"class_list":["post-13198","page","type-page","status-publish","hentry"],"acf":[],"_links":{"self":[{"href":"https:\/\/www.ne.se\/info\/wp-json\/wp\/v2\/pages\/13198","targetHints":{"allow":["GET"]}}],"collection":[{"href":"https:\/\/www.ne.se\/info\/wp-json\/wp\/v2\/pages"}],"about":[{"href":"https:\/\/www.ne.se\/info\/wp-json\/wp\/v2\/types\/page"}],"author":[{"embeddable":true,"href":"https:\/\/www.ne.se\/info\/wp-json\/wp\/v2\/users\/6"}],"replies":[{"embeddable":true,"href":"https:\/\/www.ne.se\/info\/wp-json\/wp\/v2\/comments?post=13198"}],"version-history":[{"count":4,"href":"https:\/\/www.ne.se\/info\/wp-json\/wp\/v2\/pages\/13198\/revisions"}],"predecessor-version":[{"id":25880,"href":"https:\/\/www.ne.se\/info\/wp-json\/wp\/v2\/pages\/13198\/revisions\/25880"}],"up":[{"embeddable":true,"href":"https:\/\/www.ne.se\/info\/wp-json\/wp\/v2\/pages\/12915"}],"wp:attachment":[{"href":"https:\/\/www.ne.se\/info\/wp-json\/wp\/v2\/media?parent=13198"}],"wp:term":[{"taxonomy":"subject","embeddable":true,"href":"https:\/\/www.ne.se\/info\/wp-json\/wp\/v2\/subject?post=13198"}],"curies":[{"name":"wp","href":"https:\/\/api.w.org\/{rel}","templated":true}]}}