{"id":13278,"date":"2024-02-29T08:36:04","date_gmt":"2024-02-29T08:36:04","guid":{"rendered":"https:\/\/www.ne.se\/info\/?page_id=13278"},"modified":"2025-03-28T09:33:53","modified_gmt":"2025-03-28T09:33:53","slug":"pasklovsbingo","status":"publish","type":"page","link":"https:\/\/www.ne.se\/info\/skola\/pasklovsbingo\/","title":{"rendered":"P\u00e5sklovsbingo"},"content":{"rendered":"\n\n<section  class=\"blog-header\">\n    <div class=\"container\">\n        <div class=\"inner  pt-5 pb-2\">\n        \n            <div class=\"content\">\n                \n                \n                \n                            <\/div>\n\n                            <img decoding=\"async\" src=\"https:\/\/www.ne.se\/info\/wp-content\/uploads\/2024\/02\/Blog-header-pasklovsbingo-1280x516.png\" srcset=\"https:\/\/www.ne.se\/info\/wp-content\/uploads\/2024\/02\/Blog-header-pasklovsbingo-1280x516.png 1280w, https:\/\/www.ne.se\/info\/wp-content\/uploads\/2024\/02\/Blog-header-pasklovsbingo-300x121.png 300w, https:\/\/www.ne.se\/info\/wp-content\/uploads\/2024\/02\/Blog-header-pasklovsbingo-1024x413.png 1024w, https:\/\/www.ne.se\/info\/wp-content\/uploads\/2024\/02\/Blog-header-pasklovsbingo-768x310.png 768w, https:\/\/www.ne.se\/info\/wp-content\/uploads\/2024\/02\/Blog-header-pasklovsbingo-1536x619.png 1536w, https:\/\/www.ne.se\/info\/wp-content\/uploads\/2024\/02\/Blog-header-pasklovsbingo-2048x826.png 2048w, https:\/\/www.ne.se\/info\/wp-content\/uploads\/2024\/02\/Blog-header-pasklovsbingo-354x143.png 354w\" sizes=\"(max-width: 1280px) 100vw, 1280px\" alt=\"\" title=\"Blog header pasklovsbingo\" \/>\n                                    <\/div>\n    <\/div>\n<\/section>\n\n\n\n<section  class=\"hubspot-form-block\">\n    <div class=\"container\">\n        <div class=\"inner  pt-3 pb-5\">\n                            <div class=\"grid\">\n                    <div class=\"col col-2\">\n                        \n\n<div class=\"content\">\n\n    \n            \n<h2 class=\"\"> P\u00e5sklovsbingo <\/h2>    \n            <p class=\"ingress\">Uppmuntra till l\u00e4sning och andra roliga aktiviteter med ett f\u00e4rdigt bingo. Toppen att skicka med dina elever hem under lovet. Fyll i formul\u00e4ret s\u00e5 f\u00e5r du bingot direkt i din inkorg.<\/p>\n    \n            <ul class=\"usps\">\n            <li class=\"usp\">\n            <svg width=\"24\" height=\"24\" viewBox=\"0 0 24 24\" fill=\"none\" xmlns=\"http:\/\/www.w3.org\/2000\/svg\">\n    <path d=\"M9 16.17 5.53 12.7a.996.996 0 1 0-1.41 1.41l4.18 4.18c.39.39 1.02.39 1.41 0L20.29 7.71a.996.996 0 1 0-1.41-1.41L9 16.17z\" fill=\"#007DB8\"\/>\n<\/svg>\n            Gratis att ladda ner        <\/li>\n            <li class=\"usp\">\n            <svg width=\"24\" height=\"24\" viewBox=\"0 0 24 24\" fill=\"none\" xmlns=\"http:\/\/www.w3.org\/2000\/svg\">\n    <path d=\"M9 16.17 5.53 12.7a.996.996 0 1 0-1.41 1.41l4.18 4.18c.39.39 1.02.39 1.41 0L20.29 7.71a.996.996 0 1 0-1.41-1.41L9 16.17z\" fill=\"#007DB8\"\/>\n<\/svg>\n            Anpassas efter elevens niv\u00e5        <\/li>\n            <li class=\"usp\">\n            <svg width=\"24\" height=\"24\" viewBox=\"0 0 24 24\" fill=\"none\" xmlns=\"http:\/\/www.w3.org\/2000\/svg\">\n    <path d=\"M9 16.17 5.53 12.7a.996.996 0 1 0-1.41 1.41l4.18 4.18c.39.39 1.02.39 1.41 0L20.29 7.71a.996.996 0 1 0-1.41-1.41L9 16.17z\" fill=\"#007DB8\"\/>\n<\/svg>\n            L\u00e4sfr\u00e4mjande aktivitet        <\/li>\n    <\/ul>    \n    \n<\/div>                    <\/div>\n                    <div class=\"col col-2 form-right\">\n                        <div class=\"hubspot-form\">\n                            <script charset=\"utf-8\" type=\"text\/javascript\" src=\"\/\/js.hsforms.net\/forms\/embed\/v2.js\"><\/script>\r\n<script>\r\n  hbspt.forms.create({\r\n    region: \"na1\",\r\n    portalId: \"4069921\",\r\n    formId: \"19abb091-63a9-4f56-a1fb-fa8d70d802cc\"\r\n  });\r\n<\/script>                        <\/div>\n                    <\/div>\n                <\/div>\n                    <\/div>\n    <\/div>\n<\/section>\n\n\n\n<section  class=\"left-right bg-white\">\n    <div class=\"container twelve-col\">\n        <div class=\"inner   \">\n                            <div class=\"grid\">\n                    <div class=\"col col-2\">\n                        \n\n<div class=\"content\">\n\n    \n    \n            \n<h3 class=\"h3\"> L\u00e4romedel f\u00f6r alla klassrum <\/h3>    \n            <p class=\"ingress\">Uppt\u00e4ck helt\u00e4ckande tryckta l\u00e4romedel f\u00f6r din undervisning. Framtagna av v\u00e4lk\u00e4nda l\u00e4romedelsf\u00f6rfattare och skaparna bakom Nationalencyklopedin.<\/p>\n    \n    \n            <div class=\"btn-container\">\n                            \n<a href=\"https:\/\/www.ne.se\/info\/skola\/tryckta-laromedel\/\" target=\"\" aria-label=\"Bl\u00e4ddra i alla tryckta l\u00e4romedlen h\u00e4r\" class=\"button button-blue\">\n    Bl\u00e4ddra i alla tryckta l\u00e4romedlen h\u00e4r    <\/a>                                <\/div>\n    \n    \n\n<\/div>                    <\/div>\n                    <div class=\"col col-2 img-right\">\n                                                                                                                        <picture>\n                                        <source media=\"(min-width:767px)\" srcset=\"https:\/\/www.ne.se\/info\/wp-content\/uploads\/2025\/03\/Provex-blandade-omslag-1-1240x992.png\">\n                                        <source media=\"(max-width:767px)\" srcset=\"https:\/\/www.ne.se\/info\/wp-content\/uploads\/2025\/03\/Provex-blandade-omslag-1-1460x920.png\">\n                                        <img decoding=\"async\" src=\"https:\/\/www.ne.se\/info\/wp-content\/uploads\/2025\/03\/Provex-blandade-omslag-1-1240x992.png\" srcset=\"https:\/\/www.ne.se\/info\/wp-content\/uploads\/2025\/03\/Provex-blandade-omslag-1-1240x992.png 1240w, https:\/\/www.ne.se\/info\/wp-content\/uploads\/2025\/03\/Provex-blandade-omslag-1-800x640.png 800w\" sizes=\"(max-width: 1240px) 100vw, 1240px\" alt=\"\" title=\"\"  \/>\n                                    <\/picture>\n                                                            \n                                            <\/div>\n                <\/div>\n                    <\/div>\n    <\/div>\n<\/section>\n\n\n","protected":false},"excerpt":{"rendered":"","protected":false},"author":6,"featured_media":0,"parent":751,"menu_order":0,"comment_status":"closed","ping_status":"closed","template":"","meta":{"inline_featured_image":false,"footnotes":""},"subject":[],"class_list":["post-13278","page","type-page","status-publish","hentry"],"acf":[],"_links":{"self":[{"href":"https:\/\/www.ne.se\/info\/wp-json\/wp\/v2\/pages\/13278","targetHints":{"allow":["GET"]}}],"collection":[{"href":"https:\/\/www.ne.se\/info\/wp-json\/wp\/v2\/pages"}],"about":[{"href":"https:\/\/www.ne.se\/info\/wp-json\/wp\/v2\/types\/page"}],"author":[{"embeddable":true,"href":"https:\/\/www.ne.se\/info\/wp-json\/wp\/v2\/users\/6"}],"replies":[{"embeddable":true,"href":"https:\/\/www.ne.se\/info\/wp-json\/wp\/v2\/comments?post=13278"}],"version-history":[{"count":27,"href":"https:\/\/www.ne.se\/info\/wp-json\/wp\/v2\/pages\/13278\/revisions"}],"predecessor-version":[{"id":19767,"href":"https:\/\/www.ne.se\/info\/wp-json\/wp\/v2\/pages\/13278\/revisions\/19767"}],"up":[{"embeddable":true,"href":"https:\/\/www.ne.se\/info\/wp-json\/wp\/v2\/pages\/751"}],"wp:attachment":[{"href":"https:\/\/www.ne.se\/info\/wp-json\/wp\/v2\/media?parent=13278"}],"wp:term":[{"taxonomy":"subject","embeddable":true,"href":"https:\/\/www.ne.se\/info\/wp-json\/wp\/v2\/subject?post=13278"}],"curies":[{"name":"wp","href":"https:\/\/api.w.org\/{rel}","templated":true}]}}