{"id":14086,"date":"2024-05-14T07:23:44","date_gmt":"2024-05-14T07:23:44","guid":{"rendered":"https:\/\/www.ne.se\/info\/?page_id=14086"},"modified":"2025-10-09T08:19:24","modified_gmt":"2025-10-09T08:19:24","slug":"haja-appar","status":"publish","type":"page","link":"https:\/\/www.ne.se\/info\/skola\/kunskapstjanster\/haja-appar\/","title":{"rendered":"Haja appar"},"content":{"rendered":"\n\n\n<section  class=\"header-big-pic\">\n    <div class=\"container\">\n        <div class=\"inner  teaching-padding\">\n                                        \n<h1 class=\"h1\"> Haja appar <\/h1>                                        <p class=\"ingress\">Ett logg in till fem pedagogiska appar d\u00e4r kreativitet och nyfikenhet har en given plats. Speciellt framtagna i utbildningssyfte f\u00f6r F\u20133.<\/p>\n            \n                    <\/div>\n    <\/div>\n\n    <div class=\"background-image\">\n        <img decoding=\"async\" src=\"https:\/\/www.ne.se\/info\/wp-content\/uploads\/2024\/05\/Header-pic_appar.png\" srcset=\"https:\/\/www.ne.se\/info\/wp-content\/uploads\/2024\/05\/Header-pic_appar.png 3840w, https:\/\/www.ne.se\/info\/wp-content\/uploads\/2024\/05\/Header-pic_appar-300x88.png 300w, https:\/\/www.ne.se\/info\/wp-content\/uploads\/2024\/05\/Header-pic_appar-1024x299.png 1024w, https:\/\/www.ne.se\/info\/wp-content\/uploads\/2024\/05\/Header-pic_appar-768x224.png 768w, https:\/\/www.ne.se\/info\/wp-content\/uploads\/2024\/05\/Header-pic_appar-1536x448.png 1536w, https:\/\/www.ne.se\/info\/wp-content\/uploads\/2024\/05\/Header-pic_appar-2048x597.png 2048w, https:\/\/www.ne.se\/info\/wp-content\/uploads\/2024\/05\/Header-pic_appar-354x103.png 354w\" sizes=\"(max-width: 3840px) 100vw, 3840px\" alt=\"\" title=\"Header pic_appar\" \/>\n    <\/div>\n\n    <div class=\"overlay-top\"><\/div>\n    <div class=\"overlay-bottom\"><\/div>\n<\/section>\n\n\n\n<section id=\"teaching_top\" class=\"left-right bg-white\">\n    <div class=\"container twelve-col\">\n        <div class=\"inner   \">\n                            <div class=\"grid\">\n                    <div class=\"col col-2\">\n                        \n\n<div class=\"content\">\n\n    \n    \n            \n<h2 class=\"h2\"> Ett lekfullt s\u00e4tt att l\u00e4ra <\/h2>    \n            <p class=\"ingress\">Haja appen erbjuder en ing\u00e5ng till fem appar: R\u00e4kna, Stava, Pussla, Sortera och Spelling. P\u00e5 ett lustfyllt och lekfullt s\u00e4tt l\u00e4r sig eleverna r\u00e4kna, skriva och l\u00e4sa utifr\u00e5n sin niv\u00e5. H\u00e4r kan de uppt\u00e4cka matematikens v\u00e4rld, tr\u00e4na spr\u00e5k eller \u00f6va sitt logiska t\u00e4nkande med ett pussel.<\/p>\n    \n    \n            <div class=\"btn-container\">\n                            \n<a href=\"https:\/\/www.ne.se\/info\/prova-ne-kostnadsfritt-i-30-dagar\/\" target=\"\" aria-label=\"Prova NE gratis i 30 dagar\" class=\"button button-blue\">\n    Prova NE gratis i 30 dagar    <\/a>                                <\/div>\n    \n    \n\n<\/div>                    <\/div>\n                    <div class=\"col col-2 img-right\">\n                                                                                                                        <picture>\n                                        <source media=\"(min-width:767px)\" srcset=\"https:\/\/www.ne.se\/info\/wp-content\/uploads\/2024\/05\/sca17577-scaled-e1715674578913-1240x992.jpg\">\n                                        <source media=\"(max-width:767px)\" srcset=\"https:\/\/www.ne.se\/info\/wp-content\/uploads\/2024\/05\/sca17577-scaled-e1715674578913-1460x920.jpg\">\n                                        <img decoding=\"async\" src=\"https:\/\/www.ne.se\/info\/wp-content\/uploads\/2024\/05\/sca17577-scaled-e1715674578913-1240x992.jpg\" srcset=\"https:\/\/www.ne.se\/info\/wp-content\/uploads\/2024\/05\/sca17577-scaled-e1715674578913-1240x992.jpg 1240w, https:\/\/www.ne.se\/info\/wp-content\/uploads\/2024\/05\/sca17577-scaled-e1715674578913-800x640.jpg 800w\" sizes=\"(max-width: 1240px) 100vw, 1240px\" alt=\"\" title=\"Elever och l\u00e4rare jobbar med dator under lektion\"  \/>\n                                    <\/picture>\n                                                            \n                                            <\/div>\n                <\/div>\n                    <\/div>\n    <\/div>\n<\/section>\n\n\n\n\n\n\n<section  class=\"mini-header left\">\n    <div class=\"container\">\n        <div class=\"inner  pt-3 pb-0\">\n\n        \n                            <div class=\"heading-container\">\n                    \n<h2 class=\"h3\"> Fem pedagogiska appar <\/h2>                                    <\/div>\n            \n            <div class=\"content-container\">\n\n                \n\n                \n                \n            <\/div>\n\n        <\/div>\n    <\/div>\n<\/section>\n\n\n\n<section  class=\"card-row bg-white\">\n    <div class=\"container\">\n        <div class=\"inner  pt-2 pb-2\">\n                            <div class=\"grid card-row-grid three\">\n                                                                    <div class=\"col col-3 card-row-item\">\n                            \n<div class=\"card-medium\">\n            <picture>\n            <source media=\"(min-width:767px)\" srcset=\"https:\/\/www.ne.se\/info\/wp-content\/uploads\/2024\/05\/Rakna.png\">\n            <source media=\"(max-width:767px)\" srcset=\"https:\/\/www.ne.se\/info\/wp-content\/uploads\/2024\/05\/Rakna.png\">\n            <img decoding=\"async\" src=\"https:\/\/www.ne.se\/info\/wp-content\/uploads\/2024\/05\/Rakna.png\" srcset=\"https:\/\/www.ne.se\/info\/wp-content\/uploads\/2024\/05\/Rakna.png 800w, https:\/\/www.ne.se\/info\/wp-content\/uploads\/2024\/05\/Rakna-300x162.png 300w, https:\/\/www.ne.se\/info\/wp-content\/uploads\/2024\/05\/Rakna-768x415.png 768w, https:\/\/www.ne.se\/info\/wp-content\/uploads\/2024\/05\/Rakna-354x191.png 354w\" sizes=\"(max-width: 800px) 100vw, 800px\" alt=\"\" title=\"Ra\u0308kna\"  \/>\n        <\/picture>\n        <div class=\"wrapper\">\n                            <h4 class=\"heading\">R\u00e4kna <\/h4>\n                            <p class=\"text\">H\u00e4r \u00f6vas och utmanas eleverna i de fyra r\u00e4knes\u00e4tten. I varje avsnitt finns flera sv\u00e5righetsniv\u00e5er och uppgifterna \u00e4r slumpm\u00e4ssigt valda s\u00e5 att alla omg\u00e5ngar ser olika ut. Uppgifterna presenteras med hj\u00e4lp av flera representationsformer f\u00f6r att tillgodose barns olika s\u00e4tt att ta sig an matematiken. Som l\u00e4rare f\u00e5r du \u00e5terkoppling p\u00e5 elevens arbete p\u00e5 en egen sida i appen.<\/p>\n            <\/div>\n                                        \n<a href=\"https:\/\/apps.apple.com\/se\/app\/r%C3%A4kna-med-ne\/id937713508?l=en-GB\" class=\"link button-link\" rel=\"nofollow noopener\" target=\"_blank\">\n    H\u00e4mta i App Store    <svg width=\"16\" height=\"17\" viewBox=\"0 0 16 17\" fill=\"none\" xmlns=\"http:\/\/www.w3.org\/2000\/svg\">\n    <path d=\"M3.333 9.167h7.447L7.527 12.42a.672.672 0 0 0 0 .947c.26.26.68.26.94 0l4.393-4.394c.26-.26.26-.68 0-.94l-4.387-4.4a.664.664 0 1 0-.94.94l3.247 3.26H3.333c-.366 0-.666.3-.666.667 0 .367.3.667.666.667z\" fill=\"#007DB8\"\/>\n<\/svg>\n<\/a>                        <\/div>                        <\/div>\n\n                                                                    <div class=\"col col-3 card-row-item\">\n                            \n<div class=\"card-medium\">\n            <picture>\n            <source media=\"(min-width:767px)\" srcset=\"https:\/\/www.ne.se\/info\/wp-content\/uploads\/2024\/05\/Stava_.png\">\n            <source media=\"(max-width:767px)\" srcset=\"https:\/\/www.ne.se\/info\/wp-content\/uploads\/2024\/05\/Stava_.png\">\n            <img decoding=\"async\" src=\"https:\/\/www.ne.se\/info\/wp-content\/uploads\/2024\/05\/Stava_.png\" srcset=\"https:\/\/www.ne.se\/info\/wp-content\/uploads\/2024\/05\/Stava_.png 800w, https:\/\/www.ne.se\/info\/wp-content\/uploads\/2024\/05\/Stava_-300x162.png 300w, https:\/\/www.ne.se\/info\/wp-content\/uploads\/2024\/05\/Stava_-768x415.png 768w, https:\/\/www.ne.se\/info\/wp-content\/uploads\/2024\/05\/Stava_-354x191.png 354w\" sizes=\"(max-width: 800px) 100vw, 800px\" alt=\"\" title=\"Stava_\"  \/>\n        <\/picture>\n        <div class=\"wrapper\">\n                            <h4 class=\"heading\">Stava<\/h4>\n                            <p class=\"text\">Eleverna l\u00e4r sig stava genom att pussla ihop bokst\u00e4ver till ord. Det finns en \u00f6vningsdel och en \u00e4ventyrsdel. En bild visar ordet samtidigt som ordet l\u00e4ses upp. Eleven drar och placerar sedan bokst\u00e4verna i r\u00e4tt ordning. Varje bokstav ljudas och n\u00e4r ordet \u00e4r klart f\u00e5r eleven hela ordet uppl\u00e4st f\u00f6r sig. I \u00e4ventyrsdelen utmanas eleven att l\u00f6sa slumpvisa uppgifter med stigande sv\u00e5righetsgrad.<\/p>\n            <\/div>\n                                        \n<a href=\"https:\/\/apps.apple.com\/se\/app\/stava-med-ne\/id937149083?l=en\" class=\"link button-link\" rel=\"nofollow noopener\" target=\"_blank\">\n    H\u00e4mta i App Store    <svg width=\"16\" height=\"17\" viewBox=\"0 0 16 17\" fill=\"none\" xmlns=\"http:\/\/www.w3.org\/2000\/svg\">\n    <path d=\"M3.333 9.167h7.447L7.527 12.42a.672.672 0 0 0 0 .947c.26.26.68.26.94 0l4.393-4.394c.26-.26.26-.68 0-.94l-4.387-4.4a.664.664 0 1 0-.94.94l3.247 3.26H3.333c-.366 0-.666.3-.666.667 0 .367.3.667.666.667z\" fill=\"#007DB8\"\/>\n<\/svg>\n<\/a>                        <\/div>                        <\/div>\n\n                                                                    <div class=\"col col-3 card-row-item\">\n                            \n<div class=\"card-medium\">\n            <picture>\n            <source media=\"(min-width:767px)\" srcset=\"https:\/\/www.ne.se\/info\/wp-content\/uploads\/2024\/05\/Spelling_.png\">\n            <source media=\"(max-width:767px)\" srcset=\"https:\/\/www.ne.se\/info\/wp-content\/uploads\/2024\/05\/Spelling_.png\">\n            <img decoding=\"async\" src=\"https:\/\/www.ne.se\/info\/wp-content\/uploads\/2024\/05\/Spelling_.png\" srcset=\"https:\/\/www.ne.se\/info\/wp-content\/uploads\/2024\/05\/Spelling_.png 800w, https:\/\/www.ne.se\/info\/wp-content\/uploads\/2024\/05\/Spelling_-300x162.png 300w, https:\/\/www.ne.se\/info\/wp-content\/uploads\/2024\/05\/Spelling_-768x415.png 768w, https:\/\/www.ne.se\/info\/wp-content\/uploads\/2024\/05\/Spelling_-354x191.png 354w\" sizes=\"(max-width: 800px) 100vw, 800px\" alt=\"\" title=\"Spelling_\"  \/>\n        <\/picture>\n        <div class=\"wrapper\">\n                            <h4 class=\"heading\">Spelling<\/h4>\n                            <p class=\"text\">I den helt engelskspr\u00e5kiga appen Spelling tr\u00e4nar elever som kan engelska stavning genom att pussla ihop bokst\u00e4ver till ord. En bild visar ordet samtidigt som det l\u00e4ses upp. Varje bokstav l\u00e4ses upp och n\u00e4r ordet \u00e4r klart f\u00e5r eleven hela ordet uppl\u00e4st f\u00f6r sig igen. Eleven kan ocks\u00e5 ge sig ut p\u00e5 stavnings\u00e4ventyr f\u00f6r att testa sina nyvunna kunskaper.<\/p>\n            <\/div>\n                                        \n<a href=\"https:\/\/apps.apple.com\/se\/app\/spelling-with-ne\/id1066764946\" class=\"link button-link\" rel=\"nofollow noopener\" target=\"_blank\">\n    H\u00e4mta i App Store    <svg width=\"16\" height=\"17\" viewBox=\"0 0 16 17\" fill=\"none\" xmlns=\"http:\/\/www.w3.org\/2000\/svg\">\n    <path d=\"M3.333 9.167h7.447L7.527 12.42a.672.672 0 0 0 0 .947c.26.26.68.26.94 0l4.393-4.394c.26-.26.26-.68 0-.94l-4.387-4.4a.664.664 0 1 0-.94.94l3.247 3.26H3.333c-.366 0-.666.3-.666.667 0 .367.3.667.666.667z\" fill=\"#007DB8\"\/>\n<\/svg>\n<\/a>                        <\/div>                        <\/div>\n\n                                    <\/div>\n                    <\/div>\n    <\/div>\n<\/section>\n\n\n\n<section id=\"\" class=\"card-row bg-white\">\n    <div class=\"container\">\n        <div class=\"inner  pt-1 pb-2\">\n                            <div class=\"grid card-row-grid three\">\n                                                                    <div class=\"col col-3 card-row-item\">\n                            \n<div class=\"card-medium\">\n            <picture>\n            <source media=\"(min-width:767px)\" srcset=\"https:\/\/www.ne.se\/info\/wp-content\/uploads\/2024\/05\/Pussla_.png\">\n            <source media=\"(max-width:767px)\" srcset=\"https:\/\/www.ne.se\/info\/wp-content\/uploads\/2024\/05\/Pussla_.png\">\n            <img decoding=\"async\" src=\"https:\/\/www.ne.se\/info\/wp-content\/uploads\/2024\/05\/Pussla_.png\" srcset=\"https:\/\/www.ne.se\/info\/wp-content\/uploads\/2024\/05\/Pussla_.png 800w, https:\/\/www.ne.se\/info\/wp-content\/uploads\/2024\/05\/Pussla_-300x162.png 300w, https:\/\/www.ne.se\/info\/wp-content\/uploads\/2024\/05\/Pussla_-768x415.png 768w, https:\/\/www.ne.se\/info\/wp-content\/uploads\/2024\/05\/Pussla_-354x191.png 354w\" sizes=\"(max-width: 800px) 100vw, 800px\" alt=\"\" title=\"Pussla_\"  \/>\n        <\/picture>\n        <div class=\"wrapper\">\n                            <h4 class=\"heading\">Pussla <\/h4>\n                            <p class=\"text\">Appen inneh\u00e5ller b\u00e5de ord- och bildpussel. I ordpusslet v\u00e4ljer eleverna bilder p\u00e5 vardagliga saker och stavar till de korta orden genom att pussla med bokst\u00e4ver. Varje bokstav ljudas och n\u00e4r ordet \u00e4r klart l\u00e4ses hela ordet upp. I bildpusslet l\u00e4gger barnen pussel med fyra eller fler bitar. P\u00e5 s\u00e5 s\u00e4tt tr\u00e4nar barnen sin perceptuella f\u00f6rm\u00e5ga p\u00e5 ett lekfullt s\u00e4tt.<\/p>\n            <\/div>\n                                        \n<a href=\"https:\/\/apps.apple.com\/se\/app\/pussla-med-ne\/id945317326?l=en\" class=\"link button-link\" rel=\"nofollow noopener\" target=\"_blank\">\n    H\u00e4mta i App Store    <svg width=\"16\" height=\"17\" viewBox=\"0 0 16 17\" fill=\"none\" xmlns=\"http:\/\/www.w3.org\/2000\/svg\">\n    <path d=\"M3.333 9.167h7.447L7.527 12.42a.672.672 0 0 0 0 .947c.26.26.68.26.94 0l4.393-4.394c.26-.26.26-.68 0-.94l-4.387-4.4a.664.664 0 1 0-.94.94l3.247 3.26H3.333c-.366 0-.666.3-.666.667 0 .367.3.667.666.667z\" fill=\"#007DB8\"\/>\n<\/svg>\n<\/a>                        <\/div>                        <\/div>\n\n                                                                    <div class=\"col col-3 card-row-item\">\n                            \n<div class=\"card-medium\">\n            <picture>\n            <source media=\"(min-width:767px)\" srcset=\"https:\/\/www.ne.se\/info\/wp-content\/uploads\/2024\/05\/Sortera_.png\">\n            <source media=\"(max-width:767px)\" srcset=\"https:\/\/www.ne.se\/info\/wp-content\/uploads\/2024\/05\/Sortera_.png\">\n            <img decoding=\"async\" src=\"https:\/\/www.ne.se\/info\/wp-content\/uploads\/2024\/05\/Sortera_.png\" srcset=\"https:\/\/www.ne.se\/info\/wp-content\/uploads\/2024\/05\/Sortera_.png 800w, https:\/\/www.ne.se\/info\/wp-content\/uploads\/2024\/05\/Sortera_-300x162.png 300w, https:\/\/www.ne.se\/info\/wp-content\/uploads\/2024\/05\/Sortera_-768x415.png 768w, https:\/\/www.ne.se\/info\/wp-content\/uploads\/2024\/05\/Sortera_-354x191.png 354w\" sizes=\"(max-width: 800px) 100vw, 800px\" alt=\"\" title=\"Sortera_\"  \/>\n        <\/picture>\n        <div class=\"wrapper\">\n                            <h4 class=\"heading\">Sortera och r\u00e4kna <\/h4>\n                            <p class=\"text\">Sortera och r\u00e4kna v\u00e4cker barns grundl\u00e4ggande intresse f\u00f6r matematik och best\u00e5r av tv\u00e5 delar. I den ena delen handlar det om att sortera olika v\u00e4lbekanta saker. I den andra delen handlar det om att l\u00e4ra sig r\u00e4kna antal med hj\u00e4lp av olika visuella representationsformer.<\/p>\n            <\/div>\n                                        \n<a href=\"https:\/\/apps.apple.com\/se\/app\/sortera-och-r%C3%A4kna-med-ne\/id946433537?l=en-GB\" class=\"link button-link\" rel=\"nofollow noopener\" target=\"_blank\">\n    H\u00e4mta i App Store    <svg width=\"16\" height=\"17\" viewBox=\"0 0 16 17\" fill=\"none\" xmlns=\"http:\/\/www.w3.org\/2000\/svg\">\n    <path d=\"M3.333 9.167h7.447L7.527 12.42a.672.672 0 0 0 0 .947c.26.26.68.26.94 0l4.393-4.394c.26-.26.26-.68 0-.94l-4.387-4.4a.664.664 0 1 0-.94.94l3.247 3.26H3.333c-.366 0-.666.3-.666.667 0 .367.3.667.666.667z\" fill=\"#007DB8\"\/>\n<\/svg>\n<\/a>                        <\/div>                        <\/div>\n\n                                                                    <div class=\"col col-3 card-row-item\">\n                            \n<div class=\"card-medium\">\n            <picture>\n            <source media=\"(min-width:767px)\" srcset=\"https:\/\/www.ne.se\/info\/wp-content\/uploads\/2024\/05\/Beratta_.png\">\n            <source media=\"(max-width:767px)\" srcset=\"https:\/\/www.ne.se\/info\/wp-content\/uploads\/2024\/05\/Beratta_.png\">\n            <img decoding=\"async\" src=\"https:\/\/www.ne.se\/info\/wp-content\/uploads\/2024\/05\/Beratta_.png\" srcset=\"https:\/\/www.ne.se\/info\/wp-content\/uploads\/2024\/05\/Beratta_.png 800w, https:\/\/www.ne.se\/info\/wp-content\/uploads\/2024\/05\/Beratta_-300x162.png 300w, https:\/\/www.ne.se\/info\/wp-content\/uploads\/2024\/05\/Beratta_-768x415.png 768w, https:\/\/www.ne.se\/info\/wp-content\/uploads\/2024\/05\/Beratta_-354x191.png 354w\" sizes=\"(max-width: 800px) 100vw, 800px\" alt=\"\" title=\"Bera\u0308tta_\"  \/>\n        <\/picture>\n        <div class=\"wrapper\">\n                            <h4 class=\"heading\">Logga in med ditt NE-konto<\/h4>\n                            <p class=\"text\">Apparna, \u00e4r utvecklade f\u00f6r iOS, \u00e4r anknutna till Lpf\u00f6 98\/10 och Lgr 11. Du loggar in i appen med ditt personliga konto som du skapar n\u00e4r du \u00e4r inloggad p\u00e5 NE.se.<\/p>\n            <\/div>\n                                        \n<a href=\"https:\/\/auth.ne.se\/login\" class=\"link button-link\" rel=\"nofollow noopener\" target=\"_blank\">\n    Logga in    <svg width=\"16\" height=\"17\" viewBox=\"0 0 16 17\" fill=\"none\" xmlns=\"http:\/\/www.w3.org\/2000\/svg\">\n    <path d=\"M3.333 9.167h7.447L7.527 12.42a.672.672 0 0 0 0 .947c.26.26.68.26.94 0l4.393-4.394c.26-.26.26-.68 0-.94l-4.387-4.4a.664.664 0 1 0-.94.94l3.247 3.26H3.333c-.366 0-.666.3-.666.667 0 .367.3.667.666.667z\" fill=\"#007DB8\"\/>\n<\/svg>\n<\/a>                        <\/div>                        <\/div>\n\n                                    <\/div>\n                    <\/div>\n    <\/div>\n<\/section>\n\n\n\n<section  class=\"left-right bg-gray\">\n    <div class=\"container twelve-col\">\n        <div class=\"inner   \">\n                            <div class=\"grid\">\n                    <div class=\"col col-2\">\n                        \n\n<div class=\"content\">\n\n    \n    \n            \n<h2 class=\"h2\"> Kom ig\u00e5ng direkt <\/h2>    \n            <p class=\"ingress\">Att komma ig\u00e5ng med NE \u00e4r enkelt. Vill du veta mer om hur du optimerar ditt anv\u00e4ndande kan du alltid st\u00e4lla en fr\u00e5ga till v\u00e5r support eller delta i n\u00e5gon av de utbildningar vi erbjuder.<\/p>\n    \n    \n            <div class=\"btn-container\">\n                            \n<a href=\"https:\/\/www.ne.se\/info\/prova-ne-kostnadsfritt-i-30-dagar\/\" target=\"\" aria-label=\"Prova NE kostnadsfritt i 30 dagar\" class=\"button button-blue\">\n    Prova NE kostnadsfritt i 30 dagar    <\/a>                                <\/div>\n    \n    \n\n<\/div>                    <\/div>\n                    <div class=\"col col-2 img-right\">\n                                                                                                                        <picture>\n                                        <source media=\"(min-width:767px)\" srcset=\"https:\/\/www.ne.se\/info\/wp-content\/uploads\/2024\/02\/Kontaktbild_24-1240x992.png\">\n                                        <source media=\"(max-width:767px)\" srcset=\"https:\/\/www.ne.se\/info\/wp-content\/uploads\/2024\/02\/Kontaktbild_24-1240x920.png\">\n                                        <img decoding=\"async\" src=\"https:\/\/www.ne.se\/info\/wp-content\/uploads\/2024\/02\/Kontaktbild_24-1240x992.png\" srcset=\"https:\/\/www.ne.se\/info\/wp-content\/uploads\/2024\/02\/Kontaktbild_24-1240x992.png 1240w, https:\/\/www.ne.se\/info\/wp-content\/uploads\/2024\/02\/Kontaktbild_24-800x640.png 800w\" sizes=\"(max-width: 1240px) 100vw, 1240px\" alt=\"\" title=\"Kontaktbild_24\"  \/>\n                                    <\/picture>\n                                                            \n                                            <\/div>\n                <\/div>\n                    <\/div>\n    <\/div>\n<\/section>\n\n\n","protected":false},"excerpt":{"rendered":"","protected":false},"author":8,"featured_media":0,"parent":1045,"menu_order":1,"comment_status":"closed","ping_status":"closed","template":"page-teaching-material.php","meta":{"inline_featured_image":false,"footnotes":""},"subject":[],"class_list":["post-14086","page","type-page","status-publish","hentry"],"acf":[],"_links":{"self":[{"href":"https:\/\/www.ne.se\/info\/wp-json\/wp\/v2\/pages\/14086","targetHints":{"allow":["GET"]}}],"collection":[{"href":"https:\/\/www.ne.se\/info\/wp-json\/wp\/v2\/pages"}],"about":[{"href":"https:\/\/www.ne.se\/info\/wp-json\/wp\/v2\/types\/page"}],"author":[{"embeddable":true,"href":"https:\/\/www.ne.se\/info\/wp-json\/wp\/v2\/users\/8"}],"replies":[{"embeddable":true,"href":"https:\/\/www.ne.se\/info\/wp-json\/wp\/v2\/comments?post=14086"}],"version-history":[{"count":62,"href":"https:\/\/www.ne.se\/info\/wp-json\/wp\/v2\/pages\/14086\/revisions"}],"predecessor-version":[{"id":23842,"href":"https:\/\/www.ne.se\/info\/wp-json\/wp\/v2\/pages\/14086\/revisions\/23842"}],"up":[{"embeddable":true,"href":"https:\/\/www.ne.se\/info\/wp-json\/wp\/v2\/pages\/1045"}],"wp:attachment":[{"href":"https:\/\/www.ne.se\/info\/wp-json\/wp\/v2\/media?parent=14086"}],"wp:term":[{"taxonomy":"subject","embeddable":true,"href":"https:\/\/www.ne.se\/info\/wp-json\/wp\/v2\/subject?post=14086"}],"curies":[{"name":"wp","href":"https:\/\/api.w.org\/{rel}","templated":true}]}}