{"id":14474,"date":"2024-06-04T06:51:42","date_gmt":"2024-06-04T06:51:42","guid":{"rendered":"https:\/\/www.ne.se\/info\/?page_id=14474"},"modified":"2026-02-27T09:10:47","modified_gmt":"2026-02-27T09:10:47","slug":"stories-forabetterday","status":"publish","type":"page","link":"https:\/\/www.ne.se\/info\/skola\/stories-forabetterday\/","title":{"rendered":"STORIES FOR A BETTER DAY"},"content":{"rendered":"\n\n<section  class=\"mini-header center\">\n    <div class=\"container\">\n        <div class=\"inner first-block  \">\n\n        \n                            <div class=\"heading-container\">\n                    \n<h1 class=\"h1\"> STORIES FOR A BETTER DAY <\/h1>                                    <\/div>\n            \n            <div class=\"content-container\">\n\n                                    \n<p class=\"ample\">\n    Stories For A Better Day \u00e4r ett unikt samarbete mellan Make Music Matter!, Tim Bergling Foundation, STIM, Soundtrap och NE som vill bidra till \u00f6kat v\u00e4lm\u00e5ende och framtidstro hos unga \u2013 samtidigt som det st\u00e4rker l\u00e4rande och kreativitet i skolan. <\/p>                \n\n                \n                \n            <\/div>\n\n        <\/div>\n    <\/div>\n<\/section>\n\n\n\n<section id=\"#stories\" class=\"left-right bg-white\">\n    <div class=\"container twelve-col\">\n        <div class=\"inner  pt-3 pb-4\">\n                            <div class=\"grid\">\n                    <div class=\"col col-2\">\n                        \n\n<div class=\"content\">\n\n    \n    \n            \n<h2 class=\"h3\"> Nu med nytt material<br>och f\u00f6r fler \u00e4mnen <\/h2>    \n            <p class=\"ingress\">Nu breddas det popul\u00e4ra skolinitiativet Stories For a Better Day och blir ett unikt \u00e4mnes\u00f6verskridande pedagogiskt material i musik, bild, religion, samh\u00e4llskunskap, svenska, engelska samt idrott och h\u00e4lsa. H\u00e4r f\u00e5r elever m\u00f6jlighet att uttrycka tankar, k\u00e4nslor och erfarenheter genom musik, text och andra kreativa uttryck \u2013 med inspiration fr\u00e5n bland annat Avicii:s l\u00e5tar och texter. <br><br>Stories For A Better Day omfattar sedan starten cirka 600 skolor fr\u00e5n hela landet och m\u00e5nga l\u00e4rare vittnar om hur initiativet \u00f6ppnat upp f\u00f6r samtal, gemenskap och nya s\u00e4tt att skapa.<br \/>\r\n<\/p>\n    \n    \n            <div class=\"btn-container\">\n                            \n<a href=\"#stories\" target=\"\" aria-label=\"Anm\u00e4l dig i dag\" class=\"button button-blue\">\n    Anm\u00e4l dig i dag    <\/a>                                <\/div>\n    \n    \n\n<\/div>                    <\/div>\n                    <div class=\"col col-2 img-right\">\n                                                                                                                        <picture>\n                                        <source media=\"(min-width:767px)\" srcset=\"https:\/\/www.ne.se\/info\/wp-content\/uploads\/2026\/01\/Stories-for-a-better-day-kvadrat-1080x992.png\">\n                                        <source media=\"(max-width:767px)\" srcset=\"https:\/\/www.ne.se\/info\/wp-content\/uploads\/2026\/01\/Stories-for-a-better-day-kvadrat-1080x920.png\">\n                                        <img decoding=\"async\" src=\"https:\/\/www.ne.se\/info\/wp-content\/uploads\/2026\/01\/Stories-for-a-better-day-kvadrat-1080x992.png\" srcset=\"\" sizes=\"(max-width: 1080px) 100vw, 1080px\" alt=\"\" title=\"Stories for a better day kvadrat\"  \/>\n                                    <\/picture>\n                                                            \n                                            <\/div>\n                <\/div>\n                    <\/div>\n    <\/div>\n<\/section>\n\n\n\n\n\n\n<section  class=\"video bg-white\">\n    <div class=\"container\">\n        <div class=\"inner  pt-3 pb-3\">\n\n                            <div class=\"video-container\">\n                    <img decoding=\"async\" class=\"video-thumbnail\" data-block-id=\"block_5ee5275ab62052a3fbc2c5dce84fab1f\" src=\"https:\/\/www.ne.se\/info\/wp-content\/uploads\/2026\/01\/Skarmavbild-2026-01-29-kl.-17.14.23-2120x1254.png\" srcset=\"https:\/\/www.ne.se\/info\/wp-content\/uploads\/2026\/01\/Skarmavbild-2026-01-29-kl.-17.14.23-2120x1254.png 2120w, https:\/\/www.ne.se\/info\/wp-content\/uploads\/2026\/01\/Skarmavbild-2026-01-29-kl.-17.14.23-300x176.png 300w, https:\/\/www.ne.se\/info\/wp-content\/uploads\/2026\/01\/Skarmavbild-2026-01-29-kl.-17.14.23-354x208.png 354w\" sizes=\"(max-width: 2120px) 100vw, 2120px\" alt=\"\" title=\"\"  \/>\n                    <svg width=\"80\" height=\"80\" viewBox=\"0 0 80 80\" fill=\"none\" xmlns=\"http:\/\/www.w3.org\/2000\/svg\">\n<g filter=\"url(#filter0_b_1398_23185)\">\n<path fill-rule=\"evenodd\" clip-rule=\"evenodd\" d=\"M40 80C62.0914 80 80 62.0914 80 40C80 17.9086 62.0914 0 40 0C17.9086 0 0 17.9086 0 40C0 62.0914 17.9086 80 40 80ZM33.75 54.6721L56.25 42.096C57.9167 41.1645 57.9167 38.8355 56.25 37.904L33.75 25.3279C32.0833 24.3963 30 25.5608 30 27.4239L30 52.5761C30 54.4392 32.0833 55.6037 33.75 54.6721Z\" fill=\"white\" fill-opacity=\"0.8\"\/>\n<\/g>\n<defs>\n<filter id=\"filter0_b_1398_23185\" x=\"-16\" y=\"-16\" width=\"112\" height=\"112\" filterUnits=\"userSpaceOnUse\" color-interpolation-filters=\"sRGB\">\n<feFlood flood-opacity=\"0\" result=\"BackgroundImageFix\"\/>\n<feGaussianBlur in=\"BackgroundImageFix\" stdDeviation=\"8\"\/>\n<feComposite in2=\"SourceAlpha\" operator=\"in\" result=\"effect1_backgroundBlur_1398_23185\"\/>\n<feBlend mode=\"normal\" in=\"SourceGraphic\" in2=\"effect1_backgroundBlur_1398_23185\" result=\"shape\"\/>\n<\/filter>\n<\/defs>\n<\/svg>\n                                        <div class=\"overlay\"><\/div>\n                <\/div>\n                    <\/div>\n    <\/div>\n<\/section>\n\n\n  <div class=\"modal modal-video\" data-modal-id=\"block_5ee5275ab62052a3fbc2c5dce84fab1f\">\n\n    <div class=\"modal-content\">\n      <div class=\"iframe-container\">\n        <div class=\"iframe-wrapper\">\n          <video style=\"position: absolute; width: 100%; height: 100%; top: 0; left: 0;\" controls>\n              <source src=\"https:\/\/www.ne.se\/info\/wp-content\/uploads\/2026\/01\/Komprimerad-Stories-For-A-Better-Day-Kampanjfilm-2026.mp4\" type=\"video\/mp4\">\n              Your browser does not support the video tag.\n          <\/video>\n        <\/div>\n      <\/div>\n    <\/div>\n\n  <\/div>\n\n\n\n\n\n<section  class=\"left-right bg-white\">\n    <div class=\"container twelve-col\">\n        <div class=\"inner  pt-3 pb-4\">\n                            <div class=\"grid\">\n                    <div class=\"col col-2 img-left\">\n                                                                                                                        <picture>\n                                        <source media=\"(min-width:767px)\" srcset=\"https:\/\/www.ne.se\/info\/wp-content\/uploads\/2025\/07\/ima227314-1240x992.jpg\">\n                                        <source media=\"(max-width:767px)\" srcset=\"https:\/\/www.ne.se\/info\/wp-content\/uploads\/2025\/07\/ima227314-1460x920.jpg\">\n                                        <img decoding=\"async\" src=\"https:\/\/www.ne.se\/info\/wp-content\/uploads\/2025\/07\/ima227314-1240x992.jpg\" srcset=\"https:\/\/www.ne.se\/info\/wp-content\/uploads\/2025\/07\/ima227314-1240x992.jpg 1240w, https:\/\/www.ne.se\/info\/wp-content\/uploads\/2025\/07\/ima227314-800x640.jpg 800w\" sizes=\"(max-width: 1240px) 100vw, 1240px\" alt=\"\" title=\"Elever har musiklektion i skolan\"  \/>\n                                    <\/picture>\n                                                            \n                                            <\/div>\n                    <div class=\"col col-2\">\n                        \n\n<div class=\"content\">\n\n    \n    \n            \n<h2 class=\"h3\"> Att undervisa med Stories<br>For A Better Day <\/h2>    \n            <p class=\"ingress\">K\u00e4rnan i Stories For A Better Day \u00e4r att alla har n\u00e5got att ber\u00e4tta. Genom att skapa utrymme f\u00f6r elevers ber\u00e4ttelser f\u00e5r de m\u00f6jlighet uttrycka sig, bearbeta det som k\u00e4nns sv\u00e5rt och uppt\u00e4cka att deras r\u00f6ster faktiskt betyder n\u00e5got.<br \/>\r\n<br \/>\r\nKreativiteten utvecklas genom det egna skapande i flera uttrycksformer s\u00e5som text, spr\u00e5k, musik, bild, dans och r\u00f6relse. Med samtal, reflektion och diskussion i kombination med storytelling via podcastinspelning och digital musikproduktion f\u00e5r eleverna en plats d\u00e4r tankar, k\u00e4nslor och id\u00e9er kan formas, uttryckas och bearbetas. <\/p>\n    \n    \n    \n    \n\n<\/div>                    <\/div>\n                <\/div>\n                    <\/div>\n    <\/div>\n<\/section>\n\n\n\n\n\n\n<section  class=\"blog-quote\">\n    <div class=\"container\">\n        <div class=\"inner  pt-3 pb-2\">\n            <div class=\"quote-container center\">\n                                    <p class=\"quote\">N\u00e4r eleverna f\u00e5r samtala om fr\u00e5gor som ber\u00f6r deras psykiska och existentiella h\u00e4lsa st\u00e4rks inte bara deras v\u00e4lm\u00e5ende, utan fr\u00e4mjar ocks\u00e5 utvecklingen av den egna identiteten. Genom olika uttrycksformer f\u00f6r skapande v\u00e4cks ett intresse f\u00f6r kreativitet samtidigt som det ger tid f\u00f6r egen reflektion. Undervisningen blir en plats d\u00e4r elevernas erfarenheter och r\u00f6ster f\u00e5r mening och betydelse i ett st\u00f6rre sammanhang i enlighet med Barnkonventionen artikel 6 och 12.<\/p>\n                                                    <p class=\"by\">Terese Isaksson, Tim Bergling Foundation<\/p>\n                                            <\/div>\n        <\/div>\n    <\/div>\n<\/section>\n\n\n\n<section id=\"stories\" class=\"mini-header center\">\n    <div class=\"container\">\n        <div class=\"inner  pt-5 pb-3\">\n\n        \n                            <div class=\"heading-container\">\n                    \n<h2 class=\"h3\"> Detta inneh\u00e5ller Stories For A Better Day <\/h2>                                    <\/div>\n            \n            <div class=\"content-container\">\n\n                                    \n<p class=\"ample\">\n    Pedagogiskt material f\u00f6r dig som unervisar i svenska, engelska, samh\u00e4llskunskap, religion, musik, bild och idrott och h\u00e4lsa.  <\/p>                \n\n                \n                \n            <\/div>\n\n        <\/div>\n    <\/div>\n<\/section>\n\n\n\n<section id=\"stories\" class=\"hubspot-form-block\">\n    <div class=\"container\">\n        <div class=\"inner  pt-0 pb-0\">\n                            <div class=\"grid\">\n                    <div class=\"col col-2\">\n                        \n\n<div class=\"content\">\n\n    \n    \n            <p class=\"ingress\">Materialet \u00e4r f\u00f6rankrade i l\u00e4roplanen och kursplanerna med \u00f6vningar som tr\u00e4nar f\u00f6rm\u00e5gor som att formulera \u00e5sikter, reflektera, analysera, v\u00e4rdera och problematisera \u2013 samt att argumentera b\u00e5de muntligt och skriftligt, enskilt och i grupp.<br><br>Uppl\u00e4gget \u00e4r flexibelt och du v\u00e4ljer sj\u00e4lv arbetsform och vad som passar f\u00f6r just din undervisning. Du f\u00e5r \u00e4ven omfattande l\u00e4rarhandledning med bed\u00f6mningsunderlag f\u00f6r betygs\u00e4ttning. Materialet \u00e4r fr\u00e4mst utformat f\u00f6r h\u00f6gstadiet, men kan anpassas f\u00f6r alla stadier. <br><br>Stories For a Better day kan med f\u00f6rdel anv\u00e4ndas till ett tamatiskt-eller \u00e4mnes\u00f6verskridande arbete p\u00e5 skolan f\u00f6r att \u00f6ka elevernas engagemang, f\u00f6rdjupa l\u00e4rarandet och skapa en helhetssyn kring \u00e4mnet. <\/p>\n    \n            <ul class=\"usps\">\n            <li class=\"usp\">\n            <svg width=\"24\" height=\"24\" viewBox=\"0 0 24 24\" fill=\"none\" xmlns=\"http:\/\/www.w3.org\/2000\/svg\">\n    <path d=\"M9 16.17 5.53 12.7a.996.996 0 1 0-1.41 1.41l4.18 4.18c.39.39 1.02.39 1.41 0L20.29 7.71a.996.996 0 1 0-1.41-1.41L9 16.17z\" fill=\"#007DB8\"\/>\n<\/svg>\n            Lektionsmaterial att anv\u00e4nda som en del av undervisningen.        <\/li>\n            <li class=\"usp\">\n            <svg width=\"24\" height=\"24\" viewBox=\"0 0 24 24\" fill=\"none\" xmlns=\"http:\/\/www.w3.org\/2000\/svg\">\n    <path d=\"M9 16.17 5.53 12.7a.996.996 0 1 0-1.41 1.41l4.18 4.18c.39.39 1.02.39 1.41 0L20.29 7.71a.996.996 0 1 0-1.41-1.41L9 16.17z\" fill=\"#007DB8\"\/>\n<\/svg>\n            Tillg\u00e5ng till Netflix-dokument\u00e4ren \u201dI\u00b4m Tim\u201d om Avicii med s\u00e4rskilt utarbetade fr\u00e5gor.         <\/li>\n            <li class=\"usp\">\n            <svg width=\"24\" height=\"24\" viewBox=\"0 0 24 24\" fill=\"none\" xmlns=\"http:\/\/www.w3.org\/2000\/svg\">\n    <path d=\"M9 16.17 5.53 12.7a.996.996 0 1 0-1.41 1.41l4.18 4.18c.39.39 1.02.39 1.41 0L20.29 7.71a.996.996 0 1 0-1.41-1.41L9 16.17z\" fill=\"#007DB8\"\/>\n<\/svg>\n            Log in och access till l\u00e4romedelsplattformen NE d\u00e4r allt material ligger samlat under l\u00e4romedlet &#8220;Musik 7\u20139&#8221;.        <\/li>\n            <li class=\"usp\">\n            <svg width=\"24\" height=\"24\" viewBox=\"0 0 24 24\" fill=\"none\" xmlns=\"http:\/\/www.w3.org\/2000\/svg\">\n    <path d=\"M9 16.17 5.53 12.7a.996.996 0 1 0-1.41 1.41l4.18 4.18c.39.39 1.02.39 1.41 0L20.29 7.71a.996.996 0 1 0-1.41-1.41L9 16.17z\" fill=\"#007DB8\"\/>\n<\/svg>\n            L\u00e4rarhandledningen i hur du kan arbeta med uppgifterna samt hur du kan anv\u00e4nda dem f\u00f6r bed\u00f6mning och som betygsunderlag.        <\/li>\n            <li class=\"usp\">\n            <svg width=\"24\" height=\"24\" viewBox=\"0 0 24 24\" fill=\"none\" xmlns=\"http:\/\/www.w3.org\/2000\/svg\">\n    <path d=\"M9 16.17 5.53 12.7a.996.996 0 1 0-1.41 1.41l4.18 4.18c.39.39 1.02.39 1.41 0L20.29 7.71a.996.996 0 1 0-1.41-1.41L9 16.17z\" fill=\"#007DB8\"\/>\n<\/svg>\n            M\u00f6jlighet att g\u00f6ra podcastinspelningar, ljuds\u00e4tta texter eller skapa musikproduktioner utifr\u00e5n originalstems fr\u00e5n fem av Avicii:s st\u00f6rsta hits.        <\/li>\n            <li class=\"usp\">\n            <svg width=\"24\" height=\"24\" viewBox=\"0 0 24 24\" fill=\"none\" xmlns=\"http:\/\/www.w3.org\/2000\/svg\">\n    <path d=\"M9 16.17 5.53 12.7a.996.996 0 1 0-1.41 1.41l4.18 4.18c.39.39 1.02.39 1.41 0L20.29 7.71a.996.996 0 1 0-1.41-1.41L9 16.17z\" fill=\"#007DB8\"\/>\n<\/svg>\n            Licenser till Soundtrap Education \u2013 en molnbaserad och interaktiv ljudplattform anpassad f\u00f6r utbildning (f\u00f6r att f\u00e5 kostnadsfria licenser beh\u00f6vs en s\u00e4rskild anm\u00e4lan g\u00f6ras).        <\/li>\n    <\/ul>    \n    \n<\/div>                    <\/div>\n                    <div class=\"col col-2 form-right\">\n                        <div class=\"hubspot-form\">\n                            <script charset=\"utf-8\" type=\"text\/javascript\" src=\"\/\/js-eu1.hsforms.net\/forms\/embed\/v2.js\"><\/script>\r\n<script>\r\n  hbspt.forms.create({\r\n    portalId: \"4069921\",\r\n    formId: \"4bae67e2-1ee5-43ae-86a4-c650f4da1582\",\r\n    region: \"eu1\"\r\n  });\r\n<\/script>                        <\/div>\n                    <\/div>\n                <\/div>\n                    <\/div>\n    <\/div>\n<\/section>\n\n\n\n<section  class=\"mini-header left\">\n    <div class=\"container\">\n        <div class=\"inner  pt-3 pb-0\">\n\n        \n                            <div class=\"heading-container\">\n                    \n<h2 class=\"h3\"> Kontaktperson <\/h2>                                    <\/div>\n            \n            <div class=\"content-container\">\n\n                \n\n                \n                \n            <\/div>\n\n        <\/div>\n    <\/div>\n<\/section>\n\n\n\n<section  class=\"contact-person-grid bg-white\">\n    <div class=\"container\">\n        <div class=\"inner  pt-1 pb-3\">\n                            <div class=\"grid contact-person-grid\">\n                                            <div class=\"col col-4 contact-person-col\">\n                            \n\n\n<div class=\"content big-left\">\n    <div class=\"image\">\n        <img decoding=\"async\" src=\"https:\/\/www.ne.se\/info\/wp-content\/uploads\/2024\/06\/Goran-Nikolausson-360x360.jpg\" alt=\"\">\n    <\/div>\n    <div class=\"info\"> \n        <div class=\"top\"> \n                            <p class=\"name\">G\u00f6ran Nikolausson<\/p>\n                                        <p class=\"title\">Grundare och verksamhetsansvarig<\/p>\n                                        <a href=\"tel:072-525 10 08\" title=\"Ring G\u00f6ran Nikolausson\" class=\"phone\">072-525 10 08<\/a>\n                                        <a href=\"mailto:goran.nikolausson@makemusicmatter.se\" title=\"Skicka ett mail till G\u00f6ran Nikolausson\" class=\"email\">goran.nikolausson@makemusicmatter.se<\/a>\n                    <\/div>\n            <\/div>\n\n<\/div>                        <\/div>\n\n                        \n                                                            <\/div>\n                    <\/div>\n    <\/div>\n<\/section>\n\n\n\n<section  class=\"left-right bg-white\">\n    <div class=\"container twelve-col\">\n        <div class=\"inner  pt-0 pb-4\">\n                            <div class=\"grid\">\n                    <div class=\"col col-2\">\n                        \n\n<div class=\"content\">\n\n    \n    \n            \n<h3 class=\"h4\"> Information om licenser till Soundtrap Education <\/h3>    \n            <p class=\"ingress\">Licenser till Soundtrap Education finansieras med medel fr\u00e5n samarbetspartners till Stories For A Better Day. Antalet licenser \u00e4r ocks\u00e5 begr\u00e4nsat. D\u00e4rf\u00f6r \u00e4r det viktigt att licenserna anv\u00e4nds p\u00e5 ett effektivt och \u00e4ndam\u00e5lsenligt s\u00e4tt inom ramen f\u00f6r satsningen. F\u00f6r att erh\u00e5lla Soundtrap-licenser beh\u00f6ver l\u00e4raren ange b\u00e5de 1) \u00f6nskat antal licenser och 2) minsta antal licenser f\u00f6r att kunna genomf\u00f6ra projektet.<\/p>\n    \n    \n    \n    \n\n<\/div>                    <\/div>\n                    <div class=\"col col-2 img-right\">\n                                                                                                                        <picture>\n                                        <source media=\"(min-width:767px)\" srcset=\"https:\/\/www.ne.se\/info\/wp-content\/uploads\/2026\/01\/6-1240x992.jpg\">\n                                        <source media=\"(max-width:767px)\" srcset=\"https:\/\/www.ne.se\/info\/wp-content\/uploads\/2026\/01\/6-1460x920.jpg\">\n                                        <img decoding=\"async\" src=\"https:\/\/www.ne.se\/info\/wp-content\/uploads\/2026\/01\/6-1240x992.jpg\" srcset=\"https:\/\/www.ne.se\/info\/wp-content\/uploads\/2026\/01\/6-1240x992.jpg 1240w, https:\/\/www.ne.se\/info\/wp-content\/uploads\/2026\/01\/6-800x640.jpg 800w\" sizes=\"(max-width: 1240px) 100vw, 1240px\" alt=\"\" title=\"\"  \/>\n                                    <\/picture>\n                                                            \n                                            <\/div>\n                <\/div>\n                    <\/div>\n    <\/div>\n<\/section>\n\n\n\n\n\n\n\n<section  class=\"header-big-pic\">\n    <div class=\"container\">\n        <div class=\"inner  \">\n                                        \n<h1 class=\"h1\"> &#8220;All the songs have a story<br>I wanted to tell\u201d (Tim Bergling) <\/h1>                                        <p class=\"ingress\">\u201dWhat is your story?\u201d<br><br>\r\nV\u00e4lkommen till STORIES FOR A BETTER DAY.<\/p>\n            \n                    <\/div>\n    <\/div>\n\n    <div class=\"background-image\">\n        <img decoding=\"async\" src=\"https:\/\/www.ne.se\/info\/wp-content\/uploads\/2026\/01\/avicii-music-102137-original-1-mindre-slim.jpeg\" srcset=\"https:\/\/www.ne.se\/info\/wp-content\/uploads\/2026\/01\/avicii-music-102137-original-1-mindre-slim.jpeg 1499w, https:\/\/www.ne.se\/info\/wp-content\/uploads\/2026\/01\/avicii-music-102137-original-1-mindre-slim-300x149.jpeg 300w, https:\/\/www.ne.se\/info\/wp-content\/uploads\/2026\/01\/avicii-music-102137-original-1-mindre-slim-1024x510.jpeg 1024w, https:\/\/www.ne.se\/info\/wp-content\/uploads\/2026\/01\/avicii-music-102137-original-1-mindre-slim-768x383.jpeg 768w, https:\/\/www.ne.se\/info\/wp-content\/uploads\/2026\/01\/avicii-music-102137-original-1-mindre-slim-354x176.jpeg 354w\" sizes=\"(max-width: 1499px) 100vw, 1499px\" alt=\"\" title=\"avicii-music-102137-original (1) (mindre) (slim)\" \/>\n    <\/div>\n\n    <div class=\"overlay-top\"><\/div>\n    <div class=\"overlay-bottom\"><\/div>\n<\/section>","protected":false},"excerpt":{"rendered":"","protected":false},"author":8,"featured_media":0,"parent":751,"menu_order":0,"comment_status":"closed","ping_status":"closed","template":"","meta":{"inline_featured_image":false,"footnotes":""},"subject":[],"class_list":["post-14474","page","type-page","status-publish","hentry"],"acf":[],"_links":{"self":[{"href":"https:\/\/www.ne.se\/info\/wp-json\/wp\/v2\/pages\/14474","targetHints":{"allow":["GET"]}}],"collection":[{"href":"https:\/\/www.ne.se\/info\/wp-json\/wp\/v2\/pages"}],"about":[{"href":"https:\/\/www.ne.se\/info\/wp-json\/wp\/v2\/types\/page"}],"author":[{"embeddable":true,"href":"https:\/\/www.ne.se\/info\/wp-json\/wp\/v2\/users\/8"}],"replies":[{"embeddable":true,"href":"https:\/\/www.ne.se\/info\/wp-json\/wp\/v2\/comments?post=14474"}],"version-history":[{"count":380,"href":"https:\/\/www.ne.se\/info\/wp-json\/wp\/v2\/pages\/14474\/revisions"}],"predecessor-version":[{"id":25606,"href":"https:\/\/www.ne.se\/info\/wp-json\/wp\/v2\/pages\/14474\/revisions\/25606"}],"up":[{"embeddable":true,"href":"https:\/\/www.ne.se\/info\/wp-json\/wp\/v2\/pages\/751"}],"wp:attachment":[{"href":"https:\/\/www.ne.se\/info\/wp-json\/wp\/v2\/media?parent=14474"}],"wp:term":[{"taxonomy":"subject","embeddable":true,"href":"https:\/\/www.ne.se\/info\/wp-json\/wp\/v2\/subject?post=14474"}],"curies":[{"name":"wp","href":"https:\/\/api.w.org\/{rel}","templated":true}]}}