{"id":14808,"date":"2024-06-07T09:12:07","date_gmt":"2024-06-07T09:12:07","guid":{"rendered":"https:\/\/www.ne.se\/info\/?page_id=14808"},"modified":"2024-06-07T09:12:09","modified_gmt":"2024-06-07T09:12:09","slug":"7-nycklar-till-ett-battre-minne-guide","status":"publish","type":"page","link":"https:\/\/www.ne.se\/info\/skola\/7-nycklar-till-ett-battre-minne-guide\/","title":{"rendered":"Guide 7 nycklar till ett b\u00e4ttre minne"},"content":{"rendered":"\n\n    <section class=\"header-pic img-right first-block\">\n        <div class=\"grid\">\n            <div class=\"col col-2 text\">\n                <div class=\"wrapper\">\n                                            \n<h1 class=\"h2\"> Guide: 7 nycklar till ett b\u00e4ttre minne <\/h1>                                                                \n<p class=\"ample\">\n    Maximera ditt minne! Minnesm\u00e4staren Martin Nilsson ger dig 7 nycklar f\u00f6r att minnas b\u00e4ttre. <br \/>\r\n<br \/>\r\nMartin Nilsson \u00e4r gymnasiel\u00e4rare p\u00e5 Katedralskolan i Lund d\u00e4r han \u00e4ven h\u00e5ller kurser i minnesteknik f\u00f6r eleverna. Ut\u00f6ver det har han blivit han svensk m\u00e4stare i minne, v\u00e4rldsrekordinnehavare av Pi Matrix samt finalist i \u201dTalang\u201d p\u00e5 TV4.<\/p>                    \n                                    <\/div>\n            <\/div>\n            <div class=\"col col-2 img\">\n                                    <picture>\n                        <source media=\"(min-width:767px)\" srcset=\"https:\/\/www.ne.se\/info\/wp-content\/uploads\/2024\/06\/Minnesguide_some-1880x1120.png\">\n                        <source media=\"(max-width:767px)\" srcset=\"https:\/\/www.ne.se\/info\/wp-content\/uploads\/2024\/06\/Minnesguide_some-750x432.png\">\n                        <img decoding=\"async\" src=\"https:\/\/www.ne.se\/info\/wp-content\/uploads\/2024\/06\/Minnesguide_some-1880x1120.png\" srcset=\"\" sizes=\"(max-width: 1880px) 100vw, 1880px\" alt=\"\" title=\"Minnesguide_some\"  \/>\n                    <\/picture>\n                            <\/div>\n        <\/div>\n    <\/section>\n\n\n\n\n<section  class=\"hubspot-form-block\">\n    <div class=\"container\">\n        <div class=\"inner  pt-3 pb-5\">\n                            <div class=\"grid\">\n                    <div class=\"col col-2\">\n                        \n\n<div class=\"content\">\n\n    \n            \n<h3 class=\"\"> Ladda ner din guide helt gratis <\/h3>    \n            <p class=\"ingress\">Man f\u00f6ds inte till minnesm\u00e4stare, man blir det. Kombinerar du antikens metoder med modern hj\u00e4rnforskning kan du p\u00e5 kort tid l\u00e4ra dig att minnas p\u00e5 ett h\u00e4pnadsv\u00e4ckande s\u00e4tt.\r\n\r\nLadda ner v\u00e5r guide och f\u00e5 konkreta tips p\u00e5 hur du kan \u00f6ka din och dina elevers produktivitet.<\/p>\n    \n    \n    \n<\/div>                    <\/div>\n                    <div class=\"col col-2 form-right\">\n                        <div class=\"hubspot-form\">\n                            <script charset=\"utf-8\" type=\"text\/javascript\" src=\"\/\/js.hsforms.net\/forms\/embed\/v2.js\"><\/script>\r\n<script>\r\n  hbspt.forms.create({\r\n    region: \"na1\",\r\n    portalId: \"4069921\",\r\n    formId: \"0691b29c-33e2-4b79-bc26-12e274e84c84\"\r\n  });\r\n<\/script>                        <\/div>\n                    <\/div>\n                <\/div>\n                    <\/div>\n    <\/div>\n<\/section>","protected":false},"excerpt":{"rendered":"","protected":false},"author":8,"featured_media":0,"parent":751,"menu_order":0,"comment_status":"closed","ping_status":"closed","template":"","meta":{"inline_featured_image":false,"footnotes":""},"subject":[],"class_list":["post-14808","page","type-page","status-publish","hentry"],"acf":[],"_links":{"self":[{"href":"https:\/\/www.ne.se\/info\/wp-json\/wp\/v2\/pages\/14808","targetHints":{"allow":["GET"]}}],"collection":[{"href":"https:\/\/www.ne.se\/info\/wp-json\/wp\/v2\/pages"}],"about":[{"href":"https:\/\/www.ne.se\/info\/wp-json\/wp\/v2\/types\/page"}],"author":[{"embeddable":true,"href":"https:\/\/www.ne.se\/info\/wp-json\/wp\/v2\/users\/8"}],"replies":[{"embeddable":true,"href":"https:\/\/www.ne.se\/info\/wp-json\/wp\/v2\/comments?post=14808"}],"version-history":[{"count":2,"href":"https:\/\/www.ne.se\/info\/wp-json\/wp\/v2\/pages\/14808\/revisions"}],"predecessor-version":[{"id":14811,"href":"https:\/\/www.ne.se\/info\/wp-json\/wp\/v2\/pages\/14808\/revisions\/14811"}],"up":[{"embeddable":true,"href":"https:\/\/www.ne.se\/info\/wp-json\/wp\/v2\/pages\/751"}],"wp:attachment":[{"href":"https:\/\/www.ne.se\/info\/wp-json\/wp\/v2\/media?parent=14808"}],"wp:term":[{"taxonomy":"subject","embeddable":true,"href":"https:\/\/www.ne.se\/info\/wp-json\/wp\/v2\/subject?post=14808"}],"curies":[{"name":"wp","href":"https:\/\/api.w.org\/{rel}","templated":true}]}}