{"id":15050,"date":"2024-07-01T13:21:18","date_gmt":"2024-07-01T13:21:18","guid":{"rendered":"https:\/\/www.ne.se\/info\/?page_id=15050"},"modified":"2026-01-07T09:00:18","modified_gmt":"2026-01-07T09:00:18","slug":"haja-sagovasen","status":"publish","type":"page","link":"https:\/\/www.ne.se\/info\/skola\/haja\/faktabocker\/haja-sagovasen\/","title":{"rendered":"Haja Sagov\u00e4sen"},"content":{"rendered":"\n\n\n<section  class=\"header-big-pic\">\n    <div class=\"container\">\n        <div class=\"inner  teaching-padding\">\n                            \n<div class=\"badges\">\n            <p class=\"badge\">Haja<\/p>\n    <\/div>                                        \n<h1 class=\"h1\"> Sagov\u00e4sen <\/h1>                                        <p class=\"ingress\">Tematiserad faktabok med 28 sp\u00e4nnande v\u00e4sen.  <\/p>\n            \n                            <ul class=\"usps\">\n            <li class=\"usp\">\n            <svg width=\"24\" height=\"24\" viewBox=\"0 0 24 24\" fill=\"none\" xmlns=\"http:\/\/www.w3.org\/2000\/svg\">\n    <path d=\"M9 16.17 5.53 12.7a.996.996 0 1 0-1.41 1.41l4.18 4.18c.39.39 1.02.39 1.41 0L20.29 7.71a.996.996 0 1 0-1.41-1.41L9 16.17z\" fill=\"#007DB8\"\/>\n<\/svg>\n            Inbjudande bilder.        <\/li>\n            <li class=\"usp\">\n            <svg width=\"24\" height=\"24\" viewBox=\"0 0 24 24\" fill=\"none\" xmlns=\"http:\/\/www.w3.org\/2000\/svg\">\n    <path d=\"M9 16.17 5.53 12.7a.996.996 0 1 0-1.41 1.41l4.18 4.18c.39.39 1.02.39 1.41 0L20.29 7.71a.996.996 0 1 0-1.41-1.41L9 16.17z\" fill=\"#007DB8\"\/>\n<\/svg>\n            L\u00e4ttl\u00e4sta texter.        <\/li>\n            <li class=\"usp\">\n            <svg width=\"24\" height=\"24\" viewBox=\"0 0 24 24\" fill=\"none\" xmlns=\"http:\/\/www.w3.org\/2000\/svg\">\n    <path d=\"M9 16.17 5.53 12.7a.996.996 0 1 0-1.41 1.41l4.18 4.18c.39.39 1.02.39 1.41 0L20.29 7.71a.996.996 0 1 0-1.41-1.41L9 16.17z\" fill=\"#007DB8\"\/>\n<\/svg>\n            Skapad av experter.        <\/li>\n    <\/ul>                    <\/div>\n    <\/div>\n\n    <div class=\"background-image\">\n        <img decoding=\"async\" src=\"https:\/\/www.ne.se\/info\/wp-content\/uploads\/2024\/06\/SagovasenHeader-pic-overlay.png\" srcset=\"https:\/\/www.ne.se\/info\/wp-content\/uploads\/2024\/06\/SagovasenHeader-pic-overlay.png 3840w, https:\/\/www.ne.se\/info\/wp-content\/uploads\/2024\/06\/SagovasenHeader-pic-overlay-300x88.png 300w, https:\/\/www.ne.se\/info\/wp-content\/uploads\/2024\/06\/SagovasenHeader-pic-overlay-1024x299.png 1024w, https:\/\/www.ne.se\/info\/wp-content\/uploads\/2024\/06\/SagovasenHeader-pic-overlay-768x224.png 768w, https:\/\/www.ne.se\/info\/wp-content\/uploads\/2024\/06\/SagovasenHeader-pic-overlay-1536x448.png 1536w, https:\/\/www.ne.se\/info\/wp-content\/uploads\/2024\/06\/SagovasenHeader-pic-overlay-2048x597.png 2048w, https:\/\/www.ne.se\/info\/wp-content\/uploads\/2024\/06\/SagovasenHeader-pic-overlay-354x103.png 354w\" sizes=\"(max-width: 3840px) 100vw, 3840px\" alt=\"\" title=\"Sagova\u0308senHeader pic overlay\" \/>\n    <\/div>\n\n    <div class=\"overlay-top\"><\/div>\n    <div class=\"overlay-bottom\"><\/div>\n<\/section>\n\n\n\n<section id=\"teaching_top\" class=\"left-right bg-white\">\n    <div class=\"container twelve-col\">\n        <div class=\"inner   \">\n                            <div class=\"grid\">\n                    <div class=\"col col-2\">\n                        \n\n<div class=\"content\">\n\n            \n<p class=\"uptext\">\n    <span class=\"line\"><\/span>\n    Riktigt l\u00e4ttl\u00e4sta faktatexter<\/p>    \n    \n            \n<h2 class=\"h2\"> L\u00e4tt att l\u00e4sa \u2013 l\u00e4tt att l\u00e4ra <\/h2>    \n            <p class=\"ingress\">I den h\u00e4r samlingen hittar eleverna 28 sp\u00e4nnande faktatexter. Varje v\u00e4sen har ett kapitel med fantastiska illustrationer gjorda av Elin Jonsson. V\u00e4ck fantasin och g\u00f6r l\u00e4str\u00e4ningen extra kul samtidigt som eleven l\u00e4r sig om v\u00e5ra v\u00e4sen.<\/p>\n    \n    \n            <div class=\"btn-container\">\n                            \n<a href=\"https:\/\/www.laromedia.se\/start.php?titel=haja&#038;forfattare=&#038;forlag=NE&#038;serie=&#038;format=&#038;alder=&#038;amne=&#038;sprak=&#038;utgivningsdatum=&#038;site=sok&#038;avancerad=ja\" target=\"\" aria-label=\"Best\u00e4ll redan i dag\" class=\"button button-blue\" rel=\"nofollow noopener\">\n    Best\u00e4ll redan i dag    <\/a>                                        \n<a href=\"https:\/\/issuu.com\/nationalencyklopedin\/docs\/haja_sagova_sen_kompr.?fr=sMjhlYTYzODA5Mjk\" target=\"\" class=\"button button-border-blue\" rel=\"nofollow noopener\">Bl\u00e4ddra i boken<\/a>                    <\/div>\n    \n    \n\n<\/div>                    <\/div>\n                    <div class=\"col col-2 img-right\">\n                                                                                                                        <picture>\n                                        <source media=\"(min-width:767px)\" srcset=\"https:\/\/www.ne.se\/info\/wp-content\/uploads\/2024\/07\/Sagovasen.gif\">\n                                        <source media=\"(max-width:767px)\" srcset=\"https:\/\/www.ne.se\/info\/wp-content\/uploads\/2024\/07\/Sagovasen.gif\">\n                                        <img decoding=\"async\" src=\"https:\/\/www.ne.se\/info\/wp-content\/uploads\/2024\/07\/Sagovasen.gif\" srcset=\"\" sizes=\"(max-width: 900px) 100vw, 900px\" alt=\"\" title=\"Sagova\u0308sen\"  \/>\n                                    <\/picture>\n                                                            \n                                            <\/div>\n                <\/div>\n                    <\/div>\n    <\/div>\n<\/section>\n\n\n\n\n\n\n<section  class=\"mini-header left\">\n    <div class=\"container\">\n        <div class=\"inner  pt-2 pb-0\">\n\n        \n                            <div class=\"heading-container\">\n                    \n<h2 class=\"h3\"> Inneh\u00e5ll i Sagov\u00e4sen <\/h2>                                    <\/div>\n            \n            <div class=\"content-container\">\n\n                \n\n                \n                \n            <\/div>\n\n        <\/div>\n    <\/div>\n<\/section>\n\n\n\n\n\n<section  class=\"tab-left-section\">\n    <div class=\"container\">\n        <div class=\"inner  pt-2 pb-4\">\n                            <div class=\"grid\">\n                    <div class=\"col col-2 tabs\">\n                                                <div class=\"wrapper\">\n                                                                                <div class=\"tab-item active\" data-tab-id=\"block_7a960c4a1ff2ee509600fc13cbf4f6a3_1\">\n                                                                    <p class=\"tab-heading\">Kapitel<\/p>\n                                                                                                    <p class=\"tab-description\">Varje v\u00e4sen \u00e4r ett kapitel. Faktaboken har totalt 28 kapitel.<\/p>\n                                                            <\/div>\n                                                                                                            <div class=\"tab-item \" data-tab-id=\"block_7a960c4a1ff2ee509600fc13cbf4f6a3_2\">\n                                                                    <p class=\"tab-heading\">Inneh\u00e5ll<\/p>\n                                                                                                    <p class=\"tab-description\">Boken \u00e4r fylld med inneh\u00e5ll som underl\u00e4ttar en varierad och rolig undervisning.<\/p>\n                                                            <\/div>\n                                                                                                            <div class=\"tab-item \" data-tab-id=\"block_7a960c4a1ff2ee509600fc13cbf4f6a3_3\">\n                                                                    <p class=\"tab-heading\">St\u00f6d och f\u00f6rdjupning<\/p>\n                                                                                                    <p class=\"tab-description\">Komplettera faktaboken med Haja p\u00e5 NE.se. H\u00e4r hittar du fler faktatexter, filmer, bilder och st\u00f6dfunktioner f\u00f6r att m\u00f6ta varje elev.<\/p>\n                                                            <\/div>\n                                                                                                            <div class=\"tab-item \" data-tab-id=\"block_7a960c4a1ff2ee509600fc13cbf4f6a3_4\">\n                                                                    <p class=\"tab-heading\">F\u00f6rfattare och medverkande<\/p>\n                                                                                                    <p class=\"tab-description\">Faktaboken \u00e4r framtaget av NE:s redaktion tillsammans med experter i \u00e4mnet.<\/p>\n                                                            <\/div>\n                                                                            <\/div>\n                    <\/div>\n                    <div class=\"col col-2 tabs-content\">\n                                                                                                        <div class=\"tab-content-item active text\" data-tab-content-id=\"block_7a960c4a1ff2ee509600fc13cbf4f6a3_1\">\n                                                                                                            <h4>Kapitel<\/h4>\n<p><span style=\"font-weight: 400;\">Alver<\/span><\/p>\n<p><span style=\"font-weight: 400;\">B\u00e4ckah\u00e4sten<\/span><\/p>\n<p><span style=\"font-weight: 400;\">Drake<\/span><\/p>\n<p><span style=\"font-weight: 400;\">Enh\u00f6rning<\/span><\/p>\n<p><span style=\"font-weight: 400;\">Fe<\/span><\/p>\n<p><span style=\"font-weight: 400;\">Geng\u00e5ngare<\/span><\/p>\n<p><span style=\"font-weight: 400;\">G\u00e5rdstomte<\/span><\/p>\n<p><span style=\"font-weight: 400;\">H\u00e4xa<\/span><\/p>\n<p><span style=\"font-weight: 400;\">John Blund<\/span><\/p>\n<p><span style=\"font-weight: 400;\">Julbock<\/span><\/p>\n<p><span style=\"font-weight: 400;\">Jultomten<\/span><\/p>\n<p><span style=\"font-weight: 400;\">J\u00e4tte<\/span><\/p>\n<p><span style=\"font-weight: 400;\">Lyktgubbe<\/span><\/p>\n<p><span style=\"font-weight: 400;\">Mara<\/span><\/p>\n<p><span style=\"font-weight: 400;\">Myling<\/span><\/p>\n<p><span style=\"font-weight: 400;\">N\u00e4cken<\/span><\/p>\n<p><span style=\"font-weight: 400;\">Sj\u00f6jungfru<\/span><\/p>\n<p><span style=\"font-weight: 400;\">Sj\u00f6odjur<\/span><\/p>\n<p><span style=\"font-weight: 400;\">Sj\u00f6r\u00e5<\/span><\/p>\n<p><span style=\"font-weight: 400;\">Skogsr\u00e5<\/span><\/p>\n<p><span style=\"font-weight: 400;\">Slenderman<\/span><\/p>\n<p><span style=\"font-weight: 400;\">Sp\u00f6ke<\/span><\/p>\n<p><span style=\"font-weight: 400;\">Troll<\/span><\/p>\n<p><span style=\"font-weight: 400;\">Vampyr<\/span><\/p>\n<p><span style=\"font-weight: 400;\">Varulv<\/span><\/p>\n<p><span style=\"font-weight: 400;\">V\u00e4ttar<\/span><\/p>\n<p><span style=\"font-weight: 400;\">Zombie<\/span><\/p>\n<p><span style=\"font-weight: 400;\">\u00c4lva<\/span><\/p>\n                                                                                                <\/div>\n\n                            \n                                                                                                            <div class=\"tab-content-item  text\" data-tab-content-id=\"block_7a960c4a1ff2ee509600fc13cbf4f6a3_2\">\n                                                                                                            <h4 class=\"tab-heading\">Inneh\u00e5ll<\/h4>\n<ul>\n<li>l\u00e4ttl\u00e4st faktatext<\/li>\n<li>tabell med snabba fakta<\/li>\n<li>intressev\u00e4ckande och tydliga bilder<\/li>\n<li>en tydlig struktur som \u00e4r \u00e5terkommande f\u00f6r varje kapitel.<\/li>\n<\/ul>\n                                                                                                <\/div>\n\n                            \n                                                                                                            <div class=\"tab-content-item  text\" data-tab-content-id=\"block_7a960c4a1ff2ee509600fc13cbf4f6a3_3\">\n                                                                                                            <h4><strong>St\u00f6d och f\u00f6rdjupning<\/strong><\/h4>\n<p>Med digitala st\u00f6dfunktioner som l\u00e4shj\u00e4lp och \u00f6vers\u00e4ttningstj\u00e4nst kan du enkelt anpassa undervisningen och l\u00e4randet efter elevernas f\u00f6ruts\u00e4ttningar och behov.<\/p>\n<p>H\u00e4r finns bland annat:<\/p>\n<ul>\n<li>uppl\u00e4sning av text<\/li>\n<li>\u00f6vers\u00e4ttning till \u00f6ver 100 spr\u00e5k<\/li>\n<li>l\u00e4sst\u00f6d \u2013 justera text, bakgrund, typsnitt eller anv\u00e4nd l\u00e4slinjal<\/li>\n<li>faktafilmer<\/li>\n<li>tydliga bilder.<\/li>\n<\/ul>\n                                                                                                <\/div>\n\n                            \n                                                                                                            <div class=\"tab-content-item  text\" data-tab-content-id=\"block_7a960c4a1ff2ee509600fc13cbf4f6a3_4\">\n                                                                                                            <h4><b>F\u00f6rfattare och medverkande<\/b><\/h4>\n<p><span style=\"font-weight: 400;\">F\u00f6rfattare: Anders Hansson<\/span><\/p>\n<p><span style=\"font-weight: 400;\">och Gustav Sigala Haggren<\/span><\/p>\n<p><span style=\"font-weight: 400;\">Redakt\u00f6r: Per S\u00f6derberg<\/span><\/p>\n<p><span style=\"font-weight: 400;\">Bildredakt\u00f6r: Martina Eriksson<\/span><\/p>\n<p><span style=\"font-weight: 400;\">Illustrat\u00f6r omslag och kapitelvinjetter: Elin Jonsson<\/span><\/p>\n<p><span style=\"font-weight: 400;\">Grafisk formgivare: Jens Klaive<\/span><\/p>\n<p><span style=\"font-weight: 400;\">Grafisk produktion: Arvid Gruv\u00f6 W\u00e4rle<\/span><\/p>\n                                                                                                <\/div>\n\n                            \n                                                                        <\/div>\n                <\/div>\n                    <\/div>\n    <\/div>\n<\/section>\n\n\n\n\n\n<section  class=\"left-right bg-white\">\n    <div class=\"container twelve-col\">\n        <div class=\"inner   \">\n                            <div class=\"grid\">\n                    <div class=\"col col-2 img-left\">\n                                                                                                                        <picture>\n                                        <source media=\"(min-width:767px)\" srcset=\"https:\/\/www.ne.se\/info\/wp-content\/uploads\/2024\/06\/Sagovasen-bok-digitalt-1240x992.png\">\n                                        <source media=\"(max-width:767px)\" srcset=\"https:\/\/www.ne.se\/info\/wp-content\/uploads\/2024\/06\/Sagovasen-bok-digitalt-1460x920.png\">\n                                        <img decoding=\"async\" src=\"https:\/\/www.ne.se\/info\/wp-content\/uploads\/2024\/06\/Sagovasen-bok-digitalt-1240x992.png\" srcset=\"https:\/\/www.ne.se\/info\/wp-content\/uploads\/2024\/06\/Sagovasen-bok-digitalt-1240x992.png 1240w, https:\/\/www.ne.se\/info\/wp-content\/uploads\/2024\/06\/Sagovasen-bok-digitalt-800x640.png 800w\" sizes=\"(max-width: 1240px) 100vw, 1240px\" alt=\"\" title=\"Sagova\u0308sen bok+ digitalt\"  \/>\n                                    <\/picture>\n                                                            \n                                            <\/div>\n                    <div class=\"col col-2\">\n                        \n\n<div class=\"content\">\n\n            \n<p class=\"uptext\">\n    <span class=\"line\"><\/span>\n    Mer fakta i digitala Haja<\/p>    \n    \n            \n<h2 class=\"h3\"> L\u00e4str\u00e4na och utforska mer <\/h2>    \n            <p class=\"ingress\">Artiklarna i boken kommer fr\u00e5n uppslagsverket Haja p\u00e5 NE.se. D\u00e4r hittar du \u00e4nnu fler l\u00e4ttl\u00e4sta faktatexter tillsammans med pedagogiska faktafilmer. Kombinera faktab\u00f6ckerna  med film, ljud och bild f\u00f6r en varierande och inspirerande undervisning.<br \/>\r\n<br \/>\r\nMed digitala st\u00f6dfunktioner som l\u00e4shj\u00e4lp och \u00f6vers\u00e4ttningstj\u00e4nst kan du enkelt anpassa undervisningen och l\u00e4randet efter elevernas f\u00f6ruts\u00e4ttningar och behov.<\/p>\n    \n            <ul class=\"usps\">\n            <li class=\"usp\">\n            <svg width=\"24\" height=\"24\" viewBox=\"0 0 24 24\" fill=\"none\" xmlns=\"http:\/\/www.w3.org\/2000\/svg\">\n    <path d=\"M9 16.17 5.53 12.7a.996.996 0 1 0-1.41 1.41l4.18 4.18c.39.39 1.02.39 1.41 0L20.29 7.71a.996.996 0 1 0-1.41-1.41L9 16.17z\" fill=\"#007DB8\"\/>\n<\/svg>\n            Korrekt fakta.        <\/li>\n            <li class=\"usp\">\n            <svg width=\"24\" height=\"24\" viewBox=\"0 0 24 24\" fill=\"none\" xmlns=\"http:\/\/www.w3.org\/2000\/svg\">\n    <path d=\"M9 16.17 5.53 12.7a.996.996 0 1 0-1.41 1.41l4.18 4.18c.39.39 1.02.39 1.41 0L20.29 7.71a.996.996 0 1 0-1.41-1.41L9 16.17z\" fill=\"#007DB8\"\/>\n<\/svg>\n            Tydliga temasamlingar.        <\/li>\n            <li class=\"usp\">\n            <svg width=\"24\" height=\"24\" viewBox=\"0 0 24 24\" fill=\"none\" xmlns=\"http:\/\/www.w3.org\/2000\/svg\">\n    <path d=\"M9 16.17 5.53 12.7a.996.996 0 1 0-1.41 1.41l4.18 4.18c.39.39 1.02.39 1.41 0L20.29 7.71a.996.996 0 1 0-1.41-1.41L9 16.17z\" fill=\"#007DB8\"\/>\n<\/svg>\n            Inspirerande och rikt bildmaterial.         <\/li>\n            <li class=\"usp\">\n            <svg width=\"24\" height=\"24\" viewBox=\"0 0 24 24\" fill=\"none\" xmlns=\"http:\/\/www.w3.org\/2000\/svg\">\n    <path d=\"M9 16.17 5.53 12.7a.996.996 0 1 0-1.41 1.41l4.18 4.18c.39.39 1.02.39 1.41 0L20.29 7.71a.996.996 0 1 0-1.41-1.41L9 16.17z\" fill=\"#007DB8\"\/>\n<\/svg>\n            Skapat av experter, barnboksf\u00f6rfattare och l\u00e4romedelsf\u00f6rfattare.         <\/li>\n    <\/ul>    \n            <div class=\"btn-container\">\n                            \n<a href=\"https:\/\/www.ne.se\/info\/skola\/haja\/\" target=\"\" aria-label=\"L\u00e4s mer om Haja\" class=\"button button-blue\">\n    L\u00e4s mer om Haja    <\/a>                                <\/div>\n    \n    \n\n<\/div>                    <\/div>\n                <\/div>\n                    <\/div>\n    <\/div>\n<\/section>\n\n\n\n\n\n\n<section  class=\"left-right bg-gradient-bottom\">\n    <div class=\"container twelve-col\">\n        <div class=\"inner   \">\n                            <div class=\"grid\">\n                    <div class=\"col col-2\">\n                        \n\n<div class=\"content\">\n\n    \n    \n            \n<h2 class=\"h3\"> Vill du veta mer? <\/h2>    \n            <p class=\"ingress\">Varmt v\u00e4lkommen att h\u00f6ra av dig till oss om du har fr\u00e5gor eller om du vill prova NE tillsammans med dina kollegor.<\/p>\n    \n    \n            <div class=\"btn-container\">\n                            \n<a href=\"https:\/\/www.ne.se\/info\/kontaktsida\/\" target=\"\" aria-label=\"Kontakta oss\" class=\"button button-blue\">\n    Kontakta oss    <\/a>                                <\/div>\n    \n    \n\n<\/div>                    <\/div>\n                    <div class=\"col col-2 img-right\">\n                                                                                                                        <picture>\n                                        <source media=\"(min-width:767px)\" srcset=\"https:\/\/www.ne.se\/info\/wp-content\/uploads\/2024\/02\/Kontaktbild-salj_utb-1240x992.png\">\n                                        <source media=\"(max-width:767px)\" srcset=\"https:\/\/www.ne.se\/info\/wp-content\/uploads\/2024\/02\/Kontaktbild-salj_utb-1240x920.png\">\n                                        <img decoding=\"async\" src=\"https:\/\/www.ne.se\/info\/wp-content\/uploads\/2024\/02\/Kontaktbild-salj_utb-1240x992.png\" srcset=\"https:\/\/www.ne.se\/info\/wp-content\/uploads\/2024\/02\/Kontaktbild-salj_utb-1240x992.png 1240w, https:\/\/www.ne.se\/info\/wp-content\/uploads\/2024\/02\/Kontaktbild-salj_utb-800x640.png 800w\" sizes=\"(max-width: 1240px) 100vw, 1240px\" alt=\"\" title=\"Kontaktbild sa\u0308lj_utb\"  \/>\n                                    <\/picture>\n                                                            \n                                            <\/div>\n                <\/div>\n                    <\/div>\n    <\/div>\n<\/section>\n\n\n","protected":false},"excerpt":{"rendered":"","protected":false},"author":8,"featured_media":0,"parent":14667,"menu_order":0,"comment_status":"closed","ping_status":"closed","template":"page-teaching-material.php","meta":{"inline_featured_image":false,"footnotes":""},"subject":[15],"class_list":["post-15050","page","type-page","status-publish","hentry"],"acf":[],"_links":{"self":[{"href":"https:\/\/www.ne.se\/info\/wp-json\/wp\/v2\/pages\/15050","targetHints":{"allow":["GET"]}}],"collection":[{"href":"https:\/\/www.ne.se\/info\/wp-json\/wp\/v2\/pages"}],"about":[{"href":"https:\/\/www.ne.se\/info\/wp-json\/wp\/v2\/types\/page"}],"author":[{"embeddable":true,"href":"https:\/\/www.ne.se\/info\/wp-json\/wp\/v2\/users\/8"}],"replies":[{"embeddable":true,"href":"https:\/\/www.ne.se\/info\/wp-json\/wp\/v2\/comments?post=15050"}],"version-history":[{"count":13,"href":"https:\/\/www.ne.se\/info\/wp-json\/wp\/v2\/pages\/15050\/revisions"}],"predecessor-version":[{"id":15547,"href":"https:\/\/www.ne.se\/info\/wp-json\/wp\/v2\/pages\/15050\/revisions\/15547"}],"up":[{"embeddable":true,"href":"https:\/\/www.ne.se\/info\/wp-json\/wp\/v2\/pages\/14667"}],"wp:attachment":[{"href":"https:\/\/www.ne.se\/info\/wp-json\/wp\/v2\/media?parent=15050"}],"wp:term":[{"taxonomy":"subject","embeddable":true,"href":"https:\/\/www.ne.se\/info\/wp-json\/wp\/v2\/subject?post=15050"}],"curies":[{"name":"wp","href":"https:\/\/api.w.org\/{rel}","templated":true}]}}