{"id":15267,"date":"2024-08-08T14:47:39","date_gmt":"2024-08-08T14:47:39","guid":{"rendered":"https:\/\/www.ne.se\/info\/?page_id=15267"},"modified":"2026-02-19T09:38:40","modified_gmt":"2026-02-19T09:38:40","slug":"folkhogskolor","status":"publish","type":"page","link":"https:\/\/www.ne.se\/info\/skola\/folkhogskolor\/","title":{"rendered":"Folkh\u00f6gskolor"},"content":{"rendered":"\n\n    <section  class=\"header-pic overlay\">\n        <div class=\"container\">\n            <div class=\"inner\">\n                <div class=\"content\">\n                                            \n<h1 class=\"h1\"> NE f\u00f6r folkh\u00f6gskolor <\/h1>                                                                \n<p class=\"ample\">\n    Med NE f\u00e5r ni tillg\u00e5ng till uppdaterad och faktagranskad kunskap.<br \/>\r\nSom folkh\u00f6gskola har ni m\u00f6jlighet att v\u00e4lja NE Fakta eller<br \/>\r\nfolkh\u00f6gskolepaketet.<\/p>                    \n                                    <\/div>\n            <\/div>\n        <\/div>\n\n                    <div class=\"background-media\">\n                <img decoding=\"async\" src=\"https:\/\/www.ne.se\/info\/wp-content\/uploads\/2024\/08\/Folkhogskolor_Header-pic-overlay.png\" srcset=\"https:\/\/www.ne.se\/info\/wp-content\/uploads\/2024\/08\/Folkhogskolor_Header-pic-overlay.png 3840w, https:\/\/www.ne.se\/info\/wp-content\/uploads\/2024\/08\/Folkhogskolor_Header-pic-overlay-300x88.png 300w, https:\/\/www.ne.se\/info\/wp-content\/uploads\/2024\/08\/Folkhogskolor_Header-pic-overlay-1024x299.png 1024w, https:\/\/www.ne.se\/info\/wp-content\/uploads\/2024\/08\/Folkhogskolor_Header-pic-overlay-768x224.png 768w, https:\/\/www.ne.se\/info\/wp-content\/uploads\/2024\/08\/Folkhogskolor_Header-pic-overlay-1536x448.png 1536w, https:\/\/www.ne.se\/info\/wp-content\/uploads\/2024\/08\/Folkhogskolor_Header-pic-overlay-2048x597.png 2048w, https:\/\/www.ne.se\/info\/wp-content\/uploads\/2024\/08\/Folkhogskolor_Header-pic-overlay-354x103.png 354w\" sizes=\"(max-width: 3840px) 100vw, 3840px\" alt=\"\" title=\"Folkho\u0308gskolor_Header pic overlay\" \/>\n            <\/div>\n        \n        <div class=\"overlay-top\"><\/div>\n        <div class=\"overlay-bottom\"><\/div>\n    <\/section>\n\n\n\n\n<section  class=\"left-right bg-white\">\n    <div class=\"container twelve-col\">\n        <div class=\"inner   \">\n                            <div class=\"grid\">\n                    <div class=\"col col-2\">\n                        \n\n<div class=\"content\">\n\n            \n<p class=\"uptext\">\n    <span class=\"line\"><\/span>\n    Unikt kunskapspaket<\/p>    \n    \n            \n<h2 class=\"h3\"> Folkh\u00f6gskolepaketet <\/h2>    \n            <p class=\"ingress\">Folkh\u00f6gskolepaketet \u00e4r anpassat f\u00f6r Allm\u00e4n kurs oavsett niv\u00e5 och inneh\u00e5ller NE Fakta, v\u00e5ra kunskapstj\u00e4nster och l\u00e4romedel i alla \u00e4mnen f\u00f6r grundskolan och samtliga obligatoriska gymnasiekurser. <br \/>\r\n<br \/>\r\nI tj\u00e4nsterna hittar du st\u00f6dfunktioner f\u00f6r olika behov, f\u00f6rkunskaper och inl\u00e4rningsstilar. Dessutom kan du skr\u00e4ddarsy och anpassa inneh\u00e5llet i kurserna efter deltagarna \u2013 underl\u00e4ttar tematiskt arbete.<\/p>\n    \n    \n            <div class=\"btn-container\">\n                            \n<a href=\"https:\/\/www.ne.se\/info\/skola\/folkhogskolor\/#kontakt\" target=\"\" aria-label=\"Jag vill veta mer\" class=\"button button-blue\">\n    Jag vill veta mer    <\/a>                                <\/div>\n    \n    \n\n<\/div>                    <\/div>\n                    <div class=\"col col-2 img-right\">\n                                                                                                                        <picture>\n                                        <source media=\"(min-width:767px)\" srcset=\"https:\/\/www.ne.se\/info\/wp-content\/uploads\/2024\/08\/ima220361-scaled-e1723128212831-1240x992.jpg\">\n                                        <source media=\"(max-width:767px)\" srcset=\"https:\/\/www.ne.se\/info\/wp-content\/uploads\/2024\/08\/ima220361-scaled-e1723128212831-1460x920.jpg\">\n                                        <img decoding=\"async\" src=\"https:\/\/www.ne.se\/info\/wp-content\/uploads\/2024\/08\/ima220361-scaled-e1723128212831-1240x992.jpg\" srcset=\"https:\/\/www.ne.se\/info\/wp-content\/uploads\/2024\/08\/ima220361-scaled-e1723128212831-1240x992.jpg 1240w, https:\/\/www.ne.se\/info\/wp-content\/uploads\/2024\/08\/ima220361-scaled-e1723128212831-800x640.jpg 800w\" sizes=\"(max-width: 1240px) 100vw, 1240px\" alt=\"\" title=\"Vuxenutbildning\"  \/>\n                                    <\/picture>\n                                                            \n                                            <\/div>\n                <\/div>\n                    <\/div>\n    <\/div>\n<\/section>\n\n\n\n\n\n\n<section  class=\"small-card-block \">\n    <div class=\"container\">\n        <div class=\"inner  pt-1 pb-2\">\n                            <div class=\"grid small-card-grid\">\n                                            <div class=\"col col-2\">\n                            \n<div class=\"small-card white\">\n    <div class=\"wrapper\">\n                    <img decoding=\"async\" class=\"icon-desktop\" src=\"https:\/\/www.ne.se\/info\/wp-content\/uploads\/2024\/05\/Sprakinlarning.png\" alt=\"\" title=\"Spra\u030akinla\u0308rning\">\n        \n                        <div class=\"heading-container\">\n                            <img decoding=\"async\" class=\"icon-mobile\" src=\"https:\/\/www.ne.se\/info\/wp-content\/uploads\/2024\/05\/Sprakinlarning.png\" alt=\"\" title=\"Spra\u030akinla\u0308rning\">\n                        <p class=\"card-heading\">Pedagogisk flexibilitet<\/p>\n        <\/div>\n                            <p class=\"card-ingress\">Tj\u00e4nsterna \u00e4r fyllda med interaktiva \u00f6vningar, sj\u00e4lvr\u00e4ttande quiz, filmer och\r\nannat som g\u00f6r det enkelt att anpassa undervisningen samtidigt som det\r\nst\u00e4rker deltagarens inl\u00e4rning. Sj\u00e4lvklart \u00e4r l\u00e4romedlen integrerade med\r\nMicrosoft Teams och Google Classroom.<\/p>\n            <\/div>\n    <\/div>                        <\/div>\n                                            <div class=\"col col-2\">\n                            \n<div class=\"small-card white\">\n    <div class=\"wrapper\">\n                    <img decoding=\"async\" class=\"icon-desktop\" src=\"https:\/\/www.ne.se\/info\/wp-content\/uploads\/2024\/05\/Tillganglighet.png\" alt=\"\" title=\"Tillga\u0308nglighet\">\n        \n                        <div class=\"heading-container\">\n                            <img decoding=\"async\" class=\"icon-mobile\" src=\"https:\/\/www.ne.se\/info\/wp-content\/uploads\/2024\/05\/Tillganglighet.png\" alt=\"\" title=\"Tillga\u0308nglighet\">\n                        <p class=\"card-heading\">Tillg\u00e4nglighet och anpassat l\u00e4rande<\/p>\n        <\/div>\n                            <p class=\"card-ingress\">Med centrala st\u00f6dfunktioner f\u00e5r fler deltagare m\u00f6jlighet att tillgodog\u00f6ra sig\r\ninneh\u00e5llet utifr\u00e5n sina egna behov och f\u00f6ruts\u00e4ttningar f\u00f6r att n\u00e5 uppsatta\r\nm\u00e5l. Samtliga l\u00e4romedel och uppslagsverket inneh\u00e5ller L\u00e4shj\u00e4lp, en viktig\r\nst\u00f6dfunktion som erbjuder textinst\u00e4llningar, uppl\u00e4sning och \u00f6vers\u00e4ttning till\r\n\u00f6ver 100 spr\u00e5k.<\/p>\n            <\/div>\n    <\/div>                        <\/div>\n                                    <\/div>\n                    <\/div>\n    <\/div>\n<\/section>\n\n\n\n<section  class=\"price-cards bg-white \">\n    <div class=\"container\">\n        <div class=\"inner   \">\n                            \n<h2 class=\"h3\"> V\u00e4lj det paket som passar dig b\u00e4st <\/h2>                                                                        <div class=\"grid price-card-grid\">\n                                                    <div class=\"col col-3\">\n                                <div class=\"card-price \">\n    <div class=\"top\">\n                                            <p class=\"price-card-heading\">NE Fakta<\/p>\n                            <p class=\"price-card-text\">Ett baspaket med aktuell och kvalitetss\u00e4krad fakta.<\/p>\n                            <div class=\"price-container\">\n                                                    <span class=\"price\">75 kr\/deltagare\/\u00e5r<\/span>\n                            <\/div>\n                    <\/div>\n    <div class=\"bottom\">\n                    <div class=\"price-card-usps\">\n                                    <div class=\"usp-item\">\n                        <svg width=\"24\" height=\"24\" viewBox=\"0 0 24 24\" fill=\"none\" xmlns=\"http:\/\/www.w3.org\/2000\/svg\">\n    <path d=\"M9 16.17 5.53 12.7a.996.996 0 1 0-1.41 1.41l4.18 4.18c.39.39 1.02.39 1.41 0L20.29 7.71a.996.996 0 1 0-1.41-1.41L9 16.17z\" fill=\"#007DB8\"\/>\n<\/svg>\n                        <span>Nationalencyklopedin \u2013 Sveriges nationella uppslagsverk<\/span>\n                    <\/div>\n                                    <div class=\"usp-item\">\n                        <svg width=\"24\" height=\"24\" viewBox=\"0 0 24 24\" fill=\"none\" xmlns=\"http:\/\/www.w3.org\/2000\/svg\">\n    <path d=\"M9 16.17 5.53 12.7a.996.996 0 1 0-1.41 1.41l4.18 4.18c.39.39 1.02.39 1.41 0L20.29 7.71a.996.996 0 1 0-1.41-1.41L9 16.17z\" fill=\"#007DB8\"\/>\n<\/svg>\n                        <span>\u00d6ver 30 ordb\u00f6cker<\/span>\n                    <\/div>\n                                    <div class=\"usp-item\">\n                        <svg width=\"24\" height=\"24\" viewBox=\"0 0 24 24\" fill=\"none\" xmlns=\"http:\/\/www.w3.org\/2000\/svg\">\n    <path d=\"M9 16.17 5.53 12.7a.996.996 0 1 0-1.41 1.41l4.18 4.18c.39.39 1.02.39 1.41 0L20.29 7.71a.996.996 0 1 0-1.41-1.41L9 16.17z\" fill=\"#007DB8\"\/>\n<\/svg>\n                        <span>NE Play<\/span>\n                    <\/div>\n                                    <div class=\"usp-item\">\n                        <svg width=\"24\" height=\"24\" viewBox=\"0 0 24 24\" fill=\"none\" xmlns=\"http:\/\/www.w3.org\/2000\/svg\">\n    <path d=\"M9 16.17 5.53 12.7a.996.996 0 1 0-1.41 1.41l4.18 4.18c.39.39 1.02.39 1.41 0L20.29 7.71a.996.996 0 1 0-1.41-1.41L9 16.17z\" fill=\"#007DB8\"\/>\n<\/svg>\n                        <span>V\u00e4rldens l\u00e4nder<\/span>\n                    <\/div>\n                                    <div class=\"usp-item\">\n                        <svg width=\"24\" height=\"24\" viewBox=\"0 0 24 24\" fill=\"none\" xmlns=\"http:\/\/www.w3.org\/2000\/svg\">\n    <path d=\"M9 16.17 5.53 12.7a.996.996 0 1 0-1.41 1.41l4.18 4.18c.39.39 1.02.39 1.41 0L20.29 7.71a.996.996 0 1 0-1.41-1.41L9 16.17z\" fill=\"#007DB8\"\/>\n<\/svg>\n                        <span>V\u00e4rldens religioner<\/span>\n                    <\/div>\n                                    <div class=\"usp-item\">\n                        <svg width=\"24\" height=\"24\" viewBox=\"0 0 24 24\" fill=\"none\" xmlns=\"http:\/\/www.w3.org\/2000\/svg\">\n    <path d=\"M9 16.17 5.53 12.7a.996.996 0 1 0-1.41 1.41l4.18 4.18c.39.39 1.02.39 1.41 0L20.29 7.71a.996.996 0 1 0-1.41-1.41L9 16.17z\" fill=\"#007DB8\"\/>\n<\/svg>\n                        <span>V\u00e4rldens klimat<\/span>\n                    <\/div>\n                                    <div class=\"usp-item\">\n                        <svg width=\"24\" height=\"24\" viewBox=\"0 0 24 24\" fill=\"none\" xmlns=\"http:\/\/www.w3.org\/2000\/svg\">\n    <path d=\"M9 16.17 5.53 12.7a.996.996 0 1 0-1.41 1.41l4.18 4.18c.39.39 1.02.39 1.41 0L20.29 7.71a.996.996 0 1 0-1.41-1.41L9 16.17z\" fill=\"#007DB8\"\/>\n<\/svg>\n                        <span>Uppgiftsbanker<\/span>\n                    <\/div>\n                                    <div class=\"usp-item\">\n                        <svg width=\"24\" height=\"24\" viewBox=\"0 0 24 24\" fill=\"none\" xmlns=\"http:\/\/www.w3.org\/2000\/svg\">\n    <path d=\"M9 16.17 5.53 12.7a.996.996 0 1 0-1.41 1.41l4.18 4.18c.39.39 1.02.39 1.41 0L20.29 7.71a.996.996 0 1 0-1.41-1.41L9 16.17z\" fill=\"#007DB8\"\/>\n<\/svg>\n                        <span>F\u00f6rdjupningar<\/span>\n                    <\/div>\n                                    <div class=\"usp-item\">\n                        <svg width=\"24\" height=\"24\" viewBox=\"0 0 24 24\" fill=\"none\" xmlns=\"http:\/\/www.w3.org\/2000\/svg\">\n    <path d=\"M9 16.17 5.53 12.7a.996.996 0 1 0-1.41 1.41l4.18 4.18c.39.39 1.02.39 1.41 0L20.29 7.71a.996.996 0 1 0-1.41-1.41L9 16.17z\" fill=\"#007DB8\"\/>\n<\/svg>\n                        <span>Haja<\/span>\n                    <\/div>\n                                    <div class=\"usp-item\">\n                        <svg width=\"24\" height=\"24\" viewBox=\"0 0 24 24\" fill=\"none\" xmlns=\"http:\/\/www.w3.org\/2000\/svg\">\n    <path d=\"M9 16.17 5.53 12.7a.996.996 0 1 0-1.41 1.41l4.18 4.18c.39.39 1.02.39 1.41 0L20.29 7.71a.996.996 0 1 0-1.41-1.41L9 16.17z\" fill=\"#007DB8\"\/>\n<\/svg>\n                        <span>Encyclopedia Britannica (valfritt till\u00e4gg f\u00f6r 25 kr\/deltagare\/\u00e5r)<\/span>\n                    <\/div>\n                            <\/div>\n        \n            <\/div>\n<\/div>                            <\/div>\n                                                    <div class=\"col col-3\">\n                                <div class=\"card-price \">\n    <div class=\"top\">\n                                            <p class=\"price-card-heading\">Folkh\u00f6gskolepaketet<\/p>\n                            <p class=\"price-card-text\">Ett kunskapspaket anpassat f\u00f6r din folkh\u00f6gskola.<\/p>\n                            <div class=\"price-container\">\n                                                    <span class=\"price\">375 kr\/deltagare\/\u00e5r<\/span>\n                            <\/div>\n                    <\/div>\n    <div class=\"bottom\">\n                    <div class=\"price-card-usps\">\n                                    <div class=\"usp-item\">\n                        <svg width=\"24\" height=\"24\" viewBox=\"0 0 24 24\" fill=\"none\" xmlns=\"http:\/\/www.w3.org\/2000\/svg\">\n    <path d=\"M9 16.17 5.53 12.7a.996.996 0 1 0-1.41 1.41l4.18 4.18c.39.39 1.02.39 1.41 0L20.29 7.71a.996.996 0 1 0-1.41-1.41L9 16.17z\" fill=\"#007DB8\"\/>\n<\/svg>\n                        <span>NE Fakta<\/span>\n                    <\/div>\n                                    <div class=\"usp-item\">\n                        <svg width=\"24\" height=\"24\" viewBox=\"0 0 24 24\" fill=\"none\" xmlns=\"http:\/\/www.w3.org\/2000\/svg\">\n    <path d=\"M9 16.17 5.53 12.7a.996.996 0 1 0-1.41 1.41l4.18 4.18c.39.39 1.02.39 1.41 0L20.29 7.71a.996.996 0 1 0-1.41-1.41L9 16.17z\" fill=\"#007DB8\"\/>\n<\/svg>\n                        <span>L\u00e4romedel i alla grundskolans \u00e4mnen<\/span>\n                    <\/div>\n                                    <div class=\"usp-item\">\n                        <svg width=\"24\" height=\"24\" viewBox=\"0 0 24 24\" fill=\"none\" xmlns=\"http:\/\/www.w3.org\/2000\/svg\">\n    <path d=\"M9 16.17 5.53 12.7a.996.996 0 1 0-1.41 1.41l4.18 4.18c.39.39 1.02.39 1.41 0L20.29 7.71a.996.996 0 1 0-1.41-1.41L9 16.17z\" fill=\"#007DB8\"\/>\n<\/svg>\n                        <span>L\u00e4romedel i samtliga gymnasiegemensamma \u00e4mnen<\/span>\n                    <\/div>\n                                    <div class=\"usp-item\">\n                        <svg width=\"24\" height=\"24\" viewBox=\"0 0 24 24\" fill=\"none\" xmlns=\"http:\/\/www.w3.org\/2000\/svg\">\n    <path d=\"M9 16.17 5.53 12.7a.996.996 0 1 0-1.41 1.41l4.18 4.18c.39.39 1.02.39 1.41 0L20.29 7.71a.996.996 0 1 0-1.41-1.41L9 16.17z\" fill=\"#007DB8\"\/>\n<\/svg>\n                        <span>Komplettera med tryckta b\u00f6cker<\/span>\n                    <\/div>\n                                    <div class=\"usp-item\">\n                        <svg width=\"24\" height=\"24\" viewBox=\"0 0 24 24\" fill=\"none\" xmlns=\"http:\/\/www.w3.org\/2000\/svg\">\n    <path d=\"M9 16.17 5.53 12.7a.996.996 0 1 0-1.41 1.41l4.18 4.18c.39.39 1.02.39 1.41 0L20.29 7.71a.996.996 0 1 0-1.41-1.41L9 16.17z\" fill=\"#007DB8\"\/>\n<\/svg>\n                        <span>Alltid enligt l\u00e4roplanen<\/span>\n                    <\/div>\n                                    <div class=\"usp-item\">\n                        <svg width=\"24\" height=\"24\" viewBox=\"0 0 24 24\" fill=\"none\" xmlns=\"http:\/\/www.w3.org\/2000\/svg\">\n    <path d=\"M9 16.17 5.53 12.7a.996.996 0 1 0-1.41 1.41l4.18 4.18c.39.39 1.02.39 1.41 0L20.29 7.71a.996.996 0 1 0-1.41-1.41L9 16.17z\" fill=\"#007DB8\"\/>\n<\/svg>\n                        <span>Support \u2013 st\u00f6d hela v\u00e4gen<\/span>\n                    <\/div>\n                            <\/div>\n        \n            <\/div>\n<\/div>                            <\/div>\n                                            <\/div>\n                \n                    <\/div>\n    <\/div>\n<\/section>\n\n\n\n<section id=\"kontakt\" class=\"big-header bg-white \">\n    <div class=\"container\">\n        <div class=\"inner  pt-2 pb-1\">\n\n            \n\n<div class=\"big-header-center\">\n                \n<h3 class=\"h3\"> Kontakta oss <\/h3>                \n<p class=\"ample\">\n    Varmt v\u00e4lkommen att h\u00f6ra av dig till oss om du har n\u00e5gra fr\u00e5gor eller \u00f6nskar en offert. Vid offertf\u00f6rfr\u00e5gan \u00f6nskar vi att du anger f\u00f6rv\u00e4ntat deltagarantal p\u00e5 Allm\u00e4n kurs och vilket paket ni \u00e4r intresserade av.<\/p>    \n    \n    <\/div>\n        <\/div>\n    <\/div>\n<\/section>\n\n\n\n<section  class=\"contact-person-grid bg-white\">\n    <div class=\"container\">\n        <div class=\"inner   \">\n                            <div class=\"grid contact-person-grid\">\n                                            <div class=\"col col-2 contact-person-col\">\n                            \n\n\n<div class=\"content small-center\">\n    <div class=\"image\">\n        <img decoding=\"async\" src=\"https:\/\/www.ne.se\/info\/wp-content\/uploads\/2023\/03\/kenneth_skardud-360x360.jpg\" alt=\"\">\n    <\/div>\n    <div class=\"info\"> \n        <div class=\"top\"> \n                            <p class=\"name\">Kenneth Sk\u00e5rud<\/p>\n                                        <p class=\"title\">Kundansvarig skola och folkh\u00f6gskola <br> Omr\u00e5de norr<\/p>\n                                        <a href=\"tel:076-943 32 22\" title=\"Ring Kenneth Sk\u00e5rud\" class=\"phone\">076-943 32 22<\/a>\n                                        <a href=\"mailto:kenneth.skarud@ne.se\" title=\"Skicka ett mail till Kenneth Sk\u00e5rud\" class=\"email\">kenneth.skarud@ne.se<\/a>\n                    <\/div>\n                    <div class=\"sales-link\" data-block-id=\"619\">\n                <svg width=\"16\" height=\"17\" viewBox=\"0 0 16 17\" fill=\"none\" xmlns=\"http:\/\/www.w3.org\/2000\/svg\">\n    <path d=\"M13.332 2.5h-.667v-.667c0-.366-.3-.666-.666-.666-.367 0-.667.3-.667.666V2.5H4.665v-.667c0-.366-.3-.666-.666-.666-.367 0-.667.3-.667.666V2.5h-.667c-.733 0-1.333.6-1.333 1.333V14.5c0 .733.6 1.333 1.333 1.333h10.667c.733 0 1.333-.6 1.333-1.333V3.833c0-.733-.6-1.333-1.333-1.333zm-.667 12H3.332a.669.669 0 0 1-.667-.667v-8h10.667v8c0 .367-.3.667-.667.667z\" fill=\"#007DB8\"\/>\n<\/svg>\n                <span>Boka m\u00f6te<\/span>\n            <\/div>\n            <\/div>\n\n<\/div>                        <\/div>\n\n                        \n                                                    <div class=\"modal modal-form\" data-modal-id=\"619\">\n\n  <div class=\"modal-content\">\n    <div class=\"grid\">\n      <div class=\"col col-2 info\">\n                  <img decoding=\"async\" src=\"https:\/\/www.ne.se\/info\/wp-content\/uploads\/2023\/03\/ima165271-1044x610.jpg\" srcset=\"\" sizes=\"(max-width: 1044px) 100vw, 1044px\" alt=\"\" title=\"Kollegor i m\u00f6te med dator\"  \/>\n                          <p class=\"heading\">Boka m\u00f6te<\/p>\n                          <p class=\"text\">Vi kommer g\u00e4rna ut till din skola och visar hur NE:s digitala l\u00e4romedel och kunskapstj\u00e4nster kan tillf\u00f6ra merv\u00e4rde till din skola och din undervisning. Boka din tid i kalendern.<\/p>\n              <\/div>\n      <div class=\"col col-2 form\">\n        <!-- Start of Meetings Embed Script -->\r\n    <div class=\"meetings-iframe-container\" data-src=\"https:\/\/meetings.hubspot.com\/kenneth-skarud\/webbmote-med-ne?embed=true\"><\/div>\r\n    <script type=\"text\/javascript\" src=\"https:\/\/static.hsappstatic.net\/MeetingsEmbed\/ex\/MeetingsEmbedCode.js\"><\/script>\r\n  <!-- End of Meetings Embed Script -->      <\/div>\n    <\/div>\n    \n  <\/div>\n\n<\/div>                                                            <\/div>\n                    <\/div>\n    <\/div>\n<\/section>","protected":false},"excerpt":{"rendered":"","protected":false},"author":6,"featured_media":0,"parent":751,"menu_order":0,"comment_status":"closed","ping_status":"closed","template":"","meta":{"inline_featured_image":false,"footnotes":""},"subject":[],"class_list":["post-15267","page","type-page","status-publish","hentry"],"acf":[],"_links":{"self":[{"href":"https:\/\/www.ne.se\/info\/wp-json\/wp\/v2\/pages\/15267","targetHints":{"allow":["GET"]}}],"collection":[{"href":"https:\/\/www.ne.se\/info\/wp-json\/wp\/v2\/pages"}],"about":[{"href":"https:\/\/www.ne.se\/info\/wp-json\/wp\/v2\/types\/page"}],"author":[{"embeddable":true,"href":"https:\/\/www.ne.se\/info\/wp-json\/wp\/v2\/users\/6"}],"replies":[{"embeddable":true,"href":"https:\/\/www.ne.se\/info\/wp-json\/wp\/v2\/comments?post=15267"}],"version-history":[{"count":36,"href":"https:\/\/www.ne.se\/info\/wp-json\/wp\/v2\/pages\/15267\/revisions"}],"predecessor-version":[{"id":25859,"href":"https:\/\/www.ne.se\/info\/wp-json\/wp\/v2\/pages\/15267\/revisions\/25859"}],"up":[{"embeddable":true,"href":"https:\/\/www.ne.se\/info\/wp-json\/wp\/v2\/pages\/751"}],"wp:attachment":[{"href":"https:\/\/www.ne.se\/info\/wp-json\/wp\/v2\/media?parent=15267"}],"wp:term":[{"taxonomy":"subject","embeddable":true,"href":"https:\/\/www.ne.se\/info\/wp-json\/wp\/v2\/subject?post=15267"}],"curies":[{"name":"wp","href":"https:\/\/api.w.org\/{rel}","templated":true}]}}