{"id":1574,"date":"2023-03-22T14:46:56","date_gmt":"2023-03-22T14:46:56","guid":{"rendered":"https:\/\/www.ne.se\/info\/?page_id=1574"},"modified":"2026-02-20T07:54:49","modified_gmt":"2026-02-20T07:54:49","slug":"bild","status":"publish","type":"page","link":"https:\/\/www.ne.se\/info\/skola\/digitala-laromedel\/7-9\/bild\/","title":{"rendered":"Bild 7\u20139"},"content":{"rendered":"\n\n\n<section  class=\"header-big-pic\">\n    <div class=\"container\">\n        <div class=\"inner  teaching-padding\">\n                            \n<div class=\"badges\">\n            <p class=\"badge\">L\u00e4romedel 7\u20139<\/p>\n    <\/div>                                        \n<h1 class=\"h1\"> Bild 7\u20139 <\/h1>                                        <p class=\"ingress\">Ett l\u00e4romedel som \u00e4r unikt i sitt slag och ger en stabil grund f\u00f6r en varierad undervisning.<\/p>\n            \n                            <ul class=\"usps\">\n            <li class=\"usp\">\n            <svg width=\"24\" height=\"24\" viewBox=\"0 0 24 24\" fill=\"none\" xmlns=\"http:\/\/www.w3.org\/2000\/svg\">\n    <path d=\"M9 16.17 5.53 12.7a.996.996 0 1 0-1.41 1.41l4.18 4.18c.39.39 1.02.39 1.41 0L20.29 7.71a.996.996 0 1 0-1.41-1.41L9 16.17z\" fill=\"#007DB8\"\/>\n<\/svg>\n            Lgr22        <\/li>\n            <li class=\"usp\">\n            <svg width=\"24\" height=\"24\" viewBox=\"0 0 24 24\" fill=\"none\" xmlns=\"http:\/\/www.w3.org\/2000\/svg\">\n    <path d=\"M9 16.17 5.53 12.7a.996.996 0 1 0-1.41 1.41l4.18 4.18c.39.39 1.02.39 1.41 0L20.29 7.71a.996.996 0 1 0-1.41-1.41L9 16.17z\" fill=\"#007DB8\"\/>\n<\/svg>\n            Helt\u00e4ckande        <\/li>\n            <li class=\"usp\">\n            <svg width=\"24\" height=\"24\" viewBox=\"0 0 24 24\" fill=\"none\" xmlns=\"http:\/\/www.w3.org\/2000\/svg\">\n    <path d=\"M9 16.17 5.53 12.7a.996.996 0 1 0-1.41 1.41l4.18 4.18c.39.39 1.02.39 1.41 0L20.29 7.71a.996.996 0 1 0-1.41-1.41L9 16.17z\" fill=\"#007DB8\"\/>\n<\/svg>\n            Anpassningsbart        <\/li>\n    <\/ul>                    <\/div>\n    <\/div>\n\n    <div class=\"background-image\">\n        <img decoding=\"async\" src=\"https:\/\/www.ne.se\/info\/wp-content\/uploads\/2023\/03\/omslagsbild_bilden-scaled.jpg\" srcset=\"\" sizes=\"(max-width: 3024px) 100vw, 3024px\" alt=\"\" title=\"omslagsbild_bilden\" \/>\n    <\/div>\n\n    <div class=\"overlay-top\"><\/div>\n    <div class=\"overlay-bottom\"><\/div>\n<\/section>\n\n\n\n<section id=\"teaching_top\" class=\"left-right bg-white\">\n    <div class=\"container twelve-col\">\n        <div class=\"inner   \">\n                            <div class=\"grid\">\n                    <div class=\"col col-2 img-left\">\n                                                                                                                        <picture>\n                                        <source media=\"(min-width:767px)\" srcset=\"https:\/\/www.ne.se\/info\/wp-content\/uploads\/2023\/03\/Bild-7\u20139-1240x992.png\">\n                                        <source media=\"(max-width:767px)\" srcset=\"https:\/\/www.ne.se\/info\/wp-content\/uploads\/2023\/03\/Bild-7\u20139-1240x920.png\">\n                                        <img decoding=\"async\" src=\"https:\/\/www.ne.se\/info\/wp-content\/uploads\/2023\/03\/Bild-7\u20139-1240x992.png\" srcset=\"https:\/\/www.ne.se\/info\/wp-content\/uploads\/2023\/03\/Bild-7\u20139-1240x992.png 1240w, https:\/\/www.ne.se\/info\/wp-content\/uploads\/2023\/03\/Bild-7\u20139-800x640.png 800w\" sizes=\"(max-width: 1240px) 100vw, 1240px\" alt=\"\" title=\"Bild 7\u20139\"  \/>\n                                    <\/picture>\n                                                            \n                                            <\/div>\n                    <div class=\"col col-2\">\n                        \n\n<div class=\"content\">\n\n    \n    \n            \n<h3 class=\"h3\"> Ett uppdaterat och aktuellt l\u00e4romedel <\/h3>    \n            <p class=\"ingress\">Med Bild 7\u20139  f\u00e5r eleverna olika ing\u00e5ngar till \u00e4mnet bild via professionella konstn\u00e4rers verk, historiska \u00f6versikter och egen bildframst\u00e4llning.<br \/>\r\n<br \/>\r\nL\u00e4romedlet ger eleverna m\u00f6jlighet att kombinera olika uttryck och att j\u00e4mf\u00f6ra och v\u00e4lja olika redskap, uttryck, medier med mera. Dessutom f\u00e5r eleverna tr\u00e4na bildanalys och f\u00f6rdjupa sina kunskaper om r\u00e4ttigheter och skyldigheter n\u00e4r det g\u00e4ller bildanv\u00e4ndning.<br \/>\r\n<br \/>\r\nMed Bild 7\u20139 ska alla elever lyckas!<br \/>\r\n<\/p>\n    \n    \n    \n    \n\n<\/div>                    <\/div>\n                <\/div>\n                    <\/div>\n    <\/div>\n<\/section>\n\n\n\n\n\n\n\n\n<section  class=\"tab-left-section\">\n    <div class=\"container\">\n        <div class=\"inner   \">\n                            <div class=\"grid\">\n                    <div class=\"col col-2 tabs\">\n                                                <div class=\"wrapper\">\n                                                                                <div class=\"tab-item active\" data-tab-id=\"block_e15b6f2f61c0e0b2c9daaa89ee6348b2_1\">\n                                                                    <p class=\"tab-heading\">Kapitel<\/p>\n                                                                                                    <p class=\"tab-description\">Bild 7\u20139 t\u00e4cker \u00e4mnets centrala inneh\u00e5ll och hj\u00e4lper eleven att n\u00e5 betygskriterierna.<\/p>\n                                                            <\/div>\n                                                                                                            <div class=\"tab-item \" data-tab-id=\"block_e15b6f2f61c0e0b2c9daaa89ee6348b2_2\">\n                                                                    <p class=\"tab-heading\">L\u00e4romedlet inneh\u00e5ller<\/p>\n                                                                                                    <p class=\"tab-description\">L\u00e4romedlet \u00e4r fyllt med inneh\u00e5ll som underl\u00e4ttar en varierad och rolig undervisning.<\/p>\n                                                            <\/div>\n                                                                                                            <div class=\"tab-item \" data-tab-id=\"block_e15b6f2f61c0e0b2c9daaa89ee6348b2_3\">\n                                                                    <p class=\"tab-heading\">St\u00f6d och f\u00f6rdjupning<\/p>\n                                                                                                    <p class=\"tab-description\">M\u00f6t alla elever och anpassa inneh\u00e5ll efter behov och f\u00f6ruts\u00e4ttningar.<\/p>\n                                                            <\/div>\n                                                                                                            <div class=\"tab-item \" data-tab-id=\"block_e15b6f2f61c0e0b2c9daaa89ee6348b2_4\">\n                                                                    <p class=\"tab-heading\">F\u00f6rfattare och medverkande<\/p>\n                                                                                                    <p class=\"tab-description\">L\u00e4romedlet \u00e4r framtaget av NE:s redaktion tillsammans med experter i \u00e4mnet.<\/p>\n                                                            <\/div>\n                                                                            <\/div>\n                    <\/div>\n                    <div class=\"col col-2 tabs-content\">\n                                                                                                        <div class=\"tab-content-item active text\" data-tab-content-id=\"block_e15b6f2f61c0e0b2c9daaa89ee6348b2_1\">\n                                                                                                            <h4>Kapitel<\/h4>\n<ul>\n<li style=\"font-weight: 400;\" aria-level=\"1\"><span style=\"font-weight: 400;\">Bilden i fokus<\/span><\/li>\n<li style=\"font-weight: 400;\" aria-level=\"1\"><span style=\"font-weight: 400;\">Visuella uttryck och milj\u00f6er<\/span><\/li>\n<li style=\"font-weight: 400;\" aria-level=\"1\"><span style=\"font-weight: 400;\">Bildframst\u00e4llning: Arbetsprocess<\/span><\/li>\n<li style=\"font-weight: 400;\" aria-level=\"1\"><span style=\"font-weight: 400;\">Bildframst\u00e4llning: Tekniker och metoder<\/span><\/li>\n<li style=\"font-weight: 400;\" aria-level=\"1\"><span style=\"font-weight: 400;\">Redskap<\/span><\/li>\n<li style=\"font-weight: 400;\" aria-level=\"1\"><span style=\"font-weight: 400;\">Bildanalys<\/span><\/li>\n<li style=\"font-weight: 400;\" aria-level=\"1\"><span style=\"font-weight: 400;\">Tider och omr\u00e5den<\/span><\/li>\n<li style=\"font-weight: 400;\" aria-level=\"1\"><span style=\"font-weight: 400;\">R\u00e4ttigheter och skyldigheter<\/span><\/li>\n<li style=\"font-weight: 400;\" aria-level=\"1\"><span style=\"font-weight: 400;\">Resurser<\/span><\/li>\n<\/ul>\n                                                                                                <\/div>\n\n                            \n                                                                                                            <div class=\"tab-content-item  text\" data-tab-content-id=\"block_e15b6f2f61c0e0b2c9daaa89ee6348b2_2\">\n                                                                                                            <h4>L\u00e4romedlet inneh\u00e5ller:<\/h4>\n<ul>\n<li style=\"font-weight: 400;\" aria-level=\"1\"><span style=\"font-weight: 400;\">L\u00e4ttillg\u00e4ngliga och begripliga texter<\/span><\/li>\n<li style=\"font-weight: 400;\" aria-level=\"1\"><span style=\"font-weight: 400;\">Bilder<\/span><\/li>\n<li style=\"font-weight: 400;\" aria-level=\"1\"><span style=\"font-weight: 400;\">Filmer<\/span><\/li>\n<li style=\"font-weight: 400;\" aria-level=\"1\"><span style=\"font-weight: 400;\">Extramaterial och l\u00e4nkar<\/span><\/li>\n<li style=\"font-weight: 400;\" aria-level=\"1\"><span style=\"font-weight: 400;\">Mallar f\u00f6r bildanalys, k\u00e4llkritik med mera<\/span><\/li>\n<li style=\"font-weight: 400;\" aria-level=\"1\"><span style=\"font-weight: 400;\">Ordlistor<\/span><\/li>\n<li style=\"font-weight: 400;\" aria-level=\"1\"><span style=\"font-weight: 400;\">Nyckelord<\/span><\/li>\n<li style=\"font-weight: 400;\" aria-level=\"1\"><span style=\"font-weight: 400;\">Sammanfattningar<\/span><\/li>\n<li style=\"font-weight: 400;\" aria-level=\"1\"><span style=\"font-weight: 400;\">Sj\u00e4lvr\u00e4ttande quiz<\/span><\/li>\n<li style=\"font-weight: 400;\" aria-level=\"1\"><span style=\"font-weight: 400;\">\u00d6vningar<\/span><\/li>\n<li style=\"font-weight: 400;\" aria-level=\"1\"><span style=\"font-weight: 400;\">L\u00e4rarmaterial<\/span><\/li>\n<li style=\"font-weight: 400;\" aria-level=\"1\"><span style=\"font-weight: 400;\">L\u00e4roplansanknytning<\/span><\/li>\n<\/ul>\n                                                                                                <\/div>\n\n                            \n                                                                                                            <div class=\"tab-content-item  text\" data-tab-content-id=\"block_e15b6f2f61c0e0b2c9daaa89ee6348b2_3\">\n                                                                                                            <h4>St\u00f6d och f\u00f6rdjupning<\/h4>\n<p>L\u00e4romedel fr\u00e5n NE \u00e4r fyllda med tillg\u00e4nglighetsfunktioner och f\u00f6rdjupningsm\u00f6jligheter. H\u00e4r finns bland annat:<\/p>\n<ul>\n<li>L\u00e4ttl\u00e4sta versioner<\/li>\n<li>Uppl\u00e4sning av text<\/li>\n<li>\u00d6vers\u00e4ttning till \u00f6ver 100 spr\u00e5k<\/li>\n<li>L\u00e4sst\u00f6d \u2013 justera text, bakgrund, typsnitt eller anv\u00e4nd l\u00e4slinjal<\/li>\n<li>Enkel tillg\u00e5ng till extramaterial, uppgifter och laborationer<\/li>\n<li>Kopplingar till kunskapstj\u00e4nsterna som f\u00f6rklarar, breddar och f\u00f6rdjupar<\/li>\n<\/ul>\n                                                                                                <\/div>\n\n                            \n                                                                                                            <div class=\"tab-content-item  text\" data-tab-content-id=\"block_e15b6f2f61c0e0b2c9daaa89ee6348b2_4\">\n                                                                                                            <h4>F\u00f6rfattare och medverkande<\/h4>\n<p>F\u00f6rfattare: Birgitta Mel\u00e9n, Per S\u00f6derberg, Ingemar Breithel och Jonas Gruv\u00f6<\/p>\n<p>Redakt\u00f6r: Birgitta Mel\u00e9n<\/p>\n<p>L\u00e4romedelsutvecklare: Anna Nyman<\/p>\n<p>Bildredakt\u00f6r: Martina Eriksson<\/p>\n<p>&nbsp;<\/p>\n                                                                                                <\/div>\n\n                            \n                                                                        <\/div>\n                <\/div>\n                    <\/div>\n    <\/div>\n<\/section>\n\n\n\n\n\n<section  class=\"mini-header left\">\n    <div class=\"container\">\n        <div class=\"inner   \">\n\n        \n                            <div class=\"heading-container\">\n                    \n<h2 class=\"h3\"> Webbinarier just f\u00f6r dig <\/h2>                                    <\/div>\n            \n            <div class=\"content-container\">\n\n                                    \n<p class=\"ample\">\n    Vill du veta mer om hur du kan anv\u00e4nda Bild 7\u20139 i din undervisning? Anm\u00e4l dig till ett webbinarium!<\/p>                \n\n                \n                                    <div class=\"btn-container\">\n                                                    \n<a href=\"https:\/\/www.ne.se\/info\/webbinarier\/\" target=\"\" aria-label=\"Se webbinarier\" class=\"button button-blue\">\n    Se webbinarier    <\/a>                                                                    <\/div>\n                \n            <\/div>\n\n        <\/div>\n    <\/div>\n<\/section>\n\n\n\n<section  class=\"social-proof bg-gray\">\n    <div class=\"container\">\n        <div class=\"inner   \">\n                            \n<h3 class=\"h3\"> Nu \u00e4r vi 1 000 000 elever  i 245 kommuner <\/h3>                        \n                            <div class=\"grid\">\n                                            <div class=\"col col-4\">\n                            <div class=\"wrapper\">\n                                <img decoding=\"async\" src=\"https:\/\/www.ne.se\/info\/wp-content\/uploads\/2023\/03\/hammaro_logotyp.png\" srcset=\"\" sizes=\"(max-width: 250px) 100vw, 250px\" alt=\"\" title=\"hammaro_logotyp\"  \/>\n                            <\/div>\n                        <\/div>\n                                            <div class=\"col col-4\">\n                            <div class=\"wrapper\">\n                                <img decoding=\"async\" src=\"https:\/\/www.ne.se\/info\/wp-content\/uploads\/2023\/03\/are-kommun-354x167.png\" srcset=\"https:\/\/www.ne.se\/info\/wp-content\/uploads\/2023\/03\/are-kommun-354x167.png 354w, https:\/\/www.ne.se\/info\/wp-content\/uploads\/2023\/03\/are-kommun-300x141.png 300w, https:\/\/www.ne.se\/info\/wp-content\/uploads\/2023\/03\/are-kommun-768x361.png 768w, https:\/\/www.ne.se\/info\/wp-content\/uploads\/2023\/03\/are-kommun.png 850w\" sizes=\"(max-width: 354px) 100vw, 354px\" alt=\"\" title=\"a\u030are kommun\"  \/>\n                            <\/div>\n                        <\/div>\n                                            <div class=\"col col-4\">\n                            <div class=\"wrapper\">\n                                <img decoding=\"async\" src=\"https:\/\/www.ne.se\/info\/wp-content\/uploads\/2023\/06\/HBG_logo_liggande-354x100.jpg\" srcset=\"https:\/\/www.ne.se\/info\/wp-content\/uploads\/2023\/06\/HBG_logo_liggande-354x100.jpg 354w, https:\/\/www.ne.se\/info\/wp-content\/uploads\/2023\/06\/HBG_logo_liggande-300x85.jpg 300w, https:\/\/www.ne.se\/info\/wp-content\/uploads\/2023\/06\/HBG_logo_liggande-1024x290.jpg 1024w, https:\/\/www.ne.se\/info\/wp-content\/uploads\/2023\/06\/HBG_logo_liggande-768x218.jpg 768w, https:\/\/www.ne.se\/info\/wp-content\/uploads\/2023\/06\/HBG_logo_liggande.jpg 1181w\" sizes=\"(max-width: 354px) 100vw, 354px\" alt=\"\" title=\"Print\"  \/>\n                            <\/div>\n                        <\/div>\n                                            <div class=\"col col-4\">\n                            <div class=\"wrapper\">\n                                <img decoding=\"async\" src=\"https:\/\/www.ne.se\/info\/wp-content\/uploads\/2023\/03\/Partille-354x134.jpeg\" srcset=\"https:\/\/www.ne.se\/info\/wp-content\/uploads\/2023\/03\/Partille-354x134.jpeg 354w, https:\/\/www.ne.se\/info\/wp-content\/uploads\/2023\/03\/Partille-300x114.jpeg 300w, https:\/\/www.ne.se\/info\/wp-content\/uploads\/2023\/03\/Partille.jpeg 768w\" sizes=\"(max-width: 354px) 100vw, 354px\" alt=\"\" title=\"Partille\"  \/>\n                            <\/div>\n                        <\/div>\n                                    <\/div>\n                    <\/div>\n    <\/div>\n<\/section>\n\n\n\n<section  class=\"left-right bg-white\">\n    <div class=\"container twelve-col\">\n        <div class=\"inner   \">\n                            <div class=\"grid\">\n                    <div class=\"col col-2 img-left\">\n                                                                                                                        <picture>\n                                        <source media=\"(min-width:767px)\" srcset=\"https:\/\/www.ne.se\/info\/wp-content\/uploads\/2023\/03\/ima165271-1240x992.jpg\">\n                                        <source media=\"(max-width:767px)\" srcset=\"https:\/\/www.ne.se\/info\/wp-content\/uploads\/2023\/03\/ima165271-1460x920.jpg\">\n                                        <img decoding=\"async\" src=\"https:\/\/www.ne.se\/info\/wp-content\/uploads\/2023\/03\/ima165271-1240x992.jpg\" srcset=\"https:\/\/www.ne.se\/info\/wp-content\/uploads\/2023\/03\/ima165271-1240x992.jpg 1240w, https:\/\/www.ne.se\/info\/wp-content\/uploads\/2023\/03\/ima165271-800x640.jpg 800w\" sizes=\"(max-width: 1240px) 100vw, 1240px\" alt=\"\" title=\"Kollegor i m\u00f6te med dator\"  \/>\n                                    <\/picture>\n                                                            \n                                            <\/div>\n                    <div class=\"col col-2\">\n                        \n\n<div class=\"content\">\n\n    \n    \n            \n<h3 class=\"h3\"> Kom ig\u00e5ng direkt <\/h3>    \n            <p class=\"ingress\">Att komma ig\u00e5ng med NE \u00e4r enkelt. Vill du veta mer om hur du optimerar ditt anv\u00e4ndande kan du alltid st\u00e4lla en fr\u00e5ga i chatten eller delta i n\u00e5gon av de utbildningar vi erbjuder.<\/p>\n    \n    \n            <div class=\"btn-container\">\n                            \n<a href=\"https:\/\/www.ne.se\/info\/kom-igang\/\" target=\"\" aria-label=\"Allt om statsbidraget\" class=\"button button-blue\">\n    Allt om statsbidraget    <\/a>                                        \n<a href=\"https:\/\/www.ne.se\/info\/prova-ne-kostnadsfritt-i-30-dagar\/\" target=\"\" class=\"button button-border-blue\">Inte kund? Prova gratis i 30 dagar<\/a>                    <\/div>\n    \n    \n\n<\/div>                    <\/div>\n                <\/div>\n                    <\/div>\n    <\/div>\n<\/section>\n\n\n","protected":false},"excerpt":{"rendered":"","protected":false},"author":6,"featured_media":0,"parent":1019,"menu_order":0,"comment_status":"closed","ping_status":"closed","template":"page-teaching-material.php","meta":{"inline_featured_image":false,"footnotes":""},"subject":[7],"class_list":["post-1574","page","type-page","status-publish","hentry"],"acf":[],"_links":{"self":[{"href":"https:\/\/www.ne.se\/info\/wp-json\/wp\/v2\/pages\/1574","targetHints":{"allow":["GET"]}}],"collection":[{"href":"https:\/\/www.ne.se\/info\/wp-json\/wp\/v2\/pages"}],"about":[{"href":"https:\/\/www.ne.se\/info\/wp-json\/wp\/v2\/types\/page"}],"author":[{"embeddable":true,"href":"https:\/\/www.ne.se\/info\/wp-json\/wp\/v2\/users\/6"}],"replies":[{"embeddable":true,"href":"https:\/\/www.ne.se\/info\/wp-json\/wp\/v2\/comments?post=1574"}],"version-history":[{"count":13,"href":"https:\/\/www.ne.se\/info\/wp-json\/wp\/v2\/pages\/1574\/revisions"}],"predecessor-version":[{"id":25937,"href":"https:\/\/www.ne.se\/info\/wp-json\/wp\/v2\/pages\/1574\/revisions\/25937"}],"up":[{"embeddable":true,"href":"https:\/\/www.ne.se\/info\/wp-json\/wp\/v2\/pages\/1019"}],"wp:attachment":[{"href":"https:\/\/www.ne.se\/info\/wp-json\/wp\/v2\/media?parent=1574"}],"wp:term":[{"taxonomy":"subject","embeddable":true,"href":"https:\/\/www.ne.se\/info\/wp-json\/wp\/v2\/subject?post=1574"}],"curies":[{"name":"wp","href":"https:\/\/api.w.org\/{rel}","templated":true}]}}