{"id":15885,"date":"2024-09-19T11:52:25","date_gmt":"2024-09-19T11:52:25","guid":{"rendered":"https:\/\/www.ne.se\/info\/?page_id=15885"},"modified":"2025-11-03T18:34:35","modified_gmt":"2025-11-03T18:34:35","slug":"uppgiftsbank","status":"publish","type":"page","link":"https:\/\/www.ne.se\/info\/skola\/kunskapstjanster\/uppgiftsbank\/","title":{"rendered":"Uppgiftsbank"},"content":{"rendered":"\n\n\n<section  class=\"header-big-pic\">\n    <div class=\"container\">\n        <div class=\"inner  teaching-padding\">\n                            \n<div class=\"badges\">\n            <p class=\"badge\">Kunskapstj\u00e4nst<\/p>\n    <\/div>                                        \n<h1 class=\"h1\"> Uppgiftsbank <\/h1>                                        <p class=\"ingress\">F\u00f6renkla din undervisning med f\u00e4rdiga tematiska \u00f6vningar som utg\u00e5r fr\u00e5n det centrala inneh\u00e5llet.\r\n\r\n\r\n<\/p>\n            \n                    <\/div>\n    <\/div>\n\n    <div class=\"background-image\">\n        <img decoding=\"async\" src=\"https:\/\/www.ne.se\/info\/wp-content\/uploads\/2021\/10\/masma89094-scaled-e1774941313591.jpg\" srcset=\"https:\/\/www.ne.se\/info\/wp-content\/uploads\/2021\/10\/masma89094-scaled-e1774941313591.jpg 2560w, https:\/\/www.ne.se\/info\/wp-content\/uploads\/2021\/10\/masma89094-scaled-e1774941313591-300x148.jpg 300w, https:\/\/www.ne.se\/info\/wp-content\/uploads\/2021\/10\/masma89094-scaled-e1774941313591-1024x505.jpg 1024w, https:\/\/www.ne.se\/info\/wp-content\/uploads\/2021\/10\/masma89094-scaled-e1774941313591-768x379.jpg 768w, https:\/\/www.ne.se\/info\/wp-content\/uploads\/2021\/10\/masma89094-scaled-e1774941313591-1536x758.jpg 1536w, https:\/\/www.ne.se\/info\/wp-content\/uploads\/2021\/10\/masma89094-scaled-e1774941313591-2048x1010.jpg 2048w, https:\/\/www.ne.se\/info\/wp-content\/uploads\/2021\/10\/masma89094-scaled-e1774941313591-354x175.jpg 354w\" sizes=\"(max-width: 2560px) 100vw, 2560px\" alt=\"\" title=\"\" \/>\n    <\/div>\n\n    <div class=\"overlay-top\"><\/div>\n    <div class=\"overlay-bottom\"><\/div>\n<\/section>\n\n\n\n<section id=\"teaching_top\" class=\"left-right bg-white\">\n    <div class=\"container twelve-col\">\n        <div class=\"inner   \">\n                            <div class=\"grid\">\n                    <div class=\"col col-2\">\n                        \n\n<div class=\"content\">\n\n            \n<p class=\"uptext\">\n    <span class=\"line\"><\/span>\n    Fr\u00e5n \u00e5k 4\u2013Gy<\/p>    \n    \n            \n<h2 class=\"h3\"> Uppgiftsbanken \u2013 f\u00f6rdjupa med f\u00e4rdiga \u00f6vningar <\/h2>    \n            <p class=\"ingress\">Med Uppgiftsbanken f\u00e5r du ett effektivt verktyg som hj\u00e4lper dig att koppla uppgifter och \u00f6vningar till v\u00e4gledande betygskriterium. <br \/>\r\n<br \/>\r\nDu kan enkelt filtrera fram \u00f6vningar utifr\u00e5n stadium, \u00e4mne och tema som \u00e4r aktuella f\u00f6r din klass just nu. Spara tid och s\u00e4kerst\u00e4ll att dina elever n\u00e5r sina m\u00e5l. <\/p>\n    \n    \n    \n    \n\n<\/div>                    <\/div>\n                    <div class=\"col col-2 img-right\">\n                                                                                                                        <picture>\n                                        <source media=\"(min-width:767px)\" srcset=\"https:\/\/www.ne.se\/info\/wp-content\/uploads\/2023\/07\/masma52024-1-1240x992.jpg\">\n                                        <source media=\"(max-width:767px)\" srcset=\"https:\/\/www.ne.se\/info\/wp-content\/uploads\/2023\/07\/masma52024-1-1460x920.jpg\">\n                                        <img decoding=\"async\" src=\"https:\/\/www.ne.se\/info\/wp-content\/uploads\/2023\/07\/masma52024-1-1240x992.jpg\" srcset=\"https:\/\/www.ne.se\/info\/wp-content\/uploads\/2023\/07\/masma52024-1-1240x992.jpg 1240w, https:\/\/www.ne.se\/info\/wp-content\/uploads\/2023\/07\/masma52024-1-800x640.jpg 800w\" sizes=\"(max-width: 1240px) 100vw, 1240px\" alt=\"\" title=\"Happy girl giving presentation with digital tablet amidst students in classroom\"  \/>\n                                    <\/picture>\n                                                            \n                                            <\/div>\n                <\/div>\n                    <\/div>\n    <\/div>\n<\/section>\n\n\n\n\n\n\n<section  class=\"blog-header\">\n    <div class=\"container\">\n        <div class=\"inner  pt-0 pb-2\">\n        \n            <div class=\"content\">\n                \n                \n                \n                            <\/div>\n\n                            <img decoding=\"async\" src=\"https:\/\/www.ne.se\/info\/wp-content\/uploads\/2024\/09\/Uppgiftsbank_uppdaterad-1280x516.png\" srcset=\"https:\/\/www.ne.se\/info\/wp-content\/uploads\/2024\/09\/Uppgiftsbank_uppdaterad-1280x516.png 1280w, https:\/\/www.ne.se\/info\/wp-content\/uploads\/2024\/09\/Uppgiftsbank_uppdaterad-300x121.png 300w, https:\/\/www.ne.se\/info\/wp-content\/uploads\/2024\/09\/Uppgiftsbank_uppdaterad-1024x413.png 1024w, https:\/\/www.ne.se\/info\/wp-content\/uploads\/2024\/09\/Uppgiftsbank_uppdaterad-768x310.png 768w, https:\/\/www.ne.se\/info\/wp-content\/uploads\/2024\/09\/Uppgiftsbank_uppdaterad-1536x619.png 1536w, https:\/\/www.ne.se\/info\/wp-content\/uploads\/2024\/09\/Uppgiftsbank_uppdaterad-2048x826.png 2048w, https:\/\/www.ne.se\/info\/wp-content\/uploads\/2024\/09\/Uppgiftsbank_uppdaterad-354x143.png 354w\" sizes=\"(max-width: 1280px) 100vw, 1280px\" alt=\"\" title=\"Uppgiftsbank_uppdaterad\" \/>\n                                    <\/div>\n    <\/div>\n<\/section>\n\n\n\n<section  class=\"left-right bg-white\">\n    <div class=\"container twelve-col\">\n        <div class=\"inner   \">\n                            <div class=\"grid\">\n                    <div class=\"col col-2\">\n                        \n\n<div class=\"content\">\n\n    \n    \n            \n<h2 class=\"h3\"> F\u00f6rdjupningar \u2013 komplettera din undervisning i samh\u00e4llskunskap  <\/h2>    \n            <p class=\"ingress\">F\u00f6r dig som undervisar i samh\u00e4llskunskap finns nu tj\u00e4nsten F\u00f6rdjupningar. D\u00e4r kan du enkelt g\u00f6ra djupdykningar i f\u00e4rdiga teman kring betydelsefulla \u00e4mnen och h\u00e4ndelser. <br \/>\r\n<br \/>\r\nF\u00f6rdjupningar g\u00f6r det l\u00e4ttare f\u00f6r dina elever att utforska, analysera och f\u00f6rst\u00e5 komplexa \u00e4mnen p\u00e5 ett djupare plan.<\/p>\n    \n    \n    \n    \n\n<\/div>                    <\/div>\n                    <div class=\"col col-2 img-right\">\n                                                                                                                        <picture>\n                                        <source media=\"(min-width:767px)\" srcset=\"https:\/\/www.ne.se\/info\/wp-content\/uploads\/2024\/09\/Fordjupningar-1240x992.png\">\n                                        <source media=\"(max-width:767px)\" srcset=\"https:\/\/www.ne.se\/info\/wp-content\/uploads\/2024\/09\/Fordjupningar-1240x920.png\">\n                                        <img decoding=\"async\" src=\"https:\/\/www.ne.se\/info\/wp-content\/uploads\/2024\/09\/Fordjupningar-1240x992.png\" srcset=\"https:\/\/www.ne.se\/info\/wp-content\/uploads\/2024\/09\/Fordjupningar-1240x992.png 1240w, https:\/\/www.ne.se\/info\/wp-content\/uploads\/2024\/09\/Fordjupningar-800x640.png 800w\" sizes=\"(max-width: 1240px) 100vw, 1240px\" alt=\"\" title=\"\"  \/>\n                                    <\/picture>\n                                                            \n                                            <\/div>\n                <\/div>\n                    <\/div>\n    <\/div>\n<\/section>\n\n\n\n\n\n\n<section  class=\"left-right bg-gray\">\n    <div class=\"container twelve-col\">\n        <div class=\"inner   \">\n                            <div class=\"grid\">\n                    <div class=\"col col-2\">\n                        \n\n<div class=\"content\">\n\n    \n    \n            \n<h2 class=\"h2\"> Kom ig\u00e5ng direkt <\/h2>    \n            <p class=\"ingress\">Att komma ig\u00e5ng med NE \u00e4r enkelt. Vill du veta mer om hur du optimerar ditt anv\u00e4ndande kan du alltid st\u00e4lla en fr\u00e5ga till v\u00e5r support eller delta i n\u00e5gon av de utbildningar vi erbjuder.<\/p>\n    \n    \n            <div class=\"btn-container\">\n                            \n<a href=\"https:\/\/www.ne.se\/info\/kontaktsida\/\" target=\"\" aria-label=\"Kontakta oss\" class=\"button button-blue\">\n    Kontakta oss    <\/a>                                        \n<a href=\"https:\/\/www.ne.se\/info\/prova-ne-kostnadsfritt-i-30-dagar\/\" target=\"\" class=\"button button-border-blue\">Inte kund? Prova NE gratis i 30 dagar<\/a>                    <\/div>\n    \n    \n\n<\/div>                    <\/div>\n                    <div class=\"col col-2 img-right\">\n                                                                                                                        <picture>\n                                        <source media=\"(min-width:767px)\" srcset=\"https:\/\/www.ne.se\/info\/wp-content\/uploads\/2024\/02\/Kontaktcircklar-Blandad-2.png\">\n                                        <source media=\"(max-width:767px)\" srcset=\"https:\/\/www.ne.se\/info\/wp-content\/uploads\/2024\/02\/Kontaktcircklar-Blandad-2.png\">\n                                        <img decoding=\"async\" src=\"https:\/\/www.ne.se\/info\/wp-content\/uploads\/2024\/02\/Kontaktcircklar-Blandad-2.png\" srcset=\"https:\/\/www.ne.se\/info\/wp-content\/uploads\/2024\/02\/Kontaktcircklar-Blandad-2.png 979w, https:\/\/www.ne.se\/info\/wp-content\/uploads\/2024\/02\/Kontaktcircklar-Blandad-2-300x245.png 300w, https:\/\/www.ne.se\/info\/wp-content\/uploads\/2024\/02\/Kontaktcircklar-Blandad-2-768x628.png 768w, https:\/\/www.ne.se\/info\/wp-content\/uploads\/2024\/02\/Kontaktcircklar-Blandad-2-354x289.png 354w\" sizes=\"(max-width: 979px) 100vw, 979px\" alt=\"\" title=\"Kontaktcircklar &#8211; Blandad 2\"  \/>\n                                    <\/picture>\n                                                            \n                                            <\/div>\n                <\/div>\n                    <\/div>\n    <\/div>\n<\/section>\n\n\n","protected":false},"excerpt":{"rendered":"","protected":false},"author":6,"featured_media":0,"parent":1045,"menu_order":0,"comment_status":"closed","ping_status":"closed","template":"page-teaching-material.php","meta":{"inline_featured_image":false,"footnotes":""},"subject":[],"class_list":["post-15885","page","type-page","status-publish","hentry"],"acf":[],"_links":{"self":[{"href":"https:\/\/www.ne.se\/info\/wp-json\/wp\/v2\/pages\/15885","targetHints":{"allow":["GET"]}}],"collection":[{"href":"https:\/\/www.ne.se\/info\/wp-json\/wp\/v2\/pages"}],"about":[{"href":"https:\/\/www.ne.se\/info\/wp-json\/wp\/v2\/types\/page"}],"author":[{"embeddable":true,"href":"https:\/\/www.ne.se\/info\/wp-json\/wp\/v2\/users\/6"}],"replies":[{"embeddable":true,"href":"https:\/\/www.ne.se\/info\/wp-json\/wp\/v2\/comments?post=15885"}],"version-history":[{"count":18,"href":"https:\/\/www.ne.se\/info\/wp-json\/wp\/v2\/pages\/15885\/revisions"}],"predecessor-version":[{"id":24186,"href":"https:\/\/www.ne.se\/info\/wp-json\/wp\/v2\/pages\/15885\/revisions\/24186"}],"up":[{"embeddable":true,"href":"https:\/\/www.ne.se\/info\/wp-json\/wp\/v2\/pages\/1045"}],"wp:attachment":[{"href":"https:\/\/www.ne.se\/info\/wp-json\/wp\/v2\/media?parent=15885"}],"wp:term":[{"taxonomy":"subject","embeddable":true,"href":"https:\/\/www.ne.se\/info\/wp-json\/wp\/v2\/subject?post=15885"}],"curies":[{"name":"wp","href":"https:\/\/api.w.org\/{rel}","templated":true}]}}