{"id":16528,"date":"2024-10-21T12:37:09","date_gmt":"2024-10-21T12:37:09","guid":{"rendered":"https:\/\/www.ne.se\/info\/?page_id=16528"},"modified":"2024-10-28T12:48:40","modified_gmt":"2024-10-28T12:48:40","slug":"att-framja-elevers-psykiska-halsa","status":"publish","type":"page","link":"https:\/\/www.ne.se\/info\/skola\/att-framja-elevers-psykiska-halsa\/","title":{"rendered":"Att fr\u00e4mja elevers psykiska h\u00e4lsa"},"content":{"rendered":"\n\n<section  class=\"blog-header\">\n    <div class=\"container\">\n        <div class=\"inner  pt-5 pb-2\">\n        \n            <div class=\"content\">\n                \n                \n                \n                            <\/div>\n\n                            <img decoding=\"async\" src=\"https:\/\/www.ne.se\/info\/wp-content\/uploads\/2024\/10\/Guide-Psykisk-Halsa-Bild-Wordpress.png\" srcset=\"https:\/\/www.ne.se\/info\/wp-content\/uploads\/2024\/10\/Guide-Psykisk-Halsa-Bild-Wordpress.png 1280w, https:\/\/www.ne.se\/info\/wp-content\/uploads\/2024\/10\/Guide-Psykisk-Halsa-Bild-Wordpress-300x121.png 300w, https:\/\/www.ne.se\/info\/wp-content\/uploads\/2024\/10\/Guide-Psykisk-Halsa-Bild-Wordpress-1024x413.png 1024w, https:\/\/www.ne.se\/info\/wp-content\/uploads\/2024\/10\/Guide-Psykisk-Halsa-Bild-Wordpress-768x310.png 768w, https:\/\/www.ne.se\/info\/wp-content\/uploads\/2024\/10\/Guide-Psykisk-Halsa-Bild-Wordpress-354x143.png 354w\" sizes=\"(max-width: 1280px) 100vw, 1280px\" alt=\"\" title=\"Guide Psykisk Ha\u0308lsa &#8211; Bild WordPress\" \/>\n                                    <\/div>\n    <\/div>\n<\/section>\n\n\n\n<section  class=\"hubspot-form-block\">\n    <div class=\"container\">\n        <div class=\"inner  pt-3 pb-5\">\n                            <div class=\"grid\">\n                    <div class=\"col col-2\">\n                        \n\n<div class=\"content\">\n\n            \n<p class=\"uptext\">\n    <span class=\"line\"><\/span>\n    Gratis guide<\/p>    \n            \n<h2 class=\"\"> Att fr\u00e4mja elevers psykiska h\u00e4lsa <\/h2>    \n            <p class=\"ingress\">Alla elever ska m\u00e5 bra. Ladda ned guiden och f\u00e5 praktiska r\u00e5d om hur du kan arbeta proaktivt f\u00f6r att fr\u00e4mja elevers v\u00e4lm\u00e5ende.\r\n\r\nGuiden inneh\u00e5ller tips och \u00f6vningar f\u00f6r aktivt lyssnande \u2013 en viktig f\u00f6ruts\u00e4ttning f\u00f6r att kunna uppfatta nyanserna och verkligen f\u00f6rst\u00e5 hur n\u00e5gon m\u00e5r. Du f\u00e5r \u00e4ven \u00f6vningar som du kan anv\u00e4nda tillsammans med klassen f\u00f6r att hj\u00e4lpa eleverna att s\u00e4tta ord p\u00e5 sina k\u00e4nslor och sitt m\u00e5ende.<\/p>\n    \n            <ul class=\"usps\">\n            <li class=\"usp\">\n            <svg width=\"24\" height=\"24\" viewBox=\"0 0 24 24\" fill=\"none\" xmlns=\"http:\/\/www.w3.org\/2000\/svg\">\n    <path d=\"M9 16.17 5.53 12.7a.996.996 0 1 0-1.41 1.41l4.18 4.18c.39.39 1.02.39 1.41 0L20.29 7.71a.996.996 0 1 0-1.41-1.41L9 16.17z\" fill=\"#007DB8\"\/>\n<\/svg>\n            Exempel p\u00e5 klassrumsaktiviteter.        <\/li>\n            <li class=\"usp\">\n            <svg width=\"24\" height=\"24\" viewBox=\"0 0 24 24\" fill=\"none\" xmlns=\"http:\/\/www.w3.org\/2000\/svg\">\n    <path d=\"M9 16.17 5.53 12.7a.996.996 0 1 0-1.41 1.41l4.18 4.18c.39.39 1.02.39 1.41 0L20.29 7.71a.996.996 0 1 0-1.41-1.41L9 16.17z\" fill=\"#007DB8\"\/>\n<\/svg>\n            St\u00f6danpassade verktyg.        <\/li>\n            <li class=\"usp\">\n            <svg width=\"24\" height=\"24\" viewBox=\"0 0 24 24\" fill=\"none\" xmlns=\"http:\/\/www.w3.org\/2000\/svg\">\n    <path d=\"M9 16.17 5.53 12.7a.996.996 0 1 0-1.41 1.41l4.18 4.18c.39.39 1.02.39 1.41 0L20.29 7.71a.996.996 0 1 0-1.41-1.41L9 16.17z\" fill=\"#007DB8\"\/>\n<\/svg>\n            Gratis att ladda ned.        <\/li>\n    <\/ul>    \n    \n<\/div>                    <\/div>\n                    <div class=\"col col-2 form-right\">\n                        <div class=\"hubspot-form\">\n                            <script charset=\"utf-8\" type=\"text\/javascript\" src=\"\/\/js.hsforms.net\/forms\/embed\/v2.js\"><\/script>\r\n<script>\r\n  hbspt.forms.create({\r\n    portalId: \"4069921\",\r\n    formId: \"3562eafe-dd87-4e59-a068-97b120b847a4\"\r\n  });\r\n<\/script>\r\n                        <\/div>\n                    <\/div>\n                <\/div>\n                    <\/div>\n    <\/div>\n<\/section>","protected":false},"excerpt":{"rendered":"","protected":false},"author":8,"featured_media":0,"parent":751,"menu_order":0,"comment_status":"closed","ping_status":"closed","template":"","meta":{"inline_featured_image":false,"footnotes":""},"subject":[],"class_list":["post-16528","page","type-page","status-publish","hentry"],"acf":[],"_links":{"self":[{"href":"https:\/\/www.ne.se\/info\/wp-json\/wp\/v2\/pages\/16528","targetHints":{"allow":["GET"]}}],"collection":[{"href":"https:\/\/www.ne.se\/info\/wp-json\/wp\/v2\/pages"}],"about":[{"href":"https:\/\/www.ne.se\/info\/wp-json\/wp\/v2\/types\/page"}],"author":[{"embeddable":true,"href":"https:\/\/www.ne.se\/info\/wp-json\/wp\/v2\/users\/8"}],"replies":[{"embeddable":true,"href":"https:\/\/www.ne.se\/info\/wp-json\/wp\/v2\/comments?post=16528"}],"version-history":[{"count":10,"href":"https:\/\/www.ne.se\/info\/wp-json\/wp\/v2\/pages\/16528\/revisions"}],"predecessor-version":[{"id":16630,"href":"https:\/\/www.ne.se\/info\/wp-json\/wp\/v2\/pages\/16528\/revisions\/16630"}],"up":[{"embeddable":true,"href":"https:\/\/www.ne.se\/info\/wp-json\/wp\/v2\/pages\/751"}],"wp:attachment":[{"href":"https:\/\/www.ne.se\/info\/wp-json\/wp\/v2\/media?parent=16528"}],"wp:term":[{"taxonomy":"subject","embeddable":true,"href":"https:\/\/www.ne.se\/info\/wp-json\/wp\/v2\/subject?post=16528"}],"curies":[{"name":"wp","href":"https:\/\/api.w.org\/{rel}","templated":true}]}}