{"id":1819,"date":"2023-03-24T14:18:48","date_gmt":"2023-03-24T14:18:48","guid":{"rendered":"https:\/\/www.ne.se\/info\/?page_id=1819"},"modified":"2026-02-20T12:50:15","modified_gmt":"2026-02-20T12:50:15","slug":"kom-igang","status":"publish","type":"page","link":"https:\/\/www.ne.se\/info\/skola\/laromedel\/kom-igang\/","title":{"rendered":"Kom ig\u00e5ng"},"content":{"rendered":"\n\n    <section class=\"header-pic img-right first-block\">\n        <div class=\"grid\">\n            <div class=\"col col-2 text\">\n                <div class=\"wrapper\">\n                                            \n<h1 class=\"h2\"> Kom ig\u00e5ng med dina digitala l\u00e4romedel <\/h1>                                                                \n<p class=\"ample\">\n    S\u00e5 kul att du vill arbeta med NE i din undervisning. Du kommer snabbt ig\u00e5ng, och dina elever likas\u00e5. Det tar bara n\u00e5gra minuter att bjuda in dem \u2013 okomplicerat och effektivt.<\/p>                    \n                                            <div class=\"btn-container\">\n                                                                                <\/div>\n                                    <\/div>\n            <\/div>\n            <div class=\"col col-2 img\">\n                                    <picture>\n                        <source media=\"(min-width:767px)\" srcset=\"https:\/\/www.ne.se\/info\/wp-content\/uploads\/2024\/08\/Startsida-1880x1120.png\">\n                        <source media=\"(max-width:767px)\" srcset=\"https:\/\/www.ne.se\/info\/wp-content\/uploads\/2024\/08\/Startsida-750x432.png\">\n                        <img decoding=\"async\" src=\"https:\/\/www.ne.se\/info\/wp-content\/uploads\/2024\/08\/Startsida-1880x1120.png\" srcset=\"\" sizes=\"(max-width: 1880px) 100vw, 1880px\" alt=\"\" title=\"\"  \/>\n                    <\/picture>\n                            <\/div>\n        <\/div>\n    <\/section>\n\n\n\n\n<section  class=\"left-right bg-gradient-top\">\n    <div class=\"container twelve-col\">\n        <div class=\"inner  pt-4 pb-2\">\n                            <div class=\"grid\">\n                    <div class=\"col col-2 img-left\">\n                                                                                                                        <div class=\"video-thumbnail-container\">\n                                        <img decoding=\"async\" data-block-id=\"block_ced4494fd7e038c154ad1035c1861bbf\" class=\"video-thumbnail\" src=\"https:\/\/www.ne.se\/info\/wp-content\/uploads\/2024\/09\/Skarmavbild-2024-09-06-kl.-10.47.31-1240x804.png\" srcset=\"https:\/\/www.ne.se\/info\/wp-content\/uploads\/2024\/09\/Skarmavbild-2024-09-06-kl.-10.47.31-1240x804.png 1240w, https:\/\/www.ne.se\/info\/wp-content\/uploads\/2024\/09\/Skarmavbild-2024-09-06-kl.-10.47.31-1238x804.png 1238w\" sizes=\"(max-width: 1240px) 100vw, 1240px\" alt=\"\" title=\"Ska\u0308rmavbild 2024-09-06 kl. 10.47.31\"  \/>\n                                        <svg width=\"80\" height=\"80\" viewBox=\"0 0 80 80\" fill=\"none\" xmlns=\"http:\/\/www.w3.org\/2000\/svg\">\n<g filter=\"url(#filter0_b_1398_23185)\">\n<path fill-rule=\"evenodd\" clip-rule=\"evenodd\" d=\"M40 80C62.0914 80 80 62.0914 80 40C80 17.9086 62.0914 0 40 0C17.9086 0 0 17.9086 0 40C0 62.0914 17.9086 80 40 80ZM33.75 54.6721L56.25 42.096C57.9167 41.1645 57.9167 38.8355 56.25 37.904L33.75 25.3279C32.0833 24.3963 30 25.5608 30 27.4239L30 52.5761C30 54.4392 32.0833 55.6037 33.75 54.6721Z\" fill=\"white\" fill-opacity=\"0.8\"\/>\n<\/g>\n<defs>\n<filter id=\"filter0_b_1398_23185\" x=\"-16\" y=\"-16\" width=\"112\" height=\"112\" filterUnits=\"userSpaceOnUse\" color-interpolation-filters=\"sRGB\">\n<feFlood flood-opacity=\"0\" result=\"BackgroundImageFix\"\/>\n<feGaussianBlur in=\"BackgroundImageFix\" stdDeviation=\"8\"\/>\n<feComposite in2=\"SourceAlpha\" operator=\"in\" result=\"effect1_backgroundBlur_1398_23185\"\/>\n<feBlend mode=\"normal\" in=\"SourceGraphic\" in2=\"effect1_backgroundBlur_1398_23185\" result=\"shape\"\/>\n<\/filter>\n<\/defs>\n<\/svg>\n                                    <\/div>\n                                                            \n                                            <\/div>\n                    <div class=\"col col-2\">\n                        \n\n<div class=\"content\">\n\n    \n    \n            \n<h2 class=\"h3\"> B\u00f6rja anv\u00e4nda NE direkt <\/h2>    \n            <p class=\"ingress\">Det enda du beh\u00f6ver g\u00f6ra f\u00f6r att arbeta tillsammans med din klass \u00e4r att koppla dina elevergrupper till NE.<br \/>\r\n<br \/>\r\nNu kan du dela l\u00e4nkar direkt fr\u00e5n l\u00e4romedlen in i din l\u00e4rplattform. Med n\u00e5gra f\u00e5 klick hittar eleverna r\u00e4tt avsnitt eller uppgift att jobba med. Givetvis kan du f\u00f6lja elevernas resultat i l\u00e4romedlet d\u00e4r de gjort tillh\u00f6rande \u00f6vningar, quiz och fritextfr\u00e5gor. <\/p>\n    \n    \n            <div class=\"btn-container\">\n                            \n<a href=\"https:\/\/faq.ne.se\/kom-igang-med-digitala-laromedel-for-ak-4-9-i-prest-no-so-amnen\/\" target=\"_blank\" aria-label=\"L\u00e4s hur du g\u00f6r h\u00e4r\" class=\"button button-blue\" rel=\"nofollow noopener\">\n    L\u00e4s hur du g\u00f6r h\u00e4r            <svg width=\"16\" height=\"16\" viewBox=\"0 0 16 16\" fill=\"none\" xmlns=\"http:\/\/www.w3.org\/2000\/svg\">\n<path d=\"M14 6.00001L14 2.00001M14 2.00001H9.99999M14 2.00001L8 8M6.66667 2H5.2C4.0799 2 3.51984 2 3.09202 2.21799C2.71569 2.40973 2.40973 2.71569 2.21799 3.09202C2 3.51984 2 4.07989 2 5.2V10.8C2 11.9201 2 12.4802 2.21799 12.908C2.40973 13.2843 2.71569 13.5903 3.09202 13.782C3.51984 14 4.07989 14 5.2 14H10.8C11.9201 14 12.4802 14 12.908 13.782C13.2843 13.5903 13.5903 13.2843 13.782 12.908C14 12.4802 14 11.9201 14 10.8V9.33333\" stroke=\"#F2F5F8\" stroke-width=\"2\" stroke-linecap=\"round\" stroke-linejoin=\"round\"\/>\n<\/svg>\n    <\/a>                                        \n<a href=\"https:\/\/www.ne.se\/info\/webbinarier\/\" target=\"\" aria-label=\"Se fler webbinarier\" class=\"button button-blue\">\n    Se fler webbinarier    <\/a>                    <\/div>\n    \n    \n\n<\/div>                    <\/div>\n                <\/div>\n                    <\/div>\n    <\/div>\n<\/section>\n\n\n      <div class=\"modal modal-video\" data-modal-id=\"block_ced4494fd7e038c154ad1035c1861bbf\">\n\n    <div class=\"modal-content\">\n      <div class=\"iframe-container\">\n        <div class=\"iframe-wrapper\">\n          <iframe class=\"iframe\" src=\"https:\/\/www.youtube.com\/embed\/E5evF9J-ts0\" frameborder=\"0\" allow=\"accelerometer; autoplay; clipboard-write; encrypted-media; gyroscope; picture-in-picture; web-share\" allowfullscreen><\/iframe>\n        <\/div>\n      <\/div>\n    <\/div>\n\n  <\/div>\n\n\n\n\n<section  class=\"big-header bg-white \">\n    <div class=\"container\">\n        <div class=\"inner  pt-3 pb-2\">\n\n            \n\n<div class=\"big-header-left\">\n            \n<p class=\"uptext\">\n    <span class=\"line\"><\/span>\n    G\u00f6r NE till ditt l\u00e4romedel<\/p>                \n<h3 class=\"h3\"> 3 enkla steg till o\u00e4ndliga m\u00f6jligheter <\/h3>                \n<p class=\"ample\">\n    Inneh\u00e5llet i l\u00e4romedlen kan byggas om till kurser, exakt s\u00e5 som du vill ha det. Du anpassar inneh\u00e5llet helt och h\u00e5llet efter din undervisning och elevernas behov. Med kurser f\u00e5r du allt material samlat p\u00e5 ett st\u00e4lle. Perfekt n\u00e4r du arbetar utifr\u00e5n ett tema. Dessutom kan du enkelt  f\u00f6lja elevernas resultat \u00f6ver tid. <\/p>    \n    \n    <\/div>\n        <\/div>\n    <\/div>\n<\/section>\n\n\n\n<section  class=\"card-row bg-white\">\n    <div class=\"container\">\n        <div class=\"inner   \">\n                            <div class=\"grid card-row-grid three\">\n                                                                    <div class=\"col col-3 card-row-item\">\n                            \n<div class=\"card-medium\">\n            <picture>\n            <source media=\"(min-width:767px)\" srcset=\"https:\/\/www.ne.se\/info\/wp-content\/uploads\/2023\/03\/masma51994-800x432.jpg\">\n            <source media=\"(max-width:767px)\" srcset=\"https:\/\/www.ne.se\/info\/wp-content\/uploads\/2023\/03\/masma51994-1454x678.jpg\">\n            <img decoding=\"async\" src=\"https:\/\/www.ne.se\/info\/wp-content\/uploads\/2023\/03\/masma51994-800x432.jpg\" srcset=\"\" sizes=\"(max-width: 800px) 100vw, 800px\" alt=\"\" title=\"masma51994\"  \/>\n        <\/picture>\n        <div class=\"wrapper\">\n                            <h4 class=\"heading\">1. H\u00e4mta dina elevgrupper<\/h4>\n                            <p class=\"text\">F\u00f6r att bjuda in dina elever till dina kurser i l\u00e4romedlet m\u00e5ste du f\u00f6rst h\u00e4mta grupperna. Du kan h\u00e4mta grupper fr\u00e5n Microsoft eller Google eller era inl\u00e4sta\/synkade grupper. Du beh\u00f6ver bara importera dina grupper en g\u00e5ng per l\u00e4s\u00e5r.<\/p>\n            <\/div>\n                                    <\/div>                        <\/div>\n\n                                                                    <div class=\"col col-3 card-row-item\">\n                            \n<div class=\"card-medium\">\n            <picture>\n            <source media=\"(min-width:767px)\" srcset=\"https:\/\/www.ne.se\/info\/wp-content\/uploads\/2023\/03\/masma51921-800x432.jpg\">\n            <source media=\"(max-width:767px)\" srcset=\"https:\/\/www.ne.se\/info\/wp-content\/uploads\/2023\/03\/masma51921-1454x678.jpg\">\n            <img decoding=\"async\" src=\"https:\/\/www.ne.se\/info\/wp-content\/uploads\/2023\/03\/masma51921-800x432.jpg\" srcset=\"\" sizes=\"(max-width: 800px) 100vw, 800px\" alt=\"\" title=\"masma51921\"  \/>\n        <\/picture>\n        <div class=\"wrapper\">\n                            <h4 class=\"heading\">2. Skapa dina kurser <\/h4>\n                            <p class=\"text\">N\u00e4r du bygger din kurs kan du l\u00e4gga till inneh\u00e5ll fr\u00e5n ett eller flera l\u00e4romedel. Du v\u00e4ljer sj\u00e4lv vad kursen ska inneh\u00e5lla och vilka kapitel och avsnitt som ska vara med.\r\n\r\nAnpassa kursen till din undervisning och m\u00f6t elevernas behov p\u00e5 s\u00e5v\u00e4l gruppniv\u00e5 som individniv\u00e5.<\/p>\n            <\/div>\n                                    <\/div>                        <\/div>\n\n                                                                    <div class=\"col col-3 card-row-item\">\n                            \n<div class=\"card-medium\">\n            <picture>\n            <source media=\"(min-width:767px)\" srcset=\"https:\/\/www.ne.se\/info\/wp-content\/uploads\/2023\/03\/masma52038-800x432.jpg\">\n            <source media=\"(max-width:767px)\" srcset=\"https:\/\/www.ne.se\/info\/wp-content\/uploads\/2023\/03\/masma52038-1454x678.jpg\">\n            <img decoding=\"async\" src=\"https:\/\/www.ne.se\/info\/wp-content\/uploads\/2023\/03\/masma52038-800x432.jpg\" srcset=\"\" sizes=\"(max-width: 800px) 100vw, 800px\" alt=\"\" title=\"null\"  \/>\n        <\/picture>\n        <div class=\"wrapper\">\n                            <h4 class=\"heading\">3. Bjud in dina elevgrupper<\/h4>\n                            <p class=\"text\">N\u00e4r du har byggt en kurs \u00e4r det dags att bjuda in dina elever. Nu kan ni tillsammans arbeta med kursinneh\u00e5llet och du kan du enkelt f\u00f6lja elevernas resultat fr\u00e5n instuderingsfr\u00e5gor, quiz, flervalsfr\u00e5gor och fritextfr\u00e5gor. <\/p>\n            <\/div>\n                                    <\/div>                        <\/div>\n\n                                    <\/div>\n                    <\/div>\n    <\/div>\n<\/section>\n\n\n\n<section  class=\"big-header bg-white \">\n    <div class=\"container\">\n        <div class=\"inner  pt-4 pb-2\">\n\n            \n\n<div class=\"big-header-left\">\n                \n<h3 class=\"h3\"> Ta hj\u00e4lp av ett webbinarium <\/h3>                \n<p class=\"ample\">\n    Se ett webbinarium som guidar dig genom l\u00e4romedlens inneh\u00e5ll och funktioner. Ett enkelt s\u00e4tt att komma ig\u00e5ng med dina digitala l\u00e4romedel.<\/p>    \n    \n            <div class=\"btn-container\">\n                            \n<a href=\"https:\/\/www.ne.se\/info\/webbinarier\/\" target=\"_blank\" aria-label=\"Till alla webbinarier\" class=\"button button-blue\">\n    Till alla webbinarier            <svg width=\"16\" height=\"16\" viewBox=\"0 0 16 16\" fill=\"none\" xmlns=\"http:\/\/www.w3.org\/2000\/svg\">\n<path d=\"M14 6.00001L14 2.00001M14 2.00001H9.99999M14 2.00001L8 8M6.66667 2H5.2C4.0799 2 3.51984 2 3.09202 2.21799C2.71569 2.40973 2.40973 2.71569 2.21799 3.09202C2 3.51984 2 4.07989 2 5.2V10.8C2 11.9201 2 12.4802 2.21799 12.908C2.40973 13.2843 2.71569 13.5903 3.09202 13.782C3.51984 14 4.07989 14 5.2 14H10.8C11.9201 14 12.4802 14 12.908 13.782C13.2843 13.5903 13.5903 13.2843 13.782 12.908C14 12.4802 14 11.9201 14 10.8V9.33333\" stroke=\"#F2F5F8\" stroke-width=\"2\" stroke-linecap=\"round\" stroke-linejoin=\"round\"\/>\n<\/svg>\n    <\/a>                                <\/div>\n    <\/div>\n        <\/div>\n    <\/div>\n<\/section>\n\n\n\n<section  class=\"card-tabs bg-white\">\n    <div class=\"container\">\n        <div class=\"inner  pt-1 pb-5\">\n\n                            \n                <div class=\"tabs\">\n                                                                                        <div data-tab-id=\"block_5a49249b782a591b3815d3faabe44534_0\" class=\"tab card-tab-item active\">\n                            <p><\/p>\n                        <\/div>\n                                                            <\/div>\n\n                <div class=\"tabs-content\">\n                                                                <div class=\"tab-content card-tab-content-items\">\n                                                                                            <div data-tab-target=\"block_5a49249b782a591b3815d3faabe44534_0\" class=\"grid card-tab-grid active\">\n                                    \n                                                                                <div class=\"col col-3\">\n                                            \n<div class=\"card-medium\">\n            <picture>\n            <source media=\"(min-width:767px)\" srcset=\"https:\/\/www.ne.se\/info\/wp-content\/uploads\/2023\/08\/Kom-igang-3.png\">\n            <source media=\"(max-width:767px)\" srcset=\"https:\/\/www.ne.se\/info\/wp-content\/uploads\/2023\/08\/Kom-igang-3.png\">\n            <img decoding=\"async\" src=\"https:\/\/www.ne.se\/info\/wp-content\/uploads\/2023\/08\/Kom-igang-3.png\" srcset=\"https:\/\/www.ne.se\/info\/wp-content\/uploads\/2023\/08\/Kom-igang-3.png 800w, https:\/\/www.ne.se\/info\/wp-content\/uploads\/2023\/08\/Kom-igang-3-300x162.png 300w, https:\/\/www.ne.se\/info\/wp-content\/uploads\/2023\/08\/Kom-igang-3-768x415.png 768w, https:\/\/www.ne.se\/info\/wp-content\/uploads\/2023\/08\/Kom-igang-3-354x191.png 354w\" sizes=\"(max-width: 800px) 100vw, 800px\" alt=\"\" title=\"Kom iga\u030ang 3\"  \/>\n        <\/picture>\n        <div class=\"wrapper\">\n                    \n<div class=\"badges\">\n            <p class=\"badge\">\u00e5k 4\u20139<\/p>\n            <p class=\"badge\">Gy<\/p>\n    <\/div>                            <h4 class=\"heading\">Kom ig\u00e5ng med dina digitala l\u00e4romedel<\/h4>\n                            <p class=\"text\">Anv\u00e4nder du digitala l\u00e4romedel fr\u00e5n NE p\u00e5 din skola eller \u00e4r du nyfiken p\u00e5 hur de fungerar?\r\nVi g\u00e5r igenom det b\u00e4sta med dina l\u00e4romedel och hur du kan anv\u00e4nda dem fullt ut i din undervisning. Tillsammans kickstartar vi din anv\u00e4ndning och du blir en fena p\u00e5 funktionerna. <\/p>\n            <\/div>\n            \n<a href=\"https:\/\/www.ne.se\/info\/webbinarier\/kom-igang-med-dina-digitala-laromedel\/\" class=\"link button-link\">\n    Titta nu    <svg width=\"16\" height=\"17\" viewBox=\"0 0 16 17\" fill=\"none\" xmlns=\"http:\/\/www.w3.org\/2000\/svg\">\n    <path d=\"M3.333 9.167h7.447L7.527 12.42a.672.672 0 0 0 0 .947c.26.26.68.26.94 0l4.393-4.394c.26-.26.26-.68 0-.94l-4.387-4.4a.664.664 0 1 0-.94.94l3.247 3.26H3.333c-.366 0-.666.3-.666.667 0 .367.3.667.666.667z\" fill=\"#007DB8\"\/>\n<\/svg>\n<\/a>    <\/div>                                        <\/div>\n\n                                    \n                                                                                <div class=\"col col-3\">\n                                            \n<div class=\"card-medium\">\n            <picture>\n            <source media=\"(min-width:767px)\" srcset=\"https:\/\/www.ne.se\/info\/wp-content\/uploads\/2023\/03\/NO1.png\">\n            <source media=\"(max-width:767px)\" srcset=\"https:\/\/www.ne.se\/info\/wp-content\/uploads\/2023\/03\/NO1.png\">\n            <img decoding=\"async\" src=\"https:\/\/www.ne.se\/info\/wp-content\/uploads\/2023\/03\/NO1.png\" srcset=\"https:\/\/www.ne.se\/info\/wp-content\/uploads\/2023\/03\/NO1.png 800w, https:\/\/www.ne.se\/info\/wp-content\/uploads\/2023\/03\/NO1-300x162.png 300w, https:\/\/www.ne.se\/info\/wp-content\/uploads\/2023\/03\/NO1-768x415.png 768w, https:\/\/www.ne.se\/info\/wp-content\/uploads\/2023\/03\/NO1-354x191.png 354w\" sizes=\"(max-width: 800px) 100vw, 800px\" alt=\"\" title=\"NO1\"  \/>\n        <\/picture>\n        <div class=\"wrapper\">\n                    \n<div class=\"badges\">\n            <p class=\"badge\">NO<\/p>\n            <p class=\"badge\">\u00e5k 4\u20136<\/p>\n            <p class=\"badge\">\u00e5k 7\u20139<\/p>\n    <\/div>                            <h4 class=\"heading\">Smartare undervisning i NO \u2013 pedagogiska tips och funktioner<\/h4>\n                            <p class=\"text\">Uppt\u00e4ck f\u00f6rdelarna med digitala l\u00e4romedel i naturvetenskapliga \u00e4mnen och hur du kan anv\u00e4nda dem i din undervisning och anpassa dem efter elevernas individuella behov.<\/p>\n            <\/div>\n            \n<a href=\"https:\/\/www.ne.se\/info\/webbinarier\/smartare-undervisning-i-no-pedagogiska-tips-och-funktioner\/\" class=\"link button-link\">\n    Titta nu    <svg width=\"16\" height=\"17\" viewBox=\"0 0 16 17\" fill=\"none\" xmlns=\"http:\/\/www.w3.org\/2000\/svg\">\n    <path d=\"M3.333 9.167h7.447L7.527 12.42a.672.672 0 0 0 0 .947c.26.26.68.26.94 0l4.393-4.394c.26-.26.26-.68 0-.94l-4.387-4.4a.664.664 0 1 0-.94.94l3.247 3.26H3.333c-.366 0-.666.3-.666.667 0 .367.3.667.666.667z\" fill=\"#007DB8\"\/>\n<\/svg>\n<\/a>    <\/div>                                        <\/div>\n\n                                    \n                                                                                <div class=\"col col-3\">\n                                            \n<div class=\"card-medium\">\n            <picture>\n            <source media=\"(min-width:767px)\" srcset=\"https:\/\/www.ne.se\/info\/wp-content\/uploads\/2023\/03\/SO1.png\">\n            <source media=\"(max-width:767px)\" srcset=\"https:\/\/www.ne.se\/info\/wp-content\/uploads\/2023\/03\/SO1.png\">\n            <img decoding=\"async\" src=\"https:\/\/www.ne.se\/info\/wp-content\/uploads\/2023\/03\/SO1.png\" srcset=\"https:\/\/www.ne.se\/info\/wp-content\/uploads\/2023\/03\/SO1.png 800w, https:\/\/www.ne.se\/info\/wp-content\/uploads\/2023\/03\/SO1-300x162.png 300w, https:\/\/www.ne.se\/info\/wp-content\/uploads\/2023\/03\/SO1-768x415.png 768w, https:\/\/www.ne.se\/info\/wp-content\/uploads\/2023\/03\/SO1-354x191.png 354w\" sizes=\"(max-width: 800px) 100vw, 800px\" alt=\"\" title=\"SO1\"  \/>\n        <\/picture>\n        <div class=\"wrapper\">\n                    \n<div class=\"badges\">\n            <p class=\"badge\">SO<\/p>\n            <p class=\"badge\">\u00e5k 7\u20139<\/p>\n            <p class=\"badge\">\u00e5k 4-6<\/p>\n    <\/div>                            <h4 class=\"heading\">L\u00e4romedel i SO: engagerande lektioner med eleven i fokus<\/h4>\n                            <p class=\"text\">Uppt\u00e4ck f\u00f6rdelarna med digitala l\u00e4romedel i samh\u00e4llsvetenskapliga \u00e4mnen och hur du kan anv\u00e4nda dem i din undervisning och anpassa dem efter elevernas individuella behov.<\/p>\n            <\/div>\n            \n<a href=\"https:\/\/www.ne.se\/info\/webbinarier\/laromedel-i-so-engagerande-lektioner-med-eleven-i-fokus\/\" class=\"link button-link\">\n    Titta nu    <svg width=\"16\" height=\"17\" viewBox=\"0 0 16 17\" fill=\"none\" xmlns=\"http:\/\/www.w3.org\/2000\/svg\">\n    <path d=\"M3.333 9.167h7.447L7.527 12.42a.672.672 0 0 0 0 .947c.26.26.68.26.94 0l4.393-4.394c.26-.26.26-.68 0-.94l-4.387-4.4a.664.664 0 1 0-.94.94l3.247 3.26H3.333c-.366 0-.666.3-.666.667 0 .367.3.667.666.667z\" fill=\"#007DB8\"\/>\n<\/svg>\n<\/a>    <\/div>                                        <\/div>\n\n                                                                    <\/div>\n                                                       \n                        <\/div>\n\n                                                            <\/div>\n                \n            \n        <\/div>\n    <\/div>\n<\/section>\n\n\n\n<section  class=\"left-right bg-gray\">\n    <div class=\"container twelve-col\">\n        <div class=\"inner   \">\n                            <div class=\"grid\">\n                    <div class=\"col col-2\">\n                        \n\n<div class=\"content\">\n\n            \n<p class=\"uptext\">\n    <span class=\"line\"><\/span>\n    NE i klassrummet<\/p>    \n    \n            \n<h2 class=\"h3\"> Kom ig\u00e5ng direkt <\/h2>    \n            <p class=\"ingress\">Att komma ig\u00e5ng med NE \u00e4r enkelt. Vill du veta mer om hur du optimerar ditt anv\u00e4ndande kan du alltid st\u00e4lla en fr\u00e5ga i chatten eller delta i n\u00e5gon av de utbildningar vi erbjuder.<br \/>\r\n<\/p>\n    \n    \n            <div class=\"btn-container\">\n                            \n<a href=\"https:\/\/www.ne.se\/info\/kontaktsida\/?tab=Utbildning\" target=\"\" aria-label=\"Kom ig\u00e5ng!\" class=\"button button-blue\">\n    Kom ig\u00e5ng!    <\/a>                                        \n<a href=\"https:\/\/www.ne.se\/info\/prova-ne-kostnadsfritt-i-30-dagar\/\" target=\"\" class=\"button button-border-blue\">\u00c4nnu inte kund? Prova gratis i 30 dagar<\/a>                    <\/div>\n    \n    \n\n<\/div>                    <\/div>\n                    <div class=\"col col-2 img-right\">\n                                                                                                                        <picture>\n                                        <source media=\"(min-width:767px)\" srcset=\"https:\/\/www.ne.se\/info\/wp-content\/uploads\/2024\/02\/Kontaktcircklar-Blandad-2.png\">\n                                        <source media=\"(max-width:767px)\" srcset=\"https:\/\/www.ne.se\/info\/wp-content\/uploads\/2024\/02\/Kontaktcircklar-Blandad-2.png\">\n                                        <img decoding=\"async\" src=\"https:\/\/www.ne.se\/info\/wp-content\/uploads\/2024\/02\/Kontaktcircklar-Blandad-2.png\" srcset=\"https:\/\/www.ne.se\/info\/wp-content\/uploads\/2024\/02\/Kontaktcircklar-Blandad-2.png 979w, https:\/\/www.ne.se\/info\/wp-content\/uploads\/2024\/02\/Kontaktcircklar-Blandad-2-300x245.png 300w, https:\/\/www.ne.se\/info\/wp-content\/uploads\/2024\/02\/Kontaktcircklar-Blandad-2-768x628.png 768w, https:\/\/www.ne.se\/info\/wp-content\/uploads\/2024\/02\/Kontaktcircklar-Blandad-2-354x289.png 354w\" sizes=\"(max-width: 979px) 100vw, 979px\" alt=\"\" title=\"Kontaktcircklar &#8211; Blandad 2\"  \/>\n                                    <\/picture>\n                                                            \n                                            <\/div>\n                <\/div>\n                    <\/div>\n    <\/div>\n<\/section>\n\n\n","protected":false},"excerpt":{"rendered":"","protected":false},"author":6,"featured_media":0,"parent":17001,"menu_order":0,"comment_status":"closed","ping_status":"closed","template":"","meta":{"inline_featured_image":false,"footnotes":""},"subject":[],"class_list":["post-1819","page","type-page","status-publish","hentry"],"acf":[],"_links":{"self":[{"href":"https:\/\/www.ne.se\/info\/wp-json\/wp\/v2\/pages\/1819","targetHints":{"allow":["GET"]}}],"collection":[{"href":"https:\/\/www.ne.se\/info\/wp-json\/wp\/v2\/pages"}],"about":[{"href":"https:\/\/www.ne.se\/info\/wp-json\/wp\/v2\/types\/page"}],"author":[{"embeddable":true,"href":"https:\/\/www.ne.se\/info\/wp-json\/wp\/v2\/users\/6"}],"replies":[{"embeddable":true,"href":"https:\/\/www.ne.se\/info\/wp-json\/wp\/v2\/comments?post=1819"}],"version-history":[{"count":130,"href":"https:\/\/www.ne.se\/info\/wp-json\/wp\/v2\/pages\/1819\/revisions"}],"predecessor-version":[{"id":25962,"href":"https:\/\/www.ne.se\/info\/wp-json\/wp\/v2\/pages\/1819\/revisions\/25962"}],"up":[{"embeddable":true,"href":"https:\/\/www.ne.se\/info\/wp-json\/wp\/v2\/pages\/17001"}],"wp:attachment":[{"href":"https:\/\/www.ne.se\/info\/wp-json\/wp\/v2\/media?parent=1819"}],"wp:term":[{"taxonomy":"subject","embeddable":true,"href":"https:\/\/www.ne.se\/info\/wp-json\/wp\/v2\/subject?post=1819"}],"curies":[{"name":"wp","href":"https:\/\/api.w.org\/{rel}","templated":true}]}}