{"id":20103,"date":"2025-04-29T07:41:49","date_gmt":"2025-04-29T07:41:49","guid":{"rendered":"https:\/\/www.ne.se\/info\/?page_id=20103"},"modified":"2025-09-10T12:46:29","modified_gmt":"2025-09-10T12:46:29","slug":"ne-komplett-gymnasiet","status":"publish","type":"page","link":"https:\/\/www.ne.se\/info\/skola\/laromedel\/komplett\/ne-komplett-gymnasiet\/","title":{"rendered":"NE Komplett gymnasiet"},"content":{"rendered":"\n\n<section  class=\"left-right bg-white\">\n    <div class=\"container twelve-col\">\n        <div class=\"inner first-block  \">\n                            <div class=\"grid\">\n                    <div class=\"col col-2\">\n                        \n\n<div class=\"content\">\n\n    \n    \n            \n<h1 class=\"h1\"> NE Komplett <br> f\u00f6r gymnasiet <\/h1>    \n            <p class=\"ingress\">K\u00f6p helt nya tryckta l\u00e4romedel tillsammans med helt\u00e4ckande digitala l\u00e4romedel. Allt enligt Gy25.<\/p>\n    \n            <ul class=\"usps\">\n            <li class=\"usp\">\n            <svg width=\"24\" height=\"24\" viewBox=\"0 0 24 24\" fill=\"none\" xmlns=\"http:\/\/www.w3.org\/2000\/svg\">\n    <path d=\"M9 16.17 5.53 12.7a.996.996 0 1 0-1.41 1.41l4.18 4.18c.39.39 1.02.39 1.41 0L20.29 7.71a.996.996 0 1 0-1.41-1.41L9 16.17z\" fill=\"#007DB8\"\/>\n<\/svg>\n            Kvalitetss\u00e4krat inneh\u00e5ll        <\/li>\n            <li class=\"usp\">\n            <svg width=\"24\" height=\"24\" viewBox=\"0 0 24 24\" fill=\"none\" xmlns=\"http:\/\/www.w3.org\/2000\/svg\">\n    <path d=\"M9 16.17 5.53 12.7a.996.996 0 1 0-1.41 1.41l4.18 4.18c.39.39 1.02.39 1.41 0L20.29 7.71a.996.996 0 1 0-1.41-1.41L9 16.17z\" fill=\"#007DB8\"\/>\n<\/svg>\n            Av erfarna l\u00e4romedelsf\u00f6rfattare        <\/li>\n            <li class=\"usp\">\n            <svg width=\"24\" height=\"24\" viewBox=\"0 0 24 24\" fill=\"none\" xmlns=\"http:\/\/www.w3.org\/2000\/svg\">\n    <path d=\"M9 16.17 5.53 12.7a.996.996 0 1 0-1.41 1.41l4.18 4.18c.39.39 1.02.39 1.41 0L20.29 7.71a.996.996 0 1 0-1.41-1.41L9 16.17z\" fill=\"#007DB8\"\/>\n<\/svg>\n            Alltid enligt l\u00e4roplanen        <\/li>\n    <\/ul>    \n    \n    \n\n<\/div>                    <\/div>\n                    <div class=\"col col-2 img-right\">\n                                                                                                                        <picture>\n                                        <source media=\"(min-width:767px)\" srcset=\"https:\/\/www.ne.se\/info\/wp-content\/uploads\/2025\/04\/Gy-samhallskunskap-och-fysik-1-1240x768.png\">\n                                        <source media=\"(max-width:767px)\" srcset=\"https:\/\/www.ne.se\/info\/wp-content\/uploads\/2025\/04\/Gy-samhallskunskap-och-fysik-1.png\">\n                                        <img decoding=\"async\" src=\"https:\/\/www.ne.se\/info\/wp-content\/uploads\/2025\/04\/Gy-samhallskunskap-och-fysik-1-1240x768.png\" srcset=\"https:\/\/www.ne.se\/info\/wp-content\/uploads\/2025\/04\/Gy-samhallskunskap-och-fysik-1-1240x768.png 1240w, https:\/\/www.ne.se\/info\/wp-content\/uploads\/2025\/04\/Gy-samhallskunskap-och-fysik-1-1238x768.png 1238w\" sizes=\"(max-width: 1240px) 100vw, 1240px\" alt=\"\" title=\"Gy samha\u0308llskunskap och fysik (1)\"  \/>\n                                    <\/picture>\n                                                            \n                                            <\/div>\n                <\/div>\n                    <\/div>\n    <\/div>\n<\/section>\n\n\n\n\n\n\n<section  class=\"price-cards bg-white middle-big\">\n    <div class=\"container\">\n        <div class=\"inner  pt-5 pb-4\">\n                                                                        <div class=\"grid price-card-grid\">\n                                                    <div class=\"col col-3\">\n                                <div class=\"card-price \">\n    <div class=\"top\">\n                                            <p class=\"price-card-heading\">Flexpaket<\/p>\n                                    <div class=\"price-container\">\n                                                    <span class=\"price\">479 kr\/elev<\/span>\n                            <\/div>\n                    <\/div>\n    <div class=\"bottom\">\n                    <div class=\"price-card-usps\">\n                                    <div class=\"usp-item\">\n                        <svg width=\"24\" height=\"24\" viewBox=\"0 0 24 24\" fill=\"none\" xmlns=\"http:\/\/www.w3.org\/2000\/svg\">\n    <path d=\"M9 16.17 5.53 12.7a.996.996 0 1 0-1.41 1.41l4.18 4.18c.39.39 1.02.39 1.41 0L20.29 7.71a.996.996 0 1 0-1.41-1.41L9 16.17z\" fill=\"#007DB8\"\/>\n<\/svg>\n                        <span>1 tryckt l\u00e4romedel per elev<\/span>\n                    <\/div>\n                                    <div class=\"usp-item\">\n                        <svg width=\"24\" height=\"24\" viewBox=\"0 0 24 24\" fill=\"none\" xmlns=\"http:\/\/www.w3.org\/2000\/svg\">\n    <path d=\"M9 16.17 5.53 12.7a.996.996 0 1 0-1.41 1.41l4.18 4.18c.39.39 1.02.39 1.41 0L20.29 7.71a.996.996 0 1 0-1.41-1.41L9 16.17z\" fill=\"#007DB8\"\/>\n<\/svg>\n                        <span>5 valfria digitala l\u00e4romedel per elev<\/span>\n                    <\/div>\n                            <\/div>\n        \n            <\/div>\n<\/div>                            <\/div>\n                                                    <div class=\"col col-3\">\n                                <div class=\"card-price \">\n    <div class=\"top\">\n                                            <p class=\"price-card-heading\">Gymnasiepaket<\/p>\n                                    <div class=\"price-container\">\n                                                    <span class=\"price\">529 kr\/elev<\/span>\n                            <\/div>\n                    <\/div>\n    <div class=\"bottom\">\n                    <div class=\"price-card-usps\">\n                                    <div class=\"usp-item\">\n                        <svg width=\"24\" height=\"24\" viewBox=\"0 0 24 24\" fill=\"none\" xmlns=\"http:\/\/www.w3.org\/2000\/svg\">\n    <path d=\"M9 16.17 5.53 12.7a.996.996 0 1 0-1.41 1.41l4.18 4.18c.39.39 1.02.39 1.41 0L20.29 7.71a.996.996 0 1 0-1.41-1.41L9 16.17z\" fill=\"#007DB8\"\/>\n<\/svg>\n                        <span>1 tryckt l\u00e4romedel per elev<\/span>\n                    <\/div>\n                                    <div class=\"usp-item\">\n                        <svg width=\"24\" height=\"24\" viewBox=\"0 0 24 24\" fill=\"none\" xmlns=\"http:\/\/www.w3.org\/2000\/svg\">\n    <path d=\"M9 16.17 5.53 12.7a.996.996 0 1 0-1.41 1.41l4.18 4.18c.39.39 1.02.39 1.41 0L20.29 7.71a.996.996 0 1 0-1.41-1.41L9 16.17z\" fill=\"#007DB8\"\/>\n<\/svg>\n                        <span>Samtliga digitala l\u00e4romedel till alla elever<\/span>\n                    <\/div>\n                            <\/div>\n        \n            <\/div>\n<\/div>                            <\/div>\n                                            <\/div>\n                \n                    <\/div>\n    <\/div>\n<\/section>\n\n\n\n<section  class=\"card-row bg-white\">\n    <div class=\"container\">\n        <div class=\"inner  pt-4 pb-2\">\n                            <div class=\"card-row-grid one-two\">\n                                                                    <div class=\"left\">\n                            <div class=\"one-two-item big\">\n                                \n<div class=\"card-big\">\n    \n                    <h4 class=\"heading\">Nya tryckta l\u00e4romedel \u2013 f\u00f6r en relevant undervisning<\/h4>\n                <p class=\"text\">Skapa r\u00e4tt f\u00f6ruts\u00e4ttningar f\u00f6r att m\u00f6ta Gy25 med kvalitet och trygghet. De helt nya tryckta l\u00e4romedlen st\u00f6djer en pedagogisk och likv\u00e4rdig undervisning, med fokus p\u00e5 tydlig struktur, \u00e4mnesdjup och elevaktivt l\u00e4rande. \r\n\r\n<br> Utbudet omfattar samh\u00e4llskunskap, historia, religionskunskap, biologi, fysik, kemi och naturkunskap. Alla l\u00e4romedel f\u00f6ljer den nya l\u00e4roplanens intentioner i b\u00e5de inneh\u00e5ll och pedagogik.<\/p>\n    \n                        \n<a href=\"https:\/\/www.ne.se\/info\/skola\/tryckta-laromedel\/gymnasiet\/\" target=\"\" aria-label=\"Se alla tryckta l\u00e4romedel\" class=\"button button-blue\">\n    Se alla tryckta l\u00e4romedel    <\/a>            <\/div>                            <\/div>\n                        <\/div>\n                    \n                                            <div class=\"right\">\n                            \n                            <div class=\"one-two-item small\">\n                                \n<div class=\"card-small\">\n        \n\n    <div class=\"content\">\n                                    <h4 class=\"heading\">Kompletta digitala l\u00e4romedel f\u00f6r alla elever<\/h4>\n                            <p class=\"text\">Ge dina l\u00e4rare verktygen de beh\u00f6ver f\u00f6r att bedriva en modern, likv\u00e4rdig och pedagogiskt h\u00e5llbar undervisning helt enligt Gy25. L\u00e4romedlen m\u00f6jligg\u00f6r en tillg\u00e4nglig och engagerande undervisning som st\u00e4rker elevernas l\u00e4rande.\r\n\r\n<br>Utbudet t\u00e4cker matematik, biologi, fysik, kemi, naturkunskap, svenska, engelska, historia, religionskunskap, samh\u00e4llskunskap samt idrott och h\u00e4lsa. <\/p>\n        \n                                    \n<a href=\"https:\/\/www.ne.se\/info\/skola\/laromedel\/\" target=\"\" aria-label=\"Se alla digitala l\u00e4romedel\" class=\"button button-blue\">\n    Se alla digitala l\u00e4romedel    <\/a>                        <\/div>\n\n<\/div>                            <\/div>\n\n                                                    <\/div>\n                                    <\/div>\n                    <\/div>\n    <\/div>\n<\/section>\n\n\n\n<section  class=\"mini-header center\">\n    <div class=\"container\">\n        <div class=\"inner  pt-5 pb-2\">\n\n        \n                            <div class=\"heading-container\">\n                    \n<h2 class=\"h2\"> Vi finns h\u00e4r f\u00f6r dig <\/h2>                                    <\/div>\n            \n            <div class=\"content-container\">\n\n                                    \n<p class=\"ample\">\n    H\u00f6r av dig till oss om du har n\u00e5gra fr\u00e5gor eller om du vill prova NE tillsammans med dina kollegor.<\/p>                \n\n                \n                \n            <\/div>\n\n        <\/div>\n    <\/div>\n<\/section>\n\n\n\n<section  class=\"contact-person-grid bg-white\">\n    <div class=\"container\">\n        <div class=\"inner  pt-0 pb-0\">\n                            <div class=\"grid contact-person-grid\">\n                                            <div class=\"col col-3 contact-person-col\">\n                            \n\n\n<div class=\"content small-center\">\n    <div class=\"image\">\n        <img decoding=\"async\" src=\"https:\/\/www.ne.se\/info\/wp-content\/uploads\/2024\/12\/Gustaf_Olsson_5-7-360x360.jpg\" alt=\"\">\n    <\/div>\n    <div class=\"info\"> \n        <div class=\"top\"> \n                            <p class=\"name\">Gustaf Olsson<\/p>\n                                        <p class=\"title\">Sydv\u00e4st<\/p>\n                                        <a href=\"tel:073-036 06 64\" title=\"Ring Gustaf Olsson\" class=\"phone\">073-036 06 64<\/a>\n                                        <a href=\"mailto:gustaf.olsson@ne.se\" title=\"Skicka ett mail till Gustaf Olsson\" class=\"email\">gustaf.olsson@ne.se<\/a>\n                    <\/div>\n                    <div class=\"sales-link\" data-block-id=\"18083\">\n                <svg width=\"16\" height=\"17\" viewBox=\"0 0 16 17\" fill=\"none\" xmlns=\"http:\/\/www.w3.org\/2000\/svg\">\n    <path d=\"M13.332 2.5h-.667v-.667c0-.366-.3-.666-.666-.666-.367 0-.667.3-.667.666V2.5H4.665v-.667c0-.366-.3-.666-.666-.666-.367 0-.667.3-.667.666V2.5h-.667c-.733 0-1.333.6-1.333 1.333V14.5c0 .733.6 1.333 1.333 1.333h10.667c.733 0 1.333-.6 1.333-1.333V3.833c0-.733-.6-1.333-1.333-1.333zm-.667 12H3.332a.669.669 0 0 1-.667-.667v-8h10.667v8c0 .367-.3.667-.667.667z\" fill=\"#007DB8\"\/>\n<\/svg>\n                <span>Boka m\u00f6te<\/span>\n            <\/div>\n            <\/div>\n\n<\/div>                        <\/div>\n\n                        \n                                                    <div class=\"modal modal-form\" data-modal-id=\"18083\">\n\n  <div class=\"modal-content\">\n    <div class=\"grid\">\n      <div class=\"col col-2 info\">\n                  <img decoding=\"async\" src=\"https:\/\/www.ne.se\/info\/wp-content\/uploads\/2025\/01\/shutterstock_1195641025-1044x610.jpg\" srcset=\"\" sizes=\"(max-width: 1044px) 100vw, 1044px\" alt=\"\" title=\"\"  \/>\n                          <p class=\"heading\">Hej!<\/p>\n                          <p class=\"text\">Vad roligt att du \u00e4r nyfiken p\u00e5 NE! Boka g\u00e4rna en tid i min kalender som passar dig b\u00e4st, s\u00e5 kan vi prata vidare.<br \/>\r\n<\/p>\n              <\/div>\n      <div class=\"col col-2 form\">\n        <!-- Start of Meetings Embed Script -->\r\n    <div class=\"meetings-iframe-container\" data-src=\"https:\/\/meetings.hubspot.com\/gustaf-olsson\/mote-med-gustaf-pa-ne?embed=true\"><\/div>\r\n    <script type=\"text\/javascript\" src=\"https:\/\/static.hsappstatic.net\/MeetingsEmbed\/ex\/MeetingsEmbedCode.js\"><\/script>\r\n  <!-- End of Meetings Embed Script -->      <\/div>\n    <\/div>\n    \n  <\/div>\n\n<\/div>                                                                    <div class=\"col col-3 contact-person-col\">\n                            \n\n\n<div class=\"content small-center\">\n    <div class=\"image\">\n        <img decoding=\"async\" src=\"https:\/\/www.ne.se\/info\/wp-content\/uploads\/2024\/12\/HM2025-2-360x360.png\" alt=\"\">\n    <\/div>\n    <div class=\"info\"> \n        <div class=\"top\"> \n                            <p class=\"name\">Hannah Majoros<\/p>\n                                        <p class=\"title\">\u00d6st<\/p>\n                                        <a href=\"tel:070-668 47 74\" title=\"Ring Hannah Majoros\" class=\"phone\">070-668 47 74<\/a>\n                                        <a href=\"mailto:hannah.majoros@ne.se\" title=\"Skicka ett mail till Hannah Majoros\" class=\"email\">hannah.majoros@ne.se<\/a>\n                    <\/div>\n                    <div class=\"sales-link\" data-block-id=\"18080\">\n                <svg width=\"16\" height=\"17\" viewBox=\"0 0 16 17\" fill=\"none\" xmlns=\"http:\/\/www.w3.org\/2000\/svg\">\n    <path d=\"M13.332 2.5h-.667v-.667c0-.366-.3-.666-.666-.666-.367 0-.667.3-.667.666V2.5H4.665v-.667c0-.366-.3-.666-.666-.666-.367 0-.667.3-.667.666V2.5h-.667c-.733 0-1.333.6-1.333 1.333V14.5c0 .733.6 1.333 1.333 1.333h10.667c.733 0 1.333-.6 1.333-1.333V3.833c0-.733-.6-1.333-1.333-1.333zm-.667 12H3.332a.669.669 0 0 1-.667-.667v-8h10.667v8c0 .367-.3.667-.667.667z\" fill=\"#007DB8\"\/>\n<\/svg>\n                <span>Boka m\u00f6te<\/span>\n            <\/div>\n            <\/div>\n\n<\/div>                        <\/div>\n\n                        \n                                                    <div class=\"modal modal-form\" data-modal-id=\"18080\">\n\n  <div class=\"modal-content\">\n    <div class=\"grid\">\n      <div class=\"col col-2 info\">\n                  <img decoding=\"async\" src=\"https:\/\/www.ne.se\/info\/wp-content\/uploads\/2025\/01\/shutterstock_1195641025-1044x610.jpg\" srcset=\"\" sizes=\"(max-width: 1044px) 100vw, 1044px\" alt=\"\" title=\"\"  \/>\n                          <p class=\"heading\">Hej!<\/p>\n                          <p class=\"text\">Vad roligt att du \u00e4r nyfiken p\u00e5 NE! Boka g\u00e4rna en tid i min kalender som passar dig b\u00e4st, s\u00e5 kan vi prata vidare.<\/p>\n              <\/div>\n      <div class=\"col col-2 form\">\n        <!-- Start of Meetings Embed Script -->\r\n    <div class=\"meetings-iframe-container\" data-src=\"https:\/\/meetings.hubspot.com\/hannah-majoros?embed=true\"><\/div>\r\n    <script type=\"text\/javascript\" src=\"https:\/\/static.hsappstatic.net\/MeetingsEmbed\/ex\/MeetingsEmbedCode.js\"><\/script>\r\n  <!-- End of Meetings Embed Script -->      <\/div>\n    <\/div>\n    \n  <\/div>\n\n<\/div>                                                                    <div class=\"col col-3 contact-person-col\">\n                            \n\n\n<div class=\"content small-center\">\n    <div class=\"image\">\n        <img decoding=\"async\" src=\"https:\/\/www.ne.se\/info\/wp-content\/uploads\/2023\/03\/kenneth_skardud-360x360.jpg\" alt=\"\">\n    <\/div>\n    <div class=\"info\"> \n        <div class=\"top\"> \n                            <p class=\"name\">Kenneth Sk\u00e5rud<\/p>\n                                        <p class=\"title\">Norr<\/p>\n                                        <a href=\"tel:076-943 32 22\" title=\"Ring Kenneth Sk\u00e5rud\" class=\"phone\">076-943 32 22<\/a>\n                                        <a href=\"mailto:kenneth.skarud@ne.se\" title=\"Skicka ett mail till Kenneth Sk\u00e5rud\" class=\"email\">kenneth.skarud@ne.se<\/a>\n                    <\/div>\n                    <div class=\"sales-link\" data-block-id=\"18079\">\n                <svg width=\"16\" height=\"17\" viewBox=\"0 0 16 17\" fill=\"none\" xmlns=\"http:\/\/www.w3.org\/2000\/svg\">\n    <path d=\"M13.332 2.5h-.667v-.667c0-.366-.3-.666-.666-.666-.367 0-.667.3-.667.666V2.5H4.665v-.667c0-.366-.3-.666-.666-.666-.367 0-.667.3-.667.666V2.5h-.667c-.733 0-1.333.6-1.333 1.333V14.5c0 .733.6 1.333 1.333 1.333h10.667c.733 0 1.333-.6 1.333-1.333V3.833c0-.733-.6-1.333-1.333-1.333zm-.667 12H3.332a.669.669 0 0 1-.667-.667v-8h10.667v8c0 .367-.3.667-.667.667z\" fill=\"#007DB8\"\/>\n<\/svg>\n                <span>Boka m\u00f6te<\/span>\n            <\/div>\n            <\/div>\n\n<\/div>                        <\/div>\n\n                        \n                                                    <div class=\"modal modal-form\" data-modal-id=\"18079\">\n\n  <div class=\"modal-content\">\n    <div class=\"grid\">\n      <div class=\"col col-2 info\">\n                  <img decoding=\"async\" src=\"https:\/\/www.ne.se\/info\/wp-content\/uploads\/2025\/01\/shutterstock_1195641025-1044x610.jpg\" srcset=\"\" sizes=\"(max-width: 1044px) 100vw, 1044px\" alt=\"\" title=\"\"  \/>\n                          <p class=\"heading\">Hej!<\/p>\n                          <p class=\"text\">Vad roligt att du \u00e4r nyfiken p\u00e5 NE! Boka g\u00e4rna en tid i min kalender som passar dig b\u00e4st, s\u00e5 kan vi prata vidare.<\/p>\n              <\/div>\n      <div class=\"col col-2 form\">\n        <!-- Start of Meetings Embed Script -->\r\n    <div class=\"meetings-iframe-container\" data-src=\"https:\/\/meetings.hubspot.com\/kenneth-skarud\/webbmote-med-ne?embed=true\"><\/div>\r\n    <script type=\"text\/javascript\" src=\"https:\/\/static.hsappstatic.net\/MeetingsEmbed\/ex\/MeetingsEmbedCode.js\"><\/script>\r\n  <!-- End of Meetings Embed Script -->      <\/div>\n    <\/div>\n    \n  <\/div>\n\n<\/div>                                                                    <div class=\"col col-3 contact-person-col\">\n                            \n\n\n<div class=\"content small-center\">\n    <div class=\"image\">\n        <img decoding=\"async\" src=\"https:\/\/www.ne.se\/info\/wp-content\/uploads\/2025\/09\/Hannah_5-7-360x360.jpg\" alt=\"\">\n    <\/div>\n    <div class=\"info\"> \n        <div class=\"top\"> \n                            <p class=\"name\">Hanna Storck<\/p>\n                                        <p class=\"title\">Syd\u00f6st<\/p>\n                                        <a href=\"tel:076-107 72 36 \" title=\"Ring Hanna Storck\" class=\"phone\">076-107 72 36 <\/a>\n                                        <a href=\"mailto:hanna.storck@ne.se\" title=\"Skicka ett mail till Hanna Storck\" class=\"email\">hanna.storck@ne.se<\/a>\n                    <\/div>\n                    <div class=\"sales-link\" data-block-id=\"22681\">\n                <svg width=\"16\" height=\"17\" viewBox=\"0 0 16 17\" fill=\"none\" xmlns=\"http:\/\/www.w3.org\/2000\/svg\">\n    <path d=\"M13.332 2.5h-.667v-.667c0-.366-.3-.666-.666-.666-.367 0-.667.3-.667.666V2.5H4.665v-.667c0-.366-.3-.666-.666-.666-.367 0-.667.3-.667.666V2.5h-.667c-.733 0-1.333.6-1.333 1.333V14.5c0 .733.6 1.333 1.333 1.333h10.667c.733 0 1.333-.6 1.333-1.333V3.833c0-.733-.6-1.333-1.333-1.333zm-.667 12H3.332a.669.669 0 0 1-.667-.667v-8h10.667v8c0 .367-.3.667-.667.667z\" fill=\"#007DB8\"\/>\n<\/svg>\n                <span>Boka m\u00f6te<\/span>\n            <\/div>\n            <\/div>\n\n<\/div>                        <\/div>\n\n                        \n                                                    <div class=\"modal modal-form\" data-modal-id=\"22681\">\n\n  <div class=\"modal-content\">\n    <div class=\"grid\">\n      <div class=\"col col-2 info\">\n                  <img decoding=\"async\" src=\"https:\/\/www.ne.se\/info\/wp-content\/uploads\/2025\/01\/shutterstock_1195641025-1044x610.jpg\" srcset=\"\" sizes=\"(max-width: 1044px) 100vw, 1044px\" alt=\"\" title=\"\"  \/>\n                          <p class=\"heading\">Hej!<\/p>\n                          <p class=\"text\">Vad roligt att du \u00e4r nyfiken p\u00e5 NE! Boka g\u00e4rna en tid i min kalender som passar dig b\u00e4st, s\u00e5 kan vi prata vidare.<\/p>\n              <\/div>\n      <div class=\"col col-2 form\">\n        <!-- Start of Meetings Embed Script -->\r\n    <div class=\"meetings-iframe-container\" data-src=\"https:\/\/meetings.hubspot.com\/hanna-storck\/hanna-storck?embed=true\"><\/div>\r\n    <script type=\"text\/javascript\" src=\"https:\/\/static.hsappstatic.net\/MeetingsEmbed\/ex\/MeetingsEmbedCode.js\"><\/script>\r\n  <!-- End of Meetings Embed Script -->      <\/div>\n    <\/div>\n    \n  <\/div>\n\n<\/div>                                                                    <div class=\"col col-3 contact-person-col\">\n                            \n\n\n<div class=\"content small-center\">\n    <div class=\"image\">\n        <img decoding=\"async\" src=\"https:\/\/www.ne.se\/info\/wp-content\/uploads\/2025\/09\/20250908_Personalbilder_0022-1-kopiera-1-kopiera-360x360.jpg\" alt=\"\">\n    <\/div>\n    <div class=\"info\"> \n        <div class=\"top\"> \n                            <p class=\"name\">Gustaf Svensson<\/p>\n                                        <p class=\"title\">Sydv\u00e4st<\/p>\n                                        <a href=\"tel:076-765 26 41\" title=\"Ring Gustaf Svensson\" class=\"phone\">076-765 26 41<\/a>\n                                        <a href=\"mailto:gustaf.svensson@ne.se\" title=\"Skicka ett mail till Gustaf Svensson\" class=\"email\">gustaf.svensson@ne.se<\/a>\n                    <\/div>\n                    <div class=\"sales-link\" data-block-id=\"22671\">\n                <svg width=\"16\" height=\"17\" viewBox=\"0 0 16 17\" fill=\"none\" xmlns=\"http:\/\/www.w3.org\/2000\/svg\">\n    <path d=\"M13.332 2.5h-.667v-.667c0-.366-.3-.666-.666-.666-.367 0-.667.3-.667.666V2.5H4.665v-.667c0-.366-.3-.666-.666-.666-.367 0-.667.3-.667.666V2.5h-.667c-.733 0-1.333.6-1.333 1.333V14.5c0 .733.6 1.333 1.333 1.333h10.667c.733 0 1.333-.6 1.333-1.333V3.833c0-.733-.6-1.333-1.333-1.333zm-.667 12H3.332a.669.669 0 0 1-.667-.667v-8h10.667v8c0 .367-.3.667-.667.667z\" fill=\"#007DB8\"\/>\n<\/svg>\n                <span>Boka m\u00f6te<\/span>\n            <\/div>\n            <\/div>\n\n<\/div>                        <\/div>\n\n                        \n                                                    <div class=\"modal modal-form\" data-modal-id=\"22671\">\n\n  <div class=\"modal-content\">\n    <div class=\"grid\">\n      <div class=\"col col-2 info\">\n                  <img decoding=\"async\" src=\"https:\/\/www.ne.se\/info\/wp-content\/uploads\/2025\/01\/shutterstock_1195641025-1044x610.jpg\" srcset=\"\" sizes=\"(max-width: 1044px) 100vw, 1044px\" alt=\"\" title=\"\"  \/>\n                          <p class=\"heading\">Hej!<\/p>\n                          <p class=\"text\">Vad roligt att du \u00e4r nyfiken p\u00e5 NE! Boka g\u00e4rna en tid i min kalender som passar dig b\u00e4st, s\u00e5 kan vi prata vidare.<\/p>\n              <\/div>\n      <div class=\"col col-2 form\">\n        <!-- Start of Meetings Embed Script -->\r\n    <div class=\"meetings-iframe-container\" data-src=\"https:\/\/meetings.hubspot.com\/gustaf-svensson\/gustaf-svensson-ne?embed=true\"><\/div>\r\n    <script type=\"text\/javascript\" src=\"https:\/\/static.hsappstatic.net\/MeetingsEmbed\/ex\/MeetingsEmbedCode.js\"><\/script>\r\n  <!-- End of Meetings Embed Script -->      <\/div>\n    <\/div>\n    \n  <\/div>\n\n<\/div>                                                            <\/div>\n                    <\/div>\n    <\/div>\n<\/section>","protected":false},"excerpt":{"rendered":"","protected":false},"author":8,"featured_media":0,"parent":20248,"menu_order":0,"comment_status":"closed","ping_status":"closed","template":"page-teaching-material.php","meta":{"inline_featured_image":false,"footnotes":""},"subject":[],"class_list":["post-20103","page","type-page","status-publish","hentry"],"acf":[],"_links":{"self":[{"href":"https:\/\/www.ne.se\/info\/wp-json\/wp\/v2\/pages\/20103","targetHints":{"allow":["GET"]}}],"collection":[{"href":"https:\/\/www.ne.se\/info\/wp-json\/wp\/v2\/pages"}],"about":[{"href":"https:\/\/www.ne.se\/info\/wp-json\/wp\/v2\/types\/page"}],"author":[{"embeddable":true,"href":"https:\/\/www.ne.se\/info\/wp-json\/wp\/v2\/users\/8"}],"replies":[{"embeddable":true,"href":"https:\/\/www.ne.se\/info\/wp-json\/wp\/v2\/comments?post=20103"}],"version-history":[{"count":53,"href":"https:\/\/www.ne.se\/info\/wp-json\/wp\/v2\/pages\/20103\/revisions"}],"predecessor-version":[{"id":22716,"href":"https:\/\/www.ne.se\/info\/wp-json\/wp\/v2\/pages\/20103\/revisions\/22716"}],"up":[{"embeddable":true,"href":"https:\/\/www.ne.se\/info\/wp-json\/wp\/v2\/pages\/20248"}],"wp:attachment":[{"href":"https:\/\/www.ne.se\/info\/wp-json\/wp\/v2\/media?parent=20103"}],"wp:term":[{"taxonomy":"subject","embeddable":true,"href":"https:\/\/www.ne.se\/info\/wp-json\/wp\/v2\/subject?post=20103"}],"curies":[{"name":"wp","href":"https:\/\/api.w.org\/{rel}","templated":true}]}}