{"id":20493,"date":"2025-05-12T07:57:46","date_gmt":"2025-05-12T07:57:46","guid":{"rendered":"https:\/\/www.ne.se\/info\/?page_id=20493"},"modified":"2025-09-16T07:59:45","modified_gmt":"2025-09-16T07:59:45","slug":"samlade-rakneuppgifter","status":"publish","type":"page","link":"https:\/\/www.ne.se\/info\/skola\/tryckta-laromedel\/haja-matematik\/samlade-rakneuppgifter\/","title":{"rendered":"Samlade r\u00e4kneuppgifter Haja"},"content":{"rendered":"\n\n<section  class=\"blog-header\">\n    <div class=\"container\">\n        <div class=\"inner  pt-5 pb-2\">\n        \n            <div class=\"content\">\n                \n                \n                \n                            <\/div>\n\n                            <img decoding=\"async\" src=\"https:\/\/www.ne.se\/info\/wp-content\/uploads\/2025\/05\/haja-matte-pyssel-headerbild-1200x516.png\" srcset=\"\" sizes=\"(max-width: 1200px) 100vw, 1200px\" alt=\"\" title=\"haja matte pyssel headerbild\" \/>\n                                    <\/div>\n    <\/div>\n<\/section>\n\n\n\n<section  class=\"hubspot-form-block\">\n    <div class=\"container\">\n        <div class=\"inner  pt-3 pb-5\">\n                            <div class=\"grid\">\n                    <div class=\"col col-2\">\n                        \n\n<div class=\"content\">\n\n    \n            \n<h2 class=\"\"> Roliga uppgifter <br>med Haja Matematik <\/h2>    \n            <p class=\"ingress\">Ladda ned en samling av f\u00e4rdiga arbetsblad f\u00f6r din matematikundervisning i \u00e5k 1\u20133. Du f\u00e5r ett urval av r\u00e4kneuppgifter direkt fr\u00e5n Haja Matematik-b\u00f6ckerna, kul att testa tillsammans med dina elever. Dessutom ing\u00e5r fler r\u00e4kneuppgifter f\u00f6r repetition eller extratr\u00e4ning. <br><br>Fyll i formul\u00e4ret och skriv ut bladen. Allt material \u00e4r klart att anv\u00e4nda direkt i klassrummet. Du f\u00e5r arbetsblad som tar upp:<\/p>\n    \n            <ul class=\"usps\">\n            <li class=\"usp\">\n            <svg width=\"24\" height=\"24\" viewBox=\"0 0 24 24\" fill=\"none\" xmlns=\"http:\/\/www.w3.org\/2000\/svg\">\n    <path d=\"M9 16.17 5.53 12.7a.996.996 0 1 0-1.41 1.41l4.18 4.18c.39.39 1.02.39 1.41 0L20.29 7.71a.996.996 0 1 0-1.41-1.41L9 16.17z\" fill=\"#007DB8\"\/>\n<\/svg>\n            Geometriska m\u00f6nster och symboler        <\/li>\n            <li class=\"usp\">\n            <svg width=\"24\" height=\"24\" viewBox=\"0 0 24 24\" fill=\"none\" xmlns=\"http:\/\/www.w3.org\/2000\/svg\">\n    <path d=\"M9 16.17 5.53 12.7a.996.996 0 1 0-1.41 1.41l4.18 4.18c.39.39 1.02.39 1.41 0L20.29 7.71a.996.996 0 1 0-1.41-1.41L9 16.17z\" fill=\"#007DB8\"\/>\n<\/svg>\n            Plus med 10-kompisar        <\/li>\n            <li class=\"usp\">\n            <svg width=\"24\" height=\"24\" viewBox=\"0 0 24 24\" fill=\"none\" xmlns=\"http:\/\/www.w3.org\/2000\/svg\">\n    <path d=\"M9 16.17 5.53 12.7a.996.996 0 1 0-1.41 1.41l4.18 4.18c.39.39 1.02.39 1.41 0L20.29 7.71a.996.996 0 1 0-1.41-1.41L9 16.17z\" fill=\"#007DB8\"\/>\n<\/svg>\n            Addition \u00f6ver 10 och subtraktion 0\u201320        <\/li>\n            <li class=\"usp\">\n            <svg width=\"24\" height=\"24\" viewBox=\"0 0 24 24\" fill=\"none\" xmlns=\"http:\/\/www.w3.org\/2000\/svg\">\n    <path d=\"M9 16.17 5.53 12.7a.996.996 0 1 0-1.41 1.41l4.18 4.18c.39.39 1.02.39 1.41 0L20.29 7.71a.996.996 0 1 0-1.41-1.41L9 16.17z\" fill=\"#007DB8\"\/>\n<\/svg>\n            4:ans tabell och multiplikationskarta        <\/li>\n            <li class=\"usp\">\n            <svg width=\"24\" height=\"24\" viewBox=\"0 0 24 24\" fill=\"none\" xmlns=\"http:\/\/www.w3.org\/2000\/svg\">\n    <path d=\"M9 16.17 5.53 12.7a.996.996 0 1 0-1.41 1.41l4.18 4.18c.39.39 1.02.39 1.41 0L20.29 7.71a.996.996 0 1 0-1.41-1.41L9 16.17z\" fill=\"#007DB8\"\/>\n<\/svg>\n            Probleml\u00f6sning och sudoku        <\/li>\n            <li class=\"usp\">\n            <svg width=\"24\" height=\"24\" viewBox=\"0 0 24 24\" fill=\"none\" xmlns=\"http:\/\/www.w3.org\/2000\/svg\">\n    <path d=\"M9 16.17 5.53 12.7a.996.996 0 1 0-1.41 1.41l4.18 4.18c.39.39 1.02.39 1.41 0L20.29 7.71a.996.996 0 1 0-1.41-1.41L9 16.17z\" fill=\"#007DB8\"\/>\n<\/svg>\n            Stapeldiagram        <\/li>\n    <\/ul>    \n    \n<\/div>                    <\/div>\n                    <div class=\"col col-2 form-right\">\n                        <div class=\"hubspot-form\">\n                            <script charset=\"utf-8\" type=\"text\/javascript\" src=\"\/\/js.hsforms.net\/forms\/embed\/v2.js\"><\/script>\r\n<script>\r\n  hbspt.forms.create({\r\n    portalId: \"4069921\",\r\n    formId: \"76990798-4b33-440d-807c-b35c460b9a79\",\r\n    region: \"na1\"\r\n  });\r\n<\/script>                        <\/div>\n                    <\/div>\n                <\/div>\n                    <\/div>\n    <\/div>\n<\/section>\n\n\n\n<section  class=\"card-row bg-white\">\n    <div class=\"container\">\n        <div class=\"inner  pt-2 pb-5\">\n                            <div class=\"grid card-row-grid three\">\n                                                                    <div class=\"col col-3 card-row-item\">\n                            \n<div class=\"card-medium\">\n            <picture>\n            <source media=\"(min-width:767px)\" srcset=\"https:\/\/www.ne.se\/info\/wp-content\/uploads\/2025\/05\/Haja-landningssida-1A-800x432.png\">\n            <source media=\"(max-width:767px)\" srcset=\"https:\/\/www.ne.se\/info\/wp-content\/uploads\/2025\/05\/Haja-landningssida-1A-1200x678.png\">\n            <img decoding=\"async\" src=\"https:\/\/www.ne.se\/info\/wp-content\/uploads\/2025\/05\/Haja-landningssida-1A-800x432.png\" srcset=\"\" sizes=\"(max-width: 800px) 100vw, 800px\" alt=\"\" title=\"Haja landningssida 1A\"  \/>\n        <\/picture>\n        <div class=\"wrapper\">\n                            <h4 class=\"heading\">Uppt\u00e4ck i Haja Matematik<\/h4>\n                            <p class=\"text\">Haja Matematik \u00e4r kompletta och lekfulla l\u00e4romedel f\u00f6r \u00e5k 1\u20133. H\u00e4r f\u00e5r eleverna f\u00f6lja med den kluriga r\u00e4ven p\u00e5 matematiska \u00e4ventyr \u2013 och samtidigt bygga en trygg och grundl\u00e4ggande f\u00f6rst\u00e5else f\u00f6r matematik. Bl\u00e4ddra eller k\u00f6p redan i dag. \r\n<\/p>\n            <\/div>\n                                        \n<a href=\"https:\/\/www.ne.se\/info\/skola\/tryckta-laromedel\/haja-matematik\/\" target=\"\" aria-label=\"Haja Matematik (F-3)\" class=\"button button-blue\">\n    Haja Matematik (F-3)    <\/a>                        <\/div>                        <\/div>\n\n                                                                    <div class=\"col col-3 card-row-item\">\n                            \n<div class=\"card-medium\">\n            <picture>\n            <source media=\"(min-width:767px)\" srcset=\"https:\/\/www.ne.se\/info\/wp-content\/uploads\/2025\/05\/haja-landningssida-3B-800x432.png\">\n            <source media=\"(max-width:767px)\" srcset=\"https:\/\/www.ne.se\/info\/wp-content\/uploads\/2025\/05\/haja-landningssida-3B-1200x678.png\">\n            <img decoding=\"async\" src=\"https:\/\/www.ne.se\/info\/wp-content\/uploads\/2025\/05\/haja-landningssida-3B-800x432.png\" srcset=\"\" sizes=\"(max-width: 800px) 100vw, 800px\" alt=\"\" title=\"haja landningssida 3B\"  \/>\n        <\/picture>\n        <div class=\"wrapper\">\n                            <h4 class=\"heading\">Best\u00e4ll ett gratis provex <\/h4>\n                            <p class=\"text\">Best\u00e4ll hem ett gratis provexemplar av Haja Matematik. Uppt\u00e4ck och utv\u00e4rdera det i lugn och ro, antingen p\u00e5 egen hand eller tillsammans med dina kollegor. V\u00e4lj enkelt det Haja-exemplar som intresserar dig mest \u2013 direkt i formul\u00e4ret.<\/p>\n            <\/div>\n                                        \n<a href=\"https:\/\/www.ne.se\/info\/skola\/tryckta-laromedel\/bestall-provex-av-tryckta-laromedel\/\" target=\"\" aria-label=\"Best\u00e4ll ditt provex\" class=\"button button-blue\">\n    Best\u00e4ll ditt provex    <\/a>                        <\/div>                        <\/div>\n\n                                    <\/div>\n                    <\/div>\n    <\/div>\n<\/section>","protected":false},"excerpt":{"rendered":"","protected":false},"author":8,"featured_media":0,"parent":15090,"menu_order":0,"comment_status":"closed","ping_status":"closed","template":"","meta":{"inline_featured_image":false,"footnotes":""},"subject":[],"class_list":["post-20493","page","type-page","status-publish","hentry"],"acf":[],"_links":{"self":[{"href":"https:\/\/www.ne.se\/info\/wp-json\/wp\/v2\/pages\/20493","targetHints":{"allow":["GET"]}}],"collection":[{"href":"https:\/\/www.ne.se\/info\/wp-json\/wp\/v2\/pages"}],"about":[{"href":"https:\/\/www.ne.se\/info\/wp-json\/wp\/v2\/types\/page"}],"author":[{"embeddable":true,"href":"https:\/\/www.ne.se\/info\/wp-json\/wp\/v2\/users\/8"}],"replies":[{"embeddable":true,"href":"https:\/\/www.ne.se\/info\/wp-json\/wp\/v2\/comments?post=20493"}],"version-history":[{"count":33,"href":"https:\/\/www.ne.se\/info\/wp-json\/wp\/v2\/pages\/20493\/revisions"}],"predecessor-version":[{"id":22774,"href":"https:\/\/www.ne.se\/info\/wp-json\/wp\/v2\/pages\/20493\/revisions\/22774"}],"up":[{"embeddable":true,"href":"https:\/\/www.ne.se\/info\/wp-json\/wp\/v2\/pages\/15090"}],"wp:attachment":[{"href":"https:\/\/www.ne.se\/info\/wp-json\/wp\/v2\/media?parent=20493"}],"wp:term":[{"taxonomy":"subject","embeddable":true,"href":"https:\/\/www.ne.se\/info\/wp-json\/wp\/v2\/subject?post=20493"}],"curies":[{"name":"wp","href":"https:\/\/api.w.org\/{rel}","templated":true}]}}