{"id":2344,"date":"2023-03-29T08:08:57","date_gmt":"2023-03-29T08:08:57","guid":{"rendered":"https:\/\/www.ne.se\/info\/?page_id=2344"},"modified":"2023-10-09T08:21:41","modified_gmt":"2023-10-09T08:21:41","slug":"upphovsratt","status":"publish","type":"page","link":"https:\/\/www.ne.se\/info\/upphovsratt\/","title":{"rendered":"Upphovsr\u00e4tt"},"content":{"rendered":"\n\n<section  class=\"big-header bg-white \">\n    <div class=\"container\">\n        <div class=\"inner first-block  \">\n\n            \n\n<div class=\"big-header-center\">\n                \n<h2 class=\"h2\"> Upphovsr\u00e4tt <\/h2>                \n<p class=\"ample\">\n    S\u00e5 gott som dagligen f\u00e5r redaktionen fr\u00e5gor som handlar om tillst\u00e5nd att \u00e5terge texter och bilder fr\u00e5n NE i olika sammanhang. H\u00e4r \u00e4r vad som g\u00e4ller.<\/p>    \n    \n    <\/div>\n        <\/div>\n    <\/div>\n<\/section>\n\n\n\n<section  class=\"blog-text\">\n    <div class=\"container\">\n        <div class=\"inner  pt-1 pb-2\">\n                                        <div id=\"content\" class=\"\">\n<div id=\"primary\" class=\"page\">\n<p>N\u00e4stan allt material p\u00e5 NE.se omfattas av upphovsr\u00e4ttslagen. Den inneb\u00e4r att upphovspersonen ensam har r\u00e4tt att best\u00e4mma hur verket ska anv\u00e4ndas eller spridas. Med upphovsperson avses skaparen av exempelvis en text, bild eller karta. Ingen kopiering f\u00e5r g\u00f6ras utan tillst\u00e5nd. Skolor \u00e4r dock undantagna genom Skolkopieringsavtalet och andra regler g\u00e4ller ocks\u00e5 vid privat bruk (se nedan).<\/p>\n<article id=\"post-267\" class=\"post-267 page type-page status-publish\">\n<section class=\"inner-section odd\">\n<div class=\"section-row\">\n<div class=\"section-col text-align-center dark-text\">\n<div class=\"section-content\">\n<p>F\u00f6r texter fr\u00e5n uppslagsverket har NE valt att inte strikt f\u00f6lja upphovsr\u00e4ttslagen. Det inneb\u00e4r att det \u00e4r fritt att citera dem i delar eller i sin helhet, p\u00e5 webbsidor eller i tryckt form, i icke-kommersiellt syfte. Detta under f\u00f6ruts\u00e4ttning att NE, och i f\u00f6rekommande fall skribenten, anges som k\u00e4lla, att citaten \u00e4r ordagranna och att ingen utomst\u00e5ende kan g\u00e5 in och \u00e4ndra i texten.<\/p>\n<p>F\u00f6r bilder, kartor och illustrationer g\u00e4ller upphovsr\u00e4ttslagen strikt eftersom NE i de flesta fall endast har r\u00e4tt att visa dem p\u00e5 NE.se. Upphovsr\u00e4tten ligger hos respektive fotograf, tecknare, konstn\u00e4r eller agentur och det \u00e4r de som ska tillfr\u00e5gas n\u00e4r det g\u00e4ller anv\u00e4ndning. Vem som har upphovsr\u00e4tten till en bild framg\u00e5r av bildbyline.<\/p>\n<p>Skolor, h\u00f6gskolor och universitet har ett upphovsr\u00e4ttsavtal med organisationen Bonus Copyright Access. Avtalet inneb\u00e4r att l\u00e4rare och elever bland annat f\u00e5r kopiera, skanna och ladda ner bilder och texter f\u00f6r skolbruk. Det \u00e4r \u00e4ven till\u00e5tet att dela dem via e-post i undervisningsgrupper samt l\u00e4gga upp dem p\u00e5 slutet n\u00e4tverk som tillh\u00f6r respektive skola.<\/p>\n<p>Privatpersoner f\u00e5r enligt upphovsr\u00e4ttslagen kopiera upphovsr\u00e4ttsligt skyddade verk f\u00f6r privat bruk, men inte i digital form. Med privat bruk avses den som kopierar och vederb\u00f6randes familj och v\u00e4nkrets.<\/p>\n<p>L\u00e4s g\u00e4rna mer om hur du anger NE som k\u00e4lla\u00a0<a href=\"https:\/\/www.ne.se\/info\/hj%c3%a4lp\/ne-som-k%c3%a4lla\/\">h\u00e4r<\/a>.<\/p>\n<p>Redaktionen st\u00e5r g\u00e4rna till tj\u00e4nst n\u00e4r det g\u00e4ller fr\u00e5gor om NE avseende upphovsr\u00e4tten. Du n\u00e5r den enkelt via\u00a0<a href=\"mailto:redaktionen@ne.se\">redaktionen@ne.se<\/a>.<\/p>\n<\/div>\n<\/div>\n<\/div>\n<\/section>\n<\/article>\n<p>&nbsp;<\/p>\n<\/div>\n<\/div>\n<footer id=\"colophon\" class=\"site-footer\">\n<div class=\"site-footer-inner\"><\/div>\n<\/footer>\n                    <\/div>\n    <\/div>\n<\/section>\n\n\n","protected":false},"excerpt":{"rendered":"","protected":false},"author":6,"featured_media":0,"parent":0,"menu_order":0,"comment_status":"closed","ping_status":"closed","template":"","meta":{"inline_featured_image":false,"footnotes":""},"subject":[],"class_list":["post-2344","page","type-page","status-publish","hentry"],"acf":[],"_links":{"self":[{"href":"https:\/\/www.ne.se\/info\/wp-json\/wp\/v2\/pages\/2344","targetHints":{"allow":["GET"]}}],"collection":[{"href":"https:\/\/www.ne.se\/info\/wp-json\/wp\/v2\/pages"}],"about":[{"href":"https:\/\/www.ne.se\/info\/wp-json\/wp\/v2\/types\/page"}],"author":[{"embeddable":true,"href":"https:\/\/www.ne.se\/info\/wp-json\/wp\/v2\/users\/6"}],"replies":[{"embeddable":true,"href":"https:\/\/www.ne.se\/info\/wp-json\/wp\/v2\/comments?post=2344"}],"version-history":[{"count":10,"href":"https:\/\/www.ne.se\/info\/wp-json\/wp\/v2\/pages\/2344\/revisions"}],"predecessor-version":[{"id":10224,"href":"https:\/\/www.ne.se\/info\/wp-json\/wp\/v2\/pages\/2344\/revisions\/10224"}],"wp:attachment":[{"href":"https:\/\/www.ne.se\/info\/wp-json\/wp\/v2\/media?parent=2344"}],"wp:term":[{"taxonomy":"subject","embeddable":true,"href":"https:\/\/www.ne.se\/info\/wp-json\/wp\/v2\/subject?post=2344"}],"curies":[{"name":"wp","href":"https:\/\/api.w.org\/{rel}","templated":true}]}}