{"id":2356,"date":"2023-03-29T08:17:04","date_gmt":"2023-03-29T08:17:04","guid":{"rendered":"https:\/\/www.ne.se\/info\/?page_id=2356"},"modified":"2023-11-08T14:46:20","modified_gmt":"2023-11-08T14:46:20","slug":"fleranvandare","status":"publish","type":"page","link":"https:\/\/www.ne.se\/info\/avtalsvillkor\/fleranvandare\/","title":{"rendered":"Fleranv\u00e4ndare"},"content":{"rendered":"\n\n<section  class=\"big-header bg-white \">\n    <div class=\"container\">\n        <div class=\"inner first-block  \">\n\n            \n\n<div class=\"big-header-center\">\n                \n<h2 class=\"h2\"> Fleranv\u00e4ndare <\/h2>                \n<p class=\"ample\">\n    Allm\u00e4nna villkor f\u00f6r NE:s produkter och tj\u00e4nster avseende fleranv\u00e4ndare.<\/p>    \n    \n    <\/div>\n        <\/div>\n    <\/div>\n<\/section>\n\n\n\n<section  class=\"blog-text\">\n    <div class=\"container\">\n        <div class=\"inner   \">\n                                        <h4>1. Inledning<\/h4>\n<p>Dessa allm\u00e4nna avtalsvillkor (\u201dVillkoren\u201d) g\u00e4ller mellan NE Sverige AB, org nr 556963-6904 (\u201dNE\u201d) och anv\u00e4ndare (\u201dKunden\u201d) vid tecknande av avtal f\u00f6r anv\u00e4ndning av NE:s produkter och tj\u00e4nster (enskilt en \u201dTj\u00e4nst\u201d och gemensamt \u201dTj\u00e4nsterna\u201d). \u201dKunden\u201d avser den skola, kommun, f\u00f6retag eller annan juridisk person som tecknat avtal f\u00f6r en eller flera Tj\u00e4nster f\u00f6r dess individuella anv\u00e4ndare, s\u00e5som t.ex. elever eller anst\u00e4lld personal (\u201dAnv\u00e4ndare\u201d) f\u00f6r vilka Kunden ansvarar. Villkoren utg\u00f6r tillsammans med Kundens best\u00e4llningsavtal det avtal som slutits mellan Kunden och NE (\u201dAvtalet\u201d). Villkoren g\u00e4ller \u00e4ven i fall skriftligt best\u00e4llningsavtal saknas. Genom att godk\u00e4nna dessa villkor bekr\u00e4ftar Kunden Avtalet samt att detta, n\u00e4r s\u00e5 \u00e4r till\u00e4mpligt, har slutits av beh\u00f6rig f\u00f6retr\u00e4dare fr\u00e5n Kundens sida. Eventuella avvikelser fr\u00e5n dessa villkor ska avtalas skriftligen och undertecknas av beh\u00f6rig f\u00f6retr\u00e4dare fr\u00e5n s\u00e5v\u00e4l Kund som NE.<\/p>\n<h4>2. Tj\u00e4nsten och dess inneh\u00e5ll<\/h4>\n<p>Med Tj\u00e4nsten avses det inneh\u00e5ll eller den funktionalitet som NE genom en icke exklusiv och icke \u00f6verl\u00e5tbar licens till Kunden g\u00f6r tillg\u00e4ngligt f\u00f6r Kunden och dess Anv\u00e4ndare att anv\u00e4nda i utbildningssyfte i enlighet med Avtalet. NE f\u00f6rbeh\u00e5ller sig r\u00e4tten att uppdatera, \u00e4ndra och omstrukturera inneh\u00e5llet i Tj\u00e4nsten. Inget ansvar kan g\u00f6ras g\u00e4llande mot NE f\u00f6r s\u00e5dana \u00e5tg\u00e4rder under f\u00f6ruts\u00e4ttning av att Kundens \u00e4ndam\u00e5l och nytta med Tj\u00e4nsten d\u00e4rigenom inte v\u00e4sentligen f\u00f6r\u00e4ndras till nackdel f\u00f6r Kunden.<\/p>\n<h4>3. Avtalsperiod och avtalets upph\u00f6rande<\/h4>\n<p>Avtalet g\u00e4ller f\u00f6r den tid som framg\u00e5r av de villkor som specificeras i Avtalet. Om annat ej avtalats skriftligen f\u00f6rl\u00e4ngs Avtalet automatiskt med ett \u00e5r i taget, s\u00e5vida inte Avtalet dessf\u00f6rinnan skriftligen sagts upp av beh\u00f6rig f\u00f6retr\u00e4dare fr\u00e5n n\u00e5gondera part minst sex m\u00e5nader f\u00f6re avtalsperiodens slut. Vardera parten \u00e4ger r\u00e4tt att s\u00e4ga upp detta avtal till omedelbart upph\u00f6rande om andra parten i v\u00e4sentligt avseende \u00e5sidos\u00e4tter sina skyldigheter enligt avtalet och inte inom tv\u00e5 (2) veckor fr\u00e5n skriftligt p\u00e5pekande h\u00e4rom vidtar r\u00e4ttelse. Part har r\u00e4tt att s\u00e4ga upp avtalet till omedelbart upph\u00f6rande om andra parten f\u00f6rs\u00e4tts i konkurs eller p\u00e5 annat s\u00e4tt befinns vara p\u00e5 obest\u00e5nd samt om andra parten f\u00f6rs\u00e4tts i likvidation. Efter avtalets upph\u00f6rande \u00e4ger Kunden och Anv\u00e4ndare inte r\u00e4tt att anv\u00e4nda Tj\u00e4nsten eller inneh\u00e5ll i Tj\u00e4nsten. Kunden skall d\u00e4rvid tillse att alla eventuella kopior av Tj\u00e4nsten eller inneh\u00e5ll i Tj\u00e4nsten, oavsett format, omg\u00e5ende raderas eller f\u00f6rst\u00f6rs.<\/p>\n<h4>4. Betalning<\/h4>\n<p>Avgiften faktureras i f\u00f6rskott f\u00f6re p\u00e5b\u00f6rjandet av aktuell avtalsperiod med betalning inom 30 dagar efter faktureringsdatum. Avgifter som betalas av Kunden \u00e4r ej \u00e5terbetalningsbara. NE f\u00f6rbeh\u00e5ller sig r\u00e4tten att justera avgiften med anledning av utveckling av Tj\u00e4nsten, f\u00f6r\u00e4ndrat antal Anv\u00e4ndare och\/eller annars i enlighet med den allm\u00e4nna prisutvecklingen p\u00e5 marknaden. Eventuella s\u00e5dana justeringar tr\u00e4der dock i kraft f\u00f6rst f\u00f6r n\u00e4stkommande abonnemangsperiod.<\/p>\n<h4>5. R\u00e4tt att anv\u00e4nda Tj\u00e4nsten<\/h4>\n<p>Kundens r\u00e4tt till anv\u00e4ndning av Tj\u00e4nsten \u00e4r icke exklusiv, ej \u00f6verf\u00f6rbar och begr\u00e4nsad till det vid varje tillf\u00e4lle \u00f6verenskomna antalet beh\u00f6riga Anv\u00e4ndare. Kunden f\u00f6rbinder sig att \u00e5rligen h\u00e5lla NE uppdaterat ang\u00e5ende antalet Anv\u00e4ndare. NE har r\u00e4tt att tillf\u00e4lligt st\u00e4nga av eller begr\u00e4nsa tillg\u00e5ngen till Tj\u00e4nsten om Kunden eller annan person som brukar Tj\u00e4nsten anv\u00e4nder denna s\u00e5 att ol\u00e4genhet uppst\u00e5r f\u00f6r NE eller annan. NE har r\u00e4tt att debitera Kunden kostnader f\u00f6r bortkoppling, avst\u00e4ngning eller begr\u00e4nsning p\u00e5 grund av ol\u00e4genhet samt f\u00f6r \u00e5terst\u00e4llande av s\u00e5dan \u00e5tg\u00e4rd.<\/p>\n<h4>6. Anv\u00e4ndning av Tj\u00e4nsten<\/h4>\n<p>Kunden svarar f\u00f6r att Tj\u00e4nsten inte utnyttjas i strid med Villkoren, Avtalet eller till\u00e4mpliga lagar och f\u00f6reskrifter. Kunden och dess Anv\u00e4ndare \u00e4ger r\u00e4tt att i utbildningssyfte via dator, datorplatta, mobiltelefon eller liknande anordning ta del av Tj\u00e4nsten. Anv\u00e4ndning av Tj\u00e4nsten kr\u00e4ver inloggning och NE tilldelar Kunden licensuppgifter f\u00f6r aktivering av licenser. Kunden ansvarar gentemot NE f\u00f6r all hantering och alla aktiviteter som f\u00f6rekommer via Kundens konto genom de Anv\u00e4ndare som genom Kunden registrerat sig f\u00f6r Tj\u00e4nsten. Det \u00e5ligger Kunden tillse att NE vid varje tillf\u00e4lle erh\u00e5ller korrekta och uppdaterade uppgifter f\u00f6r att Kunden och dennes enskilda Anv\u00e4ndare ska kunna ges tillg\u00e5ng till Tj\u00e4nsten. Med undantag f\u00f6r vad som \u00e4r till\u00e5tet enligt allm\u00e4nna regelverk och principer inom utbildning, \u00e4r det inte till\u00e5tet (i) att i n\u00e5gon form eller format kopiera Tj\u00e4nsten eller inneh\u00e5ll i Tj\u00e4nsten, (ii) att skapa databas, i elektroniskt eller annat format, genom att ladda ner och spara eller skriva ut Tj\u00e4nsten eller delar av eller hela inneh\u00e5llet i Tj\u00e4nsten i annan omfattning \u00e4n vad som uttryckligen till\u00e5ts enligt dessa Villkor, iii.) att \u00e4ndra eller reproducera inneh\u00e5ll i eller delar av eller hela Tj\u00e4nsten; iv.) att l\u00e5na eller hyra ut, distribuera, vidaref\u00f6rs\u00e4lja, eller p\u00e5 annat s\u00e4tt tillhandah\u00e5lla eller tillg\u00e4ngligg\u00f6ra Tj\u00e4nsten eller inneh\u00e5ll i Tj\u00e4nsten till annan, (v) att kringg\u00e5 s\u00e4kerhetssystemet eller f\u00f6rs\u00f6ka testa Tj\u00e4nstens s\u00e4kerhet, vi.) att anv\u00e4nda Tj\u00e4nsten p\u00e5 ett s\u00e4tt som kan skada, s\u00e4tta ur funktion, \u00f6verbelasta eller f\u00f6rs\u00e4mra eller inkr\u00e4kta p\u00e5 andra anv\u00e4ndares anv\u00e4ndning av Tj\u00e4nsten. Detta inkluderar att s\u00e4nda eller skicka material som inneh\u00e5ller programvaruvirus eller andra datakoder, filer eller program som har skapats f\u00f6r att skada, avbryta, f\u00f6rst\u00f6ra eller begr\u00e4nsa funktionsdugligheten f\u00f6r n\u00e5gon datorprogramvara eller h\u00e5rdvara eller utrustning som \u00e4r direkt eller indirekt kopplad till Tj\u00e4nsten; eller vii.) att f\u00f6rs\u00f6ka skaffa otill\u00e5ten tillg\u00e5ng till n\u00e5got datasystem, n\u00e4tverk, inneh\u00e5ll eller information som utg\u00f6r Tj\u00e4nsten eller det system Tj\u00e4nsten \u00e4r baserad p\u00e5. Kunden eller Anv\u00e4ndare f\u00e5r heller inte f\u00f6rs\u00f6ka f\u00e5 tillg\u00e5ng till material eller information som inte avsiktligen gjorts tillg\u00e4nglig eller \u00e4r m\u00f6jlig att tillg\u00e5 via Tj\u00e4nsten.<\/p>\n<p>Kunden f\u00f6rbinder sig vidare att tillse att inloggningsuppgifter f\u00f6r anv\u00e4ndning av Tj\u00e4nsten inte avsl\u00f6jas f\u00f6r n\u00e5gon obeh\u00f6rig samt tillse att handling med uppgift om anv\u00e4ndarnamn och l\u00f6senord f\u00f6rvaras p\u00e5 ett s\u00e5dant s\u00e4tt att obeh\u00f6riga inte kan f\u00e5 tillg\u00e5ng till detta. Kunden ska omg\u00e5ende till NE anm\u00e4la om det kan misst\u00e4nkas att n\u00e5gon obeh\u00f6rig har \u00e5tkomst till tj\u00e4nsten eller dess inloggningsuppgifter. eller om Kunden annars blir medveten om s\u00e4kerhetsproblem r\u00f6rande Tj\u00e4nsten. Tj\u00e4nsten kan inkludera tillg\u00e5ng till externa parters programvaror och l\u00e4nkar till tredje parters webbplatser. Kunden \u00e4r sj\u00e4lv ansvarig f\u00f6r anv\u00e4ndning av och godk\u00e4nnandet av villkoren f\u00f6r s\u00e5dana webbplatser. Det material som Kunden ges tillg\u00e5ng till genom Tj\u00e4nsten, vilket kan inneb\u00e4ra texter, fotografier, illustrationer, filmer m.m. (\u201dMaterialet\u201d), \u00e4r skyddat enligt svensk och internationell upphovsr\u00e4tt. Skyddet inneb\u00e4r bl.a. att Materialet inte f\u00e5r \u00e5terges eller tillg\u00e4ngligg\u00f6ras f\u00f6r allm\u00e4nheten utan tillst\u00e5nd fr\u00e5n r\u00e4ttighetshavaren. Materialet och Tj\u00e4nsten f\u00e5r endast anv\u00e4ndas p\u00e5 det s\u00e4tt och f\u00f6r det antal anv\u00e4ndare som framg\u00e5r av Avtalet. Text- och bildmaterial p\u00e5 Tj\u00e4nsten som \u00e4r producerat av NE f\u00e5r anv\u00e4ndas fritt i klassrum. Det inneb\u00e4r att l\u00e4rare f\u00e5r skriva ut och kopiera valfria sidor till sin klass samt att elever kan anv\u00e4nda texter och bilder fr\u00e5n Tj\u00e4nsten i redovisningar. Det \u00e4r d\u00e4remot inte till\u00e5tet att t.ex. publicera NE- material p\u00e5 skolans hemsida eller annan n\u00e4tplats eller att sprida NE:s material i tryckt form utanf\u00f6r klassrummet.<\/p>\n<h4>7. Behandling av personuppgifter<\/h4>\n<p>NE behandlar personuppgifter avseende Kund eller Anv\u00e4ndare inom ramen f\u00f6r tillhandah\u00e5llandet av Tj\u00e4nster och uppfyllandet av avtalen som tecknats f\u00f6r dessa. I de fall NE kan anses vara personuppgiftsansvarig enligt Dataskyddsf\u00f6rordningen (General Data Protection Regulation 2016\/679) f\u00f6rbinder sig NE att f\u00f6lja best\u00e4mmelserna i denna eller annan till\u00e4mplig lagstiftning avseende behandling av personuppgifter. Mer om NEs\u00a0<a href=\"https:\/\/www.ne.se\/info\/hjalp-behandling-av-personuppgifter\/\">hantering av personuppgifter kan l\u00e4sas h\u00e4r<\/a>. Kunden samtycker till att Kundens Anv\u00e4ndares och kontaktpersoners namn samt \u00f6vriga kontakt-, leverans- och betalningsuppgifter behandlas av NE med modern informationsteknik. Det prim\u00e4ra syftet med s\u00e5dan behandling \u00e4r att administrera avtalsrelationen samt att m\u00f6jligg\u00f6ra god service till Kunden och dess enskilda Anv\u00e4ndare under och efter avtalsperioden. Kunden och dess kontaktpersoner och Anv\u00e4ndare kan n\u00e4r som helst ta del av uppgifterna. F\u00f6r att kunna ge Kundens individuella Anv\u00e4ndare tillg\u00e5ng till Tj\u00e4nsten m\u00e5ste Kunden alltid s\u00e4kerst\u00e4lla att samtycke till viss behandling av personuppgifter inh\u00e4mtas av m\u00e5lsm\u00e4n till omyndiga anv\u00e4ndare. Genom att en Anv\u00e4ndaren tar Tj\u00e4nsten i bruk bekr\u00e4ftas att m\u00e5lsm\u00e4n godk\u00e4nt s\u00e5dan behandling av personuppgifter. P\u00e5 Tj\u00e4nstens webbplats anv\u00e4nds \u00e4ven s.k. cookies. Syftet med dessa cookies, som kan inneh\u00e5lla personinformation, \u00e4r att underl\u00e4tta navigeringen p\u00e5 webbplatsen. Kundens och Anv\u00e4ndares uppgifter lagras under en period efter att abonnemanget st\u00e4ngts och Kunden fullgjort eventuella betalningsf\u00f6rpliktelser. Kunden kan n\u00e4r som helst kontakta NE:s kundcenter och beg\u00e4ra att n\u00e5gon eller alla av dessa uppgifter tas bort.<\/p>\n<p>F\u00f6r det fall Kund hanterar eller lagrar personuppgifter inom ramen f\u00f6r Tj\u00e4nsten kan NE betraktas som Kundens personuppgiftsbitr\u00e4de. Kunden \u00e4r dock alltj\u00e4mt personuppgiftsansvarig f\u00f6r s\u00e5dana hanterade eller lagrade personuppgifter. F\u00f6rutsatt att det inte redan finns ett g\u00e4llande personuppgiftsbitr\u00e4desavtal mellan NE och Kunden, ska Kunden s\u00e4kerst\u00e4lla att parterna ing\u00e5r ett personuppgiftsbitr\u00e4desavtal.<\/p>\n<h4>8. Funktionalitet<\/h4>\n<p>NE garanterar att funktionaliteten i Tj\u00e4nsten \u00f6verensst\u00e4mmer med vad som presenteras i plattformen och i Avtalet f\u00f6r Tj\u00e4nsten. F\u00f6r det fall NE genomf\u00f6r eventuella kundspecifika anpassningar av Tj\u00e4nsten, enligt avtalad specifikation, \u00f6vertar Kunden ansvaret f\u00f6r funktionaliteten om annat inte skriftligen avtalats.<\/p>\n<h4>9. Underh\u00e5ll och avbrott<\/h4>\n<p>NE f\u00f6rbeh\u00e5ller sig r\u00e4tten att under avtalstiden tillf\u00e4lligt begr\u00e4nsa tillg\u00e5ngen till Tj\u00e4nsten f\u00f6r underh\u00e5ll, support, uppgradering, modifiering samt uppdatering av h\u00e5rd- och mjukvara. NE ska om m\u00f6jligt underr\u00e4tta Kunden och Anv\u00e4ndare f\u00f6re s\u00e5dant avbrott och vidtaga sk\u00e4liga \u00e5tg\u00e4rder f\u00f6r att begr\u00e4nsa avbrottets omfattning samt str\u00e4va efter att utf\u00f6ra underh\u00e5ll och \u00f6vriga driftsm\u00e4ssiga f\u00f6rb\u00e4ttrings\u00e5tg\u00e4rder under tider d\u00e5 Tj\u00e4nsten normalt sett har l\u00e5g belastning. Det f\u00f6religger ingen r\u00e4tt till prisavdrag eller ers\u00e4ttning f\u00f6r s\u00e5dana avbrott i tillg\u00e4ngligheten till Tj\u00e4nsten, f\u00f6r skada vid obrukbarhet av Tj\u00e4nsten eller skada med anledning av Tj\u00e4nsten beroende p\u00e5 en omst\u00e4ndighet utanf\u00f6r NE:s kontroll vars f\u00f6ljder inte sk\u00e4ligen kunnat undvikas eller \u00f6vervinnas, skada som tillfogats Kunden av tredje man, arbetskonflikt (oavsett om den omfattar NE:s personal eller inte), blixtnedslag, str\u00f6mavbrott, brand, explosion, krig, upplopp, \u00f6versv\u00e4mning, naturkatastrof, handling eller underl\u00e5tenhet fr\u00e5n myndighet eller annan f\u00f6r vilken NE inte svarar. NE \u00e4r befriad fr\u00e5n skyldighet att fullg\u00f6ra viss f\u00f6rpliktelse enligt Avtalet under den tid s\u00e5dan omst\u00e4ndighet best\u00e5r. Oaktat ovanst\u00e5ende ska Kunden vid en tillg\u00e4nglighet till Tj\u00e4nsten under abonnemangsperioden understigande 99%, ges r\u00e4tt till ett prisavdrag i proportion till s\u00e5dan understigande del.<\/p>\n<h4>10. Support och utbildning<\/h4>\n<p>NE tillhandah\u00e5ller grundsupport avseende Tj\u00e4nst som administreras av NE. I de fall NE konstaterar att ett eventuellt fel ligger utanf\u00f6r NE:s plattform\/Tj\u00e4nsten har NE inget ansvar att forts\u00e4tta fels\u00f6kning om inte annat skriftligen \u00f6verenskommits med Kunden. Inrapportering av support\u00e4rende ska g\u00f6ras via plattformens\/Tj\u00e4nstens funktion f\u00f6r felhantering. F\u00f6r det fall Kunden sj\u00e4lv sk\u00f6ter driften av plattformen f\u00f6r Tj\u00e4nsten, \u00f6verg\u00e5r ocks\u00e5 ansvaret f\u00f6r f\u00f6rvaring och l\u00f6pande s\u00e4kerhetskopiering p\u00e5 Kunden. Support\u00e5tagande ing\u00e5r ej om inte det regleras i separat skriftligt avtal. Eventuell utbildning i Tj\u00e4nsten och villkoren f\u00f6r detta regleras i ett separat avtal mellan NE och Kunden.<\/p>\n<h4>11. Avtalsbrott<\/h4>\n<p>Finns det anledning att misst\u00e4nka att Kunden eller n\u00e5gon av dennes anv\u00e4ndare agerat i strid med Villkoren har NE r\u00e4tt att sp\u00e4rra Kundens eller anv\u00e4ndarens tillg\u00e5ng till Tj\u00e4nsten till dess att fr\u00e5gan utretts. I fall d\u00e5 NE kan konstatera att anv\u00e4ndarnamn och l\u00f6senord missbrukats har NE \u00e4ven r\u00e4tt att tilldela Kunden eller anv\u00e4ndaren ett nytt anv\u00e4ndarnamn och l\u00f6senord. NE har d\u00e4rut\u00f6ver r\u00e4tt att, ut\u00f6ver \u00e5tg\u00e4rder enligt punkten 3 ovan, st\u00e4nga av Kundens eller anv\u00e4ndarens anslutning till Tj\u00e4nsten med omedelbar verkan om Kunden eller anv\u00e4ndaren bryter mot Villkoren i n\u00e5got v\u00e4sentligt h\u00e4nseende.<\/p>\n<h4>12. Ansvarsbegr\u00e4nsning<\/h4>\n<p>NE \u00e5tar sig inget ansvar f\u00f6r eventuella fel och brister i Tj\u00e4nstens inneh\u00e5ll eller i tillg\u00e4ngligheten till densamma. Varken NE, dess licensgivare eller inneh\u00e5llsleverant\u00f6rer kan vidare i n\u00e5got fall h\u00e5llas ansvarig f\u00f6r eventuella skador, vare sig direkta eller indirekta, som orsakas eller uppkommer till f\u00f6ljd av anv\u00e4ndningen av Tj\u00e4nsten. I den m\u00e5n annat inte f\u00f6ljer av till\u00e4mplig tvingande lag ska NE:s och dess licensgivare och inneh\u00e5llsleverant\u00f6rers totala, sammanlagda ansvar under inga omst\u00e4ndigheter \u00f6verstiga det totala belopp som Kunden erlagt till NE under aktuell abonnemangsperiod. NE dess licensgivare och inneh\u00e5llsleverant\u00f6rer ansvarar inte under n\u00e5gra f\u00f6rh\u00e5llanden f\u00f6r utebliven vinst eller int\u00e4kt, f\u00f6rlust i n\u00e4ringsverksamhet, inkomstf\u00f6rlust eller annan indirekt skada om inte NE dess licensgivare och inneh\u00e5llsleverant\u00f6rer f\u00e5r anses ha handlat grovt v\u00e5rdsl\u00f6st.<\/p>\n<h4>13. \u00c4ndringar<\/h4>\n<p>NE f\u00f6rbeh\u00e5ller sig r\u00e4tten att \u00e4ndra Villkoren vars senast uppdaterade och publicerade version p\u00e5 NE.se g\u00e4ller. \u00c4ndringar \u00e4r bindande f\u00f6r Kunden om inte Kunden, senast sju dagar efter det att \u00e4ndringen publicerats och Kunden meddelats om \u00e4ndringen via angiven emailadress, meddelar NE att Kunden s\u00e4ger upp Tj\u00e4nsten till upph\u00f6rande vid n\u00e4sta kalenderm\u00e5nadsskifte.<\/p>\n<h4>14. Meddelanden<\/h4>\n<p>Meddelanden fr\u00e5n NE till Kunden som skickats till den av Kunden angivna e-postadressen ska anses ha n\u00e5tt Kunden samma dag som meddelandet skickades. Kunden ansvarar f\u00f6r att h\u00e5lla dennes och dess Anv\u00e4ndares kontaktuppgifter uppdaterade.<\/p>\n<h4>15. \u00d6vrigt<\/h4>\n<p>Kunden \u00e4ger inte utan NEs p\u00e5 f\u00f6rhand l\u00e4mnade skriftliga medgivande r\u00e4tt att \u00f6verl\u00e5ta, uppl\u00e5ta eller p\u00e5 annat s\u00e4tt avh\u00e4nda sig sina r\u00e4ttigheter eller skyldigheter enligt detta avtal. NE \u00e4ger r\u00e4tt att \u00f6verl\u00e5ta sina r\u00e4ttigheter och skyldigheter enligt detta avtal till annat bolag inom samma koncern. NE \u00e4ger r\u00e4tt att i marknadsf\u00f6ringsmaterial och p\u00e5 webbsidor samt i pressmeddelanden ange Kundens namn och framh\u00e5lla sitt samarbete med Kunden.<\/p>\n<p>NE f\u00f6rbeh\u00e5ller sig r\u00e4tten att kontrollera Kundens och Anv\u00e4ndares anv\u00e4ndning av Tj\u00e4nsterna f\u00f6r att f\u00f6rs\u00e4kra sig om att Avtalet f\u00f6ljs. Parterna skall samarbeta f\u00f6r s\u00e5dan granskning och NE ska h\u00e4rf\u00f6r erbjudas tillg\u00e5ng till Kundens lokaler, utrustning och material, i s\u00e5dan omfattning och vid s\u00e5dana tillf\u00e4llen som kan anses sk\u00e4ligt f\u00f6r att kunna genomf\u00f6ra s\u00e5dan kontroll.<\/p>\n                    <\/div>\n    <\/div>\n<\/section>\n\n\n","protected":false},"excerpt":{"rendered":"","protected":false},"author":6,"featured_media":0,"parent":2362,"menu_order":0,"comment_status":"closed","ping_status":"closed","template":"","meta":{"inline_featured_image":false,"footnotes":""},"subject":[],"class_list":["post-2356","page","type-page","status-publish","hentry"],"acf":[],"_links":{"self":[{"href":"https:\/\/www.ne.se\/info\/wp-json\/wp\/v2\/pages\/2356","targetHints":{"allow":["GET"]}}],"collection":[{"href":"https:\/\/www.ne.se\/info\/wp-json\/wp\/v2\/pages"}],"about":[{"href":"https:\/\/www.ne.se\/info\/wp-json\/wp\/v2\/types\/page"}],"author":[{"embeddable":true,"href":"https:\/\/www.ne.se\/info\/wp-json\/wp\/v2\/users\/6"}],"replies":[{"embeddable":true,"href":"https:\/\/www.ne.se\/info\/wp-json\/wp\/v2\/comments?post=2356"}],"version-history":[{"count":10,"href":"https:\/\/www.ne.se\/info\/wp-json\/wp\/v2\/pages\/2356\/revisions"}],"predecessor-version":[{"id":10952,"href":"https:\/\/www.ne.se\/info\/wp-json\/wp\/v2\/pages\/2356\/revisions\/10952"}],"up":[{"embeddable":true,"href":"https:\/\/www.ne.se\/info\/wp-json\/wp\/v2\/pages\/2362"}],"wp:attachment":[{"href":"https:\/\/www.ne.se\/info\/wp-json\/wp\/v2\/media?parent=2356"}],"wp:term":[{"taxonomy":"subject","embeddable":true,"href":"https:\/\/www.ne.se\/info\/wp-json\/wp\/v2\/subject?post=2356"}],"curies":[{"name":"wp","href":"https:\/\/api.w.org\/{rel}","templated":true}]}}