{"id":2368,"date":"2023-03-29T08:32:16","date_gmt":"2023-03-29T08:32:16","guid":{"rendered":"https:\/\/www.ne.se\/info\/?page_id=2368"},"modified":"2024-01-22T07:49:19","modified_gmt":"2024-01-22T07:49:19","slug":"privatanvandare","status":"publish","type":"page","link":"https:\/\/www.ne.se\/info\/avtalsvillkor\/privatanvandare\/","title":{"rendered":"Privatanv\u00e4ndare"},"content":{"rendered":"\n\n<section  class=\"big-header bg-white \">\n    <div class=\"container\">\n        <div class=\"inner first-block  \">\n\n            \n\n<div class=\"big-header-center\">\n                \n<h2 class=\"h2\"> Privat\u00adanv\u00e4ndare <\/h2>                \n<p class=\"ample\">\n    Allm\u00e4nna villkor f\u00f6r NE:s produkter och tj\u00e4nster avseende privatpersoner.<\/p>    \n    \n    <\/div>\n        <\/div>\n    <\/div>\n<\/section>\n\n\n\n<section  class=\"blog-text\">\n    <div class=\"container\">\n        <div class=\"inner   \">\n                                        <h4>1. Inledning<\/h4>\n<div class=\"site-inner simple-template\">\n<div class=\"entry-content\">\n<p>Dessa allm\u00e4nna avtalsvillkor (\u201dVillkoren\u201d) g\u00e4ller f\u00f6r privatperson (\u201dKunden\u201d) som registrerar sig som anv\u00e4ndare p\u00e5 NE:s Internettj\u00e4nst, NE.se (\u201dTj\u00e4nsten\u201d), som utges av NE Sverige AB (\u201dNE\u201d), och utg\u00f6r tillsammans med de uppgifter som framgick vid Kundens registrering det avtal (\u201dAvtalet\u201d) som slutits mellan Kunden och NE. Genom att godk\u00e4nna dessa villkor bekr\u00e4ftar jag ocks\u00e5 att tillst\u00e5nd fr\u00e5n v\u00e5rdnadshavare har inh\u00e4mtats om jag som kund \u00e4r under 18 \u00e5r.<\/p>\n<h4>2. Tj\u00e4nsten och dess inneh\u00e5ll<\/h4>\n<p>Med Tj\u00e4nsten avses de l\u00f6senordsskyddade databaser som NE gjort tillg\u00e4ngliga f\u00f6r Kunden p\u00e5 Tj\u00e4nstens webbplats i enlighet med Villkoren. NE f\u00f6rbeh\u00e5ller sig r\u00e4tten att \u00e4ndra och omstrukturera inneh\u00e5llet i Tj\u00e4nsten, modifiera eller byta ut s\u00f6ksystemet eller st\u00e4nga och \u00f6ppna nya databaser. Inget ansvar kan g\u00f6ras g\u00e4llande mot NE f\u00f6r s\u00e5dana \u00e5tg\u00e4rder, under f\u00f6ruts\u00e4ttning att Kundens \u00e4ndam\u00e5l och nytta med abonnemanget d\u00e4rigenom inte blir v\u00e4sentligen f\u00f6r\u00e4ndrade till nackdel f\u00f6r Kunden, i vilket fall Kunden skall vara ber\u00e4ttigad till sk\u00e4ligt avdrag p\u00e5 priset f\u00f6r abonnemanget f\u00f6r innevarande abonnemangsperiod.<\/p>\n<h4>3. R\u00e4tt att anv\u00e4nda Tj\u00e4nsten<\/h4>\n<p>R\u00e4tt att anv\u00e4nda Tj\u00e4nsten f\u00f6r anv\u00e4ndare med privatabonnemang tillkommer Kunden och de familjemedlemmar som \u00e4r permanent bosatta hos Kunden. Tj\u00e4nsten f\u00e5r endast anv\u00e4ndas f\u00f6r icke-kommersiellt bruk via HTTP.<\/p>\n<p>Kund med privatabonnemang erh\u00e5ller tillg\u00e5ng till Tj\u00e4nsten s\u00e5 snart registrering genomf\u00f6rts och Villkoren accepterats. I samband med registreringen erh\u00e5lls anv\u00e4ndarnamn och l\u00f6senord.<\/p>\n<h4>4. Avtalstid och upps\u00e4gning av Avtalet<\/h4>\n<p>Om inte annat \u00f6verenskommits \u00e4r avtalet ett tillsvidareabonnemang som f\u00f6rl\u00e4ngs till dess upps\u00e4gning g\u00f6rs fr\u00e5n kundens sida. Upps\u00e4gningen skall vara NE tillhanda senast sista dagen i den avtalade abonnemangsperioden, i annat fall f\u00f6rl\u00e4ngs abonnemanget automatiskt med ytterligare en abonnemangsperiod av samma l\u00e4ngd som f\u00f6reg\u00e5ende period. Utebliven betalning \u00e4r inte godtagbar grund f\u00f6r upps\u00e4gning.<\/p>\n<h4>5. \u00c5ngerr\u00e4tt<\/h4>\n<p>Kunden har enligt Distansavtalslagen \u00e5ngerr\u00e4tt i 14 dagar efter dagen d\u00e5 avtalet om abonnemang ingicks. Genom att logga in p\u00e5 Tj\u00e4nsten under \u00e5ngerfristen samtycker Kunden till att \u00e5ngerr\u00e4tten g\u00e5r f\u00f6rlorad.<\/p>\n<p>Om Kunden \u00f6nskar utnyttja \u00e5ngerr\u00e4tten skall Kunden kontakta kundcenter via\u00a0<a href=\"https:\/\/www.ne.se\/info\/kontakt\/support\/\">dessa kontaktuppgifter.<\/a><\/p>\n<h4>6. Betalning<\/h4>\n<p>De abonnemangsavgifter som g\u00e4ller f\u00f6r Kunden finns angivna p\u00e5 Tj\u00e4nsten. NE f\u00f6rbeh\u00e5ller sig r\u00e4tten att justera abonnemangsavgiften i enlighet med den allm\u00e4nna prisutvecklingen p\u00e5 marknaden. Eventuella s\u00e5dana justeringar tr\u00e4der dock i kraft f\u00f6rst avseende n\u00e4stkommande abonnemangsperiod.<\/p>\n<p>Om avtal tecknas med betalning via faktura skall om inget annat \u00f6verenskommits i samband med registreringen betalning f\u00f6r abonnemanget p\u00e5 Tj\u00e4nsten erl\u00e4ggas inom 30 dagar efter den dag d\u00e5 Kunden erh\u00f6ll en faktura fr\u00e5n NE. Fakturan skickas till kund innan en ny abonnemangsperiod p\u00e5b\u00f6rjas.<\/p>\n<p>Sker betalning efter f\u00f6rfallodatum debiteras p\u00e5minnelseavgift och dr\u00f6jm\u00e5lsr\u00e4nta enligt g\u00e4llande lagstiftning.<\/p>\n<p>Om avtal tecknas med betalning via autogiro eller kort kommer avgiften att l\u00f6pande dras utan avisering fr\u00e5n det konto kunden registrerat hos oss. Om betalning ej \u00e4r m\u00f6jlig att genomf\u00f6ra kommer NE att avisera kunden motsvarande belopp via faktura.<\/p>\n<p>NE f\u00f6rbeh\u00e5ller sig r\u00e4tten att utf\u00f6ra kreditkontroll i samband med att Kunden registrerar sig som anv\u00e4ndare av Tj\u00e4nsten.<\/p>\n<h4>7. Anv\u00e4ndning av Tj\u00e4nsten<\/h4>\n<p>Kunden svarar f\u00f6r att Tj\u00e4nsten inte utnyttjas i strid mot Villkoren eller mot till\u00e4mpliga lagar och f\u00f6reskrifter.<\/p>\n<p>Kunden f\u00f6rbinder sig vidare h\u00e4rmed att inte avsl\u00f6ja anv\u00e4ndarnamn och l\u00f6senord f\u00f6r n\u00e5gon obeh\u00f6rig samt tillse att handling med uppgift om anv\u00e4ndarnamn och l\u00f6senord f\u00f6rvaras p\u00e5 ett s\u00e5dant s\u00e4tt att obeh\u00f6rig inte kan f\u00e5 tillg\u00e5ng till dessa. Kunden skall omg\u00e5ende till NE anm\u00e4la om det kan misst\u00e4nkas att obeh\u00f6rig k\u00e4nner till Kundens l\u00f6senord.<\/p>\n<p>Det material som Kunden f\u00e5r tillg\u00e5ng till genom Tj\u00e4nsten, s\u00e5som texter och fotografier, \u00e4r skyddat enligt svensk och internationell upphovsr\u00e4tt. Anv\u00e4ndning av inneh\u00e5llet i Tj\u00e4nsten p\u00e5 annat s\u00e4tt \u00e4n genom s\u00f6kning i materialet f\u00f6ruts\u00e4tter d\u00e4rf\u00f6r att anv\u00e4ndningen \u00e4r till\u00e5ten enligt till\u00e4mplig lag.<\/p>\n<p>Konstverk som finns upptagna i Tj\u00e4nsten skyddas av upphovsr\u00e4tt enligt upphovsr\u00e4ttslagen (SFS 1960:729). Skyddet inneb\u00e4r att konstverken inte f\u00e5r \u00e5terges eller tillg\u00e4ngligg\u00f6ras f\u00f6r allm\u00e4nhet utan tillst\u00e5nd fr\u00e5n r\u00e4ttighetshavaren.<\/p>\n<p>Exempel p\u00e5 nyttjanden som kr\u00e4ver tillst\u00e5nd \u00e4r kopiering av konstverket till webb-sida, till interna n\u00e4tverk eller annat tillg\u00e4ngligg\u00f6rande eller m\u00e5ngfaldigande av verket, oavsett metod.<\/p>\n<p>Konstverk av upphovsm\u00e4n som f\u00f6retr\u00e4ds av BUS \u00e5terges p\u00e5 denna hemsida med tillst\u00e5nd av BUS,\u00a0<a href=\"http:\/\/www.bus.se\/\" rel=\"nofollow noopener\" target=\"_blank\">www.bus.se<\/a>. Vid \u00f6nskan att nyttja verket skall BUS kontaktas, telefon 08-54 55 33 80, fax 08-54 55 33 98 eller e-post\u00a0<a href=\"mailto:bus@bus.se\">bus@bus.se<\/a><\/p>\n<ol>\n<li><strong>\u00a0Att anv\u00e4nda material fr\u00e5n Tj\u00e4nsten i undervisningen<\/strong><\/li>\n<\/ol>\n<p>Text- och bildmaterial p\u00e5 Tj\u00e4nsten som \u00e4r producerat av NE f\u00e5r anv\u00e4ndas fritt i klassrummet. Det inneb\u00e4r att l\u00e4rare f\u00e5r skriva ut och kopiera valfria sidor till sin klass samt att elever kan anv\u00e4nda texter och bilder fr\u00e5n Tj\u00e4nsten i redovisningar. Det \u00e4r d\u00e4remot inte till\u00e5tet att t.ex. publicera NE-material p\u00e5 skolans hemsida eller annan n\u00e4tplats eller att sprida NE:s material i tryckt form utanf\u00f6r klassrummet.<\/p>\n<p>Inneh\u00e5ll p\u00e5 Tj\u00e4nsten som skapats av anv\u00e4ndare omfattas av Creative Common-licensen \u201dErk\u00e4nnande \u2013 Icke kommersiell \u2013 Dela Lika\u201d. Det inneb\u00e4r att materialet kan kopieras, bearbetas, spridas och framf\u00f6ras fritt s\u00e5 l\u00e4nge upphovsman anges och materialet inte anv\u00e4nds i kommersiellt syfte. Dela Lika inneb\u00e4r att om materialet bearbetas g\u00e4ller samma villkor f\u00f6r spridningen som f\u00f6r ursprungsverket. <a href=\"https:\/\/se.creativecommons.net\/om-cc\/licenserna\/\" rel=\"nofollow noopener\" target=\"_blank\">L\u00e4s mer\u00a0h\u00e4r\u00a0om Creative Commons.<\/a><\/p>\n<p><strong>\u00a0 \u00a0 \u00a0 \u00a0 2. Villkor f\u00f6r att l\u00e4mna bidrag till Tj\u00e4nsten<\/strong><\/p>\n<p>Genom att bidra med material till Tj\u00e4nsten godk\u00e4nner jag f\u00f6ljande villkor:<\/p>\n<ol>\n<li>Mina personuppgifter kopplas till det material jag levererar. B\u00e5de av NE utvalda personuppgifter och materialet blir tillg\u00e4ngligt f\u00f6r andra som anv\u00e4nder Tj\u00e4nsten.<\/li>\n<li>Jag ansvarar f\u00f6r att jag sj\u00e4lv har skapat materialet och \u00e4ger r\u00e4tten att publicera det alternativt har tillst\u00e5nd av r\u00e4ttighets\u00e4garen att publicera det.<\/li>\n<li>Jag till\u00e5ter att allt material som jag l\u00e4mnar som bidrag licensieras under Creative Commons-licensen \u201dErk\u00e4nnande \u2013 Icke Kommersiell \u2013 Dela Lika\u201d version 3.0.<\/li>\n<li>Jag ansvarar f\u00f6r att personer som medverkar p\u00e5 bilder eller filmer i mitt material har gett sitt tillst\u00e5nd till att bilden\/filmen publiceras p\u00e5 Tj\u00e4nsten samt att NE har r\u00e4tt att anv\u00e4nda materialet fritt p\u00e5 Tj\u00e4nsten samt i information eller reklam f\u00f6r tj\u00e4nsten. Jag intygar ocks\u00e5 att ingenting p\u00e5 bilden\/filmen eller sammanhanget n\u00e4r bilden\/filmen togs strider mot svensk lag.<\/li>\n<li>NE f\u00f6rbeh\u00e5ller sig r\u00e4tten att inte publicera (alternativt ta bort) s\u00e5dant material som anses ol\u00e4mpligt.<\/li>\n<li>Det material jag l\u00e4mnar som bidrag har NE r\u00e4tt att anv\u00e4nda fritt p\u00e5 Tj\u00e4nsten samt i information eller reklam f\u00f6r tj\u00e4nsten.<\/li>\n<li>F\u00f6r minder\u00e5rigas godk\u00e4nnande av 1-6 ovan kr\u00e4vs m\u00e5lsmans tillst\u00e5nd.<\/li>\n<\/ol>\n<p>NE kommer att granska det anv\u00e4ndargenererade materialet f\u00f6re publiceringen. Publicering inneb\u00e4r dock inte att NE slutligt godk\u00e4nt materialet eller ansvarar f\u00f6r dess inneh\u00e5ll. I f\u00f6rsta hand sker granskningen med m\u00e5let att se till att inget ol\u00e4mpligt material ska f\u00f6rekomma p\u00e5 Tj\u00e4nsten. N\u00e4r det g\u00e4ller kunskapstest kan vi av f\u00f6rklarliga sk\u00e4l inte f\u00f6rdr\u00f6ja publiceringen f\u00f6r att granska inneh\u00e5llet. Vi f\u00f6rlitar oss d\u00e4rf\u00f6r till rutinm\u00e4ssig efterkontroll samt anv\u00e4ndarnas hj\u00e4lp att uppm\u00e4rksamma felaktigheter.<\/p>\n<h4>8. Behandling av personuppgifter<\/h4>\n<p>Kunden samtycker h\u00e4rmed till att Kundens namn samt \u00f6vriga kontakt-, leverans- och betalningsuppgifter behandlas av NE med modern informationsteknik. Det prim\u00e4ra syftet med denna behandling \u00e4r att administrera avtalsrelationen samt att m\u00f6jligg\u00f6ra god service till Kunden under och efter abonnemangsperioden.<\/p>\n<p>Kunden och dess kontaktpersoner kan n\u00e4r som helst ta del av uppgifterna.<\/p>\n<p>I de fall personnummer insamlas och behandlas av NE \u00e4r syftet med detta att g\u00f6ra det m\u00f6jligt f\u00f6r NE att utf\u00f6ra en s\u00e4ker identifiering av Kunden. Kunden kan n\u00e4r som helst ta del av och justera uppgifterna via funktionen \u201dMin sida\u201d p\u00e5 Tj\u00e4nstens webbplats.<\/p>\n<p>F\u00f6r personer under 18 \u00e5r g\u00e4ller att genom att anv\u00e4ndaren godk\u00e4nner avtalsvillkoren bekr\u00e4ftas att v\u00e5rdnadshavare accepterar ing\u00e5nget avtal samt r\u00e4tten till behandlingen av personuppgifter.<\/p>\n<p>Personuppgifterna anv\u00e4nds \u00e4ven f\u00f6r att underl\u00e4tta administrationen av Kundens abonnemang och betalningar samt f\u00f6r information och erbjudanden fr\u00e5n NE och NE:s partner via elektronisk \u00f6verf\u00f6ring, post och telefon. Om Kunden inte \u00f6nskar n\u00e4mnd information fr\u00e5n NE eller fr\u00e5n NE:s partner kan NE kundcenter sp\u00e4rra Kunden fr\u00e5n s\u00e5dan anv\u00e4ndning om Kunden meddelar NE detta.<\/p>\n<p>P\u00e5 Tj\u00e4nstens webbplats anv\u00e4nds \u00e4ven s.k. cookies. Syftet med dessa cookies, som kan inneh\u00e5lla personinformation, \u00e4r att underl\u00e4tta navigeringen p\u00e5 webbplatsen.<\/p>\n<p>Kundens uppgifter lagras under en period efter att abonnemanget st\u00e4ngts och Kunden fullgjort eventuella betalningsf\u00f6rpliktelser. Detta f\u00f6r att NE skall kunna n\u00e5 den som varit kund med speciellt utvalda erbjudanden. Kunden kan n\u00e4r som helst kontakta NE kundcenter och beg\u00e4ra strykning av n\u00e5gon eller av alla dessa uppgifter.<\/p>\n<h4>9. Meddelanden<\/h4>\n<p>Meddelanden fr\u00e5n NE till Kunden som skickats till den av Kunden angivna e-postadressen skall anses ha n\u00e5tt Kunden samma dag som meddelandet skickades. Kunden ansvarar f\u00f6r att h\u00e5lla kontakt- och adressuppgifter uppdaterade.<\/p>\n<h4>10. Avtalsbrott<\/h4>\n<p>Finns det anledning att misst\u00e4nka att Kunden agerar i strid med Villkoren har NE r\u00e4tt att sp\u00e4rra Kundens tillg\u00e5ng till Tj\u00e4nsten tills fr\u00e5gan utretts. I fall d\u00e5 NE kan konstatera att Kundens anv\u00e4ndarnamn och l\u00f6senord missbrukas har NE \u00e4ven r\u00e4tt att tilldela Kunden ett nytt anv\u00e4ndarnamn och l\u00f6senord.<\/p>\n<p>NE har \u00e4ven r\u00e4tt att st\u00e4nga av Kundens anslutning till Tj\u00e4nsten med omedelbar verkan om Kunden bryter mot Villkoren i n\u00e5got v\u00e4sentligt h\u00e4nseende. H\u00e4rmed avses exempelvis fall av f\u00f6rsenad betalning av abonnemangsavgifter samt d\u00e5 Kunden missbrukar sitt l\u00f6senord.<\/p>\n<h4>11. Underh\u00e5ll<\/h4>\n<p>NE har r\u00e4tt att tillf\u00e4lligt begr\u00e4nsa tillg\u00e5ngen till Tj\u00e4nsten f\u00f6r underh\u00e5ll, support, korrigering av felet, uppgradering samt uppdatering av h\u00e5rd- och mjukvara. NE skall str\u00e4va efter att utf\u00f6ra underh\u00e5ll och \u00f6vriga driftsm\u00e4ssiga f\u00f6rb\u00e4ttrings\u00e5tg\u00e4rder under tider d\u00e5 Tj\u00e4nsten normalt sett har l\u00e5g belastning.<\/p>\n<h4>12. St\u00f6rningar och avbrott<\/h4>\n<p>NE \u00e5tg\u00e4rdar st\u00f6rningar och avbrott i tillhandah\u00e5llna Tj\u00e4nster inom sk\u00e4lig tid efter felanm\u00e4lan. Fels\u00f6kning och avhj\u00e4lpning av fel sker utan kostnad f\u00f6r Kunden under f\u00f6ruts\u00e4ttning att felet inte beror p\u00e5 v\u00e5rdsl\u00f6shet hos Kunden eller annan som Kunden svarar f\u00f6r.<\/p>\n<p>NE ansvarar inte f\u00f6r utebliven vinst eller int\u00e4kt, f\u00f6rlust i n\u00e4ringsverksamhet, inkomstf\u00f6rlust eller annan indirekt skada om inte NE har handlat grovt v\u00e5rdsl\u00f6st.<\/p>\n<p>Det f\u00f6religger ingen r\u00e4tt till prisavdrag och heller ingen r\u00e4tt till ers\u00e4ttning f\u00f6r skada om obrukbarheten eller skadan beror p\u00e5 en omst\u00e4ndighet utanf\u00f6r NE:s kontroll vars f\u00f6ljder inte sk\u00e4ligen kunnat undvikas eller \u00f6vervinnas, skada som tillfogats Kunden av tredje man genom s.k. force majeure, t.ex. arbetskonflikt (oavsett om den omfattar NE:s personal eller inte), blixtnedslag, str\u00f6mavbrott, brand, explosion, krig, upplopp, \u00f6versv\u00e4mning, h\u00e5rt v\u00e4der, naturkatastrof, handling eller underl\u00e5tenhet fr\u00e5n myndighet eller annan f\u00f6r vilken NE inte svarar. NE \u00e4r befriad fr\u00e5n skyldighet att fullg\u00f6ra viss f\u00f6rpliktelse enligt Avtalet under den tid s\u00e5dan omst\u00e4ndighet best\u00e5r.<\/p>\n<h4>13. Ansvarsbegr\u00e4nsning<\/h4>\n<p>NE \u00e5tar sig inget ansvar f\u00f6r eventuella fel och brister i inneh\u00e5llet i Tj\u00e4nsten eller i tillg\u00e4ngligheten till densamma. NE kan vidare inte i n\u00e5got fall h\u00e5llas ansvarigt f\u00f6r eventuella skador, vare sig direkta eller indirekta, som orsakas eller uppkommer till f\u00f6ljd av anv\u00e4ndningen av Tj\u00e4nsten. I den m\u00e5n annat inte f\u00f6ljer av till\u00e4mplig tvingande lag skall NE:s totala, sammanlagda ansvar under inga omst\u00e4ndigheter \u00f6verstiga det totala belopp som Kunden erlagt till NE under aktuell abonnemangsperiod.<\/p>\n<h4>14. \u00c4ndrade villkor<\/h4>\n<p>NE f\u00f6rbeh\u00e5ller sig r\u00e4tten att \u00e4ndra villkoren vars senast uppdaterade och publicerade version p\u00e5 NE.se g\u00e4ller. \u00c4ndringar \u00e4r bindande f\u00f6r Kunden om inte \u00e4ndringen sk\u00e4ligen kan anses inneb\u00e4ra v\u00e4sentlig ol\u00e4genhet f\u00f6r Kunden och f\u00f6rutsatt att Kunden, senast sju dagar efter det att \u00e4ndringen publicerats, meddelar NE att Kunden s\u00e4ger upp Tj\u00e4nsten till upph\u00f6rande vid n\u00e4sta kalenderm\u00e5nadsskifte.<\/p>\n<h4>15. Till\u00e4mplig lag<\/h4>\n<p>Tvist med anledning av avtalet mellan NE och Kunden skall avg\u00f6ras av svensk domstol med till\u00e4mpning av svensk r\u00e4tt.<\/p>\n<\/div>\n<\/div>\n                    <\/div>\n    <\/div>\n<\/section>\n\n\n","protected":false},"excerpt":{"rendered":"","protected":false},"author":6,"featured_media":0,"parent":2362,"menu_order":0,"comment_status":"closed","ping_status":"closed","template":"","meta":{"inline_featured_image":false,"footnotes":""},"subject":[],"class_list":["post-2368","page","type-page","status-publish","hentry"],"acf":[],"_links":{"self":[{"href":"https:\/\/www.ne.se\/info\/wp-json\/wp\/v2\/pages\/2368","targetHints":{"allow":["GET"]}}],"collection":[{"href":"https:\/\/www.ne.se\/info\/wp-json\/wp\/v2\/pages"}],"about":[{"href":"https:\/\/www.ne.se\/info\/wp-json\/wp\/v2\/types\/page"}],"author":[{"embeddable":true,"href":"https:\/\/www.ne.se\/info\/wp-json\/wp\/v2\/users\/6"}],"replies":[{"embeddable":true,"href":"https:\/\/www.ne.se\/info\/wp-json\/wp\/v2\/comments?post=2368"}],"version-history":[{"count":10,"href":"https:\/\/www.ne.se\/info\/wp-json\/wp\/v2\/pages\/2368\/revisions"}],"predecessor-version":[{"id":12545,"href":"https:\/\/www.ne.se\/info\/wp-json\/wp\/v2\/pages\/2368\/revisions\/12545"}],"up":[{"embeddable":true,"href":"https:\/\/www.ne.se\/info\/wp-json\/wp\/v2\/pages\/2362"}],"wp:attachment":[{"href":"https:\/\/www.ne.se\/info\/wp-json\/wp\/v2\/media?parent=2368"}],"wp:term":[{"taxonomy":"subject","embeddable":true,"href":"https:\/\/www.ne.se\/info\/wp-json\/wp\/v2\/subject?post=2368"}],"curies":[{"name":"wp","href":"https:\/\/api.w.org\/{rel}","templated":true}]}}