{"id":2543,"date":"2023-03-30T09:57:06","date_gmt":"2023-03-30T09:57:06","guid":{"rendered":"https:\/\/www.ne.se\/info\/?page_id=2543"},"modified":"2026-04-17T11:23:52","modified_gmt":"2026-04-17T11:23:52","slug":"idrott-och-halsa-1-och-2-gy","status":"publish","type":"page","link":"https:\/\/www.ne.se\/info\/skola\/digitala-laromedel\/gy\/idrott-och-halsa-1-och-2-gy\/","title":{"rendered":"Idrott och h\u00e4lsa 1 och 2 gy"},"content":{"rendered":"\n\n\n<section  class=\"header-big-pic\">\n    <div class=\"container\">\n        <div class=\"inner  teaching-padding\">\n                            \n<div class=\"badges\">\n            <p class=\"badge\">L\u00e4romedel gy<\/p>\n    <\/div>                                        \n<h1 class=\"h1\"> Idrott och h\u00e4lsa gymnasiet 1 och 2  <\/h1>                                        <p class=\"ingress\">Ett modernt l\u00e4romedel som l\u00e5ter dina elever uppt\u00e4cka vad som p\u00e5verkar den fysiska f\u00f6rm\u00e5gan och hur fysisk aktivitet p\u00e5verkar h\u00e4lsan.\r\n<\/p>\n            \n                            <ul class=\"usps\">\n            <li class=\"usp\">\n            <svg width=\"24\" height=\"24\" viewBox=\"0 0 24 24\" fill=\"none\" xmlns=\"http:\/\/www.w3.org\/2000\/svg\">\n    <path d=\"M9 16.17 5.53 12.7a.996.996 0 1 0-1.41 1.41l4.18 4.18c.39.39 1.02.39 1.41 0L20.29 7.71a.996.996 0 1 0-1.41-1.41L9 16.17z\" fill=\"#007DB8\"\/>\n<\/svg>\n            Gy11        <\/li>\n            <li class=\"usp\">\n            <svg width=\"24\" height=\"24\" viewBox=\"0 0 24 24\" fill=\"none\" xmlns=\"http:\/\/www.w3.org\/2000\/svg\">\n    <path d=\"M9 16.17 5.53 12.7a.996.996 0 1 0-1.41 1.41l4.18 4.18c.39.39 1.02.39 1.41 0L20.29 7.71a.996.996 0 1 0-1.41-1.41L9 16.17z\" fill=\"#007DB8\"\/>\n<\/svg>\n            Helt\u00e4ckande        <\/li>\n            <li class=\"usp\">\n            <svg width=\"24\" height=\"24\" viewBox=\"0 0 24 24\" fill=\"none\" xmlns=\"http:\/\/www.w3.org\/2000\/svg\">\n    <path d=\"M9 16.17 5.53 12.7a.996.996 0 1 0-1.41 1.41l4.18 4.18c.39.39 1.02.39 1.41 0L20.29 7.71a.996.996 0 1 0-1.41-1.41L9 16.17z\" fill=\"#007DB8\"\/>\n<\/svg>\n            Anpassningsbart        <\/li>\n    <\/ul>                    <\/div>\n    <\/div>\n\n    <div class=\"background-image\">\n        <img decoding=\"async\" src=\"https:\/\/www.ne.se\/info\/wp-content\/uploads\/2023\/03\/idrott-och-halsa-GY-GettyImages-1140353574-scaled.jpg\" srcset=\"\" sizes=\"(max-width: 7952px) 100vw, 7952px\" alt=\"\" title=\"One teenage girl climbing a bouldering wall at a rock climbing gym\" \/>\n    <\/div>\n\n    <div class=\"overlay-top\"><\/div>\n    <div class=\"overlay-bottom\"><\/div>\n<\/section>\n\n\n\n<section id=\"teaching_top\" class=\"left-right bg-white\">\n    <div class=\"container twelve-col\">\n        <div class=\"inner   \">\n                            <div class=\"grid\">\n                    <div class=\"col col-2 img-left\">\n                                                                                                                        <picture>\n                                        <source media=\"(min-width:767px)\" srcset=\"https:\/\/www.ne.se\/info\/wp-content\/uploads\/2023\/07\/Idrott-och-halsa-gy-1240x992.png\">\n                                        <source media=\"(max-width:767px)\" srcset=\"https:\/\/www.ne.se\/info\/wp-content\/uploads\/2023\/07\/Idrott-och-halsa-gy-1240x920.png\">\n                                        <img decoding=\"async\" src=\"https:\/\/www.ne.se\/info\/wp-content\/uploads\/2023\/07\/Idrott-och-halsa-gy-1240x992.png\" srcset=\"https:\/\/www.ne.se\/info\/wp-content\/uploads\/2023\/07\/Idrott-och-halsa-gy-1240x992.png 1240w, https:\/\/www.ne.se\/info\/wp-content\/uploads\/2023\/07\/Idrott-och-halsa-gy-800x640.png 800w\" sizes=\"(max-width: 1240px) 100vw, 1240px\" alt=\"\" title=\"Idrott och ha\u0308lsa gy\"  \/>\n                                    <\/picture>\n                                                            \n                                            <\/div>\n                    <div class=\"col col-2\">\n                        \n\n<div class=\"content\">\n\n    \n    \n            \n<h2 class=\"h3\"> Ett uppdaterat och aktuellt l\u00e4romedel <\/h2>    \n            <p class=\"ingress\">Idrott och h\u00e4lsa gymnasiet 1 och 2 unikt i sitt slag och ger en stabil grund f\u00f6r en varierad undervisning. L\u00e4romedlet v\u00e4nder sig till b\u00e5de elever som redan idrottar och elever som inte g\u00f6r det. Materialet tar upp fr\u00e5gor som \u00e4r avg\u00f6rande f\u00f6r h\u00e4lsan och v\u00e4lm\u00e5endet hos b\u00e5de enskilda individer och samh\u00e4llet i stort. <br \/>\r\n<br \/>\r\nMed inspirerande och noga utvalda texter, bilder, filmer, f\u00f6rdjupningsmaterial och \u00f6vningar f\u00e5r eleverna ta del av \u00e4mnesinneh\u00e5llet. Tydliga beskrivningar och exempel ger en teoretisk grund till den praktiska undervisningen. Beskrivningar av orsak och verkan hj\u00e4lper eleverna att f\u00f6rst\u00e5 hur de kan p\u00e5verka och utveckla den egna kroppen och h\u00e4lsan.<\/p>\n    \n    \n    \n    \n\n<\/div>                    <\/div>\n                <\/div>\n                    <\/div>\n    <\/div>\n<\/section>\n\n\n\n\n\n\n<section  class=\"mini-header center\">\n    <div class=\"container\">\n        <div class=\"inner   \">\n\n        \n                            <div class=\"heading-container\">\n                    \n<h2 class=\"h2\"> Inneh\u00e5ll Idrott och h\u00e4lsa gymnasiet <\/h2>                                    <\/div>\n            \n            <div class=\"content-container\">\n\n                \n\n                \n                \n            <\/div>\n\n        <\/div>\n    <\/div>\n<\/section>\n\n\n\n\n\n<section  class=\"tab-left-section\">\n    <div class=\"container\">\n        <div class=\"inner   \">\n                            <div class=\"grid\">\n                    <div class=\"col col-2 tabs\">\n                                                <div class=\"wrapper\">\n                                                                                <div class=\"tab-item active\" data-tab-id=\"block_9da836dea0f4ce0b631f915a71d8ec5c_1\">\n                                                                    <p class=\"tab-heading\">Kapitel<\/p>\n                                                                                                    <p class=\"tab-description\">Idrott och h\u00e4lsa 1 och 2 f\u00f6r gymnasiet t\u00e4cker \u00e4mnets centrala inneh\u00e5ll och hj\u00e4lper eleven att n\u00e5 betygskriterierna.<\/p>\n                                                            <\/div>\n                                                                                                            <div class=\"tab-item \" data-tab-id=\"block_9da836dea0f4ce0b631f915a71d8ec5c_2\">\n                                                                    <p class=\"tab-heading\">L\u00e4romedlet inneh\u00e5ller<\/p>\n                                                                                                    <p class=\"tab-description\">L\u00e4romedlet \u00e4r fyllt med inneh\u00e5ll som underl\u00e4ttar en varierad och rolig undervisning.<\/p>\n                                                            <\/div>\n                                                                                                            <div class=\"tab-item \" data-tab-id=\"block_9da836dea0f4ce0b631f915a71d8ec5c_3\">\n                                                                    <p class=\"tab-heading\">St\u00f6d och f\u00f6rdjupning<\/p>\n                                                                                                    <p class=\"tab-description\">M\u00f6t alla elever och anpassa inneh\u00e5ll efter behov och f\u00f6ruts\u00e4ttningar.<\/p>\n                                                            <\/div>\n                                                                                                            <div class=\"tab-item \" data-tab-id=\"block_9da836dea0f4ce0b631f915a71d8ec5c_4\">\n                                                                    <p class=\"tab-heading\">F\u00f6rfattare och medverkande<\/p>\n                                                                                                    <p class=\"tab-description\">L\u00e4romedlet \u00e4r framtaget av NE:s redaktion tillsammans med experter i \u00e4mnet.<\/p>\n                                                            <\/div>\n                                                                            <\/div>\n                    <\/div>\n                    <div class=\"col col-2 tabs-content\">\n                                                                                                        <div class=\"tab-content-item active text\" data-tab-content-id=\"block_9da836dea0f4ce0b631f915a71d8ec5c_1\">\n                                                                                                            <h4>Kapitel<\/h4>\n<ul>\n<li style=\"font-weight: 400;\" aria-level=\"1\"><span style=\"font-weight: 400;\">Livsstilens effekter<\/span><\/li>\n<li style=\"font-weight: 400;\" aria-level=\"1\"><span style=\"font-weight: 400;\">Tr\u00e4ningens effekter<\/span><\/li>\n<li style=\"font-weight: 400;\" aria-level=\"1\"><span style=\"font-weight: 400;\">R\u00f6relseaktiviteter<\/span><\/li>\n<li style=\"font-weight: 400;\" aria-level=\"1\"><span style=\"font-weight: 400;\">Friluftsliv<\/span><\/li>\n<li style=\"font-weight: 400;\" aria-level=\"1\"><span style=\"font-weight: 400;\">Risk, s\u00e4kerhet och hj\u00e4lp<\/span><\/li>\n<\/ul>\n                                                                                                <\/div>\n\n                            \n                                                                                                            <div class=\"tab-content-item  text\" data-tab-content-id=\"block_9da836dea0f4ce0b631f915a71d8ec5c_2\">\n                                                                                                            <h4>L\u00e4romedlet inneh\u00e5ller:<\/h4>\n<ul>\n<li style=\"font-weight: 400;\" aria-level=\"1\"><span style=\"font-weight: 400;\">Elevaktiviteter med l\u00e4rarst\u00f6d<\/span><\/li>\n<li style=\"font-weight: 400;\" aria-level=\"1\"><span style=\"font-weight: 400;\">Instruktionsfilmer<\/span><\/li>\n<li style=\"font-weight: 400;\" aria-level=\"1\"><span style=\"font-weight: 400;\">Sj\u00e4lvr\u00e4ttande quiz<\/span><\/li>\n<li style=\"font-weight: 400;\" aria-level=\"1\"><span style=\"font-weight: 400;\">Ordlista till varje avsnitt<\/span><\/li>\n<li style=\"font-weight: 400;\" aria-level=\"1\"><span style=\"font-weight: 400;\">Sj\u00e4lvr\u00e4ttande tr\u00e4ning p\u00e5 ord<\/span><\/li>\n<li style=\"font-weight: 400;\" aria-level=\"1\"><span style=\"font-weight: 400;\">Sammanfattningar<\/span><\/li>\n<li style=\"font-weight: 400;\" aria-level=\"1\"><span style=\"font-weight: 400;\">Koppling till centralt inneh\u00e5ll i varje avsnitt<\/span><\/li>\n<li style=\"font-weight: 400;\" aria-level=\"1\"><span style=\"font-weight: 400;\">Extramaterial och l\u00e4nkar<\/span><\/li>\n<\/ul>\n                                                                                                <\/div>\n\n                            \n                                                                                                            <div class=\"tab-content-item  text\" data-tab-content-id=\"block_9da836dea0f4ce0b631f915a71d8ec5c_3\">\n                                                                                                            <h4>St\u00f6d och f\u00f6rdjupning<\/h4>\n<p>L\u00e4romedel fr\u00e5n NE \u00e4r fyllda med tillg\u00e4nglighetsfunktioner och f\u00f6rdjupningsm\u00f6jligheter. H\u00e4r finns bland annat:<\/p>\n<ul>\n<li>L\u00e4ttl\u00e4sta versioner<\/li>\n<li>Uppl\u00e4sning av text<\/li>\n<li>\u00d6vers\u00e4ttning till \u00f6ver 100 spr\u00e5k<\/li>\n<li>L\u00e4sst\u00f6d \u2013 justera text, bakgrund, typsnitt eller anv\u00e4nd l\u00e4slinjal<\/li>\n<li>Enkel tillg\u00e5ng till extramaterial, uppgifter och laborationer<\/li>\n<li>Kopplingar till kunskapstj\u00e4nsterna som f\u00f6rklarar, breddar och f\u00f6rdjupar<\/li>\n<\/ul>\n                                                                                                <\/div>\n\n                            \n                                                                                                            <div class=\"tab-content-item  text\" data-tab-content-id=\"block_9da836dea0f4ce0b631f915a71d8ec5c_4\">\n                                                                                                            <h4>F\u00f6rfattare och medverkande<\/h4>\n<p>F\u00f6rfattare: L\u00e5tta Skogh och Kenneth Sk\u00e5rud<\/p>\n<p>Redakt\u00f6rer: L\u00e5tta Skogh<\/p>\n<p>Bildredakt\u00f6r: Martina Eriksson<\/p>\n<p>L\u00e4romedelsutvecklare: Jesper S\u00f6rensson<\/p>\n<p>&nbsp;<\/p>\n                                                                                                <\/div>\n\n                            \n                                                                        <\/div>\n                <\/div>\n                    <\/div>\n    <\/div>\n<\/section>\n\n\n\n\n\n<section  class=\"mini-header left\">\n    <div class=\"container\">\n        <div class=\"inner   \">\n\n        \n                            <div class=\"heading-container\">\n                    \n<h2 class=\"h2\"> Webbinarier just f\u00f6r dig <\/h2>                                    <\/div>\n            \n            <div class=\"content-container\">\n\n                                    \n<p class=\"ample\">\n    Vill du veta mer om hur du kan anv\u00e4nda Idrott och h\u00e4lsa gymnasiet 1 och 2 i din undervisning? Anm\u00e4l dig till ett webbinarium!<\/p>                \n\n                \n                                    <div class=\"btn-container\">\n                                                    \n<a href=\"https:\/\/www.ne.se\/info\/webbinarier\/\" target=\"\" aria-label=\"Se webbinarier\" class=\"button button-blue\">\n    Se webbinarier    <\/a>                                                                    <\/div>\n                \n            <\/div>\n\n        <\/div>\n    <\/div>\n<\/section>\n\n\n\n<section  class=\"social-proof bg-gray\">\n    <div class=\"container\">\n        <div class=\"inner   \">\n                            \n<h3 class=\"h3\"> Nu \u00e4r vi 1 000 000 elever  i 245 kommuner <\/h3>                        \n                            <div class=\"grid\">\n                                            <div class=\"col col-4\">\n                            <div class=\"wrapper\">\n                                <img decoding=\"async\" src=\"https:\/\/www.ne.se\/info\/wp-content\/uploads\/2023\/06\/HBG_logo_liggande-354x100.jpg\" srcset=\"https:\/\/www.ne.se\/info\/wp-content\/uploads\/2023\/06\/HBG_logo_liggande-354x100.jpg 354w, https:\/\/www.ne.se\/info\/wp-content\/uploads\/2023\/06\/HBG_logo_liggande-300x85.jpg 300w, https:\/\/www.ne.se\/info\/wp-content\/uploads\/2023\/06\/HBG_logo_liggande-1024x290.jpg 1024w, https:\/\/www.ne.se\/info\/wp-content\/uploads\/2023\/06\/HBG_logo_liggande-768x218.jpg 768w, https:\/\/www.ne.se\/info\/wp-content\/uploads\/2023\/06\/HBG_logo_liggande.jpg 1181w\" sizes=\"(max-width: 354px) 100vw, 354px\" alt=\"\" title=\"Print\"  \/>\n                            <\/div>\n                        <\/div>\n                                            <div class=\"col col-4\">\n                            <div class=\"wrapper\">\n                                <img decoding=\"async\" src=\"https:\/\/www.ne.se\/info\/wp-content\/uploads\/2023\/03\/Habo-Vapen_liggande_farg-354x133.jpeg\" srcset=\"https:\/\/www.ne.se\/info\/wp-content\/uploads\/2023\/03\/Habo-Vapen_liggande_farg-354x133.jpeg 354w, https:\/\/www.ne.se\/info\/wp-content\/uploads\/2023\/03\/Habo-Vapen_liggande_farg-300x113.jpeg 300w, https:\/\/www.ne.se\/info\/wp-content\/uploads\/2023\/03\/Habo-Vapen_liggande_farg.jpeg 543w\" sizes=\"(max-width: 354px) 100vw, 354px\" alt=\"\" title=\"Ha\u00b0bo Vapen_ligg\"  \/>\n                            <\/div>\n                        <\/div>\n                                            <div class=\"col col-4\">\n                            <div class=\"wrapper\">\n                                <img decoding=\"async\" src=\"https:\/\/www.ne.se\/info\/wp-content\/uploads\/2023\/03\/7355896a-a609-4946-98df-3ced2794f49a-354x145.png\" srcset=\"https:\/\/www.ne.se\/info\/wp-content\/uploads\/2023\/03\/7355896a-a609-4946-98df-3ced2794f49a-354x145.png 354w, https:\/\/www.ne.se\/info\/wp-content\/uploads\/2023\/03\/7355896a-a609-4946-98df-3ced2794f49a-300x123.png 300w, https:\/\/www.ne.se\/info\/wp-content\/uploads\/2023\/03\/7355896a-a609-4946-98df-3ced2794f49a-768x315.png 768w, https:\/\/www.ne.se\/info\/wp-content\/uploads\/2023\/03\/7355896a-a609-4946-98df-3ced2794f49a-1024x420.png 1024w, https:\/\/www.ne.se\/info\/wp-content\/uploads\/2023\/03\/7355896a-a609-4946-98df-3ced2794f49a-1536x630.png 1536w, https:\/\/www.ne.se\/info\/wp-content\/uploads\/2023\/03\/7355896a-a609-4946-98df-3ced2794f49a-2048x840.png 2048w\" sizes=\"(max-width: 354px) 100vw, 354px\" alt=\"\" title=\"Enk\u00f6pings kommun\"  \/>\n                            <\/div>\n                        <\/div>\n                                            <div class=\"col col-4\">\n                            <div class=\"wrapper\">\n                                <img decoding=\"async\" src=\"https:\/\/www.ne.se\/info\/wp-content\/uploads\/2023\/03\/TjornsKommun.c46dd811-354x105.png\" srcset=\"https:\/\/www.ne.se\/info\/wp-content\/uploads\/2023\/03\/TjornsKommun.c46dd811-354x105.png 354w, https:\/\/www.ne.se\/info\/wp-content\/uploads\/2023\/03\/TjornsKommun.c46dd811-300x89.png 300w, https:\/\/www.ne.se\/info\/wp-content\/uploads\/2023\/03\/TjornsKommun.c46dd811.png 500w\" sizes=\"(max-width: 354px) 100vw, 354px\" alt=\"\" title=\"TjornsKommun.c46dd811\"  \/>\n                            <\/div>\n                        <\/div>\n                                    <\/div>\n                    <\/div>\n    <\/div>\n<\/section>\n\n\n\n<section  class=\"left-right bg-white\">\n    <div class=\"container twelve-col\">\n        <div class=\"inner   \">\n                            <div class=\"grid\">\n                    <div class=\"col col-2 img-left\">\n                                                                                                                        <picture>\n                                        <source media=\"(min-width:767px)\" srcset=\"https:\/\/www.ne.se\/info\/wp-content\/uploads\/2023\/03\/ima165271-1240x992.jpg\">\n                                        <source media=\"(max-width:767px)\" srcset=\"https:\/\/www.ne.se\/info\/wp-content\/uploads\/2023\/03\/ima165271-1460x920.jpg\">\n                                        <img decoding=\"async\" src=\"https:\/\/www.ne.se\/info\/wp-content\/uploads\/2023\/03\/ima165271-1240x992.jpg\" srcset=\"https:\/\/www.ne.se\/info\/wp-content\/uploads\/2023\/03\/ima165271-1240x992.jpg 1240w, https:\/\/www.ne.se\/info\/wp-content\/uploads\/2023\/03\/ima165271-800x640.jpg 800w\" sizes=\"(max-width: 1240px) 100vw, 1240px\" alt=\"\" title=\"Kollegor i m\u00f6te med dator\"  \/>\n                                    <\/picture>\n                                                            \n                                            <\/div>\n                    <div class=\"col col-2\">\n                        \n\n<div class=\"content\">\n\n    \n    \n            \n<h2 class=\"h3\"> Kom ig\u00e5ng direkt <\/h2>    \n            <p class=\"ingress\">Att komma ig\u00e5ng med NE \u00e4r enkelt. Vill du veta mer om hur du optimerar ditt anv\u00e4ndande kan du alltid st\u00e4lla en fr\u00e5ga i chatten eller delta i n\u00e5gon av de utbildningar vi erbjuder.<\/p>\n    \n    \n            <div class=\"btn-container\">\n                            \n<a href=\"https:\/\/www.ne.se\/info\/digitala-laromedel\/kom-igang-med-laromedel-fran-ne\/\" target=\"\" aria-label=\"Allt om statsbidraget\" class=\"button button-blue\">\n    Allt om statsbidraget    <\/a>                                        \n<a href=\"https:\/\/www.ne.se\/info\/prova-ne-kostnadsfritt-i-30-dagar\/\" target=\"\" class=\"button button-border-blue\">Inte kund? Prova gratis i 30 dagar<\/a>                    <\/div>\n    \n    \n\n<\/div>                    <\/div>\n                <\/div>\n                    <\/div>\n    <\/div>\n<\/section>\n\n\n","protected":false},"excerpt":{"rendered":"","protected":false},"author":6,"featured_media":0,"parent":1756,"menu_order":0,"comment_status":"closed","ping_status":"closed","template":"page-teaching-material.php","meta":{"inline_featured_image":false,"footnotes":""},"subject":[7],"class_list":["post-2543","page","type-page","status-publish","hentry"],"acf":[],"_links":{"self":[{"href":"https:\/\/www.ne.se\/info\/wp-json\/wp\/v2\/pages\/2543","targetHints":{"allow":["GET"]}}],"collection":[{"href":"https:\/\/www.ne.se\/info\/wp-json\/wp\/v2\/pages"}],"about":[{"href":"https:\/\/www.ne.se\/info\/wp-json\/wp\/v2\/types\/page"}],"author":[{"embeddable":true,"href":"https:\/\/www.ne.se\/info\/wp-json\/wp\/v2\/users\/6"}],"replies":[{"embeddable":true,"href":"https:\/\/www.ne.se\/info\/wp-json\/wp\/v2\/comments?post=2543"}],"version-history":[{"count":26,"href":"https:\/\/www.ne.se\/info\/wp-json\/wp\/v2\/pages\/2543\/revisions"}],"predecessor-version":[{"id":27549,"href":"https:\/\/www.ne.se\/info\/wp-json\/wp\/v2\/pages\/2543\/revisions\/27549"}],"up":[{"embeddable":true,"href":"https:\/\/www.ne.se\/info\/wp-json\/wp\/v2\/pages\/1756"}],"wp:attachment":[{"href":"https:\/\/www.ne.se\/info\/wp-json\/wp\/v2\/media?parent=2543"}],"wp:term":[{"taxonomy":"subject","embeddable":true,"href":"https:\/\/www.ne.se\/info\/wp-json\/wp\/v2\/subject?post=2543"}],"curies":[{"name":"wp","href":"https:\/\/api.w.org\/{rel}","templated":true}]}}