{"id":25723,"date":"2026-02-17T10:51:19","date_gmt":"2026-02-17T10:51:19","guid":{"rendered":"https:\/\/www.ne.se\/info\/?page_id=25723"},"modified":"2026-03-30T09:54:31","modified_gmt":"2026-03-30T09:54:31","slug":"statsbidraget-vad-ingar","status":"publish","type":"page","link":"https:\/\/www.ne.se\/info\/skola\/laromedel\/statsbidraget-vad-ingar\/","title":{"rendered":"Statsbidraget \u2013 vad ing\u00e5r och vad kan du k\u00f6pa?"},"content":{"rendered":"\n\n\n<section  class=\"header-big-pic\">\n    <div class=\"container\">\n        <div class=\"inner  \">\n                                        \n<h1 class=\"h1\"> Statsbidraget \u2013 vad ing\u00e5r och vad kan du k\u00f6pa? <\/h1>                                        <p class=\"ingress\">H\u00e4r har vi samlat svaren p\u00e5 de vanligaste fr\u00e5gorna om vad som omfattas av statsbidraget och hur du kan anv\u00e4nda medlen p\u00e5 b\u00e4sta s\u00e4tt.\r\n<\/p>\n            \n                    <\/div>\n    <\/div>\n\n    <div class=\"background-image\">\n        <img decoding=\"async\" src=\"https:\/\/www.ne.se\/info\/wp-content\/uploads\/2025\/04\/Header-Tryckta-laromedel-4.png\" srcset=\"https:\/\/www.ne.se\/info\/wp-content\/uploads\/2025\/04\/Header-Tryckta-laromedel-4.png 2620w, https:\/\/www.ne.se\/info\/wp-content\/uploads\/2025\/04\/Header-Tryckta-laromedel-4-300x173.png 300w, https:\/\/www.ne.se\/info\/wp-content\/uploads\/2025\/04\/Header-Tryckta-laromedel-4-1024x590.png 1024w, https:\/\/www.ne.se\/info\/wp-content\/uploads\/2025\/04\/Header-Tryckta-laromedel-4-768x443.png 768w, https:\/\/www.ne.se\/info\/wp-content\/uploads\/2025\/04\/Header-Tryckta-laromedel-4-1536x885.png 1536w, https:\/\/www.ne.se\/info\/wp-content\/uploads\/2025\/04\/Header-Tryckta-laromedel-4-2048x1180.png 2048w, https:\/\/www.ne.se\/info\/wp-content\/uploads\/2025\/04\/Header-Tryckta-laromedel-4-354x204.png 354w\" sizes=\"(max-width: 2620px) 100vw, 2620px\" alt=\"\" title=\"Header Tryckta la\u0308romedel\" \/>\n    <\/div>\n\n    <div class=\"overlay-top\"><\/div>\n    <div class=\"overlay-bottom\"><\/div>\n<\/section>\n\n\n\n<section  class=\"left-right bg-white\">\n    <div class=\"container twelve-col\">\n        <div class=\"inner   \">\n                            <div class=\"grid\">\n                    <div class=\"col col-2 img-left\">\n                                                                                                                        <picture>\n                                        <source media=\"(min-width:767px)\" srcset=\"https:\/\/www.ne.se\/info\/wp-content\/uploads\/2025\/10\/Amnespaket-Generell-utan-pris-e1760008161888.png\">\n                                        <source media=\"(max-width:767px)\" srcset=\"https:\/\/www.ne.se\/info\/wp-content\/uploads\/2025\/10\/Amnespaket-Generell-utan-pris-e1760008161888.png\">\n                                        <img decoding=\"async\" src=\"https:\/\/www.ne.se\/info\/wp-content\/uploads\/2025\/10\/Amnespaket-Generell-utan-pris-e1760008161888.png\" srcset=\"\" sizes=\"(max-width: 1100px) 100vw, 1100px\" alt=\"Statsbidraget\" title=\"\"  \/>\n                                    <\/picture>\n                                                            \n                                            <\/div>\n                    <div class=\"col col-2\">\n                        \n\n<div class=\"content\">\n\n    \n    \n            \n<h2 class=\"h2\"> Tryckt bok med digital komponent  <\/h2>    \n            <p class=\"ingress\">Vill du k\u00f6pa en tryckt l\u00e4robok med digital komponent?<br \/>\r\nJa. Alla v\u00e5ra tryckta b\u00f6cker med digital komponent omfattas av statsbidraget.<\/p>\n    \n    \n            <div class=\"btn-container\">\n                            \n<a href=\"https:\/\/www.ne.se\/info\/skola\/laromedel\/komplett\/\" target=\"\" aria-label=\"Uppt\u00e4ck helt\u00e4ckande l\u00e4romedel\" class=\"button button-blue\">\n    Uppt\u00e4ck helt\u00e4ckande l\u00e4romedel    <\/a>                                <\/div>\n    \n    \n\n<\/div>                    <\/div>\n                <\/div>\n                    <\/div>\n    <\/div>\n<\/section>\n\n\n\n\n\n\n<section  class=\"left-right bg-white\">\n    <div class=\"container twelve-col\">\n        <div class=\"inner   \">\n                            <div class=\"grid\">\n                    <div class=\"col col-2\">\n                        \n\n<div class=\"content\">\n\n    \n    \n            \n<h2 class=\"h2\"> Tryckt l\u00e4rarhandledning  <\/h2>    \n            <p class=\"ingress\">Kan du anv\u00e4nda statsbidraget till en tryckt l\u00e4rarhandledning?<br \/>\r\nJa. L\u00e4rarhandledningar ing\u00e5r i statsbidraget.<br \/>\r\n<br \/>\r\n<\/p>\n    \n    \n    \n    \n\n<\/div>                    <\/div>\n                    <div class=\"col col-2 img-right\">\n                                                                                                                        <picture>\n                                        <source media=\"(min-width:767px)\" srcset=\"https:\/\/www.ne.se\/info\/wp-content\/uploads\/2025\/07\/masma94113-1240x992.jpg\">\n                                        <source media=\"(max-width:767px)\" srcset=\"https:\/\/www.ne.se\/info\/wp-content\/uploads\/2025\/07\/masma94113-1460x920.jpg\">\n                                        <img decoding=\"async\" src=\"https:\/\/www.ne.se\/info\/wp-content\/uploads\/2025\/07\/masma94113-1240x992.jpg\" srcset=\"https:\/\/www.ne.se\/info\/wp-content\/uploads\/2025\/07\/masma94113-1240x992.jpg 1240w, https:\/\/www.ne.se\/info\/wp-content\/uploads\/2025\/07\/masma94113-800x640.jpg 800w\" sizes=\"(max-width: 1240px) 100vw, 1240px\" alt=\"\" title=\"l\u00e4rare i skoltrappa\"  \/>\n                                    <\/picture>\n                                                            \n                                            <\/div>\n                <\/div>\n                    <\/div>\n    <\/div>\n<\/section>\n\n\n\n\n\n\n<section  class=\"left-right bg-white\">\n    <div class=\"container twelve-col\">\n        <div class=\"inner   \">\n                            <div class=\"grid\">\n                    <div class=\"col col-2 img-left\">\n                                                                                                                        <picture>\n                                        <source media=\"(min-width:767px)\" srcset=\"https:\/\/www.ne.se\/info\/wp-content\/uploads\/2025\/09\/ak-4-6-Digi-Laromedel.png\">\n                                        <source media=\"(max-width:767px)\" srcset=\"https:\/\/www.ne.se\/info\/wp-content\/uploads\/2025\/09\/ak-4-6-Digi-Laromedel.png\">\n                                        <img decoding=\"async\" src=\"https:\/\/www.ne.se\/info\/wp-content\/uploads\/2025\/09\/ak-4-6-Digi-Laromedel.png\" srcset=\"https:\/\/www.ne.se\/info\/wp-content\/uploads\/2025\/09\/ak-4-6-Digi-Laromedel.png 800w, https:\/\/www.ne.se\/info\/wp-content\/uploads\/2025\/09\/ak-4-6-Digi-Laromedel-300x162.png 300w, https:\/\/www.ne.se\/info\/wp-content\/uploads\/2025\/09\/ak-4-6-Digi-Laromedel-768x415.png 768w, https:\/\/www.ne.se\/info\/wp-content\/uploads\/2025\/09\/ak-4-6-Digi-Laromedel-354x191.png 354w\" sizes=\"(max-width: 800px) 100vw, 800px\" alt=\"\" title=\"a\u030ak 4-6 &#8211; Digi La\u0308romedel\"  \/>\n                                    <\/picture>\n                                                            \n                                            <\/div>\n                    <div class=\"col col-2\">\n                        \n\n<div class=\"content\">\n\n    \n    \n            \n<h2 class=\"h2\"> Digitala elevlicenser  <\/h2>    \n            <p class=\"ingress\">Kan du k\u00f6pa enbart digitala elevlicenser f\u00f6r statsbidraget?<br \/>\r\nNej. Digitala elevlicenser omfattas inte av statsbidraget.<br \/>\r\n<br \/>\r\n<\/p>\n    \n    \n    \n    \n\n<\/div>                    <\/div>\n                <\/div>\n                    <\/div>\n    <\/div>\n<\/section>\n\n\n\n\n\n\n<section  class=\"mini-header left\">\n    <div class=\"container\">\n        <div class=\"inner  pt-3 pb-3\">\n\n        \n                            <div class=\"heading-container\">\n                    \n<h4 class=\"h4\"> Mer information hittar du p\u00e5 Skolverket  <\/h4>                                    <\/div>\n            \n            <div class=\"content-container\">\n\n                \n\n                \n                                    <div class=\"btn-container\">\n                                                    \n<a href=\"https:\/\/www.skolverket.se\/styrning-och-ansvar\/statsbidrag\/hitta-statsbidrag\/statsbidrag-for-inkop-av-larobocker-och-lararhandledningar-2025\" target=\"\" aria-label=\"Till Skolverket\" class=\"button button-blue\" rel=\"nofollow noopener\">\n    Till Skolverket    <\/a>                                                                    <\/div>\n                \n            <\/div>\n\n        <\/div>\n    <\/div>\n<\/section>\n\n\n\n<section  class=\"mini-header center\">\n    <div class=\"container\">\n        <div class=\"inner  pt-4 pb-1\">\n\n        \n                            <div class=\"heading-container\">\n                    \n<h2 class=\"h3\"> Beh\u00f6ver du hj\u00e4lp att s\u00f6ka statsbidrag?<br>H\u00f6r av dig till oss!  <\/h2>                                    <\/div>\n            \n            <div class=\"content-container\">\n\n                \n\n                \n                \n            <\/div>\n\n        <\/div>\n    <\/div>\n<\/section>\n\n\n\n<section  class=\"contact-person-grid bg-white\">\n    <div class=\"container\">\n        <div class=\"inner  pt-1 pb-0\">\n                            <div class=\"grid contact-person-grid\">\n                                            <div class=\"col col-2 contact-person-col\">\n                            \n\n\n<div class=\"content small-center\">\n    <div class=\"image\">\n        <img decoding=\"async\" src=\"https:\/\/www.ne.se\/info\/wp-content\/uploads\/2023\/03\/kenneth_skardud-360x360.jpg\" alt=\"\">\n    <\/div>\n    <div class=\"info\"> \n        <div class=\"top\"> \n                            <p class=\"name\">Kenneth Sk\u00e5rud<\/p>\n                                        <p class=\"title\">Norr<\/p>\n                                        <a href=\"tel:076-943 32 22\" title=\"Ring Kenneth Sk\u00e5rud\" class=\"phone\">076-943 32 22<\/a>\n                                        <a href=\"mailto:kenneth.skarud@ne.se\" title=\"Skicka ett mail till Kenneth Sk\u00e5rud\" class=\"email\">kenneth.skarud@ne.se<\/a>\n                    <\/div>\n                    <div class=\"sales-link\" data-block-id=\"18079\">\n                <svg width=\"16\" height=\"17\" viewBox=\"0 0 16 17\" fill=\"none\" xmlns=\"http:\/\/www.w3.org\/2000\/svg\">\n    <path d=\"M13.332 2.5h-.667v-.667c0-.366-.3-.666-.666-.666-.367 0-.667.3-.667.666V2.5H4.665v-.667c0-.366-.3-.666-.666-.666-.367 0-.667.3-.667.666V2.5h-.667c-.733 0-1.333.6-1.333 1.333V14.5c0 .733.6 1.333 1.333 1.333h10.667c.733 0 1.333-.6 1.333-1.333V3.833c0-.733-.6-1.333-1.333-1.333zm-.667 12H3.332a.669.669 0 0 1-.667-.667v-8h10.667v8c0 .367-.3.667-.667.667z\" fill=\"#007DB8\"\/>\n<\/svg>\n                <span>Boka m\u00f6te<\/span>\n            <\/div>\n            <\/div>\n\n<\/div>                        <\/div>\n\n                        \n                                                    <div class=\"modal modal-form\" data-modal-id=\"18079\">\n\n  <div class=\"modal-content\">\n    <div class=\"grid\">\n      <div class=\"col col-2 info\">\n                  <img decoding=\"async\" src=\"https:\/\/www.ne.se\/info\/wp-content\/uploads\/2025\/01\/shutterstock_1195641025-1044x610.jpg\" srcset=\"\" sizes=\"(max-width: 1044px) 100vw, 1044px\" alt=\"\" title=\"\"  \/>\n                          <p class=\"heading\">Hej!<\/p>\n                          <p class=\"text\">Vad roligt att du \u00e4r nyfiken p\u00e5 NE! Boka g\u00e4rna en tid i min kalender som passar dig b\u00e4st, s\u00e5 kan vi prata vidare.<\/p>\n              <\/div>\n      <div class=\"col col-2 form\">\n        <!-- Start of Meetings Embed Script -->\r\n    <div class=\"meetings-iframe-container\" data-src=\"https:\/\/meetings.hubspot.com\/kenneth-skarud\/webbmote-med-ne?embed=true\"><\/div>\r\n    <script type=\"text\/javascript\" src=\"https:\/\/static.hsappstatic.net\/MeetingsEmbed\/ex\/MeetingsEmbedCode.js\"><\/script>\r\n  <!-- End of Meetings Embed Script -->      <\/div>\n    <\/div>\n    \n  <\/div>\n\n<\/div>                                                                    <div class=\"col col-2 contact-person-col\">\n                            \n\n\n<div class=\"content small-center\">\n    <div class=\"image\">\n        <img decoding=\"async\" src=\"https:\/\/www.ne.se\/info\/wp-content\/uploads\/2025\/09\/Hannah_5-7-360x360.jpg\" alt=\"\">\n    <\/div>\n    <div class=\"info\"> \n        <div class=\"top\"> \n                            <p class=\"name\">Hanna Storck<\/p>\n                                        <p class=\"title\">Syd\u00f6st<\/p>\n                                        <a href=\"tel:076-107 72 36 \" title=\"Ring Hanna Storck\" class=\"phone\">076-107 72 36 <\/a>\n                                        <a href=\"mailto:hanna.storck@ne.se\" title=\"Skicka ett mail till Hanna Storck\" class=\"email\">hanna.storck@ne.se<\/a>\n                    <\/div>\n                    <div class=\"sales-link\" data-block-id=\"22681\">\n                <svg width=\"16\" height=\"17\" viewBox=\"0 0 16 17\" fill=\"none\" xmlns=\"http:\/\/www.w3.org\/2000\/svg\">\n    <path d=\"M13.332 2.5h-.667v-.667c0-.366-.3-.666-.666-.666-.367 0-.667.3-.667.666V2.5H4.665v-.667c0-.366-.3-.666-.666-.666-.367 0-.667.3-.667.666V2.5h-.667c-.733 0-1.333.6-1.333 1.333V14.5c0 .733.6 1.333 1.333 1.333h10.667c.733 0 1.333-.6 1.333-1.333V3.833c0-.733-.6-1.333-1.333-1.333zm-.667 12H3.332a.669.669 0 0 1-.667-.667v-8h10.667v8c0 .367-.3.667-.667.667z\" fill=\"#007DB8\"\/>\n<\/svg>\n                <span>Boka m\u00f6te<\/span>\n            <\/div>\n            <\/div>\n\n<\/div>                        <\/div>\n\n                        \n                                                    <div class=\"modal modal-form\" data-modal-id=\"22681\">\n\n  <div class=\"modal-content\">\n    <div class=\"grid\">\n      <div class=\"col col-2 info\">\n                  <img decoding=\"async\" src=\"https:\/\/www.ne.se\/info\/wp-content\/uploads\/2025\/01\/shutterstock_1195641025-1044x610.jpg\" srcset=\"\" sizes=\"(max-width: 1044px) 100vw, 1044px\" alt=\"\" title=\"\"  \/>\n                          <p class=\"heading\">Hej!<\/p>\n                          <p class=\"text\">Vad roligt att du \u00e4r nyfiken p\u00e5 NE! Boka g\u00e4rna en tid i min kalender som passar dig b\u00e4st, s\u00e5 kan vi prata vidare.<\/p>\n              <\/div>\n      <div class=\"col col-2 form\">\n        <!-- Start of Meetings Embed Script -->\r\n    <div class=\"meetings-iframe-container\" data-src=\"https:\/\/meetings.hubspot.com\/hanna-storck\/hanna-storck?embed=true\"><\/div>\r\n    <script type=\"text\/javascript\" src=\"https:\/\/static.hsappstatic.net\/MeetingsEmbed\/ex\/MeetingsEmbedCode.js\"><\/script>\r\n  <!-- End of Meetings Embed Script -->      <\/div>\n    <\/div>\n    \n  <\/div>\n\n<\/div>                                                            <\/div>\n                    <\/div>\n    <\/div>\n<\/section>\n\n\n\n<section  class=\"contact-person-grid bg-white\">\n    <div class=\"container\">\n        <div class=\"inner  pt-1 pb-0\">\n                            <div class=\"grid contact-person-grid\">\n                                            <div class=\"col col-2 contact-person-col\">\n                            \n\n\n<div class=\"content small-center\">\n    <div class=\"image\">\n        <img decoding=\"async\" src=\"https:\/\/www.ne.se\/info\/wp-content\/uploads\/2024\/12\/HM2025-2-360x360.png\" alt=\"\">\n    <\/div>\n    <div class=\"info\"> \n        <div class=\"top\"> \n                            <p class=\"name\">Hannah Majoros<\/p>\n                                        <p class=\"title\">\u00d6st<\/p>\n                                        <a href=\"tel:070-668 47 74\" title=\"Ring Hannah Majoros\" class=\"phone\">070-668 47 74<\/a>\n                                        <a href=\"mailto:hannah.majoros@ne.se\" title=\"Skicka ett mail till Hannah Majoros\" class=\"email\">hannah.majoros@ne.se<\/a>\n                    <\/div>\n                    <div class=\"sales-link\" data-block-id=\"18080\">\n                <svg width=\"16\" height=\"17\" viewBox=\"0 0 16 17\" fill=\"none\" xmlns=\"http:\/\/www.w3.org\/2000\/svg\">\n    <path d=\"M13.332 2.5h-.667v-.667c0-.366-.3-.666-.666-.666-.367 0-.667.3-.667.666V2.5H4.665v-.667c0-.366-.3-.666-.666-.666-.367 0-.667.3-.667.666V2.5h-.667c-.733 0-1.333.6-1.333 1.333V14.5c0 .733.6 1.333 1.333 1.333h10.667c.733 0 1.333-.6 1.333-1.333V3.833c0-.733-.6-1.333-1.333-1.333zm-.667 12H3.332a.669.669 0 0 1-.667-.667v-8h10.667v8c0 .367-.3.667-.667.667z\" fill=\"#007DB8\"\/>\n<\/svg>\n                <span>Boka m\u00f6te<\/span>\n            <\/div>\n            <\/div>\n\n<\/div>                        <\/div>\n\n                        \n                                                    <div class=\"modal modal-form\" data-modal-id=\"18080\">\n\n  <div class=\"modal-content\">\n    <div class=\"grid\">\n      <div class=\"col col-2 info\">\n                  <img decoding=\"async\" src=\"https:\/\/www.ne.se\/info\/wp-content\/uploads\/2025\/01\/shutterstock_1195641025-1044x610.jpg\" srcset=\"\" sizes=\"(max-width: 1044px) 100vw, 1044px\" alt=\"\" title=\"\"  \/>\n                          <p class=\"heading\">Hej!<\/p>\n                          <p class=\"text\">Vad roligt att du \u00e4r nyfiken p\u00e5 NE! Boka g\u00e4rna en tid i min kalender som passar dig b\u00e4st, s\u00e5 kan vi prata vidare.<\/p>\n              <\/div>\n      <div class=\"col col-2 form\">\n        <!-- Start of Meetings Embed Script -->\r\n    <div class=\"meetings-iframe-container\" data-src=\"https:\/\/meetings.hubspot.com\/hannah-majoros?embed=true\"><\/div>\r\n    <script type=\"text\/javascript\" src=\"https:\/\/static.hsappstatic.net\/MeetingsEmbed\/ex\/MeetingsEmbedCode.js\"><\/script>\r\n  <!-- End of Meetings Embed Script -->      <\/div>\n    <\/div>\n    \n  <\/div>\n\n<\/div>                                                                    <div class=\"col col-2 contact-person-col\">\n                            \n\n\n<div class=\"content small-center\">\n    <div class=\"image\">\n        <img decoding=\"async\" src=\"https:\/\/www.ne.se\/info\/wp-content\/uploads\/2025\/09\/20250908_Personalbilder_0022-1-kopiera-1-kopiera-360x360.jpg\" alt=\"\">\n    <\/div>\n    <div class=\"info\"> \n        <div class=\"top\"> \n                            <p class=\"name\">Gustaf Svensson<\/p>\n                                        <p class=\"title\">Sydv\u00e4st<\/p>\n                                        <a href=\"tel:076-765 26 41\" title=\"Ring Gustaf Svensson\" class=\"phone\">076-765 26 41<\/a>\n                                        <a href=\"mailto:gustaf.svensson@ne.se\" title=\"Skicka ett mail till Gustaf Svensson\" class=\"email\">gustaf.svensson@ne.se<\/a>\n                    <\/div>\n                    <div class=\"sales-link\" data-block-id=\"22671\">\n                <svg width=\"16\" height=\"17\" viewBox=\"0 0 16 17\" fill=\"none\" xmlns=\"http:\/\/www.w3.org\/2000\/svg\">\n    <path d=\"M13.332 2.5h-.667v-.667c0-.366-.3-.666-.666-.666-.367 0-.667.3-.667.666V2.5H4.665v-.667c0-.366-.3-.666-.666-.666-.367 0-.667.3-.667.666V2.5h-.667c-.733 0-1.333.6-1.333 1.333V14.5c0 .733.6 1.333 1.333 1.333h10.667c.733 0 1.333-.6 1.333-1.333V3.833c0-.733-.6-1.333-1.333-1.333zm-.667 12H3.332a.669.669 0 0 1-.667-.667v-8h10.667v8c0 .367-.3.667-.667.667z\" fill=\"#007DB8\"\/>\n<\/svg>\n                <span>Boka m\u00f6te<\/span>\n            <\/div>\n            <\/div>\n\n<\/div>                        <\/div>\n\n                        \n                                                    <div class=\"modal modal-form\" data-modal-id=\"22671\">\n\n  <div class=\"modal-content\">\n    <div class=\"grid\">\n      <div class=\"col col-2 info\">\n                  <img decoding=\"async\" src=\"https:\/\/www.ne.se\/info\/wp-content\/uploads\/2025\/01\/shutterstock_1195641025-1044x610.jpg\" srcset=\"\" sizes=\"(max-width: 1044px) 100vw, 1044px\" alt=\"\" title=\"\"  \/>\n                          <p class=\"heading\">Hej!<\/p>\n                          <p class=\"text\">Vad roligt att du \u00e4r nyfiken p\u00e5 NE! Boka g\u00e4rna en tid i min kalender som passar dig b\u00e4st, s\u00e5 kan vi prata vidare.<\/p>\n              <\/div>\n      <div class=\"col col-2 form\">\n        <!-- Start of Meetings Embed Script -->\r\n    <div class=\"meetings-iframe-container\" data-src=\"https:\/\/meetings.hubspot.com\/gustaf-svensson\/gustaf-svensson-ne?embed=true\"><\/div>\r\n    <script type=\"text\/javascript\" src=\"https:\/\/static.hsappstatic.net\/MeetingsEmbed\/ex\/MeetingsEmbedCode.js\"><\/script>\r\n  <!-- End of Meetings Embed Script -->      <\/div>\n    <\/div>\n    \n  <\/div>\n\n<\/div>                                                            <\/div>\n                    <\/div>\n    <\/div>\n<\/section>","protected":false},"excerpt":{"rendered":"","protected":false},"author":13,"featured_media":0,"parent":17001,"menu_order":0,"comment_status":"closed","ping_status":"closed","template":"page-teaching-material.php","meta":{"inline_featured_image":false,"footnotes":""},"subject":[],"class_list":["post-25723","page","type-page","status-publish","hentry"],"acf":[],"_links":{"self":[{"href":"https:\/\/www.ne.se\/info\/wp-json\/wp\/v2\/pages\/25723","targetHints":{"allow":["GET"]}}],"collection":[{"href":"https:\/\/www.ne.se\/info\/wp-json\/wp\/v2\/pages"}],"about":[{"href":"https:\/\/www.ne.se\/info\/wp-json\/wp\/v2\/types\/page"}],"author":[{"embeddable":true,"href":"https:\/\/www.ne.se\/info\/wp-json\/wp\/v2\/users\/13"}],"replies":[{"embeddable":true,"href":"https:\/\/www.ne.se\/info\/wp-json\/wp\/v2\/comments?post=25723"}],"version-history":[{"count":37,"href":"https:\/\/www.ne.se\/info\/wp-json\/wp\/v2\/pages\/25723\/revisions"}],"predecessor-version":[{"id":26842,"href":"https:\/\/www.ne.se\/info\/wp-json\/wp\/v2\/pages\/25723\/revisions\/26842"}],"up":[{"embeddable":true,"href":"https:\/\/www.ne.se\/info\/wp-json\/wp\/v2\/pages\/17001"}],"wp:attachment":[{"href":"https:\/\/www.ne.se\/info\/wp-json\/wp\/v2\/media?parent=25723"}],"wp:term":[{"taxonomy":"subject","embeddable":true,"href":"https:\/\/www.ne.se\/info\/wp-json\/wp\/v2\/subject?post=25723"}],"curies":[{"name":"wp","href":"https:\/\/api.w.org\/{rel}","templated":true}]}}