{"id":4015,"date":"2023-04-04T05:46:34","date_gmt":"2023-04-04T05:46:34","guid":{"rendered":"https:\/\/www.ne.se\/info\/?page_id=4015"},"modified":"2025-01-07T11:35:03","modified_gmt":"2025-01-07T11:35:03","slug":"formular-bocker","status":"publish","type":"page","link":"https:\/\/www.ne.se\/info\/formular-bocker\/","title":{"rendered":"Intresseformul\u00e4r b\u00f6cker"},"content":{"rendered":"\n\n<section  class=\"mini-header center\">\n    <div class=\"container\">\n        <div class=\"inner   \">\n\n        \n                            <div class=\"heading-container\">\n                    \n<h2 class=\"h3\"> Sp\u00e4nnande. Jag vill veta mer. <\/h2>                                    <\/div>\n            \n            <div class=\"content-container\">\n\n                                    \n<p class=\"ample\">\n    Vad kul att du \u00e4r intresserad av tryckta l\u00e4romedel. \r\nFyll i formul\u00e4ret  nedan s\u00e5 h\u00f6r vi av oss med mer information och inloggningsuppgifter till dina digitala l\u00e4romedel.<\/p>                \n\n                \n                \n            <\/div>\n\n        <\/div>\n    <\/div>\n<\/section>\n\n\n\n<section  class=\"hubspot-form-block\">\n    <div class=\"container\">\n        <div class=\"inner   \">\n                            <div class=\"hubspot-form\">\n                    <script charset=\"utf-8\" type=\"text\/javascript\" src=\"\/\/js.hsforms.net\/forms\/embed\/v2.js\"><\/script>\r\n<script>\r\n\u00a0 hbspt.forms.create({\r\n\u00a0 \u00a0 region: \"na1\",\r\n\u00a0 \u00a0 portalId: \"4069921\",\r\n\u00a0 \u00a0 formId: \"e4aba591-da6a-443e-ac61-fc1409bc0f1e\"\r\n\u00a0 });\r\n<\/script>\r\n\r\n                <\/div>\n                    <\/div>\n    <\/div>\n<\/section>","protected":false},"excerpt":{"rendered":"","protected":false},"author":8,"featured_media":0,"parent":0,"menu_order":0,"comment_status":"closed","ping_status":"closed","template":"","meta":{"inline_featured_image":false,"footnotes":""},"subject":[],"class_list":["post-4015","page","type-page","status-publish","hentry"],"acf":[],"_links":{"self":[{"href":"https:\/\/www.ne.se\/info\/wp-json\/wp\/v2\/pages\/4015","targetHints":{"allow":["GET"]}}],"collection":[{"href":"https:\/\/www.ne.se\/info\/wp-json\/wp\/v2\/pages"}],"about":[{"href":"https:\/\/www.ne.se\/info\/wp-json\/wp\/v2\/types\/page"}],"author":[{"embeddable":true,"href":"https:\/\/www.ne.se\/info\/wp-json\/wp\/v2\/users\/8"}],"replies":[{"embeddable":true,"href":"https:\/\/www.ne.se\/info\/wp-json\/wp\/v2\/comments?post=4015"}],"version-history":[{"count":17,"href":"https:\/\/www.ne.se\/info\/wp-json\/wp\/v2\/pages\/4015\/revisions"}],"predecessor-version":[{"id":18297,"href":"https:\/\/www.ne.se\/info\/wp-json\/wp\/v2\/pages\/4015\/revisions\/18297"}],"wp:attachment":[{"href":"https:\/\/www.ne.se\/info\/wp-json\/wp\/v2\/media?parent=4015"}],"wp:term":[{"taxonomy":"subject","embeddable":true,"href":"https:\/\/www.ne.se\/info\/wp-json\/wp\/v2\/subject?post=4015"}],"curies":[{"name":"wp","href":"https:\/\/api.w.org\/{rel}","templated":true}]}}