{"id":4337,"date":"2023-04-04T12:20:54","date_gmt":"2023-04-04T12:20:54","guid":{"rendered":"https:\/\/www.ne.se\/info\/?page_id=4337"},"modified":"2026-02-20T07:37:55","modified_gmt":"2026-02-20T07:37:55","slug":"matematik-2","status":"publish","type":"page","link":"https:\/\/www.ne.se\/info\/skola\/digitala-laromedel\/f-3\/matematik-2\/","title":{"rendered":"Matematik 2 (F-3)"},"content":{"rendered":"\n\n\n<section  class=\"header-big-pic\">\n    <div class=\"container\">\n        <div class=\"inner  teaching-padding\">\n                            \n<div class=\"badges\">\n            <p class=\"badge\">L\u00e4romedel F\u20133<\/p>\n    <\/div>                                        \n<h1 class=\"h1\"> Matematik 2 <\/h1>                                        <p class=\"ingress\">Ett modernt l\u00e4romedel som ger dig alla redskap f\u00f6r att g\u00f6ra matematiken intressev\u00e4ckande och rolig f\u00f6r eleverna. <\/p>\n            \n                            <ul class=\"usps\">\n            <li class=\"usp\">\n            <svg width=\"24\" height=\"24\" viewBox=\"0 0 24 24\" fill=\"none\" xmlns=\"http:\/\/www.w3.org\/2000\/svg\">\n    <path d=\"M9 16.17 5.53 12.7a.996.996 0 1 0-1.41 1.41l4.18 4.18c.39.39 1.02.39 1.41 0L20.29 7.71a.996.996 0 1 0-1.41-1.41L9 16.17z\" fill=\"#007DB8\"\/>\n<\/svg>\n            Lgr22        <\/li>\n            <li class=\"usp\">\n            <svg width=\"24\" height=\"24\" viewBox=\"0 0 24 24\" fill=\"none\" xmlns=\"http:\/\/www.w3.org\/2000\/svg\">\n    <path d=\"M9 16.17 5.53 12.7a.996.996 0 1 0-1.41 1.41l4.18 4.18c.39.39 1.02.39 1.41 0L20.29 7.71a.996.996 0 1 0-1.41-1.41L9 16.17z\" fill=\"#007DB8\"\/>\n<\/svg>\n            Helt\u00e4ckande        <\/li>\n            <li class=\"usp\">\n            <svg width=\"24\" height=\"24\" viewBox=\"0 0 24 24\" fill=\"none\" xmlns=\"http:\/\/www.w3.org\/2000\/svg\">\n    <path d=\"M9 16.17 5.53 12.7a.996.996 0 1 0-1.41 1.41l4.18 4.18c.39.39 1.02.39 1.41 0L20.29 7.71a.996.996 0 1 0-1.41-1.41L9 16.17z\" fill=\"#007DB8\"\/>\n<\/svg>\n            Anpassningsbart        <\/li>\n    <\/ul>                    <\/div>\n    <\/div>\n\n    <div class=\"background-image\">\n        <img decoding=\"async\" src=\"https:\/\/www.ne.se\/info\/wp-content\/uploads\/2023\/04\/matte2.jpg\" srcset=\"https:\/\/www.ne.se\/info\/wp-content\/uploads\/2023\/04\/matte2.jpg 1080w, https:\/\/www.ne.se\/info\/wp-content\/uploads\/2023\/04\/matte2-300x300.jpg 300w, https:\/\/www.ne.se\/info\/wp-content\/uploads\/2023\/04\/matte2-1024x1024.jpg 1024w, https:\/\/www.ne.se\/info\/wp-content\/uploads\/2023\/04\/matte2-150x150.jpg 150w, https:\/\/www.ne.se\/info\/wp-content\/uploads\/2023\/04\/matte2-768x768.jpg 768w, https:\/\/www.ne.se\/info\/wp-content\/uploads\/2023\/04\/matte2-354x354.jpg 354w, https:\/\/www.ne.se\/info\/wp-content\/uploads\/2023\/04\/matte2-96x96.jpg 96w, https:\/\/www.ne.se\/info\/wp-content\/uploads\/2023\/04\/matte2-360x360.jpg 360w, https:\/\/www.ne.se\/info\/wp-content\/uploads\/2023\/04\/matte2-280x280.jpg 280w\" sizes=\"(max-width: 1080px) 100vw, 1080px\" alt=\"\" title=\"matte2\" \/>\n    <\/div>\n\n    <div class=\"overlay-top\"><\/div>\n    <div class=\"overlay-bottom\"><\/div>\n<\/section>\n\n\n\n<section id=\"teaching_top\" class=\"left-right bg-white\">\n    <div class=\"container twelve-col\">\n        <div class=\"inner   \">\n                            <div class=\"grid\">\n                    <div class=\"col col-2 img-left\">\n                                                                                                                        <picture>\n                                        <source media=\"(min-width:767px)\" srcset=\"https:\/\/www.ne.se\/info\/wp-content\/uploads\/2023\/03\/Matte-2-1240x992.png\">\n                                        <source media=\"(max-width:767px)\" srcset=\"https:\/\/www.ne.se\/info\/wp-content\/uploads\/2023\/03\/Matte-2-1240x920.png\">\n                                        <img decoding=\"async\" src=\"https:\/\/www.ne.se\/info\/wp-content\/uploads\/2023\/03\/Matte-2-1240x992.png\" srcset=\"https:\/\/www.ne.se\/info\/wp-content\/uploads\/2023\/03\/Matte-2-1240x992.png 1240w, https:\/\/www.ne.se\/info\/wp-content\/uploads\/2023\/03\/Matte-2-800x640.png 800w\" sizes=\"(max-width: 1240px) 100vw, 1240px\" alt=\"\" title=\"Matte 2\"  \/>\n                                    <\/picture>\n                                                            \n                                            <\/div>\n                    <div class=\"col col-2\">\n                        \n\n<div class=\"content\">\n\n    \n    \n            \n<h2 class=\"h3\"> Ett uppdaterat och aktuellt l\u00e4romedel <\/h2>    \n            <p class=\"ingress\">Matematik 2 bjuder p\u00e5 b\u00e5de lek och allvar och l\u00e5ter eleverna, steg f\u00f6r steg, bygga upp sin f\u00f6rst\u00e5else och ett intresse f\u00f6r matematiken. P\u00e5 s\u00e5 s\u00e4tt f\u00e5r eleverna kunskap om matematiska sammanhang, samtidigt som de f\u00e5r insikt i matematikens betydelse i vardagslivet och arbetar mot m\u00e5len. <br \/>\r\n<br \/>\r\nMed Matematik 2 ska alla elever lyckas!<\/p>\n    \n    \n    \n    \n\n<\/div>                    <\/div>\n                <\/div>\n                    <\/div>\n    <\/div>\n<\/section>\n\n\n\n\n\n\n<section  class=\"mini-header center\">\n    <div class=\"container\">\n        <div class=\"inner   \">\n\n        \n                            <div class=\"heading-container\">\n                    \n<h2 class=\"h2\"> Inneh\u00e5ll Matematik 2 <\/h2>                                    <\/div>\n            \n            <div class=\"content-container\">\n\n                \n\n                \n                \n            <\/div>\n\n        <\/div>\n    <\/div>\n<\/section>\n\n\n\n\n\n<section  class=\"tab-left-section\">\n    <div class=\"container\">\n        <div class=\"inner   \">\n                            <div class=\"grid\">\n                    <div class=\"col col-2 tabs\">\n                                                <div class=\"wrapper\">\n                                                                                <div class=\"tab-item active\" data-tab-id=\"block_6cfd9a3b166d90b4b4dd9866c1ce31d3_1\">\n                                                                    <p class=\"tab-heading\">Kapitel<\/p>\n                                                                                                    <p class=\"tab-description\">Matematik 2 t\u00e4cker \u00e4mnets centrala inneh\u00e5ll och hj\u00e4lper eleven att n\u00e5 m\u00e5len.<\/p>\n                                                            <\/div>\n                                                                                                            <div class=\"tab-item \" data-tab-id=\"block_6cfd9a3b166d90b4b4dd9866c1ce31d3_2\">\n                                                                    <p class=\"tab-heading\">L\u00e4romedlet inneh\u00e5ller<\/p>\n                                                                                                    <p class=\"tab-description\">L\u00e4romedlet \u00e4r fyllt med inneh\u00e5ll som underl\u00e4ttar en varierad och rolig undervisning.<\/p>\n                                                            <\/div>\n                                                                                                            <div class=\"tab-item \" data-tab-id=\"block_6cfd9a3b166d90b4b4dd9866c1ce31d3_3\">\n                                                                    <p class=\"tab-heading\">St\u00f6d och f\u00f6rdjupning<\/p>\n                                                                                                    <p class=\"tab-description\">M\u00f6t alla elever och anpassa inneh\u00e5ll efter behov och f\u00f6ruts\u00e4ttningar.<\/p>\n                                                            <\/div>\n                                                                                                            <div class=\"tab-item \" data-tab-id=\"block_6cfd9a3b166d90b4b4dd9866c1ce31d3_4\">\n                                                                    <p class=\"tab-heading\">F\u00f6rfattare och medverkande<\/p>\n                                                                                                    <p class=\"tab-description\">L\u00e4romedlet \u00e4r framtaget av NE:s redaktion tillsammans med experter i \u00e4mnet.<\/p>\n                                                            <\/div>\n                                                                            <\/div>\n                    <\/div>\n                    <div class=\"col col-2 tabs-content\">\n                                                                                                        <div class=\"tab-content-item active text\" data-tab-content-id=\"block_6cfd9a3b166d90b4b4dd9866c1ce31d3_1\">\n                                                                                                            <h4>Kapitel<\/h4>\n<ul>\n<li style=\"font-weight: 400;\" aria-level=\"1\"><span style=\"font-weight: 400;\">R\u00e4kna upp till 1 000<\/span><\/li>\n<li style=\"font-weight: 400;\" aria-level=\"1\"><span style=\"font-weight: 400;\">Addera till 200<\/span><\/li>\n<li style=\"font-weight: 400;\" aria-level=\"1\"><span style=\"font-weight: 400;\">Subtrahera till 200<\/span><\/li>\n<li style=\"font-weight: 400;\" aria-level=\"1\"><span style=\"font-weight: 400;\">Multiplikation<\/span><\/li>\n<li style=\"font-weight: 400;\" aria-level=\"1\"><span style=\"font-weight: 400;\">Division<\/span><\/li>\n<li style=\"font-weight: 400;\" aria-level=\"1\"><span style=\"font-weight: 400;\">Br\u00e5k<\/span><\/li>\n<li style=\"font-weight: 400;\" aria-level=\"1\"><span style=\"font-weight: 400;\">Geometri<\/span><\/li>\n<li style=\"font-weight: 400;\" aria-level=\"1\"><span style=\"font-weight: 400;\">Statistik<\/span><\/li>\n<li style=\"font-weight: 400;\" aria-level=\"1\"><span style=\"font-weight: 400;\">L\u00e4ngd<\/span><\/li>\n<li style=\"font-weight: 400;\" aria-level=\"1\"><span style=\"font-weight: 400;\">Massa<\/span><\/li>\n<li style=\"font-weight: 400;\" aria-level=\"1\"><span style=\"font-weight: 400;\">Volym<\/span><\/li>\n<li style=\"font-weight: 400;\" aria-level=\"1\"><span style=\"font-weight: 400;\">Tid<\/span><\/li>\n<li style=\"font-weight: 400;\" aria-level=\"1\"><span style=\"font-weight: 400;\">Programmering<\/span><\/li>\n<li style=\"font-weight: 400;\" aria-level=\"1\"><span style=\"font-weight: 400;\">Probleml\u00f6sning<\/span><\/li>\n<\/ul>\n                                                                                                <\/div>\n\n                            \n                                                                                                            <div class=\"tab-content-item  text\" data-tab-content-id=\"block_6cfd9a3b166d90b4b4dd9866c1ce31d3_2\">\n                                                                                                            <h4>L\u00e4romedlet inneh\u00e5ller:<\/h4>\n<ul>\n<li aria-level=\"1\">Digitala och traditionella \u00f6vningsuppgifter<\/li>\n<li aria-level=\"1\">Elevaktiviteter<\/li>\n<li aria-level=\"1\">Omfattande l\u00e4rarst\u00f6d<\/li>\n<li aria-level=\"1\">Utskrivbara aktivitetsblad och elevh\u00e4ften<\/li>\n<li aria-level=\"1\">Plockmaterial f\u00f6r klassrummet<\/li>\n<li aria-level=\"1\">Kortfattade teorigenomg\u00e5ngar<\/li>\n<li aria-level=\"1\">Koppling till centralt inneh\u00e5ll<\/li>\n<li aria-level=\"1\">Lek och inspiration<\/li>\n<\/ul>\n                                                                                                <\/div>\n\n                            \n                                                                                                            <div class=\"tab-content-item  text\" data-tab-content-id=\"block_6cfd9a3b166d90b4b4dd9866c1ce31d3_3\">\n                                                                                                            <h4>St\u00f6d och f\u00f6rdjupningar<\/h4>\n<p>L\u00e4romedel fr\u00e5n NE \u00e4r fyllda med tillg\u00e4nglighetsfunktioner och f\u00f6rdjupningsm\u00f6jligheter. H\u00e4r finns bland annat:<\/p>\n<ul>\n<li>L\u00e4ttl\u00e4sta versioner<\/li>\n<li>Uppl\u00e4sning av text<\/li>\n<li>\u00d6vers\u00e4ttning till \u00f6ver 100 spr\u00e5k<\/li>\n<li>L\u00e4sst\u00f6d \u2013 Justera text, bakgrund, typsnitt eller anv\u00e4nd l\u00e4slinjal<\/li>\n<li>Enkel tillg\u00e5ng till extramaterial, uppgifter och laborationer<\/li>\n<li>Kopplingar till kunskapstj\u00e4nsterna som f\u00f6rklarar, breddar och f\u00f6rdjupar<\/li>\n<\/ul>\n                                                                                                <\/div>\n\n                            \n                                                                                                            <div class=\"tab-content-item  text\" data-tab-content-id=\"block_6cfd9a3b166d90b4b4dd9866c1ce31d3_4\">\n                                                                                                            <h4 class=\"tab-heading\">F\u00f6rfattare och medverkande<\/h4>\n<p>Texter och uppgifter:Jesper S\u00f6rensson och Johan Warell.<\/p>\n<p>Laborationer: Jesper S\u00f6rensson och Johan Warell.<\/p>\n<p>Redakt\u00f6r: Jesper S\u00f6rensson och Johan Warell.<\/p>\n<p>L\u00e4romedelsutvecklare: Jesper S\u00f6rensson.<\/p>\n<p>Bilder: Jesper S\u00f6rensson och Martina Eriksson.<\/p>\n<p>Illustrationer: Elin Jonsson och Arvid Gruv\u00f6 W\u00e4rle.<\/p>\n<p>\u00d6vriga medverkande:\u00a0Marie Karlsson och Linda Solenkrans<\/p>\n                                                                                                <\/div>\n\n                            \n                                                                        <\/div>\n                <\/div>\n                    <\/div>\n    <\/div>\n<\/section>\n\n\n\n\n\n<section  class=\"social-proof bg-gray\">\n    <div class=\"container\">\n        <div class=\"inner   \">\n                            \n<h3 class=\"h3\"> Nu \u00e4r vi 1 000 000 elever  i 245 kommuner <\/h3>                        \n                            <div class=\"grid\">\n                                            <div class=\"col col-4\">\n                            <div class=\"wrapper\">\n                                <img decoding=\"async\" src=\"https:\/\/www.ne.se\/info\/wp-content\/uploads\/2023\/03\/lindesberg_RGB_Text-354x166.png\" srcset=\"https:\/\/www.ne.se\/info\/wp-content\/uploads\/2023\/03\/lindesberg_RGB_Text-354x166.png 354w, https:\/\/www.ne.se\/info\/wp-content\/uploads\/2023\/03\/lindesberg_RGB_Text.png 1106w, https:\/\/www.ne.se\/info\/wp-content\/uploads\/2023\/03\/lindesberg_RGB_Text-686x320.png 686w, https:\/\/www.ne.se\/info\/wp-content\/uploads\/2023\/03\/lindesberg_RGB_Text-300x141.png 300w, https:\/\/www.ne.se\/info\/wp-content\/uploads\/2023\/03\/lindesberg_RGB_Text-768x360.png 768w, https:\/\/www.ne.se\/info\/wp-content\/uploads\/2023\/03\/lindesberg_RGB_Text-1024x481.png 1024w\" sizes=\"(max-width: 354px) 100vw, 354px\" alt=\"\" title=\"lindesberg_RGB_Text\"  \/>\n                            <\/div>\n                        <\/div>\n                                            <div class=\"col col-4\">\n                            <div class=\"wrapper\">\n                                <img decoding=\"async\" src=\"https:\/\/www.ne.se\/info\/wp-content\/uploads\/2023\/03\/Habo-Vapen_liggande_farg-354x133.jpeg\" srcset=\"https:\/\/www.ne.se\/info\/wp-content\/uploads\/2023\/03\/Habo-Vapen_liggande_farg-354x133.jpeg 354w, https:\/\/www.ne.se\/info\/wp-content\/uploads\/2023\/03\/Habo-Vapen_liggande_farg-300x113.jpeg 300w, https:\/\/www.ne.se\/info\/wp-content\/uploads\/2023\/03\/Habo-Vapen_liggande_farg.jpeg 543w\" sizes=\"(max-width: 354px) 100vw, 354px\" alt=\"\" title=\"Ha\u00b0bo Vapen_ligg\"  \/>\n                            <\/div>\n                        <\/div>\n                                            <div class=\"col col-4\">\n                            <div class=\"wrapper\">\n                                <img decoding=\"async\" src=\"https:\/\/www.ne.se\/info\/wp-content\/uploads\/2023\/03\/TjornsKommun.c46dd811-354x105.png\" srcset=\"https:\/\/www.ne.se\/info\/wp-content\/uploads\/2023\/03\/TjornsKommun.c46dd811-354x105.png 354w, https:\/\/www.ne.se\/info\/wp-content\/uploads\/2023\/03\/TjornsKommun.c46dd811-300x89.png 300w, https:\/\/www.ne.se\/info\/wp-content\/uploads\/2023\/03\/TjornsKommun.c46dd811.png 500w\" sizes=\"(max-width: 354px) 100vw, 354px\" alt=\"\" title=\"TjornsKommun.c46dd811\"  \/>\n                            <\/div>\n                        <\/div>\n                                            <div class=\"col col-4\">\n                            <div class=\"wrapper\">\n                                <img decoding=\"async\" src=\"https:\/\/www.ne.se\/info\/wp-content\/uploads\/2023\/03\/timra-logo-flat-354x85.png\" srcset=\"https:\/\/www.ne.se\/info\/wp-content\/uploads\/2023\/03\/timra-logo-flat-354x85.png 354w, https:\/\/www.ne.se\/info\/wp-content\/uploads\/2023\/03\/timra-logo-flat-300x72.png 300w, https:\/\/www.ne.se\/info\/wp-content\/uploads\/2023\/03\/timra-logo-flat.png 459w\" sizes=\"(max-width: 354px) 100vw, 354px\" alt=\"\" title=\"timra-logo-flat\"  \/>\n                            <\/div>\n                        <\/div>\n                                    <\/div>\n                    <\/div>\n    <\/div>\n<\/section>\n\n\n\n<section  class=\"left-right bg-white\">\n    <div class=\"container twelve-col\">\n        <div class=\"inner   \">\n                            <div class=\"grid\">\n                    <div class=\"col col-2 img-left\">\n                                                                                                                        <picture>\n                                        <source media=\"(min-width:767px)\" srcset=\"https:\/\/www.ne.se\/info\/wp-content\/uploads\/2023\/03\/ima165271-1240x992.jpg\">\n                                        <source media=\"(max-width:767px)\" srcset=\"https:\/\/www.ne.se\/info\/wp-content\/uploads\/2023\/03\/ima165271-1460x920.jpg\">\n                                        <img decoding=\"async\" src=\"https:\/\/www.ne.se\/info\/wp-content\/uploads\/2023\/03\/ima165271-1240x992.jpg\" srcset=\"https:\/\/www.ne.se\/info\/wp-content\/uploads\/2023\/03\/ima165271-1240x992.jpg 1240w, https:\/\/www.ne.se\/info\/wp-content\/uploads\/2023\/03\/ima165271-800x640.jpg 800w\" sizes=\"(max-width: 1240px) 100vw, 1240px\" alt=\"\" title=\"Kollegor i m\u00f6te med dator\"  \/>\n                                    <\/picture>\n                                                            \n                                            <\/div>\n                    <div class=\"col col-2\">\n                        \n\n<div class=\"content\">\n\n    \n    \n            \n<h2 class=\"h2\"> Kom ig\u00e5ng direkt <\/h2>    \n            <p class=\"ingress\">Att komma ig\u00e5ng med NE \u00e4r enkelt. Vill du veta mer om hur du optimerar ditt anv\u00e4ndande kan du alltid st\u00e4lla en fr\u00e5ga i chatten eller delta i n\u00e5gon av de utbildningar vi erbjuder.<\/p>\n    \n    \n            <div class=\"btn-container\">\n                            \n<a href=\"https:\/\/www.ne.se\/info\/kom-igang\/\" target=\"\" aria-label=\"Allt om statsbidraget\" class=\"button button-blue\">\n    Allt om statsbidraget    <\/a>                                        \n<a href=\"https:\/\/www.ne.se\/info\/prova-ne-kostnadsfritt-i-30-dagar\/\" target=\"\" class=\"button button-border-blue\">Inte kund? Prova gratis i 30 dagar<\/a>                    <\/div>\n    \n    \n\n<\/div>                    <\/div>\n                <\/div>\n                    <\/div>\n    <\/div>\n<\/section>\n\n\n","protected":false},"excerpt":{"rendered":"","protected":false},"author":6,"featured_media":0,"parent":731,"menu_order":0,"comment_status":"closed","ping_status":"closed","template":"page-teaching-material.php","meta":{"inline_featured_image":false,"footnotes":""},"subject":[5],"class_list":["post-4337","page","type-page","status-publish","hentry"],"acf":[],"_links":{"self":[{"href":"https:\/\/www.ne.se\/info\/wp-json\/wp\/v2\/pages\/4337","targetHints":{"allow":["GET"]}}],"collection":[{"href":"https:\/\/www.ne.se\/info\/wp-json\/wp\/v2\/pages"}],"about":[{"href":"https:\/\/www.ne.se\/info\/wp-json\/wp\/v2\/types\/page"}],"author":[{"embeddable":true,"href":"https:\/\/www.ne.se\/info\/wp-json\/wp\/v2\/users\/6"}],"replies":[{"embeddable":true,"href":"https:\/\/www.ne.se\/info\/wp-json\/wp\/v2\/comments?post=4337"}],"version-history":[{"count":16,"href":"https:\/\/www.ne.se\/info\/wp-json\/wp\/v2\/pages\/4337\/revisions"}],"predecessor-version":[{"id":25893,"href":"https:\/\/www.ne.se\/info\/wp-json\/wp\/v2\/pages\/4337\/revisions\/25893"}],"up":[{"embeddable":true,"href":"https:\/\/www.ne.se\/info\/wp-json\/wp\/v2\/pages\/731"}],"wp:attachment":[{"href":"https:\/\/www.ne.se\/info\/wp-json\/wp\/v2\/media?parent=4337"}],"wp:term":[{"taxonomy":"subject","embeddable":true,"href":"https:\/\/www.ne.se\/info\/wp-json\/wp\/v2\/subject?post=4337"}],"curies":[{"name":"wp","href":"https:\/\/api.w.org\/{rel}","templated":true}]}}