{"id":5167,"date":"2023-04-25T09:18:13","date_gmt":"2023-04-25T09:18:13","guid":{"rendered":"https:\/\/www.ne.se\/info\/?page_id=5167"},"modified":"2023-04-25T14:34:34","modified_gmt":"2023-04-25T14:34:34","slug":"api","status":"publish","type":"page","link":"https:\/\/www.ne.se\/info\/skola\/api\/","title":{"rendered":"API f\u00f6r enkel \u00e5tkomst till NE"},"content":{"rendered":"\n\n<section  class=\"big-header bg-white \">\n    <div class=\"container\">\n        <div class=\"inner   \">\n\n            \n\n<div class=\"big-header-center\">\n                \n<h1 class=\"h2\"> API f\u00f6r enkel \u00e5tkomst till NE <\/h1>                \n<p class=\"ample\">\n    NE erbjuder utvecklare av skolplattformar ett API som f\u00f6renklar \u00e5tkomst till NE f\u00f6r skolkunder.<\/p>    \n    \n    <\/div>\n        <\/div>\n    <\/div>\n<\/section>\n\n\n\n<section  class=\"blog-text\">\n    <div class=\"container\">\n        <div class=\"inner  pt-0 pb-3\">\n                                        <h4>De funktioner API:erna ger tillg\u00e5ng till \u00e4r:<\/h4>\n<ul>\n<li>Provisionering av anv\u00e4ndare<\/li>\n<li>Autentisering av anv\u00e4ndare (SSO)<\/li>\n<\/ul>\n                    <\/div>\n    <\/div>\n<\/section>\n\n\n\n\n\n\n<section  class=\"blog-text\">\n    <div class=\"container\">\n        <div class=\"inner   \">\n                            \n<h5 class=\"h5\"> Provisionering <\/h5>                                        <p>Elevdata synkas genom SS12000:2018-standard (EGIL\/Skolsynk) eller genom den version av SS12000:2020 som Skolverket rekommenderar i framtiden. NE anv\u00e4nder en delm\u00e4ngd av uppgifterna i respektive standard.<\/p>\n<p>F\u00f6r att synkronisera och provisionera elevdata mot NE beh\u00f6ver skolkontot vara registrerat och ett test genomf\u00f6ras f\u00f6r att s\u00e4kerst\u00e4lla att korrekt skolkod \u00e4r kopplad till r\u00e4tt skolkonto. En gemensam nyckel skapas och aktiveras i NE:s scim-tj\u00e4nst samt p\u00e5 kundsidan.<\/p>\n<p>NE:s scim-tj\u00e4nst \u00e4r tillg\u00e4nglig f\u00f6r test p\u00e5 <a href=\"https:\/\/scim-test.ne.se\" rel=\"nofollow noopener\" target=\"_blank\">https:\/\/scim-test.ne.se<\/a>.<\/p>\n<p>Existerande integrationer: det finns i dag tre verifierade klienter som arbetar mot NE:s scim-service: Skolsynk f\u00f6r Google, Skolsynk f\u00f6r Microsoft samt EGIL.<\/p>\n                    <\/div>\n    <\/div>\n<\/section>\n\n\n\n\n\n\n<section  class=\"blog-text\">\n    <div class=\"container\">\n        <div class=\"inner   \">\n                            \n<h5 class=\"h5\"> Autentisering <\/h5>                                        <p>SSO-autentisering (single sign-on) sker genom OAuth2 och SAML. St\u00f6d kommer \u00e4ven att finnas f\u00f6r annan federerad autentiseringsl\u00f6sning som Skolverket rekommenderar i framtiden.<\/p>\n<p>Existerande integrationer: det finns i dag en stor m\u00e4ngd aktiva autentiseringsl\u00f6sningar, samtliga baserade p\u00e5 OAuth och SAML. De tre fr\u00e4msta \u00e4r OAuth2 f\u00f6r Google, OAuth2 f\u00f6r Microsoft och SAML f\u00f6r Skolfederation.<\/p>\n<p>F\u00f6r teknisk dokumentation av dessa API:er inklusive specifikation av attribut och kommunikationsfl\u00f6den, kontakta api@ne.se.<\/p>\n                    <\/div>\n    <\/div>\n<\/section>\n\n\n","protected":false},"excerpt":{"rendered":"","protected":false},"author":6,"featured_media":0,"parent":751,"menu_order":0,"comment_status":"closed","ping_status":"closed","template":"","meta":{"inline_featured_image":false,"footnotes":""},"subject":[],"class_list":["post-5167","page","type-page","status-publish","hentry"],"acf":[],"_links":{"self":[{"href":"https:\/\/www.ne.se\/info\/wp-json\/wp\/v2\/pages\/5167","targetHints":{"allow":["GET"]}}],"collection":[{"href":"https:\/\/www.ne.se\/info\/wp-json\/wp\/v2\/pages"}],"about":[{"href":"https:\/\/www.ne.se\/info\/wp-json\/wp\/v2\/types\/page"}],"author":[{"embeddable":true,"href":"https:\/\/www.ne.se\/info\/wp-json\/wp\/v2\/users\/6"}],"replies":[{"embeddable":true,"href":"https:\/\/www.ne.se\/info\/wp-json\/wp\/v2\/comments?post=5167"}],"version-history":[{"count":10,"href":"https:\/\/www.ne.se\/info\/wp-json\/wp\/v2\/pages\/5167\/revisions"}],"predecessor-version":[{"id":5235,"href":"https:\/\/www.ne.se\/info\/wp-json\/wp\/v2\/pages\/5167\/revisions\/5235"}],"up":[{"embeddable":true,"href":"https:\/\/www.ne.se\/info\/wp-json\/wp\/v2\/pages\/751"}],"wp:attachment":[{"href":"https:\/\/www.ne.se\/info\/wp-json\/wp\/v2\/media?parent=5167"}],"wp:term":[{"taxonomy":"subject","embeddable":true,"href":"https:\/\/www.ne.se\/info\/wp-json\/wp\/v2\/subject?post=5167"}],"curies":[{"name":"wp","href":"https:\/\/api.w.org\/{rel}","templated":true}]}}