{"id":5393,"date":"2023-04-27T13:22:23","date_gmt":"2023-04-27T13:22:23","guid":{"rendered":"https:\/\/www.ne.se\/info\/?page_id=5393"},"modified":"2024-05-23T12:55:26","modified_gmt":"2024-05-23T12:55:26","slug":"ne-som-kalla","status":"publish","type":"page","link":"https:\/\/www.ne.se\/info\/ne-som-kalla\/","title":{"rendered":"NE som k\u00e4lla"},"content":{"rendered":"\n\n<section  class=\"big-header bg-gradient-top \">\n    <div class=\"container\">\n        <div class=\"inner first-block  \">\n\n            \n\n<div class=\"big-header-center\">\n                \n<h1 class=\"h1\"> NE som k\u00e4lla <\/h1>                \n<p class=\"ample\">\n    NE st\u00e5r p\u00e5 vetenskaplig grund. Bakom inneh\u00e5llet st\u00e5r \u00f6ver 4 500 \u00e4mnesexperter och NE:s sakkunniga redaktion.<\/p>    \n    \n    <\/div>\n        <\/div>\n    <\/div>\n<\/section>\n\n\n\n<section  class=\"blog-text\">\n    <div class=\"container\">\n        <div class=\"inner   \">\n                            \n<h4 class=\"h4\"> Hur kan jag h\u00e4nvisa till NE om jag inte vet vem som skrivit en viss artikel? <\/h4>                                        <p>I de fall d\u00e4r artikeln \u00e4r signerad \u00e4r det NE och, om man vill ange det, skribenten\/skribenterna som \u00e4r k\u00e4llan. I de fall d\u00e4r artikeln \u00e4r osignerad \u00e4r det NE som \u00e4r k\u00e4llan. Detta kan j\u00e4mf\u00f6ras med andra k\u00e4llor som saknar namngiven f\u00f6rfattare, exempelvis protokoll, promemorior, tidningsnotiser och information p\u00e5 myndighets- och f\u00f6retagssidor.<\/p>\n                    <\/div>\n    <\/div>\n<\/section>\n\n\n\n\n\n\n<section  class=\"blog-text\">\n    <div class=\"container\">\n        <div class=\"inner   \">\n                            \n<h4 class=\"h4\"> Vilka \u00e4r NE:s k\u00e4llor? <\/h4>                                        <p>NE:s k\u00e4llor \u00e4r de \u00e4mnesexperter och skribenter som skriver texterna. De har i sin tur sina egna k\u00e4llor. Detsamma g\u00e4ller NE:s \u00e4mnesredakt\u00f6rer som anv\u00e4nder en m\u00e4ngd olika k\u00e4llor i sitt arbete, exempelvis referensverk, facklitteratur och k\u00e4llor kopplade till daglig omv\u00e4rldsbevakning.<\/p>\n                    <\/div>\n    <\/div>\n<\/section>\n\n\n\n\n\n\n<section  class=\"blog-text\">\n    <div class=\"container\">\n        <div class=\"inner   \">\n                            \n<h4 class=\"h4\"> Vilket datum ska jag uppge n\u00e4r jag refererar till en viss artikel i NE? <\/h4>                                        <p>Det enklaste s\u00e4ttet att hantera datum i k\u00e4llh\u00e4nvisningen \u00e4r att ange datum f\u00f6r citering och att sedan skriva ut artikeln eller spara den p\u00e5 h\u00e5rddisken. Detta eftersom uppgifterna i artikeln mycket v\u00e4l kan f\u00f6r\u00e4ndras efter datumet f\u00f6r citering.<\/p>\n                    <\/div>\n    <\/div>\n<\/section>\n\n\n\n\n\n\n<section  class=\"blog-text\">\n    <div class=\"container\">\n        <div class=\"inner   \">\n                            \n<h4 class=\"h4\"> Hur kan jag se n\u00e4r en viss artikel uppdaterades senast? <\/h4>                                        <p>Vi har valt att inte uppge datum f\u00f6r senaste uppdatering. M\u00e5nga artiklar har flera f\u00f6rfattare och ofta kan en del av en l\u00e4ngre artikel vara uppdaterad medan en annan del \u00e4r den ursprungliga versionen. D\u00e4rf\u00f6r blir en angivelse av uppdateringsdatum inte helt relevant. D\u00e4remot anger vi oftast \u00e5rtal f\u00f6r faktauppgifter som inte \u00e4r statiska.<\/p>\n                    <\/div>\n    <\/div>\n<\/section>\n\n\n\n\n\n\n<section  class=\"blog-text\">\n    <div class=\"container\">\n        <div class=\"inner  pt-1 pb-4\">\n                            \n<h4 class=\"h4\"> Vilken webbadress ska jag uppge n\u00e4r jag vill referera till en specifik artikel? <\/h4>                                        <div id=\"content\" class=\"\">\n<div id=\"primary\" class=\"page\">\n<p>Efter varje artikel finns en k\u00e4llangivelse med artikelns namn, webbadress och datum. Se exempel nedan:<\/p>\n<article id=\"post-272\" class=\"post-272 page type-page status-publish\">\n<div class=\"site-inner simple-template\">\n<div class=\"entry-content\">\n<p><em>Nationalencyklopedin<\/em>, bomull. \/uppslagsverk\/encyklopedi\/l\u00e5ng\/bomull (h\u00e4mtad 2023-03-01)<\/p>\n<\/div>\n<\/div>\n<\/article>\n<p>&nbsp;<\/p>\n<\/div>\n<\/div>\n                    <\/div>\n    <\/div>\n<\/section>\n\n\n\n\n\n\n<section  class=\"big-header bg-gray \">\n    <div class=\"container\">\n        <div class=\"inner  pt-5 pb-5\">\n\n            \n\n<div class=\"big-header-center\">\n                \n<h2 class=\"h2\"> Experter och skribenter <\/h2>                \n<p class=\"ample\">\n    Nationalencyklopedin har ett vittf\u00f6rgrenat kontaktn\u00e4t \u00f6ver hela landet med cirka 4 500 medarbetare som \u00e4r experter och skribenter inom alla \u00e4mnesomr\u00e5den. Fr\u00e5n en professor i k\u00e4rnfysik till en trollkarl.<\/p>    \n    \n            <div class=\"btn-container\">\n                            \n<a href=\"https:\/\/www.ne.se\/info\/experter-och-skribenter\/\" target=\"\" aria-label=\"Se alla medverkande\" class=\"button button-blue\">\n    Se alla medverkande    <\/a>                                <\/div>\n    <\/div>\n        <\/div>\n    <\/div>\n<\/section>\n\n\n\n<section  class=\"big-header bg-white \">\n    <div class=\"container\">\n        <div class=\"inner  pt-5 pb-2\">\n\n            \n\n<div class=\"big-header-center\">\n                \n<h2 class=\"h2\"> H\u00f6r av dig till oss <\/h2>                \n<p class=\"ample\">\n    Har du en allm\u00e4n fr\u00e5ga eller synpunkt g\u00e4llande inneh\u00e5llet i v\u00e5ra tj\u00e4nster \u00e4r du v\u00e4lkommen att kontakta oss.<\/p>    \n    \n    <\/div>\n        <\/div>\n    <\/div>\n<\/section>\n\n\n\n<section  class=\"contact-person-grid bg-white\">\n    <div class=\"container\">\n        <div class=\"inner  pt-3 pb-5\">\n                            <div class=\"grid contact-person-grid\">\n                                            <div class=\"col col-2 contact-person-col\">\n                            \n\n\n<div class=\"content small-center\">\n    <div class=\"image\">\n        <img decoding=\"async\" src=\"https:\/\/www.ne.se\/info\/wp-content\/uploads\/2023\/03\/Namnlos-9-360x360.png\" alt=\"\">\n    <\/div>\n    <div class=\"info\"> \n        <div class=\"top\"> \n                            <p class=\"name\">Erica Sleipner<\/p>\n                                        <p class=\"title\">Kundsupport<\/p>\n                                        <a href=\"tel:040 665 47 00\" title=\"Ring Erica Sleipner\" class=\"phone\">040 665 47 00<\/a>\n                                        <a href=\"mailto:support@ne.se\" title=\"Skicka ett mail till Erica Sleipner\" class=\"email\">support@ne.se<\/a>\n                    <\/div>\n            <\/div>\n\n<\/div>                        <\/div>\n\n                        \n                                                                    <div class=\"col col-2 contact-person-col\">\n                            \n\n\n<div class=\"content small-center\">\n    <div class=\"image\">\n        <img decoding=\"async\" src=\"https:\/\/www.ne.se\/info\/wp-content\/uploads\/2023\/03\/per_soderberg-360x360.jpg\" alt=\"\">\n    <\/div>\n    <div class=\"info\"> \n        <div class=\"top\"> \n                            <p class=\"name\">Per S\u00f6derberg<\/p>\n                                        <p class=\"title\">Chefredakt\u00f6r och inneh\u00e5llschef<\/p>\n                                        <a href=\"tel:070-839 34 30\" title=\"Ring Per S\u00f6derberg\" class=\"phone\">070-839 34 30<\/a>\n                                        <a href=\"mailto:per.soderberg@ne.se\" title=\"Skicka ett mail till Per S\u00f6derberg\" class=\"email\">per.soderberg@ne.se<\/a>\n                    <\/div>\n            <\/div>\n\n<\/div>                        <\/div>\n\n                        \n                                                            <\/div>\n                    <\/div>\n    <\/div>\n<\/section>","protected":false},"excerpt":{"rendered":"","protected":false},"author":6,"featured_media":0,"parent":0,"menu_order":0,"comment_status":"closed","ping_status":"closed","template":"","meta":{"inline_featured_image":false,"footnotes":""},"subject":[],"class_list":["post-5393","page","type-page","status-publish","hentry"],"acf":[],"_links":{"self":[{"href":"https:\/\/www.ne.se\/info\/wp-json\/wp\/v2\/pages\/5393","targetHints":{"allow":["GET"]}}],"collection":[{"href":"https:\/\/www.ne.se\/info\/wp-json\/wp\/v2\/pages"}],"about":[{"href":"https:\/\/www.ne.se\/info\/wp-json\/wp\/v2\/types\/page"}],"author":[{"embeddable":true,"href":"https:\/\/www.ne.se\/info\/wp-json\/wp\/v2\/users\/6"}],"replies":[{"embeddable":true,"href":"https:\/\/www.ne.se\/info\/wp-json\/wp\/v2\/comments?post=5393"}],"version-history":[{"count":34,"href":"https:\/\/www.ne.se\/info\/wp-json\/wp\/v2\/pages\/5393\/revisions"}],"predecessor-version":[{"id":14365,"href":"https:\/\/www.ne.se\/info\/wp-json\/wp\/v2\/pages\/5393\/revisions\/14365"}],"wp:attachment":[{"href":"https:\/\/www.ne.se\/info\/wp-json\/wp\/v2\/media?parent=5393"}],"wp:term":[{"taxonomy":"subject","embeddable":true,"href":"https:\/\/www.ne.se\/info\/wp-json\/wp\/v2\/subject?post=5393"}],"curies":[{"name":"wp","href":"https:\/\/api.w.org\/{rel}","templated":true}]}}