{"id":5460,"date":"2023-04-27T19:05:44","date_gmt":"2023-04-27T19:05:44","guid":{"rendered":"https:\/\/www.ne.se\/info\/?page_id=5460"},"modified":"2023-04-27T19:05:46","modified_gmt":"2023-04-27T19:05:46","slug":"antiken","status":"publish","type":"page","link":"https:\/\/www.ne.se\/info\/experter-och-skribenter\/antiken\/","title":{"rendered":"Antiken"},"content":{"rendered":"\n\n<section  class=\"big-header bg-gradient-top \">\n    <div class=\"container\">\n        <div class=\"inner   \">\n\n            \n\n<div class=\"big-header-center\">\n            \n<p class=\"uptext center\">\n    Experter och skribenter    <span class=\"line\"><\/span>\n<\/p>                \n<h2 class=\"h2\"> Antiken <\/h2>        \n    \n    <\/div>\n        <\/div>\n    <\/div>\n<\/section>\n\n\n\n<section  class=\"blog-text\">\n    <div class=\"container\">\n        <div class=\"inner  pt-0 pb-5\">\n                            \n<h3 class=\"h3\"> Redakt\u00f6r: Per S\u00f6derberg <\/h3>                                        <h3>A<\/h3>\n<ul>\n<li>Alroth, Brita, fil.dr<\/li>\n<li>Andersson, Thomas, landskapsarkitekt<\/li>\n<li>Andersson, Thorbj\u00f6rn, landskapsarkitekt<\/li>\n<\/ul>\n<h3>B<\/h3>\n<ul>\n<li>Beer, Cecilia, fil.dr (Fenicien; Karthago)<\/li>\n<li>Bengtsson, Eva-Lena, fil.kand.<\/li>\n<li>Bengtsson, Johnny R., fil.kand.<\/li>\n<li>Bergh, Birger, professor (latinsk litteratur)<\/li>\n<li>Bergman, Jan, professor (egyptisk religion)<\/li>\n<li>Beskow, Per, docent (kristendomen; mysteriekulter)<\/li>\n<li>Blomqvist, Jerker, professor (grekisk litteratur, filosofi och religion)<\/li>\n<li>Blomqvist, Karin, fil.dr<\/li>\n<li>Bruun, Patrick, professor<\/li>\n<\/ul>\n<h3>C<\/h3>\n<ul>\n<li>Callmer, Johan, professor<\/li>\n<li>Cullhed, Mats, fil.dr (senantiken)<\/li>\n<\/ul>\n<h3>E<\/h3>\n<ul>\n<li>af Edholm, Erik, docent<\/li>\n<li>Edsman, Carl-Martin, professor<\/li>\n<li>Elert, Claes-Christian, professor<\/li>\n<\/ul>\n<h3>F<\/h3>\n<ul>\n<li>Flemberg, Johan, fil.dr (grekisk skulptur)<\/li>\n<li>Forsell, Ren\u00e9e, fil.kand.<\/li>\n<li>Friberg, J\u00f6ran, professor<\/li>\n<\/ul>\n<h3>G<\/h3>\n<ul>\n<li>Gerding, Christer, civilingenj\u00f6r (militaria)<\/li>\n<li>Gierow, P\u00e4r G\u00f6ran, professor (Italien)<\/li>\n<li>Gren-Eklund, Gunilla, professor (indologi)<\/li>\n<\/ul>\n<h3>H<\/h3>\n<ul>\n<li>H\u00e6llquist, Karl-Reinhold, fil.lic. (indologi)<\/li>\n<li>Harrison, Dick, professor (germaner och kelter; senantiken)<\/li>\n<li>Hellstr\u00f6m, Pontus, professor<\/li>\n<li>Hj\u00e4rpe, Jan, professor (Arabien)<\/li>\n<li>Holthoer, Rostislav, professor (egyptologi)<\/li>\n<li>H\u00e4gg, Robin, professor (egeisk f\u00f6rhistoria)<\/li>\n<li>H\u00e4gg, Tomas, professor (grekisk litteratur)<\/li>\n<\/ul>\n<h3>I<\/h3>\n<ul>\n<li>Inger, G\u00f6ran, professor (r\u00e4ttshistoria)<\/li>\n<\/ul>\n<h3>J<\/h3>\n<ul>\n<li>Janson Borglund (Tinz), Tove, fil.kand.<\/li>\n<li>Johannesson, Hans-Erik, universitetslektor (antikens litteratur)<\/li>\n<li>Josephson, Folke, professor (indoeurop\u00e9er)<\/li>\n<\/ul>\n<h3>L<\/h3>\n<ul>\n<li>Landgren, Lena, fil.kand. (romersk tr\u00e4dg\u00e5rdskonst)<\/li>\n<li>Leander Touati, Anne-Marie, docent (romersk skulptur)<\/li>\n<li>Lindberg, Bo, docent<\/li>\n<li>Lindberg, Boel, fil.lic. (romersk musik)<\/li>\n<li>Lindberg-Wada, Gunilla, professor (japanologi)<\/li>\n<li>Linn\u00e9r, Sture, professor (grekisk mytologi och litteratur)<\/li>\n<li>Lundahl, Bertil, fil.dr (sinologi)<\/li>\n<li>Lund\u00e9n, Staffan, fil.kand. (labyrinter)<\/li>\n<\/ul>\n<h3>M<\/h3>\n<ul>\n<li>Malcus, Bengt, lektor (grekisk och romersk historia; romersk religion)<\/li>\n<li>Malmgren, Charlotte, fil.kand. (italiensk f\u00f6rhistoria)<\/li>\n<li>Malmqvist, G\u00f6ran, professor (sinologi)<\/li>\n<li>Montgomery, Hugo, professor (Alexander den store)<\/li>\n<\/ul>\n<h3>N<\/h3>\n<ul>\n<li>Norborg, Lars-Arne, docent<\/li>\n<li>Nordquist, Gull\u00f6g, fil.dr (grekisk musik)<\/li>\n<li>Nyberg, Lars, fil.kand.<\/li>\n<\/ul>\n<h3>O<\/h3>\n<ul>\n<li>Ottosson, Magnus, professor (Israel och Palestina)<\/li>\n<\/ul>\n<h3>P<\/h3>\n<ul>\n<li>Palmquist, Lennart, fil.kand. (grekisk och romersk arkitektur)<\/li>\n<li>Peders\u00e9n, Olof, docent (assyriologi)<\/li>\n<li>Peterson, Bengt, fil.dr (egyptologi)<\/li>\n<li>Petersson, Claes, fil.kand. (grekisk och romersk arkitektur)<\/li>\n<li>Piltz, Anders, docent<\/li>\n<\/ul>\n<h3>R<\/h3>\n<ul>\n<li>Reimers, Pontus, redakt\u00f6r, fil.kand.<\/li>\n<li>Rets\u00f6, Jan, professor (Arabiska halv\u00f6n)<\/li>\n<li>Ringgren, Helmer, professor (Fr\u00e4mre Orientens religioner)<\/li>\n<li>Roos, Paavo, docent (Mindre Asien; antikens idrott)<\/li>\n<li>Ros\u00e9n, Staffan, professor (koreanologi)<\/li>\n<li>Rubenson, Sven, professor (Etiopien)<\/li>\n<li>Rudberg, Stig Y., professor (biografier; grekisk paleografi)<\/li>\n<li>Ryd\u00e9n, Lennart, professor (bysantinologi)<\/li>\n<li>Rystedt, Eva, professor (etruskologi)<\/li>\n<\/ul>\n<h3>S<\/h3>\n<ul>\n<li>Santillo Frizell, Barbro, docent (Sardinien och Sicilien)<\/li>\n<li>Scheffer, Charlotte, docent (grekiskt och romerskt m\u00e5leri och konsthantverk)<\/li>\n<li>Swahn, Jan-\u00d6jvind, professor<\/li>\n<\/ul>\n<h3>T<\/h3>\n<ul>\n<li>Troy, Lana, fil.dr (egyptologi)<\/li>\n<li>Tunander, Britt, f\u00f6rfattare, kulturjournalist (konsthantverk)<\/li>\n<\/ul>\n<h3>U<\/h3>\n<ul>\n<li>Utas, Bo, professor (iranistik)<\/li>\n<\/ul>\n<h3>W<\/h3>\n<ul>\n<li>Wikander, Charlotte, docent (antikens kultur och religion)<\/li>\n<li>Wikander, \u00d6rjan, professor (etruskisk och romersk kultur och historia; antikens teknik) (nuv. e)<\/li>\n<li>Wiman, Ingela, fil.dr (ekologi)<\/li>\n<\/ul>\n<h3>\u00c5<\/h3>\n<ul>\n<li>\u00c5str\u00f6m, Paul, professor (cypriotisk och egeisk f\u00f6rhistoria)<\/li>\n<\/ul>\n                    <\/div>\n    <\/div>\n<\/section>\n\n\n\n\n\n\n<section  class=\"big-header bg-gray \">\n    <div class=\"container\">\n        <div class=\"inner  pt-5 pb-5\">\n\n            \n\n<div class=\"big-header-center\">\n                \n<h3 class=\"h3\"> Redaktionen <\/h3>                \n<p class=\"ample\">\n    Har du en allm\u00e4n fr\u00e5ga eller synpunkt g\u00e4llande inneh\u00e5llet i v\u00e5ra tj\u00e4nster \u00e4r du v\u00e4lkommen att h\u00f6ra av dig till oss p\u00e5 redaktionen.<\/p>    \n    \n            <div class=\"btn-container\">\n                            \n<a href=\"https:\/\/www.ne.se\/info\/kontaktsida\/?tab=Redaktion\" target=\"_blank\" aria-label=\"Kontakta oss\" class=\"button button-blue\">\n    Kontakta oss            <svg width=\"16\" height=\"16\" viewBox=\"0 0 16 16\" fill=\"none\" xmlns=\"http:\/\/www.w3.org\/2000\/svg\">\n<path d=\"M14 6.00001L14 2.00001M14 2.00001H9.99999M14 2.00001L8 8M6.66667 2H5.2C4.0799 2 3.51984 2 3.09202 2.21799C2.71569 2.40973 2.40973 2.71569 2.21799 3.09202C2 3.51984 2 4.07989 2 5.2V10.8C2 11.9201 2 12.4802 2.21799 12.908C2.40973 13.2843 2.71569 13.5903 3.09202 13.782C3.51984 14 4.07989 14 5.2 14H10.8C11.9201 14 12.4802 14 12.908 13.782C13.2843 13.5903 13.5903 13.2843 13.782 12.908C14 12.4802 14 11.9201 14 10.8V9.33333\" stroke=\"#F2F5F8\" stroke-width=\"2\" stroke-linecap=\"round\" stroke-linejoin=\"round\"\/>\n<\/svg>\n    <\/a>                                <\/div>\n    <\/div>\n        <\/div>\n    <\/div>\n<\/section>","protected":false},"excerpt":{"rendered":"","protected":false},"author":6,"featured_media":0,"parent":5420,"menu_order":0,"comment_status":"closed","ping_status":"closed","template":"","meta":{"inline_featured_image":false,"footnotes":""},"subject":[],"class_list":["post-5460","page","type-page","status-publish","hentry"],"acf":[],"_links":{"self":[{"href":"https:\/\/www.ne.se\/info\/wp-json\/wp\/v2\/pages\/5460","targetHints":{"allow":["GET"]}}],"collection":[{"href":"https:\/\/www.ne.se\/info\/wp-json\/wp\/v2\/pages"}],"about":[{"href":"https:\/\/www.ne.se\/info\/wp-json\/wp\/v2\/types\/page"}],"author":[{"embeddable":true,"href":"https:\/\/www.ne.se\/info\/wp-json\/wp\/v2\/users\/6"}],"replies":[{"embeddable":true,"href":"https:\/\/www.ne.se\/info\/wp-json\/wp\/v2\/comments?post=5460"}],"version-history":[{"count":19,"href":"https:\/\/www.ne.se\/info\/wp-json\/wp\/v2\/pages\/5460\/revisions"}],"predecessor-version":[{"id":5483,"href":"https:\/\/www.ne.se\/info\/wp-json\/wp\/v2\/pages\/5460\/revisions\/5483"}],"up":[{"embeddable":true,"href":"https:\/\/www.ne.se\/info\/wp-json\/wp\/v2\/pages\/5420"}],"wp:attachment":[{"href":"https:\/\/www.ne.se\/info\/wp-json\/wp\/v2\/media?parent=5460"}],"wp:term":[{"taxonomy":"subject","embeddable":true,"href":"https:\/\/www.ne.se\/info\/wp-json\/wp\/v2\/subject?post=5460"}],"curies":[{"name":"wp","href":"https:\/\/api.w.org\/{rel}","templated":true}]}}