{"id":5484,"date":"2023-04-27T19:06:16","date_gmt":"2023-04-27T19:06:16","guid":{"rendered":"https:\/\/www.ne.se\/info\/?page_id=5484"},"modified":"2023-04-27T19:06:18","modified_gmt":"2023-04-27T19:06:18","slug":"arkeologi","status":"publish","type":"page","link":"https:\/\/www.ne.se\/info\/experter-och-skribenter\/arkeologi\/","title":{"rendered":"Arkeologi"},"content":{"rendered":"\n\n<section  class=\"big-header bg-gradient-top \">\n    <div class=\"container\">\n        <div class=\"inner   \">\n\n            \n\n<div class=\"big-header-center\">\n            \n<p class=\"uptext center\">\n    Experter och skribenter    <span class=\"line\"><\/span>\n<\/p>                \n<h2 class=\"h2\"> Arkeologi <\/h2>        \n    \n    <\/div>\n        <\/div>\n    <\/div>\n<\/section>\n\n\n\n<section  class=\"blog-text\">\n    <div class=\"container\">\n        <div class=\"inner  pt-0 pb-5\">\n                            \n<h3 class=\"h3\"> Redakt\u00f6r: Per S\u00f6derberg <\/h3>                                        <h3>A<\/h3>\n<ul>\n<li>Alvarsson, Jan-\u00c5ke, docent<\/li>\n<li>Ambrosiani, Bj\u00f6rn, docent<\/li>\n<li>Andersson, Thorsten, professor<\/li>\n<li>Arrhenius, Birgit, professor<\/li>\n<\/ul>\n<h3>B<\/h3>\n<ul>\n<li>Baudou, Evert, professor<\/li>\n<li>Bergstr\u00f6m, Jan, professor<\/li>\n<li>Broadbent, Noel, docent (Amerikas arkeologi)<\/li>\n<li>Brunius, Staffan, intendent (Amerikas arkeologi)<\/li>\n<li>Burenhult, G\u00f6ran, professor (grott- och klippkonst; Oceanien)<\/li>\n<\/ul>\n<h3>C<\/h3>\n<ul>\n<li>Callmer, Johan, professor (Central- och \u00d6steuropa; Centralasien)<\/li>\n<li>Cederlund, Carl Olof, professor (marinarkeologi)<\/li>\n<li>Champion, Timothy C., dr (Brittiska \u00f6arnas arkeologi)<\/li>\n<li>Cullhed, Mats, fil.dr<\/li>\n<\/ul>\n<h3>D<\/h3>\n<ul>\n<li>Dahlbring, Magnus, intendent<\/li>\n<li>Due, Berete, intendent<\/li>\n<\/ul>\n<h3>E<\/h3>\n<ul>\n<li>Edgren, Bengt, antikvarie<\/li>\n<li>Edgren, Torsten, docent (Finlands arkeologi)<\/li>\n<li>Engelmark, Roger, fil.dr (jordbruk)<\/li>\n<li>Eriksson, Bo G., redakt\u00f6r<\/li>\n<\/ul>\n<h3>F<\/h3>\n<ul>\n<li>Frandsen, Karl-Erik, Dr.phil. (Gr\u00f6nlands arkeologi)<\/li>\n<\/ul>\n<h3>G<\/h3>\n<ul>\n<li>Gillis, Carole, fil.dr<\/li>\n<li>Gren-Eklund, Gunilla, professor (indologi)<\/li>\n<li>Gr\u00e4slund, Bo, professor (terminologi; biografier; vapen)<\/li>\n<\/ul>\n<h3>H<\/h3>\n<ul>\n<li>H\u00e6llquist, Karl-Reinhold, informationschef (indologi)<\/li>\n<li>Hagberg, Ulf-Erik, museidirekt\u00f6r<\/li>\n<li>Haglund, Laila, fil.dr (Australiens arkeologi; Oceanien)<\/li>\n<li>Harrison, Dick, professor<\/li>\n<li>Hedeager, Lotte, professor (Danmarks arkeologi)<\/li>\n<li>Hellstr\u00f6m, Pontus, professor<\/li>\n<li>Holthoer, Rostislav, professor (egyptologi)<\/li>\n<li>Hornborg, Alf, professor<\/li>\n<li>Hulth\u00e9n, Birgitta, docent (keramologi)<\/li>\n<li>Hyenstrand, \u00c5ke, professor<\/li>\n<li>H\u00e4gg, Robin, professor (egeisk f\u00f6rhistoria)<\/li>\n<li>H\u00f6rfors, Olle, antikvarie<\/li>\n<\/ul>\n<h3>I<\/h3>\n<ul>\n<li>Isacsson, Sven-Eric, fil.dr<\/li>\n<\/ul>\n<h3><strong>J<\/strong><\/h3>\n<ul>\n<li>Jacobsson, Bengt, fil.dr<\/li>\n<li>Jansson, Ingmar, docent (vikingatiden)<\/li>\n<li>Josephson, Folke, professor<\/li>\n<\/ul>\n<h3>K<\/h3>\n<ul>\n<li>Karlsson, Lennart, docent (djurornamentik)<\/li>\n<li>Kindgren, Hans, avdelningschef<\/li>\n<li>Klang, Lennart, avdelningsdirekt\u00f6r<\/li>\n<li>Kristiansen, Kristian, professor (Danmarks arkeologi<\/li>\n<\/ul>\n<h3>L<\/h3>\n<ul>\n<li>Larsson-Bodin, Anita, museichef<\/li>\n<li>Larsson, Lars, professor (sten\u00e5lder)<\/li>\n<li>Lihammer, Anna, fil.dr<\/li>\n<li>Liljegren, Ronnie, lektor (paleontologi)<\/li>\n<li>Lindberg-Wada, Gunilla, professor (japanologi)<\/li>\n<li>Lundahl, Bertil, fil.dr (sinologi)<\/li>\n<li>Lundberg, \u00c5sa, fil.dr<\/li>\n<li>Lund\u00e9n, Staffan, fil.kand.<\/li>\n<li>Lundqvist, Lars, fil.kand.<\/li>\n<\/ul>\n<h3>M<\/h3>\n<ul>\n<li>Magnusdottir, Audur, fil.kand.<\/li>\n<li>Magnusson, Gert, docent<\/li>\n<li>Malmer, Mats P., professor (sten\u00e5lder)<\/li>\n<li>Malmqvist, G\u00f6ran, professor (Kinas arkeologi)<\/li>\n<li>Mejdahl, Vagn, dr<\/li>\n<\/ul>\n<h3>N<\/h3>\n<ul>\n<li>Nockert, Margareta, docent (textilier)<\/li>\n<\/ul>\n<h3>O<\/h3>\n<ul>\n<li>Ottosson, Magnus, professor (biblisk arkeologi)<\/li>\n<\/ul>\n<h3>P<\/h3>\n<ul>\n<li>Peders\u00e9n, Olof, professor (assyriologi)<\/li>\n<li>Petersson, Claes, fil.kand.<\/li>\n<\/ul>\n<h3>R<\/h3>\n<ul>\n<li>Rets\u00f6, Jan, professor<\/li>\n<li>Roos, Paavo, docent (Mindre Asien)<\/li>\n<li>Ros\u00e9n, Staffan, professor (koreanologi)<\/li>\n<li>Roslund, Curt, docent<\/li>\n<\/ul>\n<h3>S<\/h3>\n<ul>\n<li>Santillo Frizell, Barbro, docent<\/li>\n<li>Selinge, Klas-G\u00f6ran, professor (svenska f\u00f6rsamlingar och landskap)<\/li>\n<li>Sinclair, Paul, fil.dr (Afrikas arkeologi)<\/li>\n<li>Sj\u00f6gren, Peter A., huvudredakt\u00f6r<\/li>\n<li>Sj\u00f8vold, Torstein, professor<\/li>\n<li>Solberg, Bergljot, professor (Norges arkeologi)<\/li>\n<li>Sporrong, Ulf, professor<\/li>\n<li>Stjernquist, Berta, professor (j\u00e4rn\u00e5lder)<\/li>\n<li>Str\u00f6mberg, M\u00e4rta, professor<\/li>\n<li>Svantesson, Jan-Olof, docent<\/li>\n<li>S\u00e4fvestad, Ulf, antikvarie<\/li>\n<\/ul>\n<h3>VW<\/h3>\n<ul>\n<li>Varg\u00f6, Lars, fil.dr (japanologi)<\/li>\n<li>Werbart, Bozena, docent (Polens arkeologi)<\/li>\n<li>Werdelin, Lars, professor (paleontologi)<\/li>\n<li>Widgren, Mats, docent<\/li>\n<li>Wikander, \u00d6rjan, professor<\/li>\n<\/ul>\n<h3>Z<\/h3>\n<ul>\n<li>Zachrisson, Torun<\/li>\n<li>Zeidler-Blomberg, Beatrice, redakt\u00f6r<\/li>\n<\/ul>\n<h3>\u00c5<\/h3>\n<ul>\n<li>\u00c5str\u00f6m, Paul, professor (Cyperns arkeologi; egeisk f\u00f6rhistoria)<\/li>\n<\/ul>\n                    <\/div>\n    <\/div>\n<\/section>\n\n\n\n\n\n\n<section  class=\"big-header bg-gray \">\n    <div class=\"container\">\n        <div class=\"inner  pt-5 pb-5\">\n\n            \n\n<div class=\"big-header-center\">\n                \n<h3 class=\"h3\"> Redaktionen <\/h3>                \n<p class=\"ample\">\n    Har du en allm\u00e4n fr\u00e5ga eller synpunkt g\u00e4llande inneh\u00e5llet i v\u00e5ra tj\u00e4nster \u00e4r du v\u00e4lkommen att h\u00f6ra av dig till oss p\u00e5 redaktionen.<\/p>    \n    \n            <div class=\"btn-container\">\n                            \n<a href=\"https:\/\/www.ne.se\/info\/kontaktsida\/?tab=Redaktion\" target=\"_blank\" aria-label=\"Kontakta oss\" class=\"button button-blue\">\n    Kontakta oss            <svg width=\"16\" height=\"16\" viewBox=\"0 0 16 16\" fill=\"none\" xmlns=\"http:\/\/www.w3.org\/2000\/svg\">\n<path d=\"M14 6.00001L14 2.00001M14 2.00001H9.99999M14 2.00001L8 8M6.66667 2H5.2C4.0799 2 3.51984 2 3.09202 2.21799C2.71569 2.40973 2.40973 2.71569 2.21799 3.09202C2 3.51984 2 4.07989 2 5.2V10.8C2 11.9201 2 12.4802 2.21799 12.908C2.40973 13.2843 2.71569 13.5903 3.09202 13.782C3.51984 14 4.07989 14 5.2 14H10.8C11.9201 14 12.4802 14 12.908 13.782C13.2843 13.5903 13.5903 13.2843 13.782 12.908C14 12.4802 14 11.9201 14 10.8V9.33333\" stroke=\"#F2F5F8\" stroke-width=\"2\" stroke-linecap=\"round\" stroke-linejoin=\"round\"\/>\n<\/svg>\n    <\/a>                                <\/div>\n    <\/div>\n        <\/div>\n    <\/div>\n<\/section>","protected":false},"excerpt":{"rendered":"","protected":false},"author":6,"featured_media":0,"parent":5420,"menu_order":0,"comment_status":"closed","ping_status":"closed","template":"","meta":{"inline_featured_image":false,"footnotes":""},"subject":[],"class_list":["post-5484","page","type-page","status-publish","hentry"],"acf":[],"_links":{"self":[{"href":"https:\/\/www.ne.se\/info\/wp-json\/wp\/v2\/pages\/5484","targetHints":{"allow":["GET"]}}],"collection":[{"href":"https:\/\/www.ne.se\/info\/wp-json\/wp\/v2\/pages"}],"about":[{"href":"https:\/\/www.ne.se\/info\/wp-json\/wp\/v2\/types\/page"}],"author":[{"embeddable":true,"href":"https:\/\/www.ne.se\/info\/wp-json\/wp\/v2\/users\/6"}],"replies":[{"embeddable":true,"href":"https:\/\/www.ne.se\/info\/wp-json\/wp\/v2\/comments?post=5484"}],"version-history":[{"count":4,"href":"https:\/\/www.ne.se\/info\/wp-json\/wp\/v2\/pages\/5484\/revisions"}],"predecessor-version":[{"id":5488,"href":"https:\/\/www.ne.se\/info\/wp-json\/wp\/v2\/pages\/5484\/revisions\/5488"}],"up":[{"embeddable":true,"href":"https:\/\/www.ne.se\/info\/wp-json\/wp\/v2\/pages\/5420"}],"wp:attachment":[{"href":"https:\/\/www.ne.se\/info\/wp-json\/wp\/v2\/media?parent=5484"}],"wp:term":[{"taxonomy":"subject","embeddable":true,"href":"https:\/\/www.ne.se\/info\/wp-json\/wp\/v2\/subject?post=5484"}],"curies":[{"name":"wp","href":"https:\/\/api.w.org\/{rel}","templated":true}]}}