{"id":5489,"date":"2023-04-27T19:06:36","date_gmt":"2023-04-27T19:06:36","guid":{"rendered":"https:\/\/www.ne.se\/info\/?page_id=5489"},"modified":"2023-04-28T06:53:05","modified_gmt":"2023-04-28T06:53:05","slug":"arkitektur-och-stadsbyggnad","status":"publish","type":"page","link":"https:\/\/www.ne.se\/info\/experter-och-skribenter\/arkitektur-och-stadsbyggnad\/","title":{"rendered":"Arkitektur och stadsbyggnad"},"content":{"rendered":"\n\n<section  class=\"big-header bg-gradient-top \">\n    <div class=\"container\">\n        <div class=\"inner   \">\n\n            \n\n<div class=\"big-header-center\">\n            \n<p class=\"uptext center\">\n    Experter och skribenter    <span class=\"line\"><\/span>\n<\/p>                \n<h2 class=\"h2\"> Arkitektur och stadsbyggnad <\/h2>        \n    \n    <\/div>\n        <\/div>\n    <\/div>\n<\/section>\n\n\n\n<section  class=\"blog-text\">\n    <div class=\"container\">\n        <div class=\"inner  pt-0 pb-5\">\n                            \n<h3 class=\"h3\"> Redakt\u00f6r: Rebecka Randler <\/h3>                                        <div id=\"content\" class=\"\">\n<div id=\"primary\" class=\"page\"><main id=\"main\" class=\"site-main\"><\/p>\n<article id=\"post-930\" class=\"post-930 page type-page status-publish\">\n<div id=\"page-header-container\" class=\"simple-template\">\n<div class=\"site-inner\">\n<header class=\"entry-header text-align-center\">\n<div class=\"lead-content text-align-center\">\n<h3>A<\/h3>\n<ul>\n<li>Ahlberg, Nils, 1:e antikvarie<\/li>\n<li>Ahlin, Janne, professor<\/li>\n<li>Ahlstrand, Jan Torsten, fil.lic., f.d. museidirekt\u00f6r<\/li>\n<li>Alttoa, Kaur, lektor<\/li>\n<li>Amaro, Fernando, fil.mag.<\/li>\n<li>Andersson, Roland, antikvarie<\/li>\n<li>Andersson, Thomas, landskapsarkitekt<\/li>\n<li>Andersson, Thorbj\u00f6rn, landskapsarkitekt<\/li>\n<\/ul>\n<h3>B<\/h3>\n<ul>\n<li>Balslev J\u00f8rgensen, Lisbet, mag.art.<\/li>\n<li>Berg Villner, Lena, doktorand<\/li>\n<li>Berg, Magnus, fil.dr<\/li>\n<li>Berglund, Lars, fil.dr<\/li>\n<li>Bergman, Mats, fil.kand., 1:e antikvarie<\/li>\n<li>Bergquist, Mikael, arkitekt<\/li>\n<li>Bergstr\u00f6m, Anders, arkitekt<\/li>\n<li>Beskow, Per, docent<\/li>\n<li>Bokalders, Varis, arkitekt<\/li>\n<li>Brunnstr\u00f6m, Lasse, docent<\/li>\n<li>Buivydas, Rimantas, professor<\/li>\n<li>Bunte, Carin, l\u00e4nsantikvarie<\/li>\n<li>Butler, Torsten, arkitekt<\/li>\n<\/ul>\n<h3>C<\/h3>\n<ul>\n<li>Caldenby, Claes, arkitekt<\/li>\n<li>Cinthio, Erik, professor<\/li>\n<li>Colling, Teje, f.d. intendent<\/li>\n<li>da Cruz, Pedro, fil.dr<\/li>\n<\/ul>\n<h3>E<\/h3>\n<ul>\n<li>Edenheim, Ralph, 1:e intendent<\/li>\n<li>Edlund, Lennart, l\u00e4nsantikvarie<\/li>\n<li>Ellenius, Allan, professor<\/li>\n<li>Eriksson, Anna-Gretha, l\u00e4nsantikvarie<\/li>\n<li>Eriksson, Karin, l\u00e4nsantikvarie<\/li>\n<li>Eriksson, Torkel, museir\u00e5d<\/li>\n<\/ul>\n<h3>F<\/h3>\n<ul>\n<li>Fant, \u00c5ke, fil.dr<\/li>\n<li>Fax\u00e9n Sporrong, Karin, fil.mag.<\/li>\n<li>Ferm, Stefan, arkitekt<\/li>\n<\/ul>\n<h3>G<\/h3>\n<ul>\n<li>Gottsk\u00e1lksd\u00f3ttir, J\u00fal\u00edana, fil.kand.<\/li>\n<li>Gromark, Sten, docent<\/li>\n<li>Gyllensv\u00e4rd, Bo, professor, f.d. museidirekt\u00f6r<\/li>\n<\/ul>\n<h3>H<\/h3>\n<ul>\n<li>Hallin, Margareta, 1:e antikvarie<\/li>\n<li>Hammarski\u00f6ld, Britt-Marie, l\u00e4nsantikvarie<\/li>\n<li>Hedlund, G\u00f6ran, museichef<\/li>\n<li>Hellquist, Thomas, arkitekt, fil.mag.<\/li>\n<li>Heymowska-Hellquist, Bianca, fil.kand.<\/li>\n<li>Hidemark, Bengt, professor<\/li>\n<li>Hillgren, Anders, l\u00e4nsantikvarie<\/li>\n<li>Hogdal, Lis, redakt\u00f6r<\/li>\n<\/ul>\n<h3>J<\/h3>\n<ul>\n<li>Johansson, Per-Anders, arkitekt<\/li>\n<li>J\u00e4rnfeldt-Carlsson, Marta, fil.dr<\/li>\n<\/ul>\n<h3>K<\/h3>\n<ul>\n<li>Karlsson, Lennart, docent<\/li>\n<li>Klein, Rudolf, professor<\/li>\n<li>Krastins, Janis, professor<\/li>\n<li>Kristenson, Hj\u00f6rdis, docent<\/li>\n<\/ul>\n<h3>L<\/h3>\n<ul>\n<li>Lagerl\u00f6f, Erland, docent<\/li>\n<li>Lampel, Eva, arkitekt<\/li>\n<li>Lazarescu, Radu, fil.kand.<\/li>\n<li>Leijon, Per-Olow, intendent<\/li>\n<li>Lepp, Hans, konsul<\/li>\n<li>Liliequist, Inger, l\u00e4nsantikvarie<\/li>\n<li>Lind, Elisabet, museiintendent<\/li>\n<li>Linde, Gunilla, universitetslektor<\/li>\n<li>Lindgren, Mereth, docent<\/li>\n<li>Linn, Bj\u00f6rn, professor<\/li>\n<li>Lundborg, Lennart, l\u00e4nsantikvarie<\/li>\n<li>Lundquist, Kjell, universitetsadjunkt<\/li>\n<\/ul>\n<h3>M<\/h3>\n<ul>\n<li>Millisdotter, Gunilla, arkitekt, tekn.lic.<\/li>\n<li>M\u00e5rtelius, Johan, professor<\/li>\n<\/ul>\n<h3>N<\/h3>\n<ul>\n<li>Nilsson, Fredrik, arkitekt, tekn. dr.<\/li>\n<li>Nilsson, Sten \u00c5ke, professor<\/li>\n<li>Nordin, Erik, l\u00e4nsantikvarie<\/li>\n<li>Nordin, Hel\u00e9n, landskapsarkitekt<\/li>\n<li>Noreen, Sven E., l\u00e4nsantikvarie<\/li>\n<li>Nyberg, Lars, stadsbyggnadsdirekt\u00f6r<\/li>\n<\/ul>\n<h3>O<\/h3>\n<ul>\n<li>Olausson, Magnus, fil.dr<\/li>\n<li>Olsson, S\u00f6lve, konstn\u00e4r<\/li>\n<\/ul>\n<h3>P<\/h3>\n<ul>\n<li>Perotti, Germ\u00e1n, tekn.dr<\/li>\n<li>Peterson, Bengt, fil.dr<\/li>\n<li>Ponnert, Hans, arkitekt<\/li>\n<\/ul>\n<h3>R<\/h3>\n<ul>\n<li>Raihle, Jan, landsantikvarie<\/li>\n<li>R\u00f6nnhedh, Bengt, arkitekt<\/li>\n<\/ul>\n<h3>S<\/h3>\n<ul>\n<li>Salokorpi, Asko, fil.mag.<\/li>\n<li>Sandstr\u00f6m, Birgitta, fil.dr, museidirekt\u00f6r<\/li>\n<li>Schildt, G\u00f6ran, fil.dr<\/li>\n<li>Schmetzer, Hartmut, arkitekt<\/li>\n<li>Sj\u00f6mar, Peter, arkitekt<\/li>\n<li>Skude, Flemming, arkitekt<\/li>\n<li>Stackell, Lars, docent<\/li>\n<li>Streijffert, Bengt, avdelningsdirekt\u00f6r<\/li>\n<li>Svanberg, Jan, professor<\/li>\n<li>Svedberg, Olle, universitetslektor<\/li>\n<li>Svensson, Frank, arkitekt<\/li>\n<\/ul>\n<h3>T<\/h3>\n<ul>\n<li>Thelaus, Erik, arkitekt<\/li>\n<\/ul>\n<h3>VW<\/h3>\n<ul>\n<li>Widbom, Mats, arkitekt<\/li>\n<li>Vikstr\u00f6m, Eva, fil.dr<\/li>\n<li>Viljo, Eeva Maija, fil.dr<\/li>\n<li>Winter, Karin, intendent<\/li>\n<li>W\u00e6rn, Rasmus, tekn.dr<\/li>\n<\/ul>\n<h3>\u00c5<\/h3>\n<ul>\n<li>\u00c5dahl, Karin, docent<\/li>\n<li>\u00c5man, Anders, professor<\/li>\n<li>\u00c5str\u00f6m, Kell, professor<\/li>\n<\/ul>\n<\/div>\n<\/header>\n<\/div>\n<\/div>\n<\/article>\n<p><\/main><\/div>\n<\/div>\n                    <\/div>\n    <\/div>\n<\/section>\n\n\n\n\n\n\n<section  class=\"big-header bg-gray \">\n    <div class=\"container\">\n        <div class=\"inner  pt-5 pb-5\">\n\n            \n\n<div class=\"big-header-center\">\n                \n<h3 class=\"h3\"> Redaktionen <\/h3>                \n<p class=\"ample\">\n    Har du en allm\u00e4n fr\u00e5ga eller synpunkt g\u00e4llande inneh\u00e5llet i v\u00e5ra tj\u00e4nster \u00e4r du v\u00e4lkommen att h\u00f6ra av dig till oss p\u00e5 redaktionen.<\/p>    \n    \n            <div class=\"btn-container\">\n                            \n<a href=\"https:\/\/www.ne.se\/info\/kontaktsida\/?tab=Redaktion\" target=\"_blank\" aria-label=\"Kontakta oss\" class=\"button button-blue\">\n    Kontakta oss            <svg width=\"16\" height=\"16\" viewBox=\"0 0 16 16\" fill=\"none\" xmlns=\"http:\/\/www.w3.org\/2000\/svg\">\n<path d=\"M14 6.00001L14 2.00001M14 2.00001H9.99999M14 2.00001L8 8M6.66667 2H5.2C4.0799 2 3.51984 2 3.09202 2.21799C2.71569 2.40973 2.40973 2.71569 2.21799 3.09202C2 3.51984 2 4.07989 2 5.2V10.8C2 11.9201 2 12.4802 2.21799 12.908C2.40973 13.2843 2.71569 13.5903 3.09202 13.782C3.51984 14 4.07989 14 5.2 14H10.8C11.9201 14 12.4802 14 12.908 13.782C13.2843 13.5903 13.5903 13.2843 13.782 12.908C14 12.4802 14 11.9201 14 10.8V9.33333\" stroke=\"#F2F5F8\" stroke-width=\"2\" stroke-linecap=\"round\" stroke-linejoin=\"round\"\/>\n<\/svg>\n    <\/a>                                <\/div>\n    <\/div>\n        <\/div>\n    <\/div>\n<\/section>","protected":false},"excerpt":{"rendered":"","protected":false},"author":6,"featured_media":0,"parent":5420,"menu_order":0,"comment_status":"closed","ping_status":"closed","template":"","meta":{"inline_featured_image":false,"footnotes":""},"subject":[],"class_list":["post-5489","page","type-page","status-publish","hentry"],"acf":[],"_links":{"self":[{"href":"https:\/\/www.ne.se\/info\/wp-json\/wp\/v2\/pages\/5489","targetHints":{"allow":["GET"]}}],"collection":[{"href":"https:\/\/www.ne.se\/info\/wp-json\/wp\/v2\/pages"}],"about":[{"href":"https:\/\/www.ne.se\/info\/wp-json\/wp\/v2\/types\/page"}],"author":[{"embeddable":true,"href":"https:\/\/www.ne.se\/info\/wp-json\/wp\/v2\/users\/6"}],"replies":[{"embeddable":true,"href":"https:\/\/www.ne.se\/info\/wp-json\/wp\/v2\/comments?post=5489"}],"version-history":[{"count":4,"href":"https:\/\/www.ne.se\/info\/wp-json\/wp\/v2\/pages\/5489\/revisions"}],"predecessor-version":[{"id":5750,"href":"https:\/\/www.ne.se\/info\/wp-json\/wp\/v2\/pages\/5489\/revisions\/5750"}],"up":[{"embeddable":true,"href":"https:\/\/www.ne.se\/info\/wp-json\/wp\/v2\/pages\/5420"}],"wp:attachment":[{"href":"https:\/\/www.ne.se\/info\/wp-json\/wp\/v2\/media?parent=5489"}],"wp:term":[{"taxonomy":"subject","embeddable":true,"href":"https:\/\/www.ne.se\/info\/wp-json\/wp\/v2\/subject?post=5489"}],"curies":[{"name":"wp","href":"https:\/\/api.w.org\/{rel}","templated":true}]}}