{"id":5511,"date":"2023-04-27T19:08:48","date_gmt":"2023-04-27T19:08:48","guid":{"rendered":"https:\/\/www.ne.se\/info\/?page_id=5511"},"modified":"2023-04-27T19:08:52","modified_gmt":"2023-04-27T19:08:52","slug":"drama-och-teater","status":"publish","type":"page","link":"https:\/\/www.ne.se\/info\/experter-och-skribenter\/drama-och-teater\/","title":{"rendered":"Drama och teater"},"content":{"rendered":"\n\n<section  class=\"big-header bg-gradient-top \">\n    <div class=\"container\">\n        <div class=\"inner   \">\n\n            \n\n<div class=\"big-header-center\">\n            \n<p class=\"uptext center\">\n    Experter och skribenter    <span class=\"line\"><\/span>\n<\/p>                \n<h2 class=\"h2\"> Drama och teater <\/h2>        \n    \n    <\/div>\n        <\/div>\n    <\/div>\n<\/section>\n\n\n\n<section  class=\"blog-text\">\n    <div class=\"container\">\n        <div class=\"inner  pt-0 pb-5\">\n                            \n<h3 class=\"h3\"> Redakt\u00f6r: Rebecka Randler <\/h3>                                        <h4>A<\/h4>\n<ul>\n<li>Ahlstedt, Eva, fil.dr<\/li>\n<li>Algulin, Ingemar, professor<\/li>\n<li>Almbladh, Karin fil.dr<\/li>\n<li>Andersson, Lars Gustaf, docent<\/li>\n<li>Assefa, Astrid, sk\u00e5despelare<\/li>\n<\/ul>\n<h4>B<\/h4>\n<ul>\n<li>Bergh, Birger, professor<\/li>\n<li>Berglund-Nilsson, Birgitta, fil.dr<\/li>\n<li>Bj\u00f6rck, Staffan, professor<\/li>\n<li>Blomqvist, Lars Erik, fil.lic.<\/li>\n<li>B\u00e4ckman, Sven, professor<\/li>\n<\/ul>\n<h4>D<\/h4>\n<ul>\n<li>Deutgen, Tom, regiss\u00f6r<\/li>\n<li>Djurberg, Cecilia, teaterkritiker<\/li>\n<li>Dug\u00e1ntsy, M\u00e1ria, fil.dr<\/li>\n<\/ul>\n<h4>E<\/h4>\n<ul>\n<li>Edstr\u00f6m, Karl-Olof, professor<\/li>\n<li>Ek, Sverker R., professor<\/li>\n<li>Engel, Ann Mari, fil.dr<\/li>\n<\/ul>\n<h4>F<\/h4>\n<ul>\n<li>Forslund, Lennart, forskningsassistent<\/li>\n<li>Frykman, Erik, professor<\/li>\n<\/ul>\n<h4>G<\/h4>\n<ul>\n<li>G\u00f6trick, Kacke, fil.dr<\/li>\n<\/ul>\n<h4>H<\/h4>\n<ul>\n<li>Hagnell, Viveka, professor<\/li>\n<li>Hallberg, Peter, professor<\/li>\n<li>Hallingberg, Gunnar, docent<\/li>\n<li>Hans\u00e9n, Iah, docent<\/li>\n<li>Hansson, Karin, professor<\/li>\n<li>Hedblad, Lars, musikskriftst\u00e4llare<\/li>\n<li>Helavuori, Hanna-Leena, fil.kand.<\/li>\n<li>Heurling, Bo, redakt\u00f6r<\/li>\n<li>Hjert, Gunnar, fil.mag.<\/li>\n<li>Hofsten, Sune, bibliotekarie<\/li>\n<li>Holmberg, Claes-G\u00f6ran, fil.dr<\/li>\n<li>H\u00e5kansson, Anna, kulturskribent<\/li>\n<li>H\u00e5kansson, Gunilla, fil.mag.<\/li>\n<li>H\u00e4ger, Bengt, professor<\/li>\n<\/ul>\n<h4>I<\/h4>\n<ul>\n<li>Ivarsdotter-Johnson, Anna, bitr. professor<\/li>\n<\/ul>\n<h4>J<\/h4>\n<ul>\n<li>Jahja, Rosman, redakt\u00f6r<\/li>\n<li>Jansson, Sven Bertil, docent<\/li>\n<li>Johannesson, Hans-Erik, universitetslektor<\/li>\n<li>Johansson, Kjell A., fil.kand.<\/li>\n<li>J\u00f6rnfalk, \u00c5ke, sk\u00e5despelare<\/li>\n<\/ul>\n<h4>K<\/h4>\n<ul>\n<li>Kleberg, Lars, docent<\/li>\n<li>Kronholm, Tryggve, professor<\/li>\n<li>Kvam, Kela, professor<\/li>\n<li>K\u00e4rkk\u00e4inen, Raija, producent<\/li>\n<\/ul>\n<h4>L<\/h4>\n<ul>\n<li>Larsson, Stellan, dramaturg<\/li>\n<li>Lewan, Bengt, docent<\/li>\n<li>Lewenhaupt, Inga, fil.dr<\/li>\n<li>Lidin, Olof, professor<\/li>\n<li>Lingis, Juozas, universitetslektor<\/li>\n<li>Linn\u00e9r, Sture, professor<\/li>\n<li>Ljung, Per Erik, docent<\/li>\n<li>Lundberg, Bengt A., universitetslektor<\/li>\n<\/ul>\n<h4>M<\/h4>\n<ul>\n<li>Martinsson, Eva, fil.kand.<\/li>\n<\/ul>\n<h4>N<\/h4>\n<ul>\n<li>Nilsson, Nils-\u00c5ke, professor<\/li>\n<li>Nolin, Bertil, docent<\/li>\n<li>Nordin Hennel, Ingeborg, docent<\/li>\n<li>Nordmark, Dag, professor<\/li>\n<li>Norl\u00e9n, H\u00e5kan, redakt\u00f6r<\/li>\n<li>Nygren, Christina, fil.dr<\/li>\n<\/ul>\n<h4>O<\/h4>\n<ul>\n<li>Ohlin, Barbro, fil.dr<\/li>\n<li>Olinder, Britta, docent<\/li>\n<li>Oll\u00e9n, Gunnar, professor<\/li>\n<li>Olsson, Bernt, professor<\/li>\n<li>Oscarsson, Ingemar, docent<\/li>\n<\/ul>\n<h4>P<\/h4>\n<ul>\n<li>Packal\u00e9n, Ma\u0142gorzata Anna, fil.dr<\/li>\n<li>Packal\u00e9n, Sture, docent<\/li>\n<li>Pettersson, \u00c5ke, fil.dr<\/li>\n<li>Priedite, Aija, fil.dr<\/li>\n<\/ul>\n<h4>R<\/h4>\n<ul>\n<li>Ranung, Bj\u00f6rn, fil.lic.<\/li>\n<li>Riad, Eva, docent<\/li>\n<li>Ringby, Per, professor<\/li>\n<li>Roth-Lindberg, \u00d6rjan, fil.dr<\/li>\n<li>R\u00f6hl, Magnus, docent<\/li>\n<\/ul>\n<h4>S<\/h4>\n<ul>\n<li>Sauter, Willmar, professor<\/li>\n<li>Slaviswkov\u00e1, Miloslava, universitetslektor<\/li>\n<li>Streijffert, Bengt, avdelningsdirekt\u00f6r<\/li>\n<li>St\u00e5hle, Anna Greta, redakt\u00f6r<\/li>\n<li>Svensson, Sonja, docent<\/li>\n<li>S\u00f6derberg, Per, redakt\u00f6r<\/li>\n<li>S\u00f6hrman, Ingmar, docent<\/li>\n<\/ul>\n<h4>T<\/h4>\n<ul>\n<li>Tapper, Michael, fil.kand.<\/li>\n<li>Tj\u00e4der, Per Arne, fil.dr<\/li>\n<\/ul>\n<h4>VW<\/h4>\n<ul>\n<li>Wiing\u00e5rd, Jytte, universitetslektor<\/li>\n<li>Wik\u00e9n Bonde, Ingrid, docent<\/li>\n<li>Vikstr\u00f6m, Eva, fil.dr<\/li>\n<\/ul>\n<h4>Z<\/h4>\n<ul>\n<li>Zern, Leif, fil.kand.<\/li>\n<\/ul>\n<h4>\u00c5<\/h4>\n<ul>\n<li>\u00c5hlander, Lars, fil.lic.<\/li>\n<\/ul>\n                    <\/div>\n    <\/div>\n<\/section>\n\n\n\n\n\n\n<section  class=\"big-header bg-gray \">\n    <div class=\"container\">\n        <div class=\"inner  pt-5 pb-5\">\n\n            \n\n<div class=\"big-header-center\">\n                \n<h3 class=\"h3\"> Redaktionen <\/h3>                \n<p class=\"ample\">\n    Har du en allm\u00e4n fr\u00e5ga eller synpunkt g\u00e4llande inneh\u00e5llet i v\u00e5ra tj\u00e4nster \u00e4r du v\u00e4lkommen att h\u00f6ra av dig till oss p\u00e5 redaktionen.<\/p>    \n    \n            <div class=\"btn-container\">\n                            \n<a href=\"https:\/\/www.ne.se\/info\/kontaktsida\/?tab=Redaktion\" target=\"_blank\" aria-label=\"Kontakta oss\" class=\"button button-blue\">\n    Kontakta oss            <svg width=\"16\" height=\"16\" viewBox=\"0 0 16 16\" fill=\"none\" xmlns=\"http:\/\/www.w3.org\/2000\/svg\">\n<path d=\"M14 6.00001L14 2.00001M14 2.00001H9.99999M14 2.00001L8 8M6.66667 2H5.2C4.0799 2 3.51984 2 3.09202 2.21799C2.71569 2.40973 2.40973 2.71569 2.21799 3.09202C2 3.51984 2 4.07989 2 5.2V10.8C2 11.9201 2 12.4802 2.21799 12.908C2.40973 13.2843 2.71569 13.5903 3.09202 13.782C3.51984 14 4.07989 14 5.2 14H10.8C11.9201 14 12.4802 14 12.908 13.782C13.2843 13.5903 13.5903 13.2843 13.782 12.908C14 12.4802 14 11.9201 14 10.8V9.33333\" stroke=\"#F2F5F8\" stroke-width=\"2\" stroke-linecap=\"round\" stroke-linejoin=\"round\"\/>\n<\/svg>\n    <\/a>                                <\/div>\n    <\/div>\n        <\/div>\n    <\/div>\n<\/section>","protected":false},"excerpt":{"rendered":"","protected":false},"author":6,"featured_media":0,"parent":5420,"menu_order":0,"comment_status":"closed","ping_status":"closed","template":"","meta":{"inline_featured_image":false,"footnotes":""},"subject":[],"class_list":["post-5511","page","type-page","status-publish","hentry"],"acf":[],"_links":{"self":[{"href":"https:\/\/www.ne.se\/info\/wp-json\/wp\/v2\/pages\/5511","targetHints":{"allow":["GET"]}}],"collection":[{"href":"https:\/\/www.ne.se\/info\/wp-json\/wp\/v2\/pages"}],"about":[{"href":"https:\/\/www.ne.se\/info\/wp-json\/wp\/v2\/types\/page"}],"author":[{"embeddable":true,"href":"https:\/\/www.ne.se\/info\/wp-json\/wp\/v2\/users\/6"}],"replies":[{"embeddable":true,"href":"https:\/\/www.ne.se\/info\/wp-json\/wp\/v2\/comments?post=5511"}],"version-history":[{"count":2,"href":"https:\/\/www.ne.se\/info\/wp-json\/wp\/v2\/pages\/5511\/revisions"}],"predecessor-version":[{"id":5513,"href":"https:\/\/www.ne.se\/info\/wp-json\/wp\/v2\/pages\/5511\/revisions\/5513"}],"up":[{"embeddable":true,"href":"https:\/\/www.ne.se\/info\/wp-json\/wp\/v2\/pages\/5420"}],"wp:attachment":[{"href":"https:\/\/www.ne.se\/info\/wp-json\/wp\/v2\/media?parent=5511"}],"wp:term":[{"taxonomy":"subject","embeddable":true,"href":"https:\/\/www.ne.se\/info\/wp-json\/wp\/v2\/subject?post=5511"}],"curies":[{"name":"wp","href":"https:\/\/api.w.org\/{rel}","templated":true}]}}