{"id":5514,"date":"2023-04-27T19:09:18","date_gmt":"2023-04-27T19:09:18","guid":{"rendered":"https:\/\/www.ne.se\/info\/?page_id=5514"},"modified":"2023-04-27T19:09:20","modified_gmt":"2023-04-27T19:09:20","slug":"ekonomisk-historia","status":"publish","type":"page","link":"https:\/\/www.ne.se\/info\/experter-och-skribenter\/ekonomisk-historia\/","title":{"rendered":"Ekonomisk historia"},"content":{"rendered":"\n\n<section  class=\"big-header bg-gradient-top \">\n    <div class=\"container\">\n        <div class=\"inner   \">\n\n            \n\n<div class=\"big-header-center\">\n            \n<p class=\"uptext center\">\n    Experter och skribenter    <span class=\"line\"><\/span>\n<\/p>                \n<h2 class=\"h2\"> Ekonomisk historia <\/h2>        \n    \n    <\/div>\n        <\/div>\n    <\/div>\n<\/section>\n\n\n\n<section  class=\"blog-text\">\n    <div class=\"container\">\n        <div class=\"inner  pt-0 pb-5\">\n                            \n<h3 class=\"h3\"> Redakt\u00f6r: Per S\u00f6derberg <\/h3>                                        <h3>A<\/h3>\n<ul>\n<li>Adamson, Rolf, professor<\/li>\n<li>Ahlstr\u00f6m, G\u00f6ran, docent<\/li>\n<li>Alvstam, Claes-G\u00f6ran, professor<\/li>\n<li>Aringberg-Laanatza, Marianne, forskare, utredare<\/li>\n<li>Asker, Bj\u00f6rn, fil.dr<\/li>\n<\/ul>\n<h3>B<\/h3>\n<ul>\n<li>Bunte, Rune, universitetslektor<\/li>\n<\/ul>\n<h3>E<\/h3>\n<ul>\n<li>Elgan, Elisabeth, fil.dr<\/li>\n<li>Erlandsson, Ulf, docent<\/li>\n<\/ul>\n<h3>F<\/h3>\n<ul>\n<li>Flam, Harry, professor<\/li>\n<li>Forss, Tommy, museichef<\/li>\n<li>Fritz, Martin, docent<\/li>\n<li>Fr\u00e4ngsmyr, Tore, professor<\/li>\n<\/ul>\n<h3>G<\/h3>\n<ul>\n<li>Gadd, Carl-Johan, docent<\/li>\n<li>Gaunitz, Sven, universitetslektor<\/li>\n<li>Gerner, Kristian, professor<\/li>\n<li>Gunnarsson, Christer, professor<\/li>\n<li>Gunnarsson, Elving, ekon.dr<\/li>\n<\/ul>\n<h3>H<\/h3>\n<ul>\n<li>H\u00e6llquist, Karl-Reinhold, fil.lic.<\/li>\n<li>Hedberg, Lennart, universitetslektor<\/li>\n<li>Herlitz, Lars, professor<\/li>\n<li>Holmdahl, Nils, finnmarksforskare<\/li>\n<li>Holm\u00e9n, Hans, universitetslektor<\/li>\n<li>Hubendick, Bengt, professor<\/li>\n<li>H\u00f6glund, Bengt, professor<\/li>\n<\/ul>\n<h3>J<\/h3>\n<ul>\n<li>J\u00f6rberg, Lennart, professor<\/li>\n<li>J\u00f6rnmark, Jan, docent<\/li>\n<\/ul>\n<h3>K<\/h3>\n<ul>\n<li>Klingn\u00e9us, S\u00f6ren, universitetslektor<\/li>\n<li>Krantz, Olle, professor<\/li>\n<li>K\u00f6ll, Anu-Mai, universitetslektor<\/li>\n<\/ul>\n<h3>L<\/h3>\n<ul>\n<li>Lapidus, John, fil.dr<\/li>\n<li>Larsson, Mats, docent<\/li>\n<li>Laurin, Urban, universitetslektor<\/li>\n<li>Lindgren, H\u00e5kan, professor<\/li>\n<li>Linge, Lars, docent<\/li>\n<li>Lundh, Christer, docent<\/li>\n<\/ul>\n<h3>M<\/h3>\n<ul>\n<li>Magnusson, Lars, professor<\/li>\n<li>Magnusson, Thomas, fil.dr<\/li>\n<li>Myrdal, Janken, professor<\/li>\n<li>M\u00f6rner, Magnus, professor<\/li>\n<\/ul>\n<h3>N<\/h3>\n<ul>\n<li>Norborg, Lars-Arne, docent<\/li>\n<li>Nov\u00e1ky, Gy\u00f6rgy, fil.dr<\/li>\n<li>Nygren, Ingemar, docent<\/li>\n<\/ul>\n<h3>O<\/h3>\n<ul>\n<li>Olsson, Lars, docent<\/li>\n<\/ul>\n<h3>P<\/h3>\n<ul>\n<li>Pettersson, Lars, universitetslektor<\/li>\n<li>Pettersson, Ronny, studierektor<\/li>\n<li>P\u00e5lsson Syll, Lars, universitetslektor<\/li>\n<\/ul>\n<h3>R<\/h3>\n<ul>\n<li>Rojas, Mauricio, universitetslektor<\/li>\n<\/ul>\n<h3>S<\/h3>\n<ul>\n<li>Sch\u00f6n, Lennart, professor<\/li>\n<li>Sj\u00f6berg, Maria, fil.dr<\/li>\n<li>Sj\u00f6gren, Hans, fil.dr<\/li>\n<li>Sj\u00f6g\u00e5rd, G\u00f6ran, fil.lic.<\/li>\n<li>Sporrong, Ulf, professor<\/li>\n<li>Stjernquist, Otto, bergsingenj\u00f6r<\/li>\n<li>Swahn, Jan-\u00d6jvind, professor<\/li>\n<li>S\u00f6derberg, Johan, professor<\/li>\n<li>S\u00f6derpalm, Sven Anders, professor<\/li>\n<\/ul>\n<h3>T<\/h3>\n<ul>\n<li>Thalberg, Bj\u00f6rn, professor<\/li>\n<li>Tufvesson, Ingmar, docent<\/li>\n<\/ul>\n<h3>U<\/h3>\n<ul>\n<li>Ulfsparre, Anna Christina, fil.dr<\/li>\n<li>Ullenhag, Kersti, professor<\/li>\n<\/ul>\n<h3>VW<\/h3>\n<ul>\n<li>Winberg, Christer, professor<\/li>\n<\/ul>\n                    <\/div>\n    <\/div>\n<\/section>\n\n\n\n\n\n\n<section  class=\"big-header bg-gray \">\n    <div class=\"container\">\n        <div class=\"inner  pt-5 pb-5\">\n\n            \n\n<div class=\"big-header-center\">\n                \n<h3 class=\"h3\"> Redaktionen <\/h3>                \n<p class=\"ample\">\n    Har du en allm\u00e4n fr\u00e5ga eller synpunkt g\u00e4llande inneh\u00e5llet i v\u00e5ra tj\u00e4nster \u00e4r du v\u00e4lkommen att h\u00f6ra av dig till oss p\u00e5 redaktionen.<\/p>    \n    \n            <div class=\"btn-container\">\n                            \n<a href=\"https:\/\/www.ne.se\/info\/kontaktsida\/?tab=Redaktion\" target=\"_blank\" aria-label=\"Kontakta oss\" class=\"button button-blue\">\n    Kontakta oss            <svg width=\"16\" height=\"16\" viewBox=\"0 0 16 16\" fill=\"none\" xmlns=\"http:\/\/www.w3.org\/2000\/svg\">\n<path d=\"M14 6.00001L14 2.00001M14 2.00001H9.99999M14 2.00001L8 8M6.66667 2H5.2C4.0799 2 3.51984 2 3.09202 2.21799C2.71569 2.40973 2.40973 2.71569 2.21799 3.09202C2 3.51984 2 4.07989 2 5.2V10.8C2 11.9201 2 12.4802 2.21799 12.908C2.40973 13.2843 2.71569 13.5903 3.09202 13.782C3.51984 14 4.07989 14 5.2 14H10.8C11.9201 14 12.4802 14 12.908 13.782C13.2843 13.5903 13.5903 13.2843 13.782 12.908C14 12.4802 14 11.9201 14 10.8V9.33333\" stroke=\"#F2F5F8\" stroke-width=\"2\" stroke-linecap=\"round\" stroke-linejoin=\"round\"\/>\n<\/svg>\n    <\/a>                                <\/div>\n    <\/div>\n        <\/div>\n    <\/div>\n<\/section>","protected":false},"excerpt":{"rendered":"","protected":false},"author":6,"featured_media":0,"parent":5420,"menu_order":0,"comment_status":"closed","ping_status":"closed","template":"","meta":{"inline_featured_image":false,"footnotes":""},"subject":[],"class_list":["post-5514","page","type-page","status-publish","hentry"],"acf":[],"_links":{"self":[{"href":"https:\/\/www.ne.se\/info\/wp-json\/wp\/v2\/pages\/5514","targetHints":{"allow":["GET"]}}],"collection":[{"href":"https:\/\/www.ne.se\/info\/wp-json\/wp\/v2\/pages"}],"about":[{"href":"https:\/\/www.ne.se\/info\/wp-json\/wp\/v2\/types\/page"}],"author":[{"embeddable":true,"href":"https:\/\/www.ne.se\/info\/wp-json\/wp\/v2\/users\/6"}],"replies":[{"embeddable":true,"href":"https:\/\/www.ne.se\/info\/wp-json\/wp\/v2\/comments?post=5514"}],"version-history":[{"count":2,"href":"https:\/\/www.ne.se\/info\/wp-json\/wp\/v2\/pages\/5514\/revisions"}],"predecessor-version":[{"id":5516,"href":"https:\/\/www.ne.se\/info\/wp-json\/wp\/v2\/pages\/5514\/revisions\/5516"}],"up":[{"embeddable":true,"href":"https:\/\/www.ne.se\/info\/wp-json\/wp\/v2\/pages\/5420"}],"wp:attachment":[{"href":"https:\/\/www.ne.se\/info\/wp-json\/wp\/v2\/media?parent=5514"}],"wp:term":[{"taxonomy":"subject","embeddable":true,"href":"https:\/\/www.ne.se\/info\/wp-json\/wp\/v2\/subject?post=5514"}],"curies":[{"name":"wp","href":"https:\/\/api.w.org\/{rel}","templated":true}]}}