{"id":5517,"date":"2023-04-27T19:09:36","date_gmt":"2023-04-27T19:09:36","guid":{"rendered":"https:\/\/www.ne.se\/info\/?page_id=5517"},"modified":"2023-04-28T06:54:02","modified_gmt":"2023-04-28T06:54:02","slug":"etnologi","status":"publish","type":"page","link":"https:\/\/www.ne.se\/info\/experter-och-skribenter\/etnologi\/","title":{"rendered":"Etnologi"},"content":{"rendered":"\n\n<section  class=\"big-header bg-gradient-top \">\n    <div class=\"container\">\n        <div class=\"inner   \">\n\n            \n\n<div class=\"big-header-center\">\n            \n<p class=\"uptext center\">\n    Experter och skribenter    <span class=\"line\"><\/span>\n<\/p>                \n<h2 class=\"h2\"> Etnologi <\/h2>        \n    \n    <\/div>\n        <\/div>\n    <\/div>\n<\/section>\n\n\n\n<section  class=\"blog-text\">\n    <div class=\"container\">\n        <div class=\"inner  pt-0 pb-5\">\n                            \n<h3 class=\"h3\"> Redakt\u00f6r: Melina Solc\u00e0 <\/h3>                                        <h3>A<\/h3>\n<ul>\n<li>Alsmark, Gunnar, docent<\/li>\n<li>Andersson-Flygare, Ir\u00e9ne, fil.dr<\/li>\n<li>Andr\u00e9n, Carl-Gustaf, f.d. universitetskansler<\/li>\n<\/ul>\n<h3>B<\/h3>\n<ul>\n<li>Beijbom, Ulf, professor<\/li>\n<li>Bergdahl, Kerstin, museichef<\/li>\n<li>Beskow, Per, docent<\/li>\n<li>Bi\u00f6rnstad, Arne, fil.lic.<\/li>\n<li>Bjersby, Ragnar, fil.dr<\/li>\n<li>Bjurstr\u00f6m, Erling, docent<\/li>\n<li>Bj\u00f6rck, Barbro, intendent<\/li>\n<li>Bohman, Stefan, fil.dr<\/li>\n<li>Boquist, Agneta, fil.dr<\/li>\n<li>Bring\u00e9us, Nils-Arvid, professor<\/li>\n<li>Br\u00fcck, Ulla, universitetslektor<\/li>\n<li>Bursell, Barbro, docent<\/li>\n<li>B\u00f6rjesson, Klas, museichef<\/li>\n<\/ul>\n<h3>C<\/h3>\n<ul>\n<li>Cederberg, Irka, journalist<\/li>\n<li>Colling, Teje, intendent<\/li>\n<li>Conradson, Birgitta, fil.dr<\/li>\n<\/ul>\n<h3>D<\/h3>\n<ul>\n<li>Dandanell, Birgitta, 1:e antikvarie<\/li>\n<\/ul>\n<h3>E<\/h3>\n<ul>\n<li>Edgren, Lars, docent<\/li>\n<li>Edsman, Carl-Martin, professor<\/li>\n<li>Ek, Sven B., professor<\/li>\n<li>Ekstr\u00f6m, Simon, docent, universitetslektor<\/li>\n<li>Eriksson, Torkel, museir\u00e5d<\/li>\n<li>Esbj\u00f6rnson, Estrid, antikvarie<\/li>\n<\/ul>\n<h3>F<\/h3>\n<ul>\n<li>Fjellstr\u00f6m, Phebe, professor<\/li>\n<li>Forn\u00e4s, Johan, professor<\/li>\n<li>Furingsten, Agne, docent<\/li>\n<li>Furuland, Lars, professor<\/li>\n<\/ul>\n<h3>G<\/h3>\n<ul>\n<li>Garnert, Jan, docent<\/li>\n<li>Genrup, Kurt, professor<\/li>\n<li>Gerward, Gullan, fil.dr<\/li>\n<li>Gillingstam, Hans, fil.dr<\/li>\n<li>Gustavsson, Anders, professor<\/li>\n<\/ul>\n<h3>H<\/h3>\n<ul>\n<li>Haasum, Sibylla, museichef<\/li>\n<li>Hagberg, Jan-Erik, fil.dr<\/li>\n<li>Hagren, Britta, universitetsadjunkt<\/li>\n<li>Hagstr\u00f6m, Charlotte, fil.dr<\/li>\n<li>Hammar, Tomas, professor<\/li>\n<li>Hannerz, Ulf, professor<\/li>\n<li>Hazell, Bo, journalist<\/li>\n<li>Hellspong, Mats, docent (nuv. e)<\/li>\n<li>Hermansson, Nanna, stadsantikvarie<\/li>\n<li>Hidemark, Elisabet, docent<\/li>\n<li>Hofr\u00e9n, Erik, professor<\/li>\n<li>Holmquist, Kersti, \u00f6verintendent<\/li>\n<li>Hult, Anders, fil.lic.<\/li>\n<\/ul>\n<h3>I<\/h3>\n<ul>\n<li>Isaksson, Olov, professor<\/li>\n<\/ul>\n<h3>J<\/h3>\n<ul>\n<li>Jacobson, Bjarne, fil.kand.<\/li>\n<li>Jansson, Sven Bertil, docent<\/li>\n<li>J\u00f6nsson, Tomas, landsantikvarie<\/li>\n<\/ul>\n<h3>K<\/h3>\n<ul>\n<li>Karlsson, \u00c5sa, antikvarie<\/li>\n<li>Kjellman, Gunilla, fil.dr<\/li>\n<li>af Klintberg, Bengt, f\u00f6rfattare<\/li>\n<li>Krantz, Karl-Johan, fil.dr<\/li>\n<\/ul>\n<h3>L<\/h3>\n<ul>\n<li>Laufeld, Sven, docent<\/li>\n<li>Lindvall, Karin, landsantikvarie<\/li>\n<li>Ling, Jan, professor<\/li>\n<li>Lundberg, Bengt A., universitetslektor<\/li>\n<li>L\u00e5ng, Helmer, docent<\/li>\n<li>L\u00f6fgren, Orvar, professor<\/li>\n<\/ul>\n<h3>M<\/h3>\n<ul>\n<li>Magnusson, Lars, professor<\/li>\n<li>Malmqvist, G\u00f6ran, professor<\/li>\n<li>Medelius, Hans, f\u00f6rlagschef<\/li>\n<li>Myrdal, Janken, professor<\/li>\n<\/ul>\n<h3>N<\/h3>\n<ul>\n<li>Nilsson, Bo G., fil.dr<\/li>\n<li>Nilsson, Nils, 1:e antikvarie<\/li>\n<li>Nodermann, Maj, fil.dr<\/li>\n<li>Noreen, Sven E., l\u00e4nsantikvarie<\/li>\n<li>Nystr\u00f6m, Bengt, fil.dr<\/li>\n<\/ul>\n<h3>P<\/h3>\n<ul>\n<li>Palmenfelt, Ulf, fil.dr<\/li>\n<li>Person, Bengt-Arne, l\u00e4nsmuseichef<\/li>\n<li>Peterson, Per, docent<\/li>\n<li>Pukt\u00f6rne, Tommy, landsantikvarie<\/li>\n<\/ul>\n<h3>R<\/h3>\n<ul>\n<li>Ranung, Bj\u00f6rn, fil.lic.<\/li>\n<li>Rasmussen, Holger, fil.dr<\/li>\n<li>Rentzhog, Sten landsantikvarie<\/li>\n<li>Rex-Svensson, Karin, landsantikvarie<\/li>\n<li>Ronstr\u00f6m, Owe, docent<\/li>\n<li>Rosander, G\u00f6ran, docent<\/li>\n<li>Rydh, Stig, landsantikvarie<\/li>\n<\/ul>\n<h3>S<\/h3>\n<ul>\n<li>Salomonsson, Anders, docent<\/li>\n<li>Sch\u00f6n, Ebbe, docent<\/li>\n<li>Sk\u00f6ld, Peter, professor<\/li>\n<li>Stoklund, Bjarne, professor<\/li>\n<li>Stor\u00e5, Nils, professor<\/li>\n<li>Str\u00f6m, Krister, antikvarie<\/li>\n<li>Swahn, Jan-\u00d6jvind, professor<\/li>\n<li>Svanberg, Ingvar, fil.lic.<\/li>\n<li>Svensson, Ingemar, landsantikvarie<\/li>\n<li>Szab\u00f3, M\u00e1ty\u00e1s, docent<\/li>\n<\/ul>\n<h3>T<\/h3>\n<ul>\n<li>Thomasson, Lars, fil.dr<\/li>\n<\/ul>\n<h3>VW<\/h3>\n<ul>\n<li>Wernersson, Bengt, f\u00f6rbundssekreterare<\/li>\n<li>Wintzell, Inga, intendent<\/li>\n<\/ul>\n<h3>Z<\/h3>\n<ul>\n<li>Zachrisson, Sune, f.d. museidirekt\u00f6r<\/li>\n<\/ul>\n<h3>\u00c5<\/h3>\n<ul>\n<li>\u00c5gren, Per-Uno, professor<\/li>\n<\/ul>\n<h3>\u00d6<\/h3>\n<ul>\n<li>\u00d6stergren, Majvor, landsantikvarie<\/li>\n<\/ul>\n                    <\/div>\n    <\/div>\n<\/section>\n\n\n\n\n\n\n<section  class=\"big-header bg-gray \">\n    <div class=\"container\">\n        <div class=\"inner  pt-5 pb-5\">\n\n            \n\n<div class=\"big-header-center\">\n                \n<h3 class=\"h3\"> Redaktionen <\/h3>                \n<p class=\"ample\">\n    Har du en allm\u00e4n fr\u00e5ga eller synpunkt g\u00e4llande inneh\u00e5llet i v\u00e5ra tj\u00e4nster \u00e4r du v\u00e4lkommen att h\u00f6ra av dig till oss p\u00e5 redaktionen.<\/p>    \n    \n            <div class=\"btn-container\">\n                            \n<a href=\"https:\/\/www.ne.se\/info\/kontaktsida\/?tab=Redaktion\" target=\"_blank\" aria-label=\"Kontakta oss\" class=\"button button-blue\">\n    Kontakta oss            <svg width=\"16\" height=\"16\" viewBox=\"0 0 16 16\" fill=\"none\" xmlns=\"http:\/\/www.w3.org\/2000\/svg\">\n<path d=\"M14 6.00001L14 2.00001M14 2.00001H9.99999M14 2.00001L8 8M6.66667 2H5.2C4.0799 2 3.51984 2 3.09202 2.21799C2.71569 2.40973 2.40973 2.71569 2.21799 3.09202C2 3.51984 2 4.07989 2 5.2V10.8C2 11.9201 2 12.4802 2.21799 12.908C2.40973 13.2843 2.71569 13.5903 3.09202 13.782C3.51984 14 4.07989 14 5.2 14H10.8C11.9201 14 12.4802 14 12.908 13.782C13.2843 13.5903 13.5903 13.2843 13.782 12.908C14 12.4802 14 11.9201 14 10.8V9.33333\" stroke=\"#F2F5F8\" stroke-width=\"2\" stroke-linecap=\"round\" stroke-linejoin=\"round\"\/>\n<\/svg>\n    <\/a>                                <\/div>\n    <\/div>\n        <\/div>\n    <\/div>\n<\/section>","protected":false},"excerpt":{"rendered":"","protected":false},"author":6,"featured_media":0,"parent":5420,"menu_order":0,"comment_status":"closed","ping_status":"closed","template":"","meta":{"inline_featured_image":false,"footnotes":""},"subject":[],"class_list":["post-5517","page","type-page","status-publish","hentry"],"acf":[],"_links":{"self":[{"href":"https:\/\/www.ne.se\/info\/wp-json\/wp\/v2\/pages\/5517","targetHints":{"allow":["GET"]}}],"collection":[{"href":"https:\/\/www.ne.se\/info\/wp-json\/wp\/v2\/pages"}],"about":[{"href":"https:\/\/www.ne.se\/info\/wp-json\/wp\/v2\/types\/page"}],"author":[{"embeddable":true,"href":"https:\/\/www.ne.se\/info\/wp-json\/wp\/v2\/users\/6"}],"replies":[{"embeddable":true,"href":"https:\/\/www.ne.se\/info\/wp-json\/wp\/v2\/comments?post=5517"}],"version-history":[{"count":4,"href":"https:\/\/www.ne.se\/info\/wp-json\/wp\/v2\/pages\/5517\/revisions"}],"predecessor-version":[{"id":5752,"href":"https:\/\/www.ne.se\/info\/wp-json\/wp\/v2\/pages\/5517\/revisions\/5752"}],"up":[{"embeddable":true,"href":"https:\/\/www.ne.se\/info\/wp-json\/wp\/v2\/pages\/5420"}],"wp:attachment":[{"href":"https:\/\/www.ne.se\/info\/wp-json\/wp\/v2\/media?parent=5517"}],"wp:term":[{"taxonomy":"subject","embeddable":true,"href":"https:\/\/www.ne.se\/info\/wp-json\/wp\/v2\/subject?post=5517"}],"curies":[{"name":"wp","href":"https:\/\/api.w.org\/{rel}","templated":true}]}}