{"id":5523,"date":"2023-04-27T19:10:28","date_gmt":"2023-04-27T19:10:28","guid":{"rendered":"https:\/\/www.ne.se\/info\/?page_id=5523"},"modified":"2023-04-27T19:10:32","modified_gmt":"2023-04-27T19:10:32","slug":"film","status":"publish","type":"page","link":"https:\/\/www.ne.se\/info\/experter-och-skribenter\/film\/","title":{"rendered":"Film"},"content":{"rendered":"\n\n<section  class=\"big-header bg-gradient-top \">\n    <div class=\"container\">\n        <div class=\"inner   \">\n\n            \n\n<div class=\"big-header-center\">\n            \n<p class=\"uptext center\">\n    Experter och skribenter    <span class=\"line\"><\/span>\n<\/p>                \n<h2 class=\"h2\"> Film <\/h2>        \n    \n    <\/div>\n        <\/div>\n    <\/div>\n<\/section>\n\n\n\n<section  class=\"blog-text\">\n    <div class=\"container\">\n        <div class=\"inner  pt-0 pb-5\">\n                            \n<h3 class=\"h3\"> Redakt\u00f6r: Per S\u00f6derberg <\/h3>                                        <h3>A<\/h3>\n<ul>\n<li>Aghed, Jan, journalist, filmkritiker<\/li>\n<li>Andersson, Lars Gustaf, professor<\/li>\n<li>Axelson, Lars, exportkreditchef<\/li>\n<\/ul>\n<h3>B<\/h3>\n<ul>\n<li>Br\u00e5hammar, Gunnar, fil.lic.<\/li>\n<\/ul>\n<h3>F<\/h3>\n<ul>\n<li>Furhammar, Leif, professor<\/li>\n<li>Furuland, Lars, professor<\/li>\n<\/ul>\n<h3>H<\/h3>\n<ul>\n<li>Hedling, Erik, professor<\/li>\n<li>Heurling, Bo, redakt\u00f6r<\/li>\n<li>Holst, Jan-Erik, avdelningsdirekt\u00f6r<\/li>\n<\/ul>\n<h3>I<\/h3>\n<ul>\n<li>Ivarsson, Jan, \u00f6vers\u00e4ttare<\/li>\n<\/ul>\n<h3>K<\/h3>\n<ul>\n<li>Koskinen, Maaret, professor<\/li>\n<\/ul>\n<h3>N<\/h3>\n<ul>\n<li>Norlin, Margareta, redakt\u00f6r<\/li>\n<\/ul>\n<h3>O<\/h3>\n<ul>\n<li>Ohlsson, Joel, fil.lic.<\/li>\n<\/ul>\n<h3>R<\/h3>\n<ul>\n<li>Roth-Lindberg, \u00d6rjan, fil.dr<\/li>\n<\/ul>\n<h3>S<\/h3>\n<ul>\n<li>Soila, Tytti, professor<\/li>\n<li>Sterner, Roland, filmfotograf<\/li>\n<li>Svanberg, Lasse, redakt\u00f6r<\/li>\n<\/ul>\n<h3>T<\/h3>\n<ul>\n<li>Tapper, Michael, docent<\/li>\n<\/ul>\n<h3>Z<\/h3>\n<ul>\n<li>Zander, Ulf, professor<\/li>\n<li>Zern, Leif, fil.kand.<\/li>\n<\/ul>\n<h3>\u00c5<\/h3>\n<ul>\n<li>\u00c5hlander, Lars, fil.lic.<\/li>\n<\/ul>\n                    <\/div>\n    <\/div>\n<\/section>\n\n\n\n\n\n\n<section  class=\"big-header bg-gray \">\n    <div class=\"container\">\n        <div class=\"inner  pt-5 pb-5\">\n\n            \n\n<div class=\"big-header-center\">\n                \n<h3 class=\"h3\"> Redaktionen <\/h3>                \n<p class=\"ample\">\n    Har du en allm\u00e4n fr\u00e5ga eller synpunkt g\u00e4llande inneh\u00e5llet i v\u00e5ra tj\u00e4nster \u00e4r du v\u00e4lkommen att h\u00f6ra av dig till oss p\u00e5 redaktionen.<\/p>    \n    \n            <div class=\"btn-container\">\n                            \n<a href=\"https:\/\/www.ne.se\/info\/kontaktsida\/?tab=Redaktion\" target=\"_blank\" aria-label=\"Kontakta oss\" class=\"button button-blue\">\n    Kontakta oss            <svg width=\"16\" height=\"16\" viewBox=\"0 0 16 16\" fill=\"none\" xmlns=\"http:\/\/www.w3.org\/2000\/svg\">\n<path d=\"M14 6.00001L14 2.00001M14 2.00001H9.99999M14 2.00001L8 8M6.66667 2H5.2C4.0799 2 3.51984 2 3.09202 2.21799C2.71569 2.40973 2.40973 2.71569 2.21799 3.09202C2 3.51984 2 4.07989 2 5.2V10.8C2 11.9201 2 12.4802 2.21799 12.908C2.40973 13.2843 2.71569 13.5903 3.09202 13.782C3.51984 14 4.07989 14 5.2 14H10.8C11.9201 14 12.4802 14 12.908 13.782C13.2843 13.5903 13.5903 13.2843 13.782 12.908C14 12.4802 14 11.9201 14 10.8V9.33333\" stroke=\"#F2F5F8\" stroke-width=\"2\" stroke-linecap=\"round\" stroke-linejoin=\"round\"\/>\n<\/svg>\n    <\/a>                                <\/div>\n    <\/div>\n        <\/div>\n    <\/div>\n<\/section>","protected":false},"excerpt":{"rendered":"","protected":false},"author":6,"featured_media":0,"parent":5420,"menu_order":0,"comment_status":"closed","ping_status":"closed","template":"","meta":{"inline_featured_image":false,"footnotes":""},"subject":[],"class_list":["post-5523","page","type-page","status-publish","hentry"],"acf":[],"_links":{"self":[{"href":"https:\/\/www.ne.se\/info\/wp-json\/wp\/v2\/pages\/5523","targetHints":{"allow":["GET"]}}],"collection":[{"href":"https:\/\/www.ne.se\/info\/wp-json\/wp\/v2\/pages"}],"about":[{"href":"https:\/\/www.ne.se\/info\/wp-json\/wp\/v2\/types\/page"}],"author":[{"embeddable":true,"href":"https:\/\/www.ne.se\/info\/wp-json\/wp\/v2\/users\/6"}],"replies":[{"embeddable":true,"href":"https:\/\/www.ne.se\/info\/wp-json\/wp\/v2\/comments?post=5523"}],"version-history":[{"count":2,"href":"https:\/\/www.ne.se\/info\/wp-json\/wp\/v2\/pages\/5523\/revisions"}],"predecessor-version":[{"id":5525,"href":"https:\/\/www.ne.se\/info\/wp-json\/wp\/v2\/pages\/5523\/revisions\/5525"}],"up":[{"embeddable":true,"href":"https:\/\/www.ne.se\/info\/wp-json\/wp\/v2\/pages\/5420"}],"wp:attachment":[{"href":"https:\/\/www.ne.se\/info\/wp-json\/wp\/v2\/media?parent=5523"}],"wp:term":[{"taxonomy":"subject","embeddable":true,"href":"https:\/\/www.ne.se\/info\/wp-json\/wp\/v2\/subject?post=5523"}],"curies":[{"name":"wp","href":"https:\/\/api.w.org\/{rel}","templated":true}]}}