{"id":5538,"date":"2023-04-27T19:13:38","date_gmt":"2023-04-27T19:13:38","guid":{"rendered":"https:\/\/www.ne.se\/info\/?page_id=5538"},"modified":"2023-04-27T19:13:43","modified_gmt":"2023-04-27T19:13:43","slug":"foretagsekonomi","status":"publish","type":"page","link":"https:\/\/www.ne.se\/info\/experter-och-skribenter\/foretagsekonomi\/","title":{"rendered":"F\u00f6retagsekonomi"},"content":{"rendered":"\n\n<section  class=\"big-header bg-gradient-top \">\n    <div class=\"container\">\n        <div class=\"inner   \">\n\n            \n\n<div class=\"big-header-center\">\n            \n<p class=\"uptext center\">\n    Experter och skribenter    <span class=\"line\"><\/span>\n<\/p>                \n<h2 class=\"h2\"> F\u00f6retagsekonomi <\/h2>        \n    \n    <\/div>\n        <\/div>\n    <\/div>\n<\/section>\n\n\n\n<section  class=\"blog-text\">\n    <div class=\"container\">\n        <div class=\"inner  pt-0 pb-5\">\n                            \n<h3 class=\"h3\"> Redakt\u00f6r: Tobias Andersson <\/h3>                                        <h3>A<\/h3>\n<ul>\n<li>Alvesson, Mats, docent<\/li>\n<li>Andersen, Jon Aarum, universitetslektor<\/li>\n<li>Anderson, Arne M, ekon.dr<\/li>\n<li>Andersson, Jan Otto, docent<\/li>\n<li>Andersson, John, professor<\/li>\n<li>Andersson, Ulf Erik, utvecklingsledare<\/li>\n<li>Aszt\u00e9ly, Sandor, professor<\/li>\n<li>Axelsson, Bj\u00f6rn, docent<\/li>\n<\/ul>\n<h3>B<\/h3>\n<ul>\n<li>Berg, Per Olof, professor<\/li>\n<li>Bertoft, Jan, chefredakt\u00f6r<\/li>\n<li>Billgren, Jan, universitetslektor<\/li>\n<li>Blomquist, Tor, konsult<\/li>\n<li>Bl\u00e4ckberg, Sven, bankdirekt\u00f6r<\/li>\n<li>Brunsson, Nils, professor<\/li>\n<\/ul>\n<h3>C<\/h3>\n<ul>\n<li>Carlsson, Matts, universitetslektor<\/li>\n<\/ul>\n<h3>D<\/h3>\n<ul>\n<li>Dahlgren, J\u00f6rgen, ekon.dr<\/li>\n<li>Danielsson, Albert, professor<\/li>\n<li>De Geer, Hans, professor<\/li>\n<\/ul>\n<h3>E<\/h3>\n<ul>\n<li>Edenhammar, Hans, civilekonom<\/li>\n<li>Edlund, Claes, professor<\/li>\n<li>Edvardsson, Bo, professor<\/li>\n<li>Eidem, Rolf, ekon.dr<\/li>\n<li>Elleg\u00e5rd, Alvar, professor<\/li>\n<li>Elmgren-Warberg, Jill, ekon.lic.<\/li>\n<li>Engstr\u00f6m, Carl Gustav, universitetslektor<\/li>\n<li>Engwall, Mats, tekn.lic.<\/li>\n<li>Ericsson, Dag, professor<\/li>\n<li>Eriksson, Tore, universitetsadjunkt<\/li>\n<\/ul>\n<h3>F<\/h3>\n<ul>\n<li>Falk, Lars, copywriter<\/li>\n<li>Flam, Harry, professor<\/li>\n<li>Forsberg, Bertil, informationschef<\/li>\n<li>Frenckner, Paulsson, professor<\/li>\n<li>Fridman, Bo, professor<\/li>\n<\/ul>\n<h3>G<\/h3>\n<ul>\n<li>Giertz, Eric, tekn.dr<\/li>\n<li>Grubbstr\u00f6m, Robert W., professor<\/li>\n<li>Guillet de Monthoux, Pierre, professor<\/li>\n<li>Gunnarsson, Elving, ekon.dr<\/li>\n<li>Gustafsson, Karl Erik, professor<\/li>\n<\/ul>\n<h3>H<\/h3>\n<ul>\n<li>Hafstrand, Helene, fil.kand.<\/li>\n<li>Hagerud, Gustaf, ekon.dr<\/li>\n<li>Hall\u00e9n, Lars, docent<\/li>\n<li>Hambraeus, Leif, professor<\/li>\n<li>Hansson, Bj\u00f6rn, professor<\/li>\n<li>Hansson, G\u00f6te, professor<\/li>\n<li>Hedborg, Thorolf, bergsingenj\u00f6r<\/li>\n<li>Hellstr\u00f6m, Berit, konsult<\/li>\n<li>Hemstr\u00f6m, Carl, professor<\/li>\n<li>Henrekson, Magnus, docent<\/li>\n<li>Hultkrantz, Lars, professor<\/li>\n<li>H\u00f6rngren, Lars, ekon.dr<\/li>\n<\/ul>\n<h3>I<\/h3>\n<ul>\n<li>Ingblad, Sten-Eric, universitetslektor<\/li>\n<li>Ingelstam, Lars, professor<\/li>\n<\/ul>\n<h3>J<\/h3>\n<ul>\n<li>Jacobowsky, Bengt, pol.mag.<\/li>\n<li>Joachimsson, Robert, ekon.dr<\/li>\n<li>Johannisson, Bengt, professor<\/li>\n<li>Johansson, Tore, fil.lic.<\/li>\n<li>Johansson, Ulf, ekon.dr<\/li>\n<li>Jonsson, Ernst, professor<\/li>\n<li>J\u00f6nsson, Sten, professor<\/li>\n<li>J\u00f6rberg, Lennart, professor<\/li>\n<li>J\u00f6rnmark, Jan, fil.dr<\/li>\n<\/ul>\n<h3>K<\/h3>\n<ul>\n<li>Knutsson, Roland, fil.lic.<\/li>\n<li>Kraft, Ove, ekon.dr<\/li>\n<li>Krantz, Olle, professor<\/li>\n<li>K\u00f6rberg, Ingvar, direkt\u00f6r, f\u00f6rfattare<\/li>\n<\/ul>\n<h3>L<\/h3>\n<ul>\n<li>Larsson, Claes-G\u00f6ran, verkst\u00e4llande direkt\u00f6r<\/li>\n<li>Larsson, Mats, professor<\/li>\n<li>Larsson, Stig, ekon.dr<\/li>\n<li>Lewenhagen, Ulf, civilekonom<\/li>\n<li>Lindgren, H\u00e5kan, professor<\/li>\n<li>Lindh, Bengt<\/li>\n<li>Lindskog, Mac Lennart, informationsdirekt\u00f6r<\/li>\n<li>Lumsden, Marie, civilekonom<\/li>\n<\/ul>\n<h3>M<\/h3>\n<ul>\n<li>Magnusson, Lars, professor<\/li>\n<li>Markland, Bj\u00f6rn, generalsekreterare<\/li>\n<li>Mattsson, Lars-Gunnar, professor<\/li>\n<li>Moln\u00e1r, Josef, docent<\/li>\n<li>M\u00e5rtensson, Rita, docent<\/li>\n<\/ul>\n<h3>N<\/h3>\n<ul>\n<li>Nilsson, Sven-Arne, ekon.dr<\/li>\n<\/ul>\n<h3>O<\/h3>\n<ul>\n<li>Odhnoff, Jan, professor<\/li>\n<\/ul>\n<h3>P<\/h3>\n<ul>\n<li>Persson, Sune, docent<\/li>\n<\/ul>\n<h3>R<\/h3>\n<ul>\n<li>Ramberg, Jan, professor<\/li>\n<li>Rodhe, H\u00e5kan, civilingenj\u00f6r<\/li>\n<li>Rundfelt, Rolf, docent<\/li>\n<\/ul>\n<h3>S<\/h3>\n<ul>\n<li>Samuelsson, Lars A., professor<\/li>\n<li>Sj\u00f6gren, Hans, fil.dr<\/li>\n<li>Sj\u00f6holm, Gillis, konsult, f\u00f6rfattare<\/li>\n<li>Sj\u00f6strand, Sven-Erik, professor<\/li>\n<li>Stark, Agneta, docent<\/li>\n<li>Sterner, Thomas, professor<\/li>\n<li>Stymne, Bengt, professor<\/li>\n<li>Sundstr\u00f6m, Malin, ekon. dr, universitetslektor<\/li>\n<li>Swedenborg, Birgitta, fil.dr<\/li>\n<li>S\u00f6derberg, Johan, professor<\/li>\n<li>S\u00f6derpalm, Sven Anders, professor<\/li>\n<li>S\u00f6derstr\u00f6m, Hans Tson, professor<\/li>\n<li>S\u00f6derstr\u00f6m, Lars, professor<\/li>\n<\/ul>\n<h3>T<\/h3>\n<ul>\n<li>Thalberg, Bj\u00f6rn, professor<\/li>\n<li>Torstensson, Johan, docent<\/li>\n<li>Tufvesson, Ingmar, docent<\/li>\n<\/ul>\n<h3>U<\/h3>\n<ul>\n<li>Ulfvarson, Ulf, professor<\/li>\n<\/ul>\n<h3>VW<\/h3>\n<ul>\n<li>Wadensj\u00f6, Eskil, professor<\/li>\n<li>Wahlund, Richard, professor<\/li>\n<li>Wiklund, Alf, ingenj\u00f6r<\/li>\n<li>Wikstr\u00f6m, Solveig, professor<\/li>\n<li>Witt-Brattstr\u00f6m, Ebba, professor<\/li>\n<li>Voghera, Eva, civilekonom<\/li>\n<\/ul>\n<h3>\u00d6<\/h3>\n<ul>\n<li>\u00d6hrstr\u00f6m, Claes-Rune, bankdirekt\u00f6r<\/li>\n<\/ul>\n                    <\/div>\n    <\/div>\n<\/section>\n\n\n\n\n\n\n<section  class=\"big-header bg-gray \">\n    <div class=\"container\">\n        <div class=\"inner  pt-5 pb-5\">\n\n            \n\n<div class=\"big-header-center\">\n                \n<h3 class=\"h3\"> Redaktionen <\/h3>                \n<p class=\"ample\">\n    Har du en allm\u00e4n fr\u00e5ga eller synpunkt g\u00e4llande inneh\u00e5llet i v\u00e5ra tj\u00e4nster \u00e4r du v\u00e4lkommen att h\u00f6ra av dig till oss p\u00e5 redaktionen.<\/p>    \n    \n            <div class=\"btn-container\">\n                            \n<a href=\"https:\/\/www.ne.se\/info\/kontaktsida\/?tab=Redaktion\" target=\"_blank\" aria-label=\"Kontakta oss\" class=\"button button-blue\">\n    Kontakta oss            <svg width=\"16\" height=\"16\" viewBox=\"0 0 16 16\" fill=\"none\" xmlns=\"http:\/\/www.w3.org\/2000\/svg\">\n<path d=\"M14 6.00001L14 2.00001M14 2.00001H9.99999M14 2.00001L8 8M6.66667 2H5.2C4.0799 2 3.51984 2 3.09202 2.21799C2.71569 2.40973 2.40973 2.71569 2.21799 3.09202C2 3.51984 2 4.07989 2 5.2V10.8C2 11.9201 2 12.4802 2.21799 12.908C2.40973 13.2843 2.71569 13.5903 3.09202 13.782C3.51984 14 4.07989 14 5.2 14H10.8C11.9201 14 12.4802 14 12.908 13.782C13.2843 13.5903 13.5903 13.2843 13.782 12.908C14 12.4802 14 11.9201 14 10.8V9.33333\" stroke=\"#F2F5F8\" stroke-width=\"2\" stroke-linecap=\"round\" stroke-linejoin=\"round\"\/>\n<\/svg>\n    <\/a>                                <\/div>\n    <\/div>\n        <\/div>\n    <\/div>\n<\/section>","protected":false},"excerpt":{"rendered":"","protected":false},"author":6,"featured_media":0,"parent":5420,"menu_order":0,"comment_status":"closed","ping_status":"closed","template":"","meta":{"inline_featured_image":false,"footnotes":""},"subject":[],"class_list":["post-5538","page","type-page","status-publish","hentry"],"acf":[],"_links":{"self":[{"href":"https:\/\/www.ne.se\/info\/wp-json\/wp\/v2\/pages\/5538","targetHints":{"allow":["GET"]}}],"collection":[{"href":"https:\/\/www.ne.se\/info\/wp-json\/wp\/v2\/pages"}],"about":[{"href":"https:\/\/www.ne.se\/info\/wp-json\/wp\/v2\/types\/page"}],"author":[{"embeddable":true,"href":"https:\/\/www.ne.se\/info\/wp-json\/wp\/v2\/users\/6"}],"replies":[{"embeddable":true,"href":"https:\/\/www.ne.se\/info\/wp-json\/wp\/v2\/comments?post=5538"}],"version-history":[{"count":4,"href":"https:\/\/www.ne.se\/info\/wp-json\/wp\/v2\/pages\/5538\/revisions"}],"predecessor-version":[{"id":5548,"href":"https:\/\/www.ne.se\/info\/wp-json\/wp\/v2\/pages\/5538\/revisions\/5548"}],"up":[{"embeddable":true,"href":"https:\/\/www.ne.se\/info\/wp-json\/wp\/v2\/pages\/5420"}],"wp:attachment":[{"href":"https:\/\/www.ne.se\/info\/wp-json\/wp\/v2\/media?parent=5538"}],"wp:term":[{"taxonomy":"subject","embeddable":true,"href":"https:\/\/www.ne.se\/info\/wp-json\/wp\/v2\/subject?post=5538"}],"curies":[{"name":"wp","href":"https:\/\/api.w.org\/{rel}","templated":true}]}}