{"id":5553,"date":"2023-04-27T19:12:40","date_gmt":"2023-04-27T19:12:40","guid":{"rendered":"https:\/\/www.ne.se\/info\/?page_id=5553"},"modified":"2023-04-28T07:26:26","modified_gmt":"2023-04-28T07:26:26","slug":"forsvarsvasen","status":"publish","type":"page","link":"https:\/\/www.ne.se\/info\/experter-och-skribenter\/forsvarsvasen\/","title":{"rendered":"F\u00f6rsvarsv\u00e4sen"},"content":{"rendered":"\n\n<section  class=\"big-header bg-gradient-top \">\n    <div class=\"container\">\n        <div class=\"inner   \">\n\n            \n\n<div class=\"big-header-center\">\n            \n<p class=\"uptext center\">\n    Experter och skribenter    <span class=\"line\"><\/span>\n<\/p>                \n<h2 class=\"h2\"> F\u00f6rsvarsv\u00e4sen <\/h2>        \n    \n    <\/div>\n        <\/div>\n    <\/div>\n<\/section>\n\n\n\n<section  class=\"blog-text\">\n    <div class=\"container\">\n        <div class=\"inner  pt-0 pb-5\">\n                            \n<h3 class=\"h3\"> Redakt\u00f6r: Anders Hansson <\/h3>                                        <h3>A<\/h3>\n<ul>\n<li>Andersson, G\u00f6ran, \u00f6verste (utl\u00e4ndska f\u00f6rsvarsmakter)<\/li>\n<\/ul>\n<h3>B<\/h3>\n<ul>\n<li>Berns, Lennart, \u00f6verstel\u00f6jtnant (flygvapnet)<\/li>\n<li>Bj\u00e4re, Bertil, \u00f6verste 1:a graden (flygvapnet)<\/li>\n<li>Bojerud, Stellan, \u00f6verstel\u00f6jtnant<\/li>\n<li>Byman, Disa, informationschef (civilt f\u00f6rsvar)<\/li>\n<\/ul>\n<h3>C<\/h3>\n<ul>\n<li>Carlsson, Ingemar, teknisk direkt\u00f6r (teleteknik)<\/li>\n<li>Cronenberg, Arvid, \u00f6verstel\u00f6jtnant<\/li>\n<\/ul>\n<h3>D<\/h3>\n<ul>\n<li>D\u00f6rfer, Ingemar, docent (strategi)<\/li>\n<\/ul>\n<h3>E<\/h3>\n<ul>\n<li>Ekman, Martin, docent<\/li>\n<li>Ericsson, Dag, professor (logistik)<\/li>\n<li>Eriksson, Leif, avdelningsdirekt\u00f6r (livsmedelsf\u00f6rs\u00f6rjning)<\/li>\n<\/ul>\n<h3>G<\/h3>\n<ul>\n<li>Grandin, Gunnar, konteramiral (marinen)<\/li>\n<li>Grenander, Gunnar, \u00f6verste 1:a graden<\/li>\n<li>Gustafsson, Stefan, \u00f6verstel\u00f6jtnant<\/li>\n<\/ul>\n<h3>H<\/h3>\n<ul>\n<li>Haglund, Magnus, kommend\u00f6rkapten (marinen)<\/li>\n<li>Herlitz, Carl, \u00f6verste (arm\u00e9ns f\u00f6rband)<\/li>\n<li>H\u00e5rd af Segerstad, Jonas, kommend\u00f6r<\/li>\n<\/ul>\n<h3>I<\/h3>\n<ul>\n<li>Israelsson, Curt, \u00f6verstel\u00f6jtnant (frivilligverksamhet)<\/li>\n<\/ul>\n<h3>K<\/h3>\n<ul>\n<li>von Konow, Jan, fil.lic.<\/li>\n<li>K\u00e4llman, Stefan, fil.dr<\/li>\n<\/ul>\n<h3>L<\/h3>\n<ul>\n<li>Lindholm, Liv, f\u00f6rbundslottachef (lottar\u00f6relsen)<\/li>\n<li>Lindmark, G\u00f6ran, informationsdirekt\u00f6r (totalf\u00f6rsvar)<\/li>\n<li>Lundstr\u00f6m, G\u00f6sta, \u00f6verste 1:a graden (s\u00e4kerhetstj\u00e4nst)<\/li>\n<li>Lyth, Einar, \u00f6verste 1:a graden<\/li>\n<\/ul>\n<h3>O<\/h3>\n<ul>\n<li>Oscarsson, Mats, informationschef (civilt f\u00f6rsvar, r\u00e4ddningstj\u00e4nst)<\/li>\n<\/ul>\n<h3>P<\/h3>\n<ul>\n<li>Pettersson, Ove, professor (r\u00e4ddningstj\u00e4nst)<\/li>\n<\/ul>\n<h3>R<\/h3>\n<ul>\n<li>Rasin, Bengt, konteramiral<\/li>\n<li>Roffey, Roger, \u00f6veringenj\u00f6r<\/li>\n<li>Rossander, Erik, generalmajor (nuv. e)<\/li>\n<li>R\u00f6nnberg, Lennart, generalmajor<\/li>\n<\/ul>\n<h3>S<\/h3>\n<ul>\n<li>Sj\u00f6berg, Bengt, \u00f6verste 1:a graden (personal, \u00e4ldre termer)<\/li>\n<li>Sj\u00f6lander, Sven, \u00f6verste 1:a graden<\/li>\n<li>Swahn, Jan-\u00d6jvind, professor<\/li>\n<\/ul>\n<h3>T<\/h3>\n<ul>\n<li>Tubin, Eino, informationschef (psyk.f\u00f6rsvar)<\/li>\n<\/ul>\n<h3>U<\/h3>\n<ul>\n<li>Ulfhielm, Hans, \u00f6verste 1:a graden<\/li>\n<\/ul>\n<h3>Z<\/h3>\n<ul>\n<li>Zetterstr\u00f6m, Bj\u00f6rn, generall\u00e4kare (f\u00f6rsvarsmedicin)<\/li>\n<\/ul>\n                    <\/div>\n    <\/div>\n<\/section>\n\n\n\n\n\n\n<section  class=\"big-header bg-gray \">\n    <div class=\"container\">\n        <div class=\"inner  pt-5 pb-5\">\n\n            \n\n<div class=\"big-header-center\">\n                \n<h3 class=\"h3\"> Redaktionen <\/h3>                \n<p class=\"ample\">\n    Har du en allm\u00e4n fr\u00e5ga eller synpunkt g\u00e4llande inneh\u00e5llet i v\u00e5ra tj\u00e4nster \u00e4r du v\u00e4lkommen att h\u00f6ra av dig till oss p\u00e5 redaktionen.<\/p>    \n    \n            <div class=\"btn-container\">\n                            \n<a href=\"https:\/\/www.ne.se\/info\/kontaktsida\/?tab=Redaktion\" target=\"_blank\" aria-label=\"Kontakta oss\" class=\"button button-blue\">\n    Kontakta oss            <svg width=\"16\" height=\"16\" viewBox=\"0 0 16 16\" fill=\"none\" xmlns=\"http:\/\/www.w3.org\/2000\/svg\">\n<path d=\"M14 6.00001L14 2.00001M14 2.00001H9.99999M14 2.00001L8 8M6.66667 2H5.2C4.0799 2 3.51984 2 3.09202 2.21799C2.71569 2.40973 2.40973 2.71569 2.21799 3.09202C2 3.51984 2 4.07989 2 5.2V10.8C2 11.9201 2 12.4802 2.21799 12.908C2.40973 13.2843 2.71569 13.5903 3.09202 13.782C3.51984 14 4.07989 14 5.2 14H10.8C11.9201 14 12.4802 14 12.908 13.782C13.2843 13.5903 13.5903 13.2843 13.782 12.908C14 12.4802 14 11.9201 14 10.8V9.33333\" stroke=\"#F2F5F8\" stroke-width=\"2\" stroke-linecap=\"round\" stroke-linejoin=\"round\"\/>\n<\/svg>\n    <\/a>                                <\/div>\n    <\/div>\n        <\/div>\n    <\/div>\n<\/section>","protected":false},"excerpt":{"rendered":"","protected":false},"author":6,"featured_media":0,"parent":5420,"menu_order":0,"comment_status":"closed","ping_status":"closed","template":"","meta":{"inline_featured_image":false,"footnotes":""},"subject":[],"class_list":["post-5553","page","type-page","status-publish","hentry"],"acf":[],"_links":{"self":[{"href":"https:\/\/www.ne.se\/info\/wp-json\/wp\/v2\/pages\/5553","targetHints":{"allow":["GET"]}}],"collection":[{"href":"https:\/\/www.ne.se\/info\/wp-json\/wp\/v2\/pages"}],"about":[{"href":"https:\/\/www.ne.se\/info\/wp-json\/wp\/v2\/types\/page"}],"author":[{"embeddable":true,"href":"https:\/\/www.ne.se\/info\/wp-json\/wp\/v2\/users\/6"}],"replies":[{"embeddable":true,"href":"https:\/\/www.ne.se\/info\/wp-json\/wp\/v2\/comments?post=5553"}],"version-history":[{"count":6,"href":"https:\/\/www.ne.se\/info\/wp-json\/wp\/v2\/pages\/5553\/revisions"}],"predecessor-version":[{"id":5764,"href":"https:\/\/www.ne.se\/info\/wp-json\/wp\/v2\/pages\/5553\/revisions\/5764"}],"up":[{"embeddable":true,"href":"https:\/\/www.ne.se\/info\/wp-json\/wp\/v2\/pages\/5420"}],"wp:attachment":[{"href":"https:\/\/www.ne.se\/info\/wp-json\/wp\/v2\/media?parent=5553"}],"wp:term":[{"taxonomy":"subject","embeddable":true,"href":"https:\/\/www.ne.se\/info\/wp-json\/wp\/v2\/subject?post=5553"}],"curies":[{"name":"wp","href":"https:\/\/api.w.org\/{rel}","templated":true}]}}