{"id":5556,"date":"2023-04-27T19:14:07","date_gmt":"2023-04-27T19:14:07","guid":{"rendered":"https:\/\/www.ne.se\/info\/?page_id=5556"},"modified":"2023-04-27T19:14:11","modified_gmt":"2023-04-27T19:14:11","slug":"fysik","status":"publish","type":"page","link":"https:\/\/www.ne.se\/info\/experter-och-skribenter\/fysik\/","title":{"rendered":"Fysik"},"content":{"rendered":"\n\n<section  class=\"big-header bg-gradient-top \">\n    <div class=\"container\">\n        <div class=\"inner   \">\n\n            \n\n<div class=\"big-header-center\">\n            \n<p class=\"uptext center\">\n    Experter och skribenter    <span class=\"line\"><\/span>\n<\/p>                \n<h2 class=\"h2\"> Fysik <\/h2>        \n    \n    <\/div>\n        <\/div>\n    <\/div>\n<\/section>\n\n\n\n<section  class=\"blog-text\">\n    <div class=\"container\">\n        <div class=\"inner  pt-0 pb-5\">\n                            \n<h3 class=\"h3\"> Redakt\u00f6r: Johan Warell <\/h3>                                        <h3>A<\/h3>\n<ul>\n<li>Alavyoon, Farid, tekn.dr. (hydromekanik)<\/li>\n<li>Andersson, Bo, professor (teoretisk fysik)<\/li>\n<\/ul>\n<h3>B<\/h3>\n<ul>\n<li>B\u00e1r\u00e1ny, Anders, docent (biografier m.m.)<\/li>\n<li>Bager, Olof, civilingenj\u00f6r (m\u00e5tt och m\u00e4tteknik)<\/li>\n<li>Bark, Fritz, professor (hydromekanik)<\/li>\n<li>Beckman, Olof, professor (fasta tillst\u00e5ndets fysik)<\/li>\n<li>Bengtsson, Erno, optiker (optiska hj\u00e4lpmedel)<\/li>\n<li>Berg, S\u00f6ren, professor (elektronik)<\/li>\n<li>Bergstr\u00f6m, Lars, docent (teoretisk fysik)<\/li>\n<li>Berndt, Sune, professor (aerodynamik)<\/li>\n<li>Biedermann, Klaus, professor (optik)<\/li>\n<li>Bj\u00f6rck, Eva B., bibliotekarie (tidskrifter)<\/li>\n<li>Bostr\u00f6m, Rolf, professor (rymdfysik)<\/li>\n<li>Brink, Lars, professor (teoretisk fysik)<\/li>\n<\/ul>\n<h3>C<\/h3>\n<ul>\n<li>Carlsson, Janne, professor (till\u00e4mpad mekanik)<\/li>\n<li>Celsing, Dag, civilingenj\u00f6r (biografier)<\/li>\n<li>Claeson, Tord, professor (fasta tillst\u00e5ndets fysik)<\/li>\n<\/ul>\n<h3>D<\/h3>\n<ul>\n<li>Dattatray, S. Parasnis, professor (geofysik)<\/li>\n<li>Dravins, Dainis, professor (astronomi)<\/li>\n<\/ul>\n<h3>E<\/h3>\n<ul>\n<li>Enflo, Bengt, universitetslektor (biografier)<\/li>\n<li>Ericson, Torleif, professor (partikelfysik)<\/li>\n<li>Ericsson, Torsten, professor (konstruktions- och materialteknik)<\/li>\n<li>Eriksson, Karl-Erik, professor (teoretisk fysik och mekanik)<\/li>\n<li>Eriksson, Mikael, professor (acceleratorer)<\/li>\n<li>Eriksson, Ture, universitetslektor (klassisk fysik)<\/li>\n<\/ul>\n<h3>F<\/h3>\n<ul>\n<li>Forkman, Bengt, professor (k\u00e4rnfysik)<\/li>\n<li>Fridlund, Mats, civilingenj\u00f6r (biografier)<\/li>\n<li>Fr\u00e4ngsmyr, Tore, professor (id\u00e9- och l\u00e4rdomshistoria)<\/li>\n<\/ul>\n<h3>G<\/h3>\n<ul>\n<li>Ganrot, Per Olov, docent (klinisk kemi, instrument)<\/li>\n<li>Gerholm, Tor Ragnar, professor (fysik)<\/li>\n<\/ul>\n<h3>H<\/h3>\n<ul>\n<li>Herlofson, Nicolai, professor (plasmafysik)<\/li>\n<li>Herrlander, Carl Johan, docent (acceleratorbaserad partikelfysik)<\/li>\n<li>Hogmark, Sture, docent (materialvetenskap)<\/li>\n<li>Holmberg, John, tekn.dr. (teknisk resursstrategi)<\/li>\n<li>Holmgren, Sven Olof, professor (elementarpartikelfysik)<\/li>\n<li>Hult, Jan, professor (h\u00e5llfasthetsl\u00e4ra)<\/li>\n<li>Hultqvist, Bengt, professor (rymdfysik)<\/li>\n<li>H\u00e5rd, Sverker, docent (holografi)<\/li>\n<\/ul>\n<h3>J<\/h3>\n<ul>\n<li>Jarlskog, Cecilia, professor (elementarpartikelfysik)<\/li>\n<li>Jarlskog, G\u00f6ran, professor (elementarpartikelfysik)<\/li>\n<li>Johansson, Arne, professor (k\u00e4rnfysik)<\/li>\n<li>Jonson, Mats, professor (kondensation)<\/li>\n<\/ul>\n<h3>K<\/h3>\n<ul>\n<li>Kaiserfeld, Thomas, fil.dr. (biografier)<\/li>\n<li>Karlhede, Anders, universitetslektor (teoretisk fysik)<\/li>\n<li>Karlsson, Erik B., professor (fysik)<\/li>\n<li>Kastberg, Anders, fil.dr. (atomfysik)<\/li>\n<li>Klarbring, Anders, professor (h\u00e5llfasthetsl\u00e4ra)<\/li>\n<li>Kollberg, Erik L., professor (maser)<\/li>\n<li>Kowalewski, Jozef, professor (fysikalisk kemi)<\/li>\n<li>Kr\u00f6ll, Stefan, docent (faskonjugering)<\/li>\n<\/ul>\n<h3>L<\/h3>\n<ul>\n<li>Lagerwall, Torbj\u00f6rn, professor (flytande kristaller)<\/li>\n<li>Larsson, B\u00f6rje, professor (fysikalisk biologi)<\/li>\n<li>Laurent, Bertel, professor (teoretisk fysik)<\/li>\n<li>Lidin, Sven, professor (oorganisk kemi)<\/li>\n<li>Liljencrants, Johan, professor (musikakustik)<\/li>\n<li>Lindau, Ingolf, professor (ytfysik)<\/li>\n<li>Lindblad, Sven, professor (akustik)<\/li>\n<li>Lindgren, Bo, docent (kluster)<\/li>\n<li>Lindgren, Ingvar, professor (atomfysik)<\/li>\n<li>Lindqvist, Torsten, docent (fysikalisk litteratur)<\/li>\n<li>Litz\u00e9n, Ulf, docent (atomspektroskopi)<\/li>\n<li>Lundell, Ragnar, universitetslektor (h\u00e5llfasthetsl\u00e4ra)<\/li>\n<li>Lundquist, Stig, professor (h\u00f6gsp\u00e4nningsforskning)<\/li>\n<li>Lundqvist, Stig, professor (teoretisk fysik)<\/li>\n<\/ul>\n<h3>M<\/h3>\n<ul>\n<li>Martinsson, Indrek, professor (experimentell atomfysik)<\/li>\n<li>Messing, Maria, fil.dr. (nanofysik)<\/li>\n<\/ul>\n<h3>N<\/h3>\n<ul>\n<li>Nagel, Bengt, professor (biografier)<\/li>\n<li>Nilsson, Jan S., professor (partikelfysik)<\/li>\n<li>Nilsson, Olle, professor (elektricitetsl\u00e4ra)<\/li>\n<li>Nordling, carl, professor (atom- och molekylfysik)<\/li>\n<\/ul>\n<h3>O<\/h3>\n<ul>\n<li>Ohlon, Rolf, professor (v\u00e5gar)<\/li>\n<li>Olofsson, bertikl, docent (h\u00e5llfasthetsl\u00e4ra)<\/li>\n<li>Olsson, Karl-Olof, professor (maskinkonstruktion)<\/li>\n<li>Ottosson, Mats Ola, forskningsr\u00e5d (biografier)<\/li>\n<\/ul>\n<h3>P<\/h3>\n<ul>\n<li>Pendrill, Leslie, docent (m\u00e4tteknik)<\/li>\n<li>Persson, Bertil, professor (radiofysik)<\/li>\n<li>Persson, Willy, professor (atomfysik)<\/li>\n<li>Ribbing, Carl-Gustav, bitr\u00e4dande professor (fasta tillst\u00e5ndets fysik)<\/li>\n<li>Roos, Bj\u00f6rn, professor (teoretisk kemi)<\/li>\n<li>Ruhe, Axel, professor (informationsbehandling)<\/li>\n<li>Ryde, Felix, civilingenj\u00f6r (teoretisk fysik)<\/li>\n<li>Ryde, Hans, professor (k\u00e4rnfysik)<\/li>\n<li>Ryde, Nils A.E., civilingenj\u00f6r (k\u00e4rnfysik)<\/li>\n<li>Ryde, Nils., professor (k\u00e4rnfysik)<\/li>\n<\/ul>\n<h3>S<\/h3>\n<ul>\n<li>Samuelsson, Lars, professor (fasta tillst\u00e5ndets fysik)<\/li>\n<li>Samuelsson, Alf, professor (till\u00e4mpad mekanik)<\/li>\n<li>Schweitz, Jan-\u00c5ke, bitr\u00e4dande professor (mikromekanik)<\/li>\n<li>Selin-Lindgren, Eva, professor (atom- och milj\u00f6fysik)<\/li>\n<li>Sj\u00f6lander, Alf, professor (teoretisk fysik)<\/li>\n<li>Sj\u00f6strand, Nils G\u00f6ran, professor (reaktorfysik)<\/li>\n<li>Stebler, Bengt, docent (flytande kristaller)<\/li>\n<li>Stor\u00e5kers, Bertil, professor (h\u00e5llfasthetsl\u00e4ra)<\/li>\n<li>Strifors, Hans, tekn. dr. (mekanik)<\/li>\n<li>Str\u00f6mholm, Stig, professor (Max Planck-institutet)<\/li>\n<li>Sundberg, Johan, professor (musikakustik)<\/li>\n<li>Sundin, Bosse, professor (teknikhistoria)<\/li>\n<li>Sundquist, Bo, professor (mikronik)<\/li>\n<li>Svanberg, Sune, professor (atomfysik)<\/li>\n<li>Svensson, Bengt E.Y., professor (teoretisk fysik)<\/li>\n<li>S\u00e4llstr\u00f6m, Pehr, docent (fysik)<\/li>\n<li>S\u00f6derst\u00f6m, Kaj, fil. dr. (kosmisk fysik)<\/li>\n<\/ul>\n<h3>T<\/h3>\n<ul>\n<li>Tansj\u00f6, Levi, docent (biografier)<\/li>\n<li>Thyl\u00e9n, Lars, professor (mikrov\u00e5gsteknik)<\/li>\n<li>Tibell, Gunnar, professor (str\u00e5lningsvetenskap)<\/li>\n<\/ul>\n<h3>VW<\/h3>\n<ul>\n<li>Valentin, Jack, docent (str\u00e5lningsvetenskap)<\/li>\n<li>Wallmark, Torkel, professor (elektronik)<\/li>\n<li>Weinberger, Hans, civilingenj\u00f6r (biografier)<\/li>\n<li>Wickman, G\u00f6ran, professor (radiofysik)<\/li>\n<li>Widmalm, Sven, docent (teknikhistoria)<\/li>\n<li>Wilhelmsson, Hans, professor (fysik)<\/li>\n<li>V\u00e4nng\u00e5rd, Tore, professor (atomfysik)<\/li>\n<\/ul>\n<h3>\u00c5<\/h3>\n<ul>\n<li>\u00c5quist, Claes, tekn. lic. (fysikalisk kemi)<\/li>\n<\/ul>\n                    <\/div>\n    <\/div>\n<\/section>\n\n\n\n\n\n\n<section  class=\"big-header bg-gray \">\n    <div class=\"container\">\n        <div class=\"inner  pt-5 pb-5\">\n\n            \n\n<div class=\"big-header-center\">\n                \n<h3 class=\"h3\"> Redaktionen <\/h3>                \n<p class=\"ample\">\n    Har du en allm\u00e4n fr\u00e5ga eller synpunkt g\u00e4llande inneh\u00e5llet i v\u00e5ra tj\u00e4nster \u00e4r du v\u00e4lkommen att h\u00f6ra av dig till oss p\u00e5 redaktionen.<\/p>    \n    \n            <div class=\"btn-container\">\n                            \n<a href=\"https:\/\/www.ne.se\/info\/kontaktsida\/?tab=Redaktion\" target=\"_blank\" aria-label=\"Kontakta oss\" class=\"button button-blue\">\n    Kontakta oss            <svg width=\"16\" height=\"16\" viewBox=\"0 0 16 16\" fill=\"none\" xmlns=\"http:\/\/www.w3.org\/2000\/svg\">\n<path d=\"M14 6.00001L14 2.00001M14 2.00001H9.99999M14 2.00001L8 8M6.66667 2H5.2C4.0799 2 3.51984 2 3.09202 2.21799C2.71569 2.40973 2.40973 2.71569 2.21799 3.09202C2 3.51984 2 4.07989 2 5.2V10.8C2 11.9201 2 12.4802 2.21799 12.908C2.40973 13.2843 2.71569 13.5903 3.09202 13.782C3.51984 14 4.07989 14 5.2 14H10.8C11.9201 14 12.4802 14 12.908 13.782C13.2843 13.5903 13.5903 13.2843 13.782 12.908C14 12.4802 14 11.9201 14 10.8V9.33333\" stroke=\"#F2F5F8\" stroke-width=\"2\" stroke-linecap=\"round\" stroke-linejoin=\"round\"\/>\n<\/svg>\n    <\/a>                                <\/div>\n    <\/div>\n        <\/div>\n    <\/div>\n<\/section>","protected":false},"excerpt":{"rendered":"","protected":false},"author":6,"featured_media":0,"parent":5420,"menu_order":0,"comment_status":"closed","ping_status":"closed","template":"","meta":{"inline_featured_image":false,"footnotes":""},"subject":[],"class_list":["post-5556","page","type-page","status-publish","hentry"],"acf":[],"_links":{"self":[{"href":"https:\/\/www.ne.se\/info\/wp-json\/wp\/v2\/pages\/5556","targetHints":{"allow":["GET"]}}],"collection":[{"href":"https:\/\/www.ne.se\/info\/wp-json\/wp\/v2\/pages"}],"about":[{"href":"https:\/\/www.ne.se\/info\/wp-json\/wp\/v2\/types\/page"}],"author":[{"embeddable":true,"href":"https:\/\/www.ne.se\/info\/wp-json\/wp\/v2\/users\/6"}],"replies":[{"embeddable":true,"href":"https:\/\/www.ne.se\/info\/wp-json\/wp\/v2\/comments?post=5556"}],"version-history":[{"count":2,"href":"https:\/\/www.ne.se\/info\/wp-json\/wp\/v2\/pages\/5556\/revisions"}],"predecessor-version":[{"id":5558,"href":"https:\/\/www.ne.se\/info\/wp-json\/wp\/v2\/pages\/5556\/revisions\/5558"}],"up":[{"embeddable":true,"href":"https:\/\/www.ne.se\/info\/wp-json\/wp\/v2\/pages\/5420"}],"wp:attachment":[{"href":"https:\/\/www.ne.se\/info\/wp-json\/wp\/v2\/media?parent=5556"}],"wp:term":[{"taxonomy":"subject","embeddable":true,"href":"https:\/\/www.ne.se\/info\/wp-json\/wp\/v2\/subject?post=5556"}],"curies":[{"name":"wp","href":"https:\/\/api.w.org\/{rel}","templated":true}]}}