{"id":5559,"date":"2023-04-27T19:18:35","date_gmt":"2023-04-27T19:18:35","guid":{"rendered":"https:\/\/www.ne.se\/info\/?page_id=5559"},"modified":"2023-04-27T19:18:37","modified_gmt":"2023-04-27T19:18:37","slug":"genusforskning-och-genushistoria","status":"publish","type":"page","link":"https:\/\/www.ne.se\/info\/experter-och-skribenter\/genusforskning-och-genushistoria\/","title":{"rendered":"Genusforskning och genushistoria"},"content":{"rendered":"\n\n<section  class=\"big-header bg-gradient-top \">\n    <div class=\"container\">\n        <div class=\"inner   \">\n\n            \n\n<div class=\"big-header-center\">\n            \n<p class=\"uptext center\">\n    Experter och skribenter    <span class=\"line\"><\/span>\n<\/p>                \n<h2 class=\"h2\"> Genusforskning och genushistoria <\/h2>        \n    \n    <\/div>\n        <\/div>\n    <\/div>\n<\/section>\n\n\n\n<section  class=\"blog-text\">\n    <div class=\"container\">\n        <div class=\"inner  pt-0 pb-5\">\n                            \n<h3 class=\"h3\"> Redakt\u00f6r: Melina Solc\u00e0 <\/h3>                                        <h3>A<\/h3>\n<ul>\n<li>Ambj\u00f6rnsson, Ronny, professor<\/li>\n<li>Andersson, Irene, fil.kand.<\/li>\n<li>Axelsson, Christina, universitetslektor<\/li>\n<\/ul>\n<h3>B<\/h3>\n<ul>\n<li>Bj\u00f6rnberg, Ulla, professor<\/li>\n<li>Brante, Thomas, professor<\/li>\n<\/ul>\n<h3>C<\/h3>\n<ul>\n<li>Carleheden, Mikael, fil.kand.<\/li>\n<li>Carlsson-Wetterberg, Christina, docent<\/li>\n<li>Claesson Pipping, Git, fil.dr<\/li>\n<li>Clayhills, Harriet, journalist, f\u00f6rfattare<\/li>\n<\/ul>\n<h3>D<\/h3>\n<ul>\n<li>Dahlerup, Drude, professor<\/li>\n<\/ul>\n<h3>E<\/h3>\n<ul>\n<li>Edvards, Maud, professor<\/li>\n<li>Elgan, Elisabeth, fil.dr<\/li>\n<li>Eliasson, Mona, docent<\/li>\n<li>Eskilsson, Lena, fil.dr<\/li>\n<\/ul>\n<h3>F<\/h3>\n<ul>\n<li>Forsberg, Gunnel, professor<\/li>\n<li>Frangeur, Ren\u00e9e, fil.dr<\/li>\n<\/ul>\n<h3>G<\/h3>\n<ul>\n<li>Gothlin, Eva, fil.dr<\/li>\n<li>G\u00f6ransson, Anita, professor<\/li>\n<\/ul>\n<h3>H<\/h3>\n<ul>\n<li>Hirdman, Yvonne, professor<\/li>\n<li>Hovelius, Birgitta, professor<\/li>\n<li>Hultin, Lilian, rektor<\/li>\n<li>Humlesj\u00f6, Inger, fil.mag.<\/li>\n<\/ul>\n<h3>J<\/h3>\n<ul>\n<li>Jansdotter, Anna, fil.kand.<\/li>\n<li>Johansson, Thomas, docent<\/li>\n<\/ul>\n<h3>K<\/h3>\n<ul>\n<li>Karlsson, Lynn, byr\u00e5direkt\u00f6r<\/li>\n<li>von Krusenstjerna, Eva<\/li>\n<li>Kulick, Don, docent<\/li>\n<li>Kyle, Gunhild, professor<\/li>\n<\/ul>\n<h3>L<\/h3>\n<ul>\n<li>Larsson, Lisbeth, professor<\/li>\n<li>Lindgren, Gerd, professor<\/li>\n<li>Losman, Beata, docent<\/li>\n<\/ul>\n<h3>M<\/h3>\n<ul>\n<li>Magnusdottir, Audur, fil.kand.<\/li>\n<li>Malmberg, Denise, fil.dr<\/li>\n<li>Manns, Ulla, professor<\/li>\n<li>Mans\u00e9n, Elisabeth, fil.dr<\/li>\n<li>Melander, Ellinor, fil.dr<\/li>\n<li>Morris, Christine, leg.l\u00e4kare<\/li>\n<li>Mral, Brigitte, docent<\/li>\n<\/ul>\n<h3>N<\/h3>\n<ul>\n<li>Nicklasson, Stina, fil.dr<\/li>\n<li>Nordstr\u00f6m, Marie, fil.dr<\/li>\n<li>Norocel, Ov Cristian, lektor<\/li>\n<\/ul>\n<h3>O<\/h3>\n<ul>\n<li>Od\u00e9n, Birgitta, professor<\/li>\n<li>Olesen, Bodil<\/li>\n<li>Olsson, Bernt, professor<\/li>\n<li>Ormstad, Kari, docent<\/li>\n<\/ul>\n<h3>P<\/h3>\n<ul>\n<li>Parland von Essen, Jessica, fil.kand.<\/li>\n<li>Pehrsson, Kajsa, fil.kand.<\/li>\n<li>Peterson, Abby, fil.dr<\/li>\n<\/ul>\n<h3>R<\/h3>\n<ul>\n<li>Ramsay, Alexandra, fil.dr<\/li>\n<li>Regn\u00e9r, \u00c5sa, sakkunnig<\/li>\n<li>Rosenbeck, Bente, lektor<\/li>\n<\/ul>\n<h3>S<\/h3>\n<ul>\n<li>Sangregorio, Inga, frilansjournalist<\/li>\n<li>Sj\u00f6berg, Maria, fil.dr<\/li>\n<li>Sj\u00f6blad, Christina, professor<\/li>\n<li>Sundgren Grinups, Berit, fil. lic.<\/li>\n<\/ul>\n<h3>U<\/h3>\n<ul>\n<li>Ulmanen, Petra, beteendevetare, journalist<\/li>\n<li>Ulvros, Eva Helen, fil.dr<\/li>\n<\/ul>\n<h3>VW<\/h3>\n<ul>\n<li>Werkm\u00e4ster, Barbro, fil.kand.<\/li>\n<li>Wikander, Charlotte, docent<\/li>\n<li>Wikander, Ulla, professor<\/li>\n<li>Witt-Brattstr\u00f6m, Ebba, professor<\/li>\n<li>W\u00e4ngnerud, Lena, fil.dr<\/li>\n<\/ul>\n                    <\/div>\n    <\/div>\n<\/section>\n\n\n\n\n\n\n<section  class=\"big-header bg-gray \">\n    <div class=\"container\">\n        <div class=\"inner  pt-5 pb-5\">\n\n            \n\n<div class=\"big-header-center\">\n                \n<h3 class=\"h3\"> Redaktionen <\/h3>                \n<p class=\"ample\">\n    Har du en allm\u00e4n fr\u00e5ga eller synpunkt g\u00e4llande inneh\u00e5llet i v\u00e5ra tj\u00e4nster \u00e4r du v\u00e4lkommen att h\u00f6ra av dig till oss p\u00e5 redaktionen.<\/p>    \n    \n            <div class=\"btn-container\">\n                            \n<a href=\"https:\/\/www.ne.se\/info\/kontaktsida\/?tab=Redaktion\" target=\"_blank\" aria-label=\"Kontakta oss\" class=\"button button-blue\">\n    Kontakta oss            <svg width=\"16\" height=\"16\" viewBox=\"0 0 16 16\" fill=\"none\" xmlns=\"http:\/\/www.w3.org\/2000\/svg\">\n<path d=\"M14 6.00001L14 2.00001M14 2.00001H9.99999M14 2.00001L8 8M6.66667 2H5.2C4.0799 2 3.51984 2 3.09202 2.21799C2.71569 2.40973 2.40973 2.71569 2.21799 3.09202C2 3.51984 2 4.07989 2 5.2V10.8C2 11.9201 2 12.4802 2.21799 12.908C2.40973 13.2843 2.71569 13.5903 3.09202 13.782C3.51984 14 4.07989 14 5.2 14H10.8C11.9201 14 12.4802 14 12.908 13.782C13.2843 13.5903 13.5903 13.2843 13.782 12.908C14 12.4802 14 11.9201 14 10.8V9.33333\" stroke=\"#F2F5F8\" stroke-width=\"2\" stroke-linecap=\"round\" stroke-linejoin=\"round\"\/>\n<\/svg>\n    <\/a>                                <\/div>\n    <\/div>\n        <\/div>\n    <\/div>\n<\/section>","protected":false},"excerpt":{"rendered":"","protected":false},"author":6,"featured_media":0,"parent":5420,"menu_order":0,"comment_status":"closed","ping_status":"closed","template":"","meta":{"inline_featured_image":false,"footnotes":""},"subject":[],"class_list":["post-5559","page","type-page","status-publish","hentry"],"acf":[],"_links":{"self":[{"href":"https:\/\/www.ne.se\/info\/wp-json\/wp\/v2\/pages\/5559","targetHints":{"allow":["GET"]}}],"collection":[{"href":"https:\/\/www.ne.se\/info\/wp-json\/wp\/v2\/pages"}],"about":[{"href":"https:\/\/www.ne.se\/info\/wp-json\/wp\/v2\/types\/page"}],"author":[{"embeddable":true,"href":"https:\/\/www.ne.se\/info\/wp-json\/wp\/v2\/users\/6"}],"replies":[{"embeddable":true,"href":"https:\/\/www.ne.se\/info\/wp-json\/wp\/v2\/comments?post=5559"}],"version-history":[{"count":2,"href":"https:\/\/www.ne.se\/info\/wp-json\/wp\/v2\/pages\/5559\/revisions"}],"predecessor-version":[{"id":5561,"href":"https:\/\/www.ne.se\/info\/wp-json\/wp\/v2\/pages\/5559\/revisions\/5561"}],"up":[{"embeddable":true,"href":"https:\/\/www.ne.se\/info\/wp-json\/wp\/v2\/pages\/5420"}],"wp:attachment":[{"href":"https:\/\/www.ne.se\/info\/wp-json\/wp\/v2\/media?parent=5559"}],"wp:term":[{"taxonomy":"subject","embeddable":true,"href":"https:\/\/www.ne.se\/info\/wp-json\/wp\/v2\/subject?post=5559"}],"curies":[{"name":"wp","href":"https:\/\/api.w.org\/{rel}","templated":true}]}}