{"id":5565,"date":"2023-04-27T19:19:16","date_gmt":"2023-04-27T19:19:16","guid":{"rendered":"https:\/\/www.ne.se\/info\/?page_id=5565"},"modified":"2023-04-27T19:19:22","modified_gmt":"2023-04-27T19:19:22","slug":"geografi","status":"publish","type":"page","link":"https:\/\/www.ne.se\/info\/experter-och-skribenter\/geografi\/","title":{"rendered":"Geografi"},"content":{"rendered":"\n\n<section  class=\"big-header bg-gradient-top \">\n    <div class=\"container\">\n        <div class=\"inner   \">\n\n            \n\n<div class=\"big-header-center\">\n            \n<p class=\"uptext center\">\n    Experter och skribenter    <span class=\"line\"><\/span>\n<\/p>                \n<h2 class=\"h2\"> Geografi <\/h2>        \n    \n    <\/div>\n        <\/div>\n    <\/div>\n<\/section>\n\n\n\n<section  class=\"blog-text\">\n    <div class=\"container\">\n        <div class=\"inner  pt-0 pb-5\">\n                            \n<h3 class=\"h3\"> Redakt\u00f6r: Tobias Andersson <\/h3>                                        <h3>A<\/h3>\n<ul>\n<li>Abrahamsson, Tore, arkitekt<\/li>\n<li>Adrielsson, Lena, fil.dr<\/li>\n<li>Ahlberg, Nils, 1:e antikvarie<\/li>\n<li>Aldskogius, Hans, docent<\/li>\n<li>Alexandersson, Gunnar, professor<\/li>\n<li>Alvstam, Claes-G\u00f6ran, professor<\/li>\n<li>Am\u00e9en, Lennart, docent<\/li>\n<li>Anderberg, Stefan, fil.dr<\/li>\n<li>Andersson, Hans, professor<\/li>\n<li>Andersson, Magnus, fil.kand.<\/li>\n<li>Andersson, \u00c5ke E., professor<\/li>\n<li>Asker, Bj\u00f6rn, fil.dr<\/li>\n<\/ul>\n<h3>B<\/h3>\n<ul>\n<li>Baudou, Evert, professor<\/li>\n<li>Behrens, Sven, docent<\/li>\n<li>Bengtsson, Arne, journalist<\/li>\n<li>Bengtson, Sven-Axel, professor<\/li>\n<li>Bergendal, Kristina, fil.kand.<\/li>\n<li>Bergman, Olle, civilingenj\u00f6r<\/li>\n<li>Bergstr\u00f6m, Jan, professor<\/li>\n<li>Bj\u00f6rklund, Gunilla, fil.dr<\/li>\n<li>Bl\u00e4ckberg, Sven, bankdirekt\u00f6r<\/li>\n<li>Book, Tommy, docent<\/li>\n<\/ul>\n<h3>C<\/h3>\n<ul>\n<li>Clark, Eric, professor<\/li>\n<\/ul>\n<h3>D<\/h3>\n<ul>\n<li>Danielsson, Bengt, professor<\/li>\n<li>Delin, Anders, leg. l\u00e4kare<\/li>\n<\/ul>\n<h3>E<\/h3>\n<ul>\n<li>Edlund, Lars-Erik, professor<\/li>\n<li>Egerbladh, Inez, fil.dr<\/li>\n<li>Ekman, Martin, docent<\/li>\n<li>Emanuelsson, Urban, fil.dr<\/li>\n<li>Erlandsson, Ulf, docent<\/li>\n<li>Esping, Lars-Erik, avdelningschef<\/li>\n<\/ul>\n<h3>F<\/h3>\n<ul>\n<li>Forsman, Arne, fil.lic.<\/li>\n<li>Fritz, Martin, docent<\/li>\n<li>Froste, Calle, journalist<\/li>\n<\/ul>\n<h3>G<\/h3>\n<ul>\n<li>Germundsson, Tomas, universitetslektor<\/li>\n<li>Gerner, Kristian, professor<\/li>\n<li>Gran\u00f6, Olavi, professor<\/li>\n<li>Gr\u00f6nberg, Eva-Britt, fil.kand.<\/li>\n<li>Gunnarsson, Christer, professor<\/li>\n<li>Gustavsson, Gerhard, fil.dr<\/li>\n<li>G\u00e4rdenfors, Ulf, fil.dr<\/li>\n<\/ul>\n<h3>H<\/h3>\n<ul>\n<li>Hagren, Klas, fil.kand.<\/li>\n<li>Hall, Ragnar, fil. kand.<\/li>\n<li>Hammarskj\u00f6ld, Mikael<\/li>\n<li>Hammers, Peter, adjunkt<\/li>\n<li>Hansson, Anders, journalist<\/li>\n<li>Helmfrid, Staffan, professor<\/li>\n<li>Henrekson, Magnus, docent<\/li>\n<li>Hillbur, Per, fil.dr<\/li>\n<li>Hoem, Jan M., professor<\/li>\n<li>Holmberg, \u00c5ke, professor<\/li>\n<li>Holm\u00e9n, Hans, universitetslektor<\/li>\n<li>Hubendick, Bengt, professor<\/li>\n<li>H\u00e4gerdal, Hans, fil.kand.<\/li>\n<li>H\u00e4gerstrand, Torsten, professor<\/li>\n<li>H\u00e4ggman, Bertil, jur.kand.<\/li>\n<\/ul>\n<h3>I<\/h3>\n<ul>\n<li>Irberger, Sture, kanslir\u00e5d<\/li>\n<\/ul>\n<h3>J<\/h3>\n<ul>\n<li>Jakobsson, Arne, docent<\/li>\n<li>Janson (Tinz) Borglund, Tove, fil.kand.<\/li>\n<li>Jansson, Carl Gunnar, professor<\/li>\n<li>Jirstr\u00f6m, Magnus, fil.dr<\/li>\n<li>Jonsson, Martin, fil.kand.<\/li>\n<li>J\u00f6nsson, Anders Werner, journalist<\/li>\n<\/ul>\n<h3>K<\/h3>\n<ul>\n<li>Kenamets, Henry, fil.kand.<\/li>\n<li>Krokfors, Christer, universitetsadjunkt<\/li>\n<\/ul>\n<h3>L<\/h3>\n<ul>\n<li>Landin, H\u00e5kan, veterin\u00e4r<\/li>\n<li>Lassen, Per, museiintendent<\/li>\n<li>Laufeld, Sven, docent<\/li>\n<li>Lazarescu, Radu, fil.kand.<\/li>\n<li>Lewan, Nils, docent<\/li>\n<li>Liljegren, Ronnie, universitetslektor<\/li>\n<li>Lindgren, Pia, fil.kand.<\/li>\n<li>Lindholm, Micael, journalist<\/li>\n<li>Linn, Bj\u00f6rn, professor<\/li>\n<li>Lund\u00e9n, Thomas, docent<\/li>\n<li>Lundh, Tina, journalist<\/li>\n<li>Lundqvist, Thomas, professor<\/li>\n<li>L\u00f6fgren, Rolf, avdelningsdirekt\u00f6r<\/li>\n<li>L\u00f6nnroth, M\u00e5ns, statssekretare<\/li>\n<\/ul>\n<h3>M<\/h3>\n<ul>\n<li>Magnusson, Lars, professor<\/li>\n<li>Malaki, Akhil<\/li>\n<li>Mattsson, Jan O., professor<\/li>\n<li>Mauro, Kanehira, fil.dr<\/li>\n<li>Melander, Olle, fil.dr<\/li>\n<li>Moen, Jan, f\u00f6rfattare<\/li>\n<li>M\u00e5rtensson, Solveig, docent<\/li>\n<li>M\u00f6ller, Jens, fil.dr<\/li>\n<\/ul>\n<h3>N<\/h3>\n<ul>\n<li>Nikolajeva, Maria, fil.dr<\/li>\n<li>Norborg, Knut, docent<\/li>\n<li>Nordblom, Carl-Johan, fil.kand.<\/li>\n<li>Nov\u00e1ky, Gy\u00f6rgy, fil.dr<\/li>\n<li>Nyholm, Monica, ekon.mag.<\/li>\n<\/ul>\n<h3>O<\/h3>\n<ul>\n<li>Olofsson, Joakim, civilekonom<\/li>\n<li>Olsson, Katarina, fil.dr<\/li>\n<li>Olsson, Olle G., universitetslektor<\/li>\n<\/ul>\n<h3>R<\/h3>\n<ul>\n<li>Rapp, Anders, professor<\/li>\n<li>Rets\u00f6, Dag, fil.kand.<\/li>\n<li>Rojas, Mauricio, universitetslektor<\/li>\n<li>Roos, Paavo, docent<\/li>\n<li>Rubenson, Sven, professor<\/li>\n<li>Rundquist, Franz-Michael, fil.dr<\/li>\n<li>Runesson, Lennart, fil.dr<\/li>\n<\/ul>\n<h3>S<\/h3>\n<ul>\n<li>Sch\u00e6rstr\u00f6m, Anders, fil.dr<\/li>\n<li>Selinge, Klas-G\u00f6ran, professor<\/li>\n<li>Sellers, David<\/li>\n<li>Sellstr\u00f6m, Tor, fil. kand.<\/li>\n<li>Sj\u00f6berg, \u00d6rjan, fil.dr<\/li>\n<li>Skansj\u00f6, Sten, docent<\/li>\n<li>Sporrong, Ulf, professor<\/li>\n<li>Strid, Arne, professor<\/li>\n<li>Swahn, Jan-\u00d6jvind, professor<\/li>\n<li>Svallhammar, Stig, universitetslektor<\/li>\n<li>S\u00f6derman, Inga, fil.dr<\/li>\n<li>S\u00f6rlin, Sverker, professor<\/li>\n<\/ul>\n<h3>T<\/h3>\n<ul>\n<li>Tunb\u00e4ck, Bj\u00f6rn, journalist<\/li>\n<li>T\u00f6rnquist, Gunnar, professor<\/li>\n<\/ul>\n<h3>VW<\/h3>\n<ul>\n<li>Wennberg, G\u00f6sta, universitetslektor<\/li>\n<li>Werner, Margit, fil.dr<\/li>\n<li>Widgren, Mats, docent<\/li>\n<li>Wigenius, Lars, h\u00f6gskolelektor<\/li>\n<li>W\u00e4rneryd, Olof, professor<\/li>\n<\/ul>\n<h3>\u00c5<\/h3>\n<ul>\n<li>\u00c5hman, Richard, fil.dr<\/li>\n<li>\u00c5se, Lars-Erik, docent<\/li>\n<\/ul>\n<h3>\u00d6<\/h3>\n<ul>\n<li>\u00d6berg, Sture, professor<\/li>\n<li>\u00d6stman, Peter, universitetslektor<\/li>\n<\/ul>\n                    <\/div>\n    <\/div>\n<\/section>\n\n\n\n\n\n\n<section  class=\"big-header bg-gray \">\n    <div class=\"container\">\n        <div class=\"inner  pt-5 pb-5\">\n\n            \n\n<div class=\"big-header-center\">\n                \n<h3 class=\"h3\"> Redaktionen <\/h3>                \n<p class=\"ample\">\n    Har du en allm\u00e4n fr\u00e5ga eller synpunkt g\u00e4llande inneh\u00e5llet i v\u00e5ra tj\u00e4nster \u00e4r du v\u00e4lkommen att h\u00f6ra av dig till oss p\u00e5 redaktionen.<\/p>    \n    \n            <div class=\"btn-container\">\n                            \n<a href=\"https:\/\/www.ne.se\/info\/kontaktsida\/?tab=Redaktion\" target=\"_blank\" aria-label=\"Kontakta oss\" class=\"button button-blue\">\n    Kontakta oss            <svg width=\"16\" height=\"16\" viewBox=\"0 0 16 16\" fill=\"none\" xmlns=\"http:\/\/www.w3.org\/2000\/svg\">\n<path d=\"M14 6.00001L14 2.00001M14 2.00001H9.99999M14 2.00001L8 8M6.66667 2H5.2C4.0799 2 3.51984 2 3.09202 2.21799C2.71569 2.40973 2.40973 2.71569 2.21799 3.09202C2 3.51984 2 4.07989 2 5.2V10.8C2 11.9201 2 12.4802 2.21799 12.908C2.40973 13.2843 2.71569 13.5903 3.09202 13.782C3.51984 14 4.07989 14 5.2 14H10.8C11.9201 14 12.4802 14 12.908 13.782C13.2843 13.5903 13.5903 13.2843 13.782 12.908C14 12.4802 14 11.9201 14 10.8V9.33333\" stroke=\"#F2F5F8\" stroke-width=\"2\" stroke-linecap=\"round\" stroke-linejoin=\"round\"\/>\n<\/svg>\n    <\/a>                                <\/div>\n    <\/div>\n        <\/div>\n    <\/div>\n<\/section>","protected":false},"excerpt":{"rendered":"","protected":false},"author":6,"featured_media":0,"parent":5420,"menu_order":0,"comment_status":"closed","ping_status":"closed","template":"","meta":{"inline_featured_image":false,"footnotes":""},"subject":[],"class_list":["post-5565","page","type-page","status-publish","hentry"],"acf":[],"_links":{"self":[{"href":"https:\/\/www.ne.se\/info\/wp-json\/wp\/v2\/pages\/5565","targetHints":{"allow":["GET"]}}],"collection":[{"href":"https:\/\/www.ne.se\/info\/wp-json\/wp\/v2\/pages"}],"about":[{"href":"https:\/\/www.ne.se\/info\/wp-json\/wp\/v2\/types\/page"}],"author":[{"embeddable":true,"href":"https:\/\/www.ne.se\/info\/wp-json\/wp\/v2\/users\/6"}],"replies":[{"embeddable":true,"href":"https:\/\/www.ne.se\/info\/wp-json\/wp\/v2\/comments?post=5565"}],"version-history":[{"count":3,"href":"https:\/\/www.ne.se\/info\/wp-json\/wp\/v2\/pages\/5565\/revisions"}],"predecessor-version":[{"id":5568,"href":"https:\/\/www.ne.se\/info\/wp-json\/wp\/v2\/pages\/5565\/revisions\/5568"}],"up":[{"embeddable":true,"href":"https:\/\/www.ne.se\/info\/wp-json\/wp\/v2\/pages\/5420"}],"wp:attachment":[{"href":"https:\/\/www.ne.se\/info\/wp-json\/wp\/v2\/media?parent=5565"}],"wp:term":[{"taxonomy":"subject","embeddable":true,"href":"https:\/\/www.ne.se\/info\/wp-json\/wp\/v2\/subject?post=5565"}],"curies":[{"name":"wp","href":"https:\/\/api.w.org\/{rel}","templated":true}]}}