{"id":5569,"date":"2023-04-27T19:19:47","date_gmt":"2023-04-27T19:19:47","guid":{"rendered":"https:\/\/www.ne.se\/info\/?page_id=5569"},"modified":"2023-04-27T19:19:49","modified_gmt":"2023-04-27T19:19:49","slug":"geologi","status":"publish","type":"page","link":"https:\/\/www.ne.se\/info\/experter-och-skribenter\/geologi\/","title":{"rendered":"Geologi"},"content":{"rendered":"\n\n<section  class=\"big-header bg-gradient-top \">\n    <div class=\"container\">\n        <div class=\"inner   \">\n\n            \n\n<div class=\"big-header-center\">\n            \n<p class=\"uptext center\">\n    Experter och skribenter    <span class=\"line\"><\/span>\n<\/p>                \n<h2 class=\"h2\"> Geologi <\/h2>        \n    \n    <\/div>\n        <\/div>\n    <\/div>\n<\/section>\n\n\n\n<section  class=\"blog-text\">\n    <div class=\"container\">\n        <div class=\"inner  pt-0 pb-5\">\n                            \n<h3 class=\"h3\"> Redakt\u00f6r: Johan Warell <\/h3>                                        <h3>A<\/h3>\n<ul>\n<li>Adrielsson, Lena, fil.dr (kvart\u00e4rgeologi)<\/li>\n<li>Ahlberg, Anders, fil.dr (sedimentologi)<\/li>\n<li>Ahlberg, Per, professor (historisk geologi, paleontologi) (nuv.e)<\/li>\n<li>Albertsson, J\u00f6rgen, professor (kristallografi)<\/li>\n<\/ul>\n<h3>B<\/h3>\n<ul>\n<li>Backman, Jan, docent (maringeologi)<\/li>\n<li>Behrens, Sven, docent (naturgeografi)<\/li>\n<li>Bengtson, Stefan, docent (paleontologi)<\/li>\n<li>Berglund, Bj\u00f6rn E., professor (kvart\u00e4rgeologi)<\/li>\n<li>Bergstr\u00f6m, Jan, professor (historisk geologi, paleontologi)<\/li>\n<li>Bj\u00f6rck, Svante, professor (kvart\u00e4rgeologi)<\/li>\n<li>Brood, Krister, docent (museer)<\/li>\n<\/ul>\n<h3>C<\/h3>\n<ul>\n<li>Cato, Ingemar, docent (maringeologi)<\/li>\n<\/ul>\n<h3>D<\/h3>\n<ul>\n<li>Dahr\u00e9n, B\u00f6rje, fil.mag. (geologi)<\/li>\n<\/ul>\n<h3>E<\/h3>\n<ul>\n<li>Einarsson, ELisabeth, fil.dr (paleontologi)<\/li>\n<li>Eriksson, Jan, agr.dr (markl\u00e4ra)<\/li>\n<li>Eriksson, Karin, docent (vulkaner)<\/li>\n<\/ul>\n<h3>F<\/h3>\n<ul>\n<li>Fortelius, Mikael, docent (paleontologi)<\/li>\n<li>Fr\u00e9den, Curt, 1:e statsgeolog (kvart\u00e4rgeologi)<\/li>\n<li>Friis, Else Marie, professor (paleobotanik)<\/li>\n<li>Fr\u00e4ngsmyr, Tore, professor<\/li>\n<\/ul>\n<h3>G<\/h3>\n<ul>\n<li>Gewers, \u00c5ke, direkt\u00f6r (gemmologi)<\/li>\n<li>Granstr\u00f6m, Birger, statsagronom (markl\u00e4ra)<\/li>\n<\/ul>\n<h3>H<\/h3>\n<ul>\n<li>Hall, Ragnar, fil.kand. (paleontologi)<\/li>\n<li>Hallberg, Rolf, professor (geokemi)<\/li>\n<li>Hermelin, Otto, universitetslektor (palentologi)<\/li>\n<li>Hjelmqvist, Sven, professor (biografier)<\/li>\n<li>Hjort, Christian, docent (kvart\u00e4rgeologi)<\/li>\n<li>H\u00e5kansson, S\u00f6ren, fil.dr hc (kol-14-datering)<\/li>\n<\/ul>\n<h3>J<\/h3>\n<ul>\n<li>Johansson, Leif, fil.dr (petrologi)<\/li>\n<\/ul>\n<h3>K<\/h3>\n<ul>\n<li>Kurt\u00e9n, Bj\u00f6rn, professor (paleontologi)<\/li>\n<\/ul>\n<h3>L<\/h3>\n<ul>\n<li>Larsson, Kent, professor (fossila br\u00e4nslen)<\/li>\n<li>Laufeld, Sven, docent (paleontologi)<\/li>\n<li>Lidmar-Bergstr\u00f6m, Karna, docent (geomorfologi)<\/li>\n<li>Liljedahl, Louis, docent (paleontologi)<\/li>\n<li>Liljegren, Ronnie, universitetslektor (kvart\u00e4rgeologi, jordm\u00e5ner) (nuv. e)<\/li>\n<li>Lindgren, Johan (paleontologi)<\/li>\n<li>Lindqvist, Bengt, docent (mineralogi)<\/li>\n<li>Lindstr\u00f6m, Maurits, professor (fj\u00e4llkedjan)<\/li>\n<li>Loberg, Bengt, docent (mineralogi, petrologi, tektonik)<\/li>\n<li>Lundqvist, Jan, professor (kvart\u00e4rgeologi)<\/li>\n<li>Lundqvist, Thomas, professor (urbergsgeologi)<\/li>\n<li>Lundstr\u00f6m, Ingmar, 1:e statsgeolog (Bergslagen)<\/li>\n<li>L\u00f6fgren, Anita, docent (historisk geologi, paleontologi)<\/li>\n<li>L\u00f6fstrand, Lars, fil.dr (dendrokronologi)<\/li>\n<\/ul>\n<h3>M<\/h3>\n<ul>\n<li>Magnusson, Tord, Skog D, (markl\u00e4ra)<\/li>\n<li>Mattsson, Jan O., professor (naturgeografi)<\/li>\n<\/ul>\n<h3>O<\/h3>\n<ul>\n<li>Orhaug, Torleiv, forskningschef (bildanalys)<\/li>\n<\/ul>\n<h3>P<\/h3>\n<ul>\n<li>Pettersson, Reidar, j\u00e4gm\u00e4stare (torv)<\/li>\n<\/ul>\n<h3>R<\/h3>\n<ul>\n<li>Rapp, Anders, professor (geomorfologi)<\/li>\n<li>Rees, Jan, fil. dr (paleontologi)<\/li>\n<li>Regn\u00e9ll, Gerhard, professor (biografier)<\/li>\n<\/ul>\n<h3>S<\/h3>\n<ul>\n<li>Shaikh, Naz Ahmed, docent (industriella mineral och bergarter)<\/li>\n<li>Siverson, Mikael, fil.dr (paleontologi)<\/li>\n<li>Skog, G\u00f6ran, docent (kol-14-datering)<\/li>\n<li>Stephansson, Ove, professor (tektonik)<\/li>\n<li>Stephens, Michael B., 1:e statsgeolog (berggrundsgeologi)<\/li>\n<li>Stridsberg, Sven, docent (paleontologi)<\/li>\n<li>Sundborg, \u00c5ke, professor (naturgeografi)<\/li>\n<li>Sundquist, Bj\u00f6rn, fil.dr (historisk geologi, sedimentologi, biografier) (nuv.e)<\/li>\n<li>Svensson, Harald, professor (geomorfologi)<\/li>\n<\/ul>\n<h3>T<\/h3>\n<ul>\n<li>Terne, Thomas, fil.kand. (kvart\u00e4rgeologi)<\/li>\n<li>Thomasson, Ronnie, tekn.dr (mineralogi)<\/li>\n<li>Troedsson, Tryggve, professor (jordm\u00e5ner)<\/li>\n<\/ul>\n<h3>VW<\/h3>\n<ul>\n<li>Welin, Erik, professor (mineralogi)<\/li>\n<li>Werdelin, Lars, docent (paleontologi)<\/li>\n<li>Widenfalk, Lennart, docent (ekonomisk geologi)<\/li>\n<\/ul>\n<h3>\u00c5<\/h3>\n<ul>\n<li>\u00c5se, Lars-Erik, docent (naturgeografi)<\/li>\n<li>\u00c5kerman, Jonas, docent (naturgeografi)<\/li>\n<\/ul>\n<h3>\u00d6<\/h3>\n<ul>\n<li>\u00d6hlander, Bj\u00f6rn, professor (geokemi)<\/li>\n<\/ul>\n                    <\/div>\n    <\/div>\n<\/section>\n\n\n\n\n\n\n<section  class=\"big-header bg-gray \">\n    <div class=\"container\">\n        <div class=\"inner  pt-5 pb-5\">\n\n            \n\n<div class=\"big-header-center\">\n                \n<h3 class=\"h3\"> Redaktionen <\/h3>                \n<p class=\"ample\">\n    Har du en allm\u00e4n fr\u00e5ga eller synpunkt g\u00e4llande inneh\u00e5llet i v\u00e5ra tj\u00e4nster \u00e4r du v\u00e4lkommen att h\u00f6ra av dig till oss p\u00e5 redaktionen.<\/p>    \n    \n            <div class=\"btn-container\">\n                            \n<a href=\"https:\/\/www.ne.se\/info\/kontaktsida\/?tab=Redaktion\" target=\"_blank\" aria-label=\"Kontakta oss\" class=\"button button-blue\">\n    Kontakta oss            <svg width=\"16\" height=\"16\" viewBox=\"0 0 16 16\" fill=\"none\" xmlns=\"http:\/\/www.w3.org\/2000\/svg\">\n<path d=\"M14 6.00001L14 2.00001M14 2.00001H9.99999M14 2.00001L8 8M6.66667 2H5.2C4.0799 2 3.51984 2 3.09202 2.21799C2.71569 2.40973 2.40973 2.71569 2.21799 3.09202C2 3.51984 2 4.07989 2 5.2V10.8C2 11.9201 2 12.4802 2.21799 12.908C2.40973 13.2843 2.71569 13.5903 3.09202 13.782C3.51984 14 4.07989 14 5.2 14H10.8C11.9201 14 12.4802 14 12.908 13.782C13.2843 13.5903 13.5903 13.2843 13.782 12.908C14 12.4802 14 11.9201 14 10.8V9.33333\" stroke=\"#F2F5F8\" stroke-width=\"2\" stroke-linecap=\"round\" stroke-linejoin=\"round\"\/>\n<\/svg>\n    <\/a>                                <\/div>\n    <\/div>\n        <\/div>\n    <\/div>\n<\/section>","protected":false},"excerpt":{"rendered":"","protected":false},"author":6,"featured_media":0,"parent":5420,"menu_order":0,"comment_status":"closed","ping_status":"closed","template":"","meta":{"inline_featured_image":false,"footnotes":""},"subject":[],"class_list":["post-5569","page","type-page","status-publish","hentry"],"acf":[],"_links":{"self":[{"href":"https:\/\/www.ne.se\/info\/wp-json\/wp\/v2\/pages\/5569","targetHints":{"allow":["GET"]}}],"collection":[{"href":"https:\/\/www.ne.se\/info\/wp-json\/wp\/v2\/pages"}],"about":[{"href":"https:\/\/www.ne.se\/info\/wp-json\/wp\/v2\/types\/page"}],"author":[{"embeddable":true,"href":"https:\/\/www.ne.se\/info\/wp-json\/wp\/v2\/users\/6"}],"replies":[{"embeddable":true,"href":"https:\/\/www.ne.se\/info\/wp-json\/wp\/v2\/comments?post=5569"}],"version-history":[{"count":2,"href":"https:\/\/www.ne.se\/info\/wp-json\/wp\/v2\/pages\/5569\/revisions"}],"predecessor-version":[{"id":5571,"href":"https:\/\/www.ne.se\/info\/wp-json\/wp\/v2\/pages\/5569\/revisions\/5571"}],"up":[{"embeddable":true,"href":"https:\/\/www.ne.se\/info\/wp-json\/wp\/v2\/pages\/5420"}],"wp:attachment":[{"href":"https:\/\/www.ne.se\/info\/wp-json\/wp\/v2\/media?parent=5569"}],"wp:term":[{"taxonomy":"subject","embeddable":true,"href":"https:\/\/www.ne.se\/info\/wp-json\/wp\/v2\/subject?post=5569"}],"curies":[{"name":"wp","href":"https:\/\/api.w.org\/{rel}","templated":true}]}}