{"id":5584,"date":"2023-04-27T19:24:54","date_gmt":"2023-04-27T19:24:54","guid":{"rendered":"https:\/\/www.ne.se\/info\/?page_id=5584"},"modified":"2023-04-27T19:24:55","modified_gmt":"2023-04-27T19:24:55","slug":"hydrologi","status":"publish","type":"page","link":"https:\/\/www.ne.se\/info\/experter-och-skribenter\/hydrologi\/","title":{"rendered":"Hydrologi"},"content":{"rendered":"\n\n<section  class=\"big-header bg-gradient-top \">\n    <div class=\"container\">\n        <div class=\"inner   \">\n\n            \n\n<div class=\"big-header-center\">\n            \n<p class=\"uptext center\">\n    Experter och skribenter    <span class=\"line\"><\/span>\n<\/p>                \n<h2 class=\"h2\"> Hydrologi <\/h2>        \n    \n    <\/div>\n        <\/div>\n    <\/div>\n<\/section>\n\n\n\n<section  class=\"blog-text\">\n    <div class=\"container\">\n        <div class=\"inner  pt-0 pb-5\">\n                            \n<h3 class=\"h3\"> Redakt\u00f6r: Johan Warell <\/h3>                                        <div id=\"content\" class=\"\">\n<div id=\"primary\" class=\"page\"><main id=\"main\" class=\"site-main\"><\/p>\n<article id=\"post-1058\" class=\"post-1058 page type-page status-publish\">\n<div id=\"page-header-container\" class=\"simple-template\">\n<div class=\"site-inner\">\n<header class=\"entry-header text-align-center\">\n<div class=\"lead-content text-align-center\">\n<h3>B<\/h3>\n<ul>\n<li>Bernes, Claes, fil.dr.<\/li>\n<\/ul>\n<h3>E<\/h3>\n<ul>\n<li>Eriksson, Erik, professor<\/li>\n<li>Eklund, Ragnhild, fil.mag.<\/li>\n<\/ul>\n<h3>F<\/h3>\n<ul>\n<li>Fagerlind, Torbj\u00f6rn, 1:e statsgeolog<\/li>\n<li>Falk, Jan, civilingenj\u00f6r<\/li>\n<li>Falkenmark, Malin, professor<\/li>\n<li>Forsman, Arne, fil.lic.<\/li>\n<\/ul>\n<h3>G<\/h3>\n<ul>\n<li>Grip, Harald, docent<\/li>\n<li>Gustafson, Gunnar, professor<\/li>\n<\/ul>\n<h3>H<\/h3>\n<ul>\n<li>Halldin, Sven, professor<\/li>\n<\/ul>\n<h3>J<\/h3>\n<ul>\n<li>Jansson, Per-Erik, professor<\/li>\n<li>Johansson, Ir\u00e9ne, fil.kand.<\/li>\n<\/ul>\n<h3>L<\/h3>\n<ul>\n<li>Lindroth, Anders, docent<\/li>\n<\/ul>\n<h3>N<\/h3>\n<ul>\n<li>Nordell, Bo, tekn.dr.<\/li>\n<\/ul>\n<h3>R<\/h3>\n<ul>\n<li>Rodhe, Allan, docent<\/li>\n<\/ul>\n<h3>T<\/h3>\n<ul>\n<li>Tyler, Germund, professor<\/li>\n<\/ul>\n<\/div>\n<\/header>\n<\/div>\n<\/div>\n<\/article>\n<p><\/main><\/div>\n<\/div>\n                    <\/div>\n    <\/div>\n<\/section>\n\n\n\n\n\n\n<section  class=\"big-header bg-gray \">\n    <div class=\"container\">\n        <div class=\"inner  pt-5 pb-5\">\n\n            \n\n<div class=\"big-header-center\">\n                \n<h3 class=\"h3\"> Redaktionen <\/h3>                \n<p class=\"ample\">\n    Har du en allm\u00e4n fr\u00e5ga eller synpunkt g\u00e4llande inneh\u00e5llet i v\u00e5ra tj\u00e4nster \u00e4r du v\u00e4lkommen att h\u00f6ra av dig till oss p\u00e5 redaktionen.<\/p>    \n    \n            <div class=\"btn-container\">\n                            \n<a href=\"https:\/\/www.ne.se\/info\/kontaktsida\/?tab=Redaktion\" target=\"_blank\" aria-label=\"Kontakta oss\" class=\"button button-blue\">\n    Kontakta oss            <svg width=\"16\" height=\"16\" viewBox=\"0 0 16 16\" fill=\"none\" xmlns=\"http:\/\/www.w3.org\/2000\/svg\">\n<path d=\"M14 6.00001L14 2.00001M14 2.00001H9.99999M14 2.00001L8 8M6.66667 2H5.2C4.0799 2 3.51984 2 3.09202 2.21799C2.71569 2.40973 2.40973 2.71569 2.21799 3.09202C2 3.51984 2 4.07989 2 5.2V10.8C2 11.9201 2 12.4802 2.21799 12.908C2.40973 13.2843 2.71569 13.5903 3.09202 13.782C3.51984 14 4.07989 14 5.2 14H10.8C11.9201 14 12.4802 14 12.908 13.782C13.2843 13.5903 13.5903 13.2843 13.782 12.908C14 12.4802 14 11.9201 14 10.8V9.33333\" stroke=\"#F2F5F8\" stroke-width=\"2\" stroke-linecap=\"round\" stroke-linejoin=\"round\"\/>\n<\/svg>\n    <\/a>                                <\/div>\n    <\/div>\n        <\/div>\n    <\/div>\n<\/section>","protected":false},"excerpt":{"rendered":"","protected":false},"author":6,"featured_media":0,"parent":5420,"menu_order":0,"comment_status":"closed","ping_status":"closed","template":"","meta":{"inline_featured_image":false,"footnotes":""},"subject":[],"class_list":["post-5584","page","type-page","status-publish","hentry"],"acf":[],"_links":{"self":[{"href":"https:\/\/www.ne.se\/info\/wp-json\/wp\/v2\/pages\/5584","targetHints":{"allow":["GET"]}}],"collection":[{"href":"https:\/\/www.ne.se\/info\/wp-json\/wp\/v2\/pages"}],"about":[{"href":"https:\/\/www.ne.se\/info\/wp-json\/wp\/v2\/types\/page"}],"author":[{"embeddable":true,"href":"https:\/\/www.ne.se\/info\/wp-json\/wp\/v2\/users\/6"}],"replies":[{"embeddable":true,"href":"https:\/\/www.ne.se\/info\/wp-json\/wp\/v2\/comments?post=5584"}],"version-history":[{"count":2,"href":"https:\/\/www.ne.se\/info\/wp-json\/wp\/v2\/pages\/5584\/revisions"}],"predecessor-version":[{"id":5586,"href":"https:\/\/www.ne.se\/info\/wp-json\/wp\/v2\/pages\/5584\/revisions\/5586"}],"up":[{"embeddable":true,"href":"https:\/\/www.ne.se\/info\/wp-json\/wp\/v2\/pages\/5420"}],"wp:attachment":[{"href":"https:\/\/www.ne.se\/info\/wp-json\/wp\/v2\/media?parent=5584"}],"wp:term":[{"taxonomy":"subject","embeddable":true,"href":"https:\/\/www.ne.se\/info\/wp-json\/wp\/v2\/subject?post=5584"}],"curies":[{"name":"wp","href":"https:\/\/api.w.org\/{rel}","templated":true}]}}