{"id":5587,"date":"2023-04-27T19:25:35","date_gmt":"2023-04-27T19:25:35","guid":{"rendered":"https:\/\/www.ne.se\/info\/?page_id=5587"},"modified":"2023-04-27T19:26:13","modified_gmt":"2023-04-27T19:26:13","slug":"ide-och-lardomshistoria","status":"publish","type":"page","link":"https:\/\/www.ne.se\/info\/experter-och-skribenter\/ide-och-lardomshistoria\/","title":{"rendered":"Id\u00e9- och l\u00e4rdomshistoria"},"content":{"rendered":"\n\n<section  class=\"big-header bg-gradient-top \">\n    <div class=\"container\">\n        <div class=\"inner   \">\n\n            \n\n<div class=\"big-header-center\">\n            \n<p class=\"uptext center\">\n    Experter och skribenter    <span class=\"line\"><\/span>\n<\/p>                \n<h2 class=\"h2\"> Id\u00e9- och l\u00e4rdomshistoria <\/h2>        \n    \n    <\/div>\n        <\/div>\n    <\/div>\n<\/section>\n\n\n\n<section  class=\"blog-text\">\n    <div class=\"container\">\n        <div class=\"inner  pt-0 pb-5\">\n                            \n<h3 class=\"h3\"> Redakt\u00f6r: Per S\u00f6derberg <\/h3>                                        <h3>A<\/h3>\n<ul>\n<li>Ambj\u00f6rnsson, Ronny, professor<\/li>\n<li>Andersson, Lars, fil.kand.<\/li>\n<\/ul>\n<h3>B<\/h3>\n<ul>\n<li>B\u00e1r\u00e1ny, Anders, docent<\/li>\n<li>Bengtsson, Bengt Olle, professor<\/li>\n<li>Berg, Gunnar, universitetslektor<\/li>\n<li>Beskow, Per, docent<\/li>\n<li>Broberg, Gunnar, professor<\/li>\n<li>Bystr\u00f6m, Hasse, f\u00f6rbundsdirekt\u00f6r<\/li>\n<\/ul>\n<h3>D<\/h3>\n<ul>\n<li>Danielsson, Bengt, f\u00f6rfattare<\/li>\n<\/ul>\n<h3>E<\/h3>\n<ul>\n<li>Edman, Martin, professor<\/li>\n<li>Eliasson, P\u00e4r, fil.dr<\/li>\n<li>Eriksson, Gunnar, professor<\/li>\n<\/ul>\n<h3>F<\/h3>\n<ul>\n<li>Frykman, Erik, professor<\/li>\n<li>Fr\u00e4ngsmyr, Tore, professor<\/li>\n<\/ul>\n<h3>G<\/h3>\n<ul>\n<li>Gesser, Bengt, professor<\/li>\n<li>G\u00e4rdenfors, Peter, professor<\/li>\n<\/ul>\n<h3>H<\/h3>\n<ul>\n<li>H\u00e5rd, Michael, professor<\/li>\n<li>H\u00e4gg, Thomas, professor<\/li>\n<li>H\u00e4kli, Esko, professor<\/li>\n<\/ul>\n<h3>I<\/h3>\n<ul>\n<li>Ingelstam, Lars, professor<\/li>\n<\/ul>\n<h3>J<\/h3>\n<ul>\n<li>Jacobsson, Marie, jur.kand.<\/li>\n<li>Johannesson, Kurt, professor<\/li>\n<li>Johannisson, Karin, professor<\/li>\n<li>J\u00e4rv, Harry, fil.dr<\/li>\n<\/ul>\n<h3>K<\/h3>\n<ul>\n<li>Krook, Hans, fil.lic.<\/li>\n<\/ul>\n<h3>L<\/h3>\n<ul>\n<li>Landberg, Hans, professor<\/li>\n<li>Liedman, Sven-Eric, professor<\/li>\n<li>Lindberg, Bo, professor<\/li>\n<li>Lundgren, Anders, docent<\/li>\n<\/ul>\n<h3>N<\/h3>\n<ul>\n<li>Nilson, Peter, docent<\/li>\n<li>Nilsson, G\u00f6ran B., professor<\/li>\n<li>Nilsson, Ingemar, docent<\/li>\n<li>Nordin, Svante, professor<\/li>\n<\/ul>\n<h3>P<\/h3>\n<ul>\n<li>Piltz, Anders, docent<\/li>\n<\/ul>\n<h3>Q<\/h3>\n<ul>\n<li>Qvarsell, Roger, professor<\/li>\n<\/ul>\n<h3>S<\/h3>\n<ul>\n<li>Sj\u00f6lander, Sverre, docent<\/li>\n<li>Stjernquist, Nils, professor<\/li>\n<li>Sundin, Bosse, professor<\/li>\n<li>Sundquist, Bj\u00f6rn, fil.dr<\/li>\n<li>Svedin, Uno, docent<\/li>\n<li>Svens\u00e9n, Bo, fil.lic.<\/li>\n<li>S\u00e4rlvik, Bo, professor<\/li>\n<li>S\u00f6rbom, Per, docent<\/li>\n<li>S\u00f6rlin, Sverker, professor<\/li>\n<\/ul>\n<h3>T<\/h3>\n<ul>\n<li>Tansj\u00f6, Levi, docent<\/li>\n<\/ul>\n<h3>VW<\/h3>\n<ul>\n<li>Vallinder, Torbj\u00f6rn, docent<\/li>\n<li>Widmalm, Sven, docent<\/li>\n<li>Wr\u00e5kberg, Urban, civilingenj\u00f6r<\/li>\n<\/ul>\n<h3>Z<\/h3>\n<ul>\n<li>Zander, Ulf, fil.kand.<\/li>\n<\/ul>\n<h3>\u00c5<\/h3>\n<ul>\n<li>\u00c5man, Margareta, fil.dr<\/li>\n<\/ul>\n                    <\/div>\n    <\/div>\n<\/section>\n\n\n\n\n\n\n<section  class=\"big-header bg-gray \">\n    <div class=\"container\">\n        <div class=\"inner  pt-5 pb-5\">\n\n            \n\n<div class=\"big-header-center\">\n                \n<h3 class=\"h3\"> Redaktionen <\/h3>                \n<p class=\"ample\">\n    Har du en allm\u00e4n fr\u00e5ga eller synpunkt g\u00e4llande inneh\u00e5llet i v\u00e5ra tj\u00e4nster \u00e4r du v\u00e4lkommen att h\u00f6ra av dig till oss p\u00e5 redaktionen.<\/p>    \n    \n            <div class=\"btn-container\">\n                            \n<a href=\"https:\/\/www.ne.se\/info\/kontaktsida\/?tab=Redaktion\" target=\"_blank\" aria-label=\"Kontakta oss\" class=\"button button-blue\">\n    Kontakta oss            <svg width=\"16\" height=\"16\" viewBox=\"0 0 16 16\" fill=\"none\" xmlns=\"http:\/\/www.w3.org\/2000\/svg\">\n<path d=\"M14 6.00001L14 2.00001M14 2.00001H9.99999M14 2.00001L8 8M6.66667 2H5.2C4.0799 2 3.51984 2 3.09202 2.21799C2.71569 2.40973 2.40973 2.71569 2.21799 3.09202C2 3.51984 2 4.07989 2 5.2V10.8C2 11.9201 2 12.4802 2.21799 12.908C2.40973 13.2843 2.71569 13.5903 3.09202 13.782C3.51984 14 4.07989 14 5.2 14H10.8C11.9201 14 12.4802 14 12.908 13.782C13.2843 13.5903 13.5903 13.2843 13.782 12.908C14 12.4802 14 11.9201 14 10.8V9.33333\" stroke=\"#F2F5F8\" stroke-width=\"2\" stroke-linecap=\"round\" stroke-linejoin=\"round\"\/>\n<\/svg>\n    <\/a>                                <\/div>\n    <\/div>\n        <\/div>\n    <\/div>\n<\/section>","protected":false},"excerpt":{"rendered":"","protected":false},"author":6,"featured_media":0,"parent":5420,"menu_order":0,"comment_status":"closed","ping_status":"closed","template":"","meta":{"inline_featured_image":false,"footnotes":""},"subject":[],"class_list":["post-5587","page","type-page","status-publish","hentry"],"acf":[],"_links":{"self":[{"href":"https:\/\/www.ne.se\/info\/wp-json\/wp\/v2\/pages\/5587","targetHints":{"allow":["GET"]}}],"collection":[{"href":"https:\/\/www.ne.se\/info\/wp-json\/wp\/v2\/pages"}],"about":[{"href":"https:\/\/www.ne.se\/info\/wp-json\/wp\/v2\/types\/page"}],"author":[{"embeddable":true,"href":"https:\/\/www.ne.se\/info\/wp-json\/wp\/v2\/users\/6"}],"replies":[{"embeddable":true,"href":"https:\/\/www.ne.se\/info\/wp-json\/wp\/v2\/comments?post=5587"}],"version-history":[{"count":3,"href":"https:\/\/www.ne.se\/info\/wp-json\/wp\/v2\/pages\/5587\/revisions"}],"predecessor-version":[{"id":5590,"href":"https:\/\/www.ne.se\/info\/wp-json\/wp\/v2\/pages\/5587\/revisions\/5590"}],"up":[{"embeddable":true,"href":"https:\/\/www.ne.se\/info\/wp-json\/wp\/v2\/pages\/5420"}],"wp:attachment":[{"href":"https:\/\/www.ne.se\/info\/wp-json\/wp\/v2\/media?parent=5587"}],"wp:term":[{"taxonomy":"subject","embeddable":true,"href":"https:\/\/www.ne.se\/info\/wp-json\/wp\/v2\/subject?post=5587"}],"curies":[{"name":"wp","href":"https:\/\/api.w.org\/{rel}","templated":true}]}}