{"id":5591,"date":"2023-04-27T19:26:48","date_gmt":"2023-04-27T19:26:48","guid":{"rendered":"https:\/\/www.ne.se\/info\/?page_id=5591"},"modified":"2023-04-27T19:26:50","modified_gmt":"2023-04-27T19:26:50","slug":"idrott","status":"publish","type":"page","link":"https:\/\/www.ne.se\/info\/experter-och-skribenter\/idrott\/","title":{"rendered":"Idrott"},"content":{"rendered":"\n\n<section  class=\"big-header bg-gradient-top \">\n    <div class=\"container\">\n        <div class=\"inner   \">\n\n            \n\n<div class=\"big-header-center\">\n            \n<p class=\"uptext center\">\n    Experter och skribenter    <span class=\"line\"><\/span>\n<\/p>                \n<h2 class=\"h2\"> Idrott <\/h2>        \n    \n    <\/div>\n        <\/div>\n    <\/div>\n<\/section>\n\n\n\n<section  class=\"blog-text\">\n    <div class=\"container\">\n        <div class=\"inner  pt-0 pb-5\">\n                            \n<h3 class=\"h3\"> Redakt\u00f6r: Per S\u00f6derberg <\/h3>                                        <h3>A<\/h3>\n<ul>\n<li>Aasa, K.-G., redakt\u00f6r (skidskytte)<\/li>\n<li>Adolfsson, Hans, pol.mag. (issegling)<\/li>\n<li>Agner, Olof (baseboll och softboll)<\/li>\n<li>Aili, Lars-Erik, ingenj\u00f6r (sportdykning)<\/li>\n<li>Amiot, Jean, internationell sekreterare (boule)<\/li>\n<li>Andersson, Lasse, informationsansvarig (friidrott)<\/li>\n<li>Andr\u00e9n-Sandberg, \u00c5ke, \u00f6verl\u00e4kare (idrottsskador)<\/li>\n<\/ul>\n<h3>B<\/h3>\n<ul>\n<li>Bengtson, Erik, gymnasiel\u00e4rare, f\u00f6rfattare (Degerfors IF)<\/li>\n<li>Bengtsson, Claes-G\u00f6ran, redakt\u00f6r (fotboll)<\/li>\n<li>Benson, Per, generalsekreterare (racerb\u00e5tsport)<\/li>\n<li>Bergendorff, G\u00f6ran, konsulent (bowling)<\/li>\n<li>Bergman, Olle, civilingenj\u00f6r (orientering)<\/li>\n<li>Bergman, Sigge, redakt\u00f6r (skidsport)<\/li>\n<li>Bjarme, Ted, redakt\u00f6r<\/li>\n<li>Blom, K. Arne, f\u00f6rfattare (LUGI)<\/li>\n<li>Borgstr\u00f6m, Kenth (skridskosport)<\/li>\n<li>Buckhorn, G\u00f6ran, fil.kand. (rodd)<\/li>\n<li>B\u00e4cklin, Roland, generalsekreterare (flygsport)<\/li>\n<\/ul>\n<h3>C<\/h3>\n<ul>\n<li>Cederlund, Patrik, journalist (tennis)<\/li>\n<li>Czitrom, Andr\u00e1s, konsult (innebandy)<\/li>\n<\/ul>\n<h3>D<\/h3>\n<ul>\n<li>Dahlgren, Anders, skoldirekt\u00f6r (gutnisk idrott)<\/li>\n<li>Dun\u00e9r, \u00c5ke, avd.direkt\u00f6r (bandy m.m.)<\/li>\n<\/ul>\n<h3>E<\/h3>\n<ul>\n<li>Elfstr\u00f6m, Per, journalist (orientering)<\/li>\n<li>Ellburg, Christer, utbildningsansvarig (bowling)<\/li>\n<li>Elmeg\u00e5rd, Agneta, journalist (volleyboll)<\/li>\n<li>Elmgren, Gunnar, direkt\u00f6r (bilsport)<\/li>\n<li>Emanuelsson, Stefan, universitetsidrottsl\u00e4rare (tr\u00e4ning)<\/li>\n<li>Engstr\u00f6m, Lars-Magnus, professor (idrottsforskning, motion)<\/li>\n<li>Enoksen, Lars (glima)<\/li>\n<li>Eriksson, Frille, journalist (skidsport)<\/li>\n<li>Eslind, Per, kansliansvarig (dragkamp)<\/li>\n<\/ul>\n<h3>F<\/h3>\n<ul>\n<li>Feltenmark, Anders, informationsassistent (ishockey)<\/li>\n<li>Franz\u00e9n, Harry, f\u00f6rbundssekreterare (rodd)<\/li>\n<li>Freidenvall, Claes, fackredakt\u00f6r (travsport)<\/li>\n<li>Fried, Morgan (brottning)<\/li>\n<li>Furugren, Bo, fil.dr (h\u00e4stsport)<\/li>\n<\/ul>\n<h3>G<\/h3>\n<ul>\n<li>Glanell, Tomas, journalist (fotboll)<\/li>\n<li>Gromark, Sten, docent (handboll)<\/li>\n<li>Gustafsson, Lasse, spedit\u00f6r (undervattensfotografering)<\/li>\n<li>Gustafsson, Stig Ove, folkh\u00f6gskoll\u00e4rare (utf\u00f6rs\u00e5kning)<\/li>\n<li>Gustavson, Stig (handboll)<\/li>\n<\/ul>\n<h3>H<\/h3>\n<ul>\n<li>Hagbergh, Peter, redakt\u00f6r (ishockey)<\/li>\n<li>Haglund, Magnus, kommend\u00f6rkapten (marin femkamp)<\/li>\n<li>Hansson, Anders, redakt\u00f6r<\/li>\n<li>Hedin, \u00d6sten, bibliotekarie (sportpress)<\/li>\n<li>Hellberg, Bj\u00f6rn, journalist, f\u00f6rfattare (tennis)<\/li>\n<li>Hult, Bengt O., f\u00f6rfattare, \u00f6vers\u00e4ttare (segling)<\/li>\n<\/ul>\n<h3>J<\/h3>\n<ul>\n<li>Jaeger, Anita, marknadsassistent (korpidrott)<\/li>\n<li>Janson, Anders, chefredakt\u00f6r (golf)<\/li>\n<li>Janson, Leif, generalsekreterare (armborstskytte, b\u00e5gskytte)<\/li>\n<li>Jeganmohan, Govindarajah, f\u00f6rbundsordf\u00f6rande (cricket)<\/li>\n<li>Johansson, Olof, redakt\u00f6r (boxning)<\/li>\n<li>Julin, A. Lennart, fil.mag. (friidrott)<\/li>\n<li>J\u00f6nsson, Orvar, gymnastikdir. (f\u00e4ktning)<\/li>\n<\/ul>\n<h3>K<\/h3>\n<ul>\n<li>Karlsson, Ove, redakt\u00f6r<\/li>\n<li>Karlsson, Sune, konsulent (kanotsport)<\/li>\n<li>Kavmark, Bengt, idrottskonsulent (vattenskidor)<\/li>\n<li>Kihlmark, Olof, f.d. generalsekreterare (gymnastik)<\/li>\n<li>Kjellstr\u00f6m, Rune, f.d. f\u00f6rbundssekreterare (skytte)<\/li>\n<li>Kvarnstr\u00f6m, Ola, generalsekreterare (rugby)<\/li>\n<li>K\u00e4ck, Rolf, \u00f6verstel\u00f6jtnant (fallsk\u00e4rmssport)<\/li>\n<\/ul>\n<h3>L<\/h3>\n<ul>\n<li>Lager, \u00c5ke, journalist (volleyboll)<\/li>\n<li>Lagersv\u00e4rd, Krister L:son, generalsekreterare (femkamp)<\/li>\n<li>Landenberg, Monica (draghundssport)<\/li>\n<li>Landin, Karsten, f\u00f6rbundsordf\u00f6rande (dart)<\/li>\n<li>Larsson, B\u00f6rje (segelsport)<\/li>\n<li>Larsson, Jeanette, informationsansvarig (akademisk idrott)<\/li>\n<li>Larsson, Jens (basketboll)<\/li>\n<li>Larsson, Tomas, redakt\u00f6r (bl.a. ishockey)<\/li>\n<li>Levi, Anders, civilingenj\u00f6r (isstocksskjutning)<\/li>\n<li>Lexell, Jan, docent, leg.l\u00e4k. (tr\u00e4ning)<\/li>\n<li>Lindberg, Thomas, redakt\u00f6r<\/li>\n<li>Lindblad, Jan-Erik, journalist (biljard)<\/li>\n<li>Lindell, Conny, journalist (handikappidrott)<\/li>\n<li>Lindgren, Britta, lab.ass. (konst\u00e5kning)<\/li>\n<li>Lindgren, Johan, redakt\u00f6r (frisbee)<\/li>\n<li>Lindqvist, Lars-\u00c5ke, redakt\u00f6r (simsport)<\/li>\n<li>Lindroth, Jan, professor<\/li>\n<li>Lindstr\u00f6m, Agneta, generalsekreterare (sportdykning)<\/li>\n<li>Ljungqvist, Arne, professor (doping)<\/li>\n<li>Lundahl, Bertil, fil.dr (wushu)<\/li>\n<li>Lundeberg, Ida, journalist (snowboard\u00e5kning)<\/li>\n<li>Lundin, Eric, redakt\u00f6r (skidskytte)<\/li>\n<li>Lundmark, Peter, generalsekreterare (frisbee)<\/li>\n<li>Lundqvist, Nils, civilingenj\u00f6r (segelsport)<\/li>\n<li>Luukkonen, Kari, informat\u00f6r (innebandy)<\/li>\n<li>L\u00f6fberg, Lars, generalsekreterare (skytte)<\/li>\n<li>L\u00f6fgr\u00e9n, Lennart, \u00f6verste 1:a graden (skytte)<\/li>\n<\/ul>\n<h3>M<\/h3>\n<ul>\n<li>Magnil, Lars-Olof, chefredakt\u00f6r (motorsport)<\/li>\n<li>Mark, Peeter, 1:e arkivarie (idrottshistoria)<\/li>\n<li>Marklund, Kari, docent (basketboll)<\/li>\n<li>Martinell, Vidar, redakt\u00f6r (g\u00e5ngsport)<\/li>\n<li>Mejdevi, Hans, journalist (tennis)<\/li>\n<\/ul>\n<h3>N<\/h3>\n<ul>\n<li>Nilsson, Garry, journalist (amerikansk fotboll)<\/li>\n<li>Nimvik, Maria, informationschef (orientering)<\/li>\n<li>Nordgren, Hans, redakt\u00f6r (rugby)<\/li>\n<li>Nyberg, Nils, redakt\u00f6r (badminton)<\/li>\n<\/ul>\n<h3>O<\/h3>\n<ul>\n<li>Ohlsson, Staffan (galoppsport)<\/li>\n<li>Olofsson, Eva, fil.dr (kvinnoidrott)<\/li>\n<li>Orava, Gudrun, informat\u00f6r (ridsport)<\/li>\n<li>Owetz, \u00c5ke, j\u00e4rnv\u00e4gstj\u00e4nsteman (dragkamp)<\/li>\n<\/ul>\n<h3>P<\/h3>\n<ul>\n<li>Peterson, Mattias, generalsekreterare (flygsport)<\/li>\n<li>Petersson, Sven \u201cPlex\u201d, redakt\u00f6r (skidsport)<\/li>\n<li>Petersson, Thure, redakt\u00f6r (brottning, cykel)<\/li>\n<li>Pettersson, Ulf, f\u00f6rlagsredakt\u00f6r<\/li>\n<li>P\u00e5lbrant, Rolf, fil.dr (arbetaridrott)<\/li>\n<\/ul>\n<h3>R<\/h3>\n<ul>\n<li>Rane, Anders, professor (doping)<\/li>\n<li>Reinodt, Stig, \u00f6verstel\u00f6jtnant (milit\u00e4r idrott)<\/li>\n<li>Rohdin, Gunnar, danspedagog (danssport)<\/li>\n<li>Romare, G\u00f6ran, kommend\u00f6rkapten (segling)<\/li>\n<li>Roos, Paavo, docent (antikens idrott)<\/li>\n<li>Rytter, Ove, redakt\u00f6r (bodybuilding)<\/li>\n<\/ul>\n<h3>S<\/h3>\n<ul>\n<li>Saloranta, Pekka, redaktionschef (finl\u00e4ndsk idrott)<\/li>\n<li>Samuelsson, Bengt-Olof, \u00f6verstel\u00f6jtnant (modellflyg, RC-flygning)<\/li>\n<li>von Sandor, Robert, fil.dr (\u00f6sterl\u00e4ndska kampsporter)<\/li>\n<li>Schenkmanis, Ulf, journalist, TV-producent (k\u00e4gelspel)<\/li>\n<li>Scott, Alan, generalsekreterare (g\u00e5ngsport)<\/li>\n<li>Silfverberg, Lotta (travsport)<\/li>\n<li>Sj\u00f6berg, Maj-Britt, kanslichef (konst\u00e5kning)<\/li>\n<li>Sj\u00f6holm, Per-Axel, redakt\u00f6r (bodybuilding)<\/li>\n<li>Sk\u00f6ld, Crister, tj\u00e4nsteman (amerikansk fotboll)<\/li>\n<li>Stark, Jan, f\u00f6rlagsredakt\u00f6r<\/li>\n<li>Stenson, Per, fil.dr (bordtennis)<\/li>\n<li>Stenudd, Stefan, aikidoinstrukt\u00f6r och journalist (budo)<\/li>\n<li>Strand, Leif, fil.lic. (idrottspsykologi)<\/li>\n<li>Strandqvist, Rolf, kanslichef (bangolf)<\/li>\n<li>Str\u00f6msten, Yngve, redakt\u00f6r (motorcykelsport)<\/li>\n<li>Sundstr\u00f6m, H\u00e5kan, generalsekreterare (curling)<\/li>\n<li>S\u00f6derberg, Ingalill, kanslichef (danssport)<\/li>\n<li>S\u00f6derberg, Thomas, redakt\u00f6r (sportfiske)<\/li>\n<li>S\u00f6derblom, Olle, ingenj\u00f6r (casting)<\/li>\n<li>S\u00f6derhorn, Torsten, VD (Friluftsfr\u00e4mjandet)<\/li>\n<\/ul>\n<h3>T<\/h3>\n<ul>\n<li>Troedsson, Thomas, generalsekreterare (squash)<\/li>\n<\/ul>\n<h3>VW<\/h3>\n<ul>\n<li>Wadstr\u00f6mer, Nils, s\u00e4ljare (kanotsegling)<\/li>\n<li>Wahlqvist, Bertil, gymn.dir, fil.kand. (idrottshistoria)<\/li>\n<li>Wall, Bj\u00f6rn, redakt\u00f6r (motorcykelsport)<\/li>\n<li>Wall\u00e9n, G\u00f6ran, redakt\u00f6r (boboll)<\/li>\n<li>Wallin, Bengt, f\u00f6rbundsrektor (varpa)<\/li>\n<li>Widlund, Ture, pol.mag. (olympiska spelen, tyngdlyftning)<\/li>\n<li>Widmark, Per Johan, \u00f6verste (flygmilit\u00e4r femkamp)<\/li>\n<li>Wigren, Jan, redakt\u00f6r (handboll)<\/li>\n<li>Wikenst\u00e5hl, Torsten, ingenj\u00f6r (idrottsanl\u00e4ggningar)<\/li>\n<\/ul>\n<h3>Y<\/h3>\n<ul>\n<li>Yttergren, Leif, fil.dr (gymnastik)<\/li>\n<\/ul>\n<h3>Z<\/h3>\n<ul>\n<li>Zachrisson, Bj\u00f6rn, redakt\u00f6r (galoppsport)<\/li>\n<li>Zeidlitz, Eric, kanslichef (kanotsport)<\/li>\n<\/ul>\n<h3>\u00c5<\/h3>\n<ul>\n<li>\u00c5berg, Christer, journalist (korporationsidrott)<\/li>\n<li>\u00c5berg, Lars, journalist (baseboll, boboll)<\/li>\n<\/ul>\n<h3>\u00d6<\/h3>\n<ul>\n<li>\u00d6verby, Marianne, tandl\u00e4kare (konst\u00e5kning)<\/li>\n<\/ul>\n                    <\/div>\n    <\/div>\n<\/section>\n\n\n\n\n\n\n<section  class=\"big-header bg-gray \">\n    <div class=\"container\">\n        <div class=\"inner  pt-5 pb-5\">\n\n            \n\n<div class=\"big-header-center\">\n                \n<h3 class=\"h3\"> Redaktionen <\/h3>                \n<p class=\"ample\">\n    Har du en allm\u00e4n fr\u00e5ga eller synpunkt g\u00e4llande inneh\u00e5llet i v\u00e5ra tj\u00e4nster \u00e4r du v\u00e4lkommen att h\u00f6ra av dig till oss p\u00e5 redaktionen.<\/p>    \n    \n            <div class=\"btn-container\">\n                            \n<a href=\"https:\/\/www.ne.se\/info\/kontaktsida\/?tab=Redaktion\" target=\"_blank\" aria-label=\"Kontakta oss\" class=\"button button-blue\">\n    Kontakta oss            <svg width=\"16\" height=\"16\" viewBox=\"0 0 16 16\" fill=\"none\" xmlns=\"http:\/\/www.w3.org\/2000\/svg\">\n<path d=\"M14 6.00001L14 2.00001M14 2.00001H9.99999M14 2.00001L8 8M6.66667 2H5.2C4.0799 2 3.51984 2 3.09202 2.21799C2.71569 2.40973 2.40973 2.71569 2.21799 3.09202C2 3.51984 2 4.07989 2 5.2V10.8C2 11.9201 2 12.4802 2.21799 12.908C2.40973 13.2843 2.71569 13.5903 3.09202 13.782C3.51984 14 4.07989 14 5.2 14H10.8C11.9201 14 12.4802 14 12.908 13.782C13.2843 13.5903 13.5903 13.2843 13.782 12.908C14 12.4802 14 11.9201 14 10.8V9.33333\" stroke=\"#F2F5F8\" stroke-width=\"2\" stroke-linecap=\"round\" stroke-linejoin=\"round\"\/>\n<\/svg>\n    <\/a>                                <\/div>\n    <\/div>\n        <\/div>\n    <\/div>\n<\/section>","protected":false},"excerpt":{"rendered":"","protected":false},"author":6,"featured_media":0,"parent":5420,"menu_order":0,"comment_status":"closed","ping_status":"closed","template":"","meta":{"inline_featured_image":false,"footnotes":""},"subject":[],"class_list":["post-5591","page","type-page","status-publish","hentry"],"acf":[],"_links":{"self":[{"href":"https:\/\/www.ne.se\/info\/wp-json\/wp\/v2\/pages\/5591","targetHints":{"allow":["GET"]}}],"collection":[{"href":"https:\/\/www.ne.se\/info\/wp-json\/wp\/v2\/pages"}],"about":[{"href":"https:\/\/www.ne.se\/info\/wp-json\/wp\/v2\/types\/page"}],"author":[{"embeddable":true,"href":"https:\/\/www.ne.se\/info\/wp-json\/wp\/v2\/users\/6"}],"replies":[{"embeddable":true,"href":"https:\/\/www.ne.se\/info\/wp-json\/wp\/v2\/comments?post=5591"}],"version-history":[{"count":2,"href":"https:\/\/www.ne.se\/info\/wp-json\/wp\/v2\/pages\/5591\/revisions"}],"predecessor-version":[{"id":5593,"href":"https:\/\/www.ne.se\/info\/wp-json\/wp\/v2\/pages\/5591\/revisions\/5593"}],"up":[{"embeddable":true,"href":"https:\/\/www.ne.se\/info\/wp-json\/wp\/v2\/pages\/5420"}],"wp:attachment":[{"href":"https:\/\/www.ne.se\/info\/wp-json\/wp\/v2\/media?parent=5591"}],"wp:term":[{"taxonomy":"subject","embeddable":true,"href":"https:\/\/www.ne.se\/info\/wp-json\/wp\/v2\/subject?post=5591"}],"curies":[{"name":"wp","href":"https:\/\/api.w.org\/{rel}","templated":true}]}}