{"id":5609,"date":"2023-04-27T19:35:10","date_gmt":"2023-04-27T19:35:10","guid":{"rendered":"https:\/\/www.ne.se\/info\/?page_id=5609"},"modified":"2023-04-27T19:35:13","modified_gmt":"2023-04-27T19:35:13","slug":"kemi","status":"publish","type":"page","link":"https:\/\/www.ne.se\/info\/experter-och-skribenter\/kemi\/","title":{"rendered":"Kemi"},"content":{"rendered":"\n\n<section  class=\"big-header bg-gradient-top \">\n    <div class=\"container\">\n        <div class=\"inner   \">\n\n            \n\n<div class=\"big-header-center\">\n            \n<p class=\"uptext center\">\n    Experter och skribenter    <span class=\"line\"><\/span>\n<\/p>                \n<h2 class=\"h2\"> Kemi <\/h2>        \n    \n    <\/div>\n        <\/div>\n    <\/div>\n<\/section>\n\n\n\n<section  class=\"blog-text\">\n    <div class=\"container\">\n        <div class=\"inner  pt-0 pb-5\">\n                            \n<h3 class=\"h3\"> Redakt\u00f6r: Olof Ollerstam <\/h3>                                        <h3>A<\/h3>\n<ul>\n<li>Ahlberg, Elisabet, professor (oorganisk kemi)<\/li>\n<li>Albertsson, J\u00f6rgen, professor (oorganisk kemi)<\/li>\n<li>Albertsson, Per-\u00c5ke, professor (biokemi)<\/li>\n<li>Andersson, Bertil, professor (biokemi)<\/li>\n<li>Andersson, Carl-Magnus, fil.dr (organisk kemi)<\/li>\n<\/ul>\n<h3>B<\/h3>\n<ul>\n<li>Bengtsson, Lars A. (numera Lars Kloo), docent (oorganisk kemi)<\/li>\n<\/ul>\n<h3>C<\/h3>\n<ul>\n<li>Carlsson Jan-Otto, professor (organisk kemi)<\/li>\n<\/ul>\n<h3>D<\/h3>\n<ul>\n<li>Dyrssen, David, professor (analytisk kemi)<\/li>\n<\/ul>\n<h3>E<\/h3>\n<ul>\n<li>Eberson, Lennart, professor (organisk kemi)<\/li>\n<li>Ehrenberg, Anders, professor (biofysik)<\/li>\n<li>Elding, Lars Ivar, professor (oorganisk kemi)<\/li>\n<li>Erlandsson, Ulf, docent (kulturgeografi)<\/li>\n<li>Ernster, Lars, professor (biokemi)<\/li>\n<\/ul>\n<h3>G<\/h3>\n<ul>\n<li>Grenthe, Ingmar, professor (oorganisk kemi)<\/li>\n<\/ul>\n<h3>H<\/h3>\n<ul>\n<li>Hahn-H\u00e4gerdal, B\u00e4rbel, professor (tekn. mikrobiologi)<\/li>\n<li>von Heijne, Gunnar, professor (bioinformatik)<\/li>\n<li>Hjertberg, Thomas, professor (polymerteknologi)<\/li>\n<li>Holmberg, Bertil, professor (oorganisk kemi)<\/li>\n<li>Holmberg, Krister, professor (fysikalisk kemi)<\/li>\n<li>Holmstr\u00f6m, Bertil, docent (fysikalisk kemi)<\/li>\n<\/ul>\n<h3>J<\/h3>\n<ul>\n<li>Janson, Jan-Christer, professor (biokemi)<\/li>\n<li>Jonsson, Mats, docent (fysikalisk kemi)<\/li>\n<li>J\u00f6nsson, Bo, docent (teoretisk kemi)<\/li>\n<li>J\u00f6nsson, Jan \u00c5ke, professor (analytisk kemi)<\/li>\n<li>J\u00f6rnvall, Hans, professor (medicinsk kemi)<\/li>\n<\/ul>\n<h3>K<\/h3>\n<ul>\n<li>Karlsson, Sylvia, fil.kand. (bek\u00e4mpningsmedel)<\/li>\n<li>Kihlborg, Lars, professor (oorganisk kemi)<\/li>\n<li>Kjellander, Roland, professor (fysikalisk kemi)<\/li>\n<li>Kloo, Lars (tidigare Lars A. Bengtsson), docent (oorganisk kemi)<\/li>\n<li>Kubista, Mikael, bitr. professor (fysikalisk kemi)<\/li>\n<\/ul>\n<h3>L<\/h3>\n<ul>\n<li>Larsson, Ragnar, professor (oorganisk kemi)<\/li>\n<li>Larsson, Sven, professor (fysikalisk kemi)<\/li>\n<li>Lidin, Sven, professor (oorganisk kemi)<\/li>\n<li>Liljas, Anders, professor (biofysik)<\/li>\n<li>Lindahl, Ulf, professor (biokemi)<\/li>\n<li>Lindskog, Sven, professor (biokemi)<\/li>\n<li>Lundstr\u00f6m, Torsten, professor (oorganisk kemi)<\/li>\n<li>Lyng, Reidar, civ.ing. (fysikalisk kemi)<\/li>\n<li>L\u00fcning, Bj\u00f6rn, docent (organisk kemi)<\/li>\n<\/ul>\n<h3>M<\/h3>\n<ul>\n<li>Malmstr\u00f6m, Bo G., professor (biokemi)<\/li>\n<li>Mattiasson, Bo, professor (bioteknik)<\/li>\n<\/ul>\n<h3>N<\/h3>\n<ul>\n<li>Nord\u00e9n, Bengt, professor (fysikalisk kemi)<\/li>\n<li>Nordholm, Sture, professor (fysikalisk kemi)<\/li>\n<li>Nordlund, Stefan, professor (biokemi)<\/li>\n<\/ul>\n<h3>O<\/h3>\n<ul>\n<li>Olovsson, Ivar, professor (oorganisk kemi)<\/li>\n<\/ul>\n<h3>R<\/h3>\n<ul>\n<li>Rasmuson, Anders, professor (separationsteknik)<\/li>\n<li>Roos, Bj\u00f6rn, professor (teoretisk kemi)<\/li>\n<li>Rosenkvist, Mats, civilingenj\u00f6r (milj\u00f6)<\/li>\n<li>Rydberg, Jan, professor (k\u00e4rnkemi)<\/li>\n<li>Ryd\u00e9n, Lars, docent (biokemi)<\/li>\n<\/ul>\n<h3>S<\/h3>\n<ul>\n<li>Sandros, Kjell, tekn.dr (fysikalisk kemi)<\/li>\n<li>Sandstr\u00f6m, Jan, professor (organisk kemi)<\/li>\n<li>Sandstr\u00f6m, Magnus, docent (oorganisk kemi)<\/li>\n<li>Sj\u00f6str\u00f6m, Hans, professor (medicinsk kemi)<\/li>\n<li>Stenson, Per, fil.dr (oorganisk kemi)<\/li>\n<li>Sterner, Olov, professor (organisk kemi)<\/li>\n<li>Stilbs, Peter, professor (fysikalisk kemi)<\/li>\n<li>Styring, Stenbj\u00f6rn, professor (biokemi)<\/li>\n<li>Sundel\u00f6f, Lars-Olof, professor (farmaceutisk kemi)<\/li>\n<\/ul>\n<h3>T<\/h3>\n<ul>\n<li>Tansj\u00f6, Levi, docent (kemins historia och organisk kemi)<\/li>\n<li>Thomasson, Ronnie, tekn.dr (oorganisk kemi)<\/li>\n<\/ul>\n<h3>U<\/h3>\n<ul>\n<li>Ulvenlund, Stefan, fil.dr (oorganisk kemi)<\/li>\n<\/ul>\n<h3>VW<\/h3>\n<ul>\n<li>Wads\u00f6, Ingemar, professor (termokemi)<\/li>\n<li>Wall, Staffan, docent (fysikalisk kemi)<\/li>\n<li>Wikman, Susanne, fil.dr (organisk kemi)<\/li>\n<li>Wittung, Pernilla, civilingenj\u00f6r (fysikalisk kemi)<\/li>\n<\/ul>\n<h3>\u00c5<\/h3>\n<ul>\n<li>\u00c5quist, Claes, tekn.lic. (fysikalisk kemi)<\/li>\n<\/ul>\n                    <\/div>\n    <\/div>\n<\/section>\n\n\n\n\n\n\n<section  class=\"big-header bg-gray \">\n    <div class=\"container\">\n        <div class=\"inner  pt-5 pb-5\">\n\n            \n\n<div class=\"big-header-center\">\n                \n<h3 class=\"h3\"> Redaktionen <\/h3>                \n<p class=\"ample\">\n    Har du en allm\u00e4n fr\u00e5ga eller synpunkt g\u00e4llande inneh\u00e5llet i v\u00e5ra tj\u00e4nster \u00e4r du v\u00e4lkommen att h\u00f6ra av dig till oss p\u00e5 redaktionen.<\/p>    \n    \n            <div class=\"btn-container\">\n                            \n<a href=\"https:\/\/www.ne.se\/info\/kontaktsida\/?tab=Redaktion\" target=\"_blank\" aria-label=\"Kontakta oss\" class=\"button button-blue\">\n    Kontakta oss            <svg width=\"16\" height=\"16\" viewBox=\"0 0 16 16\" fill=\"none\" xmlns=\"http:\/\/www.w3.org\/2000\/svg\">\n<path d=\"M14 6.00001L14 2.00001M14 2.00001H9.99999M14 2.00001L8 8M6.66667 2H5.2C4.0799 2 3.51984 2 3.09202 2.21799C2.71569 2.40973 2.40973 2.71569 2.21799 3.09202C2 3.51984 2 4.07989 2 5.2V10.8C2 11.9201 2 12.4802 2.21799 12.908C2.40973 13.2843 2.71569 13.5903 3.09202 13.782C3.51984 14 4.07989 14 5.2 14H10.8C11.9201 14 12.4802 14 12.908 13.782C13.2843 13.5903 13.5903 13.2843 13.782 12.908C14 12.4802 14 11.9201 14 10.8V9.33333\" stroke=\"#F2F5F8\" stroke-width=\"2\" stroke-linecap=\"round\" stroke-linejoin=\"round\"\/>\n<\/svg>\n    <\/a>                                <\/div>\n    <\/div>\n        <\/div>\n    <\/div>\n<\/section>","protected":false},"excerpt":{"rendered":"","protected":false},"author":6,"featured_media":0,"parent":5420,"menu_order":0,"comment_status":"closed","ping_status":"closed","template":"","meta":{"inline_featured_image":false,"footnotes":""},"subject":[],"class_list":["post-5609","page","type-page","status-publish","hentry"],"acf":[],"_links":{"self":[{"href":"https:\/\/www.ne.se\/info\/wp-json\/wp\/v2\/pages\/5609","targetHints":{"allow":["GET"]}}],"collection":[{"href":"https:\/\/www.ne.se\/info\/wp-json\/wp\/v2\/pages"}],"about":[{"href":"https:\/\/www.ne.se\/info\/wp-json\/wp\/v2\/types\/page"}],"author":[{"embeddable":true,"href":"https:\/\/www.ne.se\/info\/wp-json\/wp\/v2\/users\/6"}],"replies":[{"embeddable":true,"href":"https:\/\/www.ne.se\/info\/wp-json\/wp\/v2\/comments?post=5609"}],"version-history":[{"count":2,"href":"https:\/\/www.ne.se\/info\/wp-json\/wp\/v2\/pages\/5609\/revisions"}],"predecessor-version":[{"id":5611,"href":"https:\/\/www.ne.se\/info\/wp-json\/wp\/v2\/pages\/5609\/revisions\/5611"}],"up":[{"embeddable":true,"href":"https:\/\/www.ne.se\/info\/wp-json\/wp\/v2\/pages\/5420"}],"wp:attachment":[{"href":"https:\/\/www.ne.se\/info\/wp-json\/wp\/v2\/media?parent=5609"}],"wp:term":[{"taxonomy":"subject","embeddable":true,"href":"https:\/\/www.ne.se\/info\/wp-json\/wp\/v2\/subject?post=5609"}],"curies":[{"name":"wp","href":"https:\/\/api.w.org\/{rel}","templated":true}]}}