{"id":5630,"date":"2023-04-27T19:41:34","date_gmt":"2023-04-27T19:41:34","guid":{"rendered":"https:\/\/www.ne.se\/info\/?page_id=5630"},"modified":"2023-04-27T19:41:35","modified_gmt":"2023-04-27T19:41:35","slug":"massmedier","status":"publish","type":"page","link":"https:\/\/www.ne.se\/info\/experter-och-skribenter\/massmedier\/","title":{"rendered":"Massmedier"},"content":{"rendered":"\n\n<section  class=\"big-header bg-gradient-top \">\n    <div class=\"container\">\n        <div class=\"inner   \">\n\n            \n\n<div class=\"big-header-center\">\n            \n<p class=\"uptext center\">\n    Experter och skribenter    <span class=\"line\"><\/span>\n<\/p>                \n<h2 class=\"h2\"> Massmedier <\/h2>        \n    \n    <\/div>\n        <\/div>\n    <\/div>\n<\/section>\n\n\n\n<section  class=\"blog-text\">\n    <div class=\"container\">\n        <div class=\"inner  pt-0 pb-5\">\n                            \n<h3 class=\"h3\"> Redakt\u00f6r: Melina Solc\u00e0 <\/h3>                                        <h3>A<\/h3>\n<ul>\n<li>Andersson, Christian, fil.dr<\/li>\n<li>Andersson, Per A.J., redakt\u00f6r<\/li>\n<li>Attius, H\u00e5kan, fil.dr<\/li>\n<li>Axelson, Lars, exportkreditchef<\/li>\n<\/ul>\n<h3>B<\/h3>\n<ul>\n<li>Beijbom, Ulf, professor<\/li>\n<li>Bj\u00f6rck, Eva B., bibliotekarie<\/li>\n<li>Bj\u00f6rck, Staffan, professor<\/li>\n<li>Bj\u00f6rlin, Lars, fil.lic.<\/li>\n<li>Bj\u00f6rnberg, Alf, professor<\/li>\n<li>B\u00e4ckman, Sven, professor<\/li>\n<\/ul>\n<h3>C<\/h3>\n<ul>\n<li>Carlsson, Ulla, docent<\/li>\n<\/ul>\n<h3>D<\/h3>\n<ul>\n<li>Dahlstr\u00f6m, Britt, litteraturhistoriker<\/li>\n<li>Dixelius, Malcolm, journalist<\/li>\n<li>Djerf-Pierre, Monika, fil.dr<\/li>\n<\/ul>\n<h3>E<\/h3>\n<ul>\n<li>Ekdahl, Mats, redakt\u00f6r<\/li>\n<li>Elgemyr, G\u00f6ran, redakt\u00f6r<\/li>\n<li>Engblom, Lars-\u00c5ke, professor<\/li>\n<li>Eriksson, Magnus, doktorand<\/li>\n<\/ul>\n<h3>F<\/h3>\n<ul>\n<li>Forsberg, Anders, fil.kand.<\/li>\n<li>Frick, Bertil, journalist, teol. och fil.kand.<\/li>\n<li>Frykman, Erik, professor<\/li>\n<li>Furuland, Lars, professor<\/li>\n<\/ul>\n<h3>G<\/h3>\n<ul>\n<li>Garcia Gonz\u00e1lez, Rigoberto, fil.dr<\/li>\n<li>Gerner, Kristian, professor<\/li>\n<li>Gustafsson, Agne, universitetslektor<\/li>\n<li>Gustafsson, Karl Erik, professor<\/li>\n<\/ul>\n<h3>H<\/h3>\n<ul>\n<li>Hadenius, Stig, professor<\/li>\n<li>Hafstrand, Helene, fil.kand.<\/li>\n<li>Hanseg\u00e5rd, Lars, redakt\u00f6r<\/li>\n<li>Harrie, Eva, fil.kand.<\/li>\n<li>Hedin, \u00d6sten, bibliotekarie<\/li>\n<li>Hegerfors, Sture, redakt\u00f6r<\/li>\n<li>Hellstr\u00f6m, Jan Arvid, biskop<\/li>\n<li>Hinnemo, Torgny, journalist<\/li>\n<li>Heurling, Bo, redakt\u00f6r<\/li>\n<li>Holmberg, Claes-G\u00f6ran, fil.dr<\/li>\n<li>Holmberg, John-Henri, bokf\u00f6rl\u00e4ggare<\/li>\n<li>Hvitfelt, H\u00e5kan, professor<\/li>\n<\/ul>\n<h3>I<\/h3>\n<ul>\n<li>Ingvar, Lars, f.d. byr\u00e5chef<\/li>\n<li>Ivre, Ivar, fil.dr<\/li>\n<\/ul>\n<h3>J<\/h3>\n<ul>\n<li>Jahja, Rosman, redakt\u00f6r<\/li>\n<li>Jansson, Andr\u00e9, professor<\/li>\n<li>Jarlbro, Gunilla, professor<\/li>\n<li>Johannesson, Lena, professor<\/li>\n<li>Johansson, Alf W., docent<\/li>\n<li>Jonsson, Sverker, docent<\/li>\n<li>Jonsson, \u00c5ke, fil.dr<\/li>\n<li>Josefsson, G\u00f6ran, arkivchef<\/li>\n<\/ul>\n<h3>K<\/h3>\n<ul>\n<li>K\u00fcng, Andres, f\u00f6rfattare<\/li>\n<\/ul>\n<h3>L<\/h3>\n<ul>\n<li>Larsson, Lisbeth, professor<\/li>\n<li>Leth, G\u00f6ran, fil.dr<\/li>\n<li>Lewan, Bengt, docent<\/li>\n<li>Lindahl, G\u00f6ran G.<\/li>\n<li>Lindholm, Tommy, fil.kand.<\/li>\n<li>Ljung, Per Erik, docent<\/li>\n<li>Lundahl, Bertil, fil.dr<\/li>\n<li>Lundstr\u00f6m, Stig, konsult<\/li>\n<\/ul>\n<h3>M<\/h3>\n<ul>\n<li>Mattsson, Britt-Marie, journalist<\/li>\n<\/ul>\n<h3>N<\/h3>\n<ul>\n<li>Nikolajeva, Maria, professor<\/li>\n<li>Nilsson, Nils Gunnar, fil.lic., kulturredakt\u00f6r<\/li>\n<li>Nordlund, Roland, docent<\/li>\n<li>Nordmark, Dag, professor<\/li>\n<li>Nordstr\u00f6m, Gert Z., professor<\/li>\n<li>Nowak, Kjell, professor<\/li>\n<li>Nygren, Thomas, docent<\/li>\n<\/ul>\n<h3>O<\/h3>\n<ul>\n<li>Ohlin, Lars Erik, n\u00e4ringslivsreporter<\/li>\n<li>Oscarsson, Ingemar, docent<\/li>\n<\/ul>\n<h3>R<\/h3>\n<ul>\n<li>Reimer, Bo, professor<\/li>\n<li>Rosengren, Karl Erik, professor<\/li>\n<li>Ryd\u00e9n, Josef, lektor<\/li>\n<li>Ryd\u00e9n, Per, professor<\/li>\n<\/ul>\n<h3>S<\/h3>\n<ul>\n<li>Sandlund, Elisabeth, fil.kand.<\/li>\n<li>Sj\u00f6berg, \u00d6rjan, fil.dr<\/li>\n<li>Sj\u00f6lin, Mats, professor<\/li>\n<li>Sommelius, S\u00f6ren, kulturredakt\u00f6r<\/li>\n<li>Sundin, Staffan, docent<\/li>\n<li>Swahn, Jan-\u00d6jvind, professor<\/li>\n<li>Svanberg, Ingvar, fil.lic.<\/li>\n<li>S\u00f6rlin, Sverker, professor<\/li>\n<\/ul>\n<h3>VW<\/h3>\n<ul>\n<li>Wahlb\u00e4ck, Krister, professor<\/li>\n<li>Vallinder, Torbj\u00f6rn, docent<\/li>\n<li>Weibull, Lennart, professor<\/li>\n<li>Werkm\u00e4ster, Barbro, fil.kand.<\/li>\n<li>Windahl, Sven, professor<\/li>\n<li>Vinge, Louise, professor<\/li>\n<li>Wir\u00e9n, Karl-Hugo, fil.dr<\/li>\n<\/ul>\n<h3>Z<\/h3>\n<ul>\n<li>Zander, Ulf, professor<\/li>\n<li>Zetterberg, Kent, docent<\/li>\n<\/ul>\n<h3>\u00c5<\/h3>\n<ul>\n<li>\u00c5hlander, Lars, fil.lic.<\/li>\n<\/ul>\n<h3>\u00d6<\/h3>\n<ul>\n<li>\u00d6hrstr\u00f6m, Claes-Rune, bankdirekt\u00f6r<\/li>\n<li>\u00d6rnebring, Henrik, fil.kand.<\/li>\n<\/ul>\n                    <\/div>\n    <\/div>\n<\/section>\n\n\n\n\n\n\n<section  class=\"big-header bg-gray \">\n    <div class=\"container\">\n        <div class=\"inner  pt-5 pb-5\">\n\n            \n\n<div class=\"big-header-center\">\n                \n<h3 class=\"h3\"> Redaktionen <\/h3>                \n<p class=\"ample\">\n    Har du en allm\u00e4n fr\u00e5ga eller synpunkt g\u00e4llande inneh\u00e5llet i v\u00e5ra tj\u00e4nster \u00e4r du v\u00e4lkommen att h\u00f6ra av dig till oss p\u00e5 redaktionen.<\/p>    \n    \n            <div class=\"btn-container\">\n                            \n<a href=\"https:\/\/www.ne.se\/info\/kontaktsida\/?tab=Redaktion\" target=\"_blank\" aria-label=\"Kontakta oss\" class=\"button button-blue\">\n    Kontakta oss            <svg width=\"16\" height=\"16\" viewBox=\"0 0 16 16\" fill=\"none\" xmlns=\"http:\/\/www.w3.org\/2000\/svg\">\n<path d=\"M14 6.00001L14 2.00001M14 2.00001H9.99999M14 2.00001L8 8M6.66667 2H5.2C4.0799 2 3.51984 2 3.09202 2.21799C2.71569 2.40973 2.40973 2.71569 2.21799 3.09202C2 3.51984 2 4.07989 2 5.2V10.8C2 11.9201 2 12.4802 2.21799 12.908C2.40973 13.2843 2.71569 13.5903 3.09202 13.782C3.51984 14 4.07989 14 5.2 14H10.8C11.9201 14 12.4802 14 12.908 13.782C13.2843 13.5903 13.5903 13.2843 13.782 12.908C14 12.4802 14 11.9201 14 10.8V9.33333\" stroke=\"#F2F5F8\" stroke-width=\"2\" stroke-linecap=\"round\" stroke-linejoin=\"round\"\/>\n<\/svg>\n    <\/a>                                <\/div>\n    <\/div>\n        <\/div>\n    <\/div>\n<\/section>","protected":false},"excerpt":{"rendered":"","protected":false},"author":6,"featured_media":0,"parent":5420,"menu_order":0,"comment_status":"closed","ping_status":"closed","template":"","meta":{"inline_featured_image":false,"footnotes":""},"subject":[],"class_list":["post-5630","page","type-page","status-publish","hentry"],"acf":[],"_links":{"self":[{"href":"https:\/\/www.ne.se\/info\/wp-json\/wp\/v2\/pages\/5630","targetHints":{"allow":["GET"]}}],"collection":[{"href":"https:\/\/www.ne.se\/info\/wp-json\/wp\/v2\/pages"}],"about":[{"href":"https:\/\/www.ne.se\/info\/wp-json\/wp\/v2\/types\/page"}],"author":[{"embeddable":true,"href":"https:\/\/www.ne.se\/info\/wp-json\/wp\/v2\/users\/6"}],"replies":[{"embeddable":true,"href":"https:\/\/www.ne.se\/info\/wp-json\/wp\/v2\/comments?post=5630"}],"version-history":[{"count":2,"href":"https:\/\/www.ne.se\/info\/wp-json\/wp\/v2\/pages\/5630\/revisions"}],"predecessor-version":[{"id":5632,"href":"https:\/\/www.ne.se\/info\/wp-json\/wp\/v2\/pages\/5630\/revisions\/5632"}],"up":[{"embeddable":true,"href":"https:\/\/www.ne.se\/info\/wp-json\/wp\/v2\/pages\/5420"}],"wp:attachment":[{"href":"https:\/\/www.ne.se\/info\/wp-json\/wp\/v2\/media?parent=5630"}],"wp:term":[{"taxonomy":"subject","embeddable":true,"href":"https:\/\/www.ne.se\/info\/wp-json\/wp\/v2\/subject?post=5630"}],"curies":[{"name":"wp","href":"https:\/\/api.w.org\/{rel}","templated":true}]}}