{"id":5648,"date":"2023-04-27T19:46:05","date_gmt":"2023-04-27T19:46:05","guid":{"rendered":"https:\/\/www.ne.se\/info\/?page_id=5648"},"modified":"2024-10-16T13:47:06","modified_gmt":"2024-10-16T13:47:06","slug":"medicin","status":"publish","type":"page","link":"https:\/\/www.ne.se\/info\/experter-och-skribenter\/medicin\/","title":{"rendered":"Medicin"},"content":{"rendered":"\n\n<section  class=\"big-header bg-gradient-top \">\n    <div class=\"container\">\n        <div class=\"inner   \">\n\n            \n\n<div class=\"big-header-center\">\n            \n<p class=\"uptext center\">\n    Experter och skribenter    <span class=\"line\"><\/span>\n<\/p>                \n<h2 class=\"h2\"> Medicin <\/h2>        \n    \n    <\/div>\n        <\/div>\n    <\/div>\n<\/section>\n\n\n\n<section  class=\"blog-text\">\n    <div class=\"container\">\n        <div class=\"inner  pt-0 pb-5\">\n                            \n<h3 class=\"h3\"> Redakt\u00f6r: Olof Ollerstam <\/h3>                                        <h3>A<\/h3>\n<ul>\n<li>Afzelius, Bj\u00f6rn, professor (cellfysiologi)<\/li>\n<li>Afzelius, Lars-Erik, docent (\u00f6ron-, n\u00e4s- och halssjukdomar)<\/li>\n<li>Agardh, Carl-David, professor (internmedicin)<\/li>\n<li>Ahlgren, Mats, docent (gynekologi)<\/li>\n<li>Al\u00e9nius, Stefan, statsveterin\u00e4r (veterin\u00e4rmedicin)<\/li>\n<li>Allg\u00e9n, Lars-G\u00f6ran, docent (klinisk kemi)<\/li>\n<li>Alling, Christer, professor (neurokemi)<\/li>\n<li>Andersson, Sven, professor (alternativmedicin)<\/li>\n<li>Andr\u00e9n-Sandberg, \u00c5ke, \u00f6verl\u00e4kare (kirurgi)<\/li>\n<li>Aquilonius, Sten-Magnus, professor (neurologi)<\/li>\n<li>Aurell, Mattias, professor (njurmedicin)<\/li>\n<\/ul>\n<h3>B<\/h3>\n<ul>\n<li>Bauer, G\u00f6ran, professor (ortopedi)<\/li>\n<li>Bel\u00e1k, S\u00e1ndor, professor (veterin\u00e4rmedicin)<\/li>\n<li>Bengtsson, Erno, optiker (optiska hj\u00e4lpmedel)<\/li>\n<li>Bergentz, Sven-Erik, professor (kirurgi)<\/li>\n<li>Bergman, Hans, professor (psykologisk alkoholforskning)<\/li>\n<li>Bergman, Ingrid, homiatriker (alternativmedicin)<\/li>\n<li>Bergqvist, David, professor (kirurgi)<\/li>\n<li>Billstr\u00f6m, Rolf, \u00f6verl\u00e4kare (hematologi)<\/li>\n<li>Birkhed, Dowen, professor (odontologi)<\/li>\n<li>Bi\u00f6rklund, Anders, docent (\u00f6ron-, n\u00e4s- och halssjukdomar)<\/li>\n<li>Bjurstedt, Hilding, professor (flygmedicin)<\/li>\n<li>Bj\u00f6rkander, Janne, \u00f6verl\u00e4kare (allergologi)<\/li>\n<li>Bj\u00f6rklund, Anders, professor (neurobiologi)<\/li>\n<li>Bj\u00f6rnstig, Ulf, docent (kirurgi)<\/li>\n<li>Blennow, G\u00f6sta, docent (barnneurologi)<\/li>\n<li>Blom-B\u00fclow, Berit, \u00f6verl\u00e4kare (lungsjukdomar)<\/li>\n<li>Blomqvist, Jerker, professor (medicinhistoria)<\/li>\n<li>Bolin, Sten (alternativmedicin)<\/li>\n<li>Boreus, Lars, professor (klinisk farmakologi)<\/li>\n<li>Borgstr\u00f6m, Bengt, professor (medicinsk kemi)<\/li>\n<li>Brattberg, Gunilla, \u00f6verl\u00e4kare (sm\u00e4rta)<\/li>\n<li>Broberg, Bertram, professor (biomekanik)<\/li>\n<li>Bruce, \u00c5ke, professor (n\u00e4ringsl\u00e4ra)<\/li>\n<li>Brun, Arne, professor (neuropatologi)<\/li>\n<li>Brunk, Ulf, professor (patologi)<\/li>\n<li>Bygdeman, Marc, professor (obstetrik, gynekologi)<\/li>\n<li>B\u00f6ttiger, Lars Erik, professor (biografier)<\/li>\n<\/ul>\n<h3>C<\/h3>\n<ul>\n<li>Cederblom, Staffan, leg.l\u00e4kare (diagnostisk radiologi)<\/li>\n<li>Colling, Ingrid, leg.l\u00e4kare (trafikmedicin)<\/li>\n<li>Crafoord, Clarence, \u00f6verl\u00e4kare (psykiatri)<\/li>\n<li>Cullberg, Johan, professor (psykiatri)<\/li>\n<\/ul>\n<h3>D<\/h3>\n<ul>\n<li>Dahlb\u00e4ck, Bj\u00f6rn, professor (koagulationsforskning)<\/li>\n<li>Dahlgren, Claes, professor (mikrobiologi)<\/li>\n<li>Dahlstr\u00f6m, Jan-Anders, \u00f6verl\u00e4kare (klinisk fysiologi)<\/li>\n<li>Dahl\u00f6f, Lars-G\u00f6sta, docent (medicinhistoria)<\/li>\n<li>Danielsson, \u00c5ke, professor (gastroenterologi)<\/li>\n<li>Dehlin, Ove, professor (geriatrik)<\/li>\n<li>Delin, Bertil, redakt\u00f6r (yrkesmedicin)<\/li>\n<li>Dencker, Lennart, professor (toxikologi)<\/li>\n<li>Donn\u00e9r, Jakob, docent (medicinsk kemi)<\/li>\n<li>Dutina, Karin, homiatriker (alternativmedicin)<\/li>\n<\/ul>\n<h3>E<\/h3>\n<ul>\n<li>Eberson, Lennart, professor (medicinhistoria)<\/li>\n<li>Edsman, Carl-Martin, professor (medicinhistoria)<\/li>\n<li>Edstr\u00f6m, Ricardo, med.dr (yrkesmedicin)<\/li>\n<li>Elding, Inga, fil.dr (biblioteksv\u00e4sen)<\/li>\n<li>Elleg\u00e5rd, Lars, docent, \u00f6verl\u00e4kare (n\u00e4ringsl\u00e4ra)<\/li>\n<li>Elm\u00e9r, \u00c5ke, professor (medicinhistoria)<\/li>\n<li>Elmstr\u00f6m, Rolf, utbildningskonsult (alternativmedicin)<\/li>\n<li>Elvander, Marianne, laborator (veterin\u00e4rmedicin)<\/li>\n<li>Engborg, Bo (alternativmedicin)<\/li>\n<li>Englund, Lena, statsveterin\u00e4r (veterin\u00e4rmedicin)<\/li>\n<li>Engvall, Anders, professor (veterin\u00e4rmedicin)<\/li>\n<li>Eriksson, Gunnar, professor (medicinhistoria)<\/li>\n<li>Eveland, Ulf, jur.kand. (juridik)<\/li>\n<\/ul>\n<h3>F<\/h3>\n<ul>\n<li>Fagerstr\u00f6m, Karl Olov, docent (nikotin, r\u00f6kavv\u00e4njning)<\/li>\n<li>de Faire, Ulf, professor (internmedicin)<\/li>\n<li>Falkmer, Sture, professor (biografier)<\/li>\n<li>Fernlund, Per, docent (klinisk kemi)<\/li>\n<li>Formgren, Hans, docent (lungsjukdomar)<\/li>\n<li>Forslid, Anders, universitetsveterin\u00e4r (veterin\u00e4rmedicin)<\/li>\n<li>Forslind, Bo, docent (medicinsk fysik)<\/li>\n<li>Fredholm, Bertil, professor (farmakologi)<\/li>\n<li>Fritzell, Bj\u00f6rn, professor (foniatri)<\/li>\n<li>Fr\u00e4ngsmyr, Tore, professor (medicinhistoria)<\/li>\n<\/ul>\n<h3>G<\/h3>\n<ul>\n<li>Ganrot, Per Olov, docent (klinisk kemi)<\/li>\n<li>Gejrot, Tomas, docent (medicinhistoria)<\/li>\n<li>Giesenfeld, Leo, avdelningsdirekt\u00f6r, (elektroteknik)<\/li>\n<li>Gillberg, Christopher, professor (barnpsykiatri)<\/li>\n<li>Grubb, Rune, professor (bakteriologi)<\/li>\n<li>Gr\u00f6nvik, Kjell-Olov (veterin\u00e4rmedicin)<\/li>\n<li>Gunnarsson, Anders, avdelningschef (veterin\u00e4rmedicin)<\/li>\n<li>Gunnarsson, Stefan, veterin\u00e4r (veterin\u00e4rmedicin)<\/li>\n<li>Gustafson, Ingvar, \u00f6verl\u00e4kare (anestesiologi)<\/li>\n<li>Gustafson, Lars, professor (geriatrisk psykiatri)<\/li>\n<\/ul>\n<h3>H<\/h3>\n<ul>\n<li>Haeger-Aronsen, Birgitta, professor (yrkesmedicin)<\/li>\n<li>Hagberg, Bo, professor (\u00e5ldrande)<\/li>\n<li>Hambraeus, Leif, professor (n\u00e4ringsfysiologi)<\/li>\n<li>Hansson, G\u00f6ran K., professor (molekyl\u00e4r medicin)<\/li>\n<li>Hedner, Ulla, professor (koagulationssjukdomar)<\/li>\n<li>Hellstr\u00f6m, Anders, veterin\u00e4r (veterin\u00e4rmedicin)<\/li>\n<li>Henriksson, Karl-G\u00f6sta, professor (muskelsjukdomar)<\/li>\n<li>Herlitz, Staffan, kriminalkommissarie (fingeravtryck)<\/li>\n<li>Hindfelt, Bengt, docent (neurologi)<\/li>\n<li>Holgersson, Stig, biolog (kriminalteknik)<\/li>\n<li>Holmer, Nils-Gunnar, professor (medicinsk teknik)<\/li>\n<li>Holmstedt, Stig, veterin\u00e4r (veterin\u00e4rmedicin)<\/li>\n<li>Holt\u00e5s, Stig, professor (neuroradiologi)<\/li>\n<li>Hongslo, Thorbj\u00f6rn, fil.kand.(veterin\u00e4rmedicin)<\/li>\n<li>Hulth\u00e9n, Lennart, docent (endokrinologi)<\/li>\n<li>Hurvell, Bengt, professor (veterin\u00e4rmedicin)<\/li>\n<li>H\u00f6gman, Claes, professor (blodgruppsserologi)<\/li>\n<\/ul>\n<h3>I<\/h3>\n<ul>\n<li>Ingvar, David H., professor (neurofysiologi)<\/li>\n<li>Ingvar, Lars, byr\u00e5chef (medicinhistoria)<\/li>\n<li>Isacsson, Sven-Olof, professor(socialmedicin)<\/li>\n<\/ul>\n<h3>J<\/h3>\n<ul>\n<li>Jacobson, Nils-Olof, \u00f6verl\u00e4kare (alternativmedicin)<\/li>\n<li>Jansson, D\u00e9sir\u00e9e S., veterin\u00e4r (veterin\u00e4rmedicin)<\/li>\n<li>Janzon, Lars, professor (epidemiologi)<\/li>\n<li>Jeppsson, Jan-Olof, docent (klinisk kemi)<\/li>\n<li>Jerrhag, Daniel, leg.l\u00e4kare (ortopedi)<\/li>\n<li>Johannison, Karin, professor (medicinhistoria)<\/li>\n<li>Johansson, Catja, docent (gastroenterologi)<\/li>\n<li>Johansson, Kjell A., fil.kand. (medicinhistoria)<\/li>\n<li>Johansson, Olle, universitetslektor (kiropraktik)<\/li>\n<li>Johnson, Bj\u00f6rnfil.dr (metadonbehandling)<\/li>\n<li>Johnsson, John, laborator (r\u00e4ttskemi)<\/li>\n<li>Jones, Wayne, docent (r\u00e4ttskemi)<\/li>\n<li>Jonson, Bj\u00f6rn, professor (klinisk fysiologi)<\/li>\n<li>Jonsson, Nils, professor (patologi)<\/li>\n<li>J\u00f6rnvall, Hans, professor (medicinsk kemi)<\/li>\n<\/ul>\n<h3>K<\/h3>\n<ul>\n<li>Karlson-Stiber, Christine, bitr. \u00f6verl\u00e4kare (klinisk toxikologi)<\/li>\n<li>Karlsson, Jan-Erik, laborator(kriminalteknik)<\/li>\n<li>Kjell\u00e9n, Lars, professor (virologi)<\/li>\n<li>Klingeborn, Berndt, bitr. professor (veterin\u00e4rmedicin)<\/li>\n<li>Klingenberg, Kerstin, veterin\u00e4r (veterin\u00e4rmedicin)<\/li>\n<li>Klintevall, Kristina, veterin\u00e4r (veterin\u00e4rmedicin) (nuv. e)<\/li>\n<li>Knave, Bengt, professor (arbetsmedicin)<\/li>\n<li>Kopp, Ingvar, professor (kriminalteknik)<\/li>\n<li>Krantz, Peter, docent (r\u00e4ttsmedicin)<\/li>\n<li>Kronholm, Tryggve, professor (medicinhistoria)<\/li>\n<li>Kugelberg, Jan, professor (thoraxkirurgi)<\/li>\n<li>Kullendorff, Carl-Magnus, docent (barnkirurgi)<\/li>\n<li>Kvist, Ulrik, docent (andrologi)<\/li>\n<\/ul>\n<h3>L<\/h3>\n<ul>\n<li>Lambert, Bo, professor (klinisk genetik)<\/li>\n<li>Landberg, Torsten, professor (onkologi)<\/li>\n<li>Larsson, Agne, professor (\u00e4mnesoms\u00e4ttningsrubbningar)<\/li>\n<li>Larsson, K. Sune, professor (odontologi)<\/li>\n<li>Larsson, Stig, professor (medicinhistoria)<\/li>\n<li>Laurell, Anna-Brita, professor (immunologi)<\/li>\n<li>Laurell, Lars, flyg\u00f6verl\u00e4kare (flygmedicin)<\/li>\n<li>Leden, Ido, \u00f6verl\u00e4kare (reumatologi)<\/li>\n<li>Lindal, Elisabet, veterin\u00e4r (veterin\u00e4rmedicin)<\/li>\n<li>Lindberg, Bo, professor (medicinhistoria)<\/li>\n<li>Lindblom, Bertil, professor (r\u00e4ttsserologi)<\/li>\n<li>Lindgren, Bj\u00f6rn, professor (h\u00e4lsoekonomi)<\/li>\n<li>Lindholm, Karin, chefs\u00f6verl\u00e4kare (klinisk cytologi)<\/li>\n<li>Lindquist, Bertil, professor (pediatrik)<\/li>\n<li>Lindstedt, Eric, docent (urologi)<\/li>\n<li>Ljungberg, Lennart, docent (medicinhistoria, psykiatri)<\/li>\n<li>Ljungsberg, Johan (alternativmedicin)<\/li>\n<li>Lohmander, Stefan, docent (ortopedi)<\/li>\n<li>Lorentzon, Peter, utredningssekreterare (handikappfr\u00e5gor)<\/li>\n<li>Lorentzon, Ronny, professor (idrottsmedicin)<\/li>\n<li>Losman, Beata, docent (medicinhistoria)<\/li>\n<li>Lundberg, Per, fil.dr (toxikologi)<\/li>\n<li>Lundborg, G\u00f6ran, professor (handkirurgi)<\/li>\n<li>Lundh, Bengt, docent (internmedicin) (nuv. e)<\/li>\n<li>Lundin, Tom, docent (psykiatri)<\/li>\n<li>Lundstr\u00f6m, Nils Rune, professor (barnkardiologi)<\/li>\n<li>L\u00f6nn, Yvonne, avdelningsdirekt\u00f6r (statistik)<\/li>\n<\/ul>\n<h3>M<\/h3>\n<ul>\n<li>Malmberg, Kerstin, \u00f6verl\u00e4kare (psykiatri)<\/li>\n<li>Malmer, Christina, barnmorska (f\u00f6rlossningsv\u00e5rd)<\/li>\n<li>Malmquist, J\u00f6rgen, docent (internmedicin)<\/li>\n<li>Mandahl, Nils, professor (genetik)<\/li>\n<li>Mattsson-Coll, Anders, studierektor (naprapati)<\/li>\n<li>Melander, Arne, professor (klinisk farmakologi)<\/li>\n<li>Messeter, Kenneth, docent (anestesiologi)<\/li>\n<li>Mitelman, Felix, professor (medicinsk genetik)<\/li>\n<li>Mo\u00ebll, Hans, docent (medicinhistoria)<\/li>\n<li>Moreno-Lopez, Jorge, docent (veterin\u00e4rmedicin)<\/li>\n<li>Moritz, Ulrich, professor (fysikalisk medicin och terapi)<\/li>\n<li>Morris, Christine, leg.l\u00e4kare (medicinhistoria)<\/li>\n<li>M\u00f6ller, Torgil, docent (onkologi)<\/li>\n<li>M\u00f6rner, Torsten, statsveterin\u00e4r (veterin\u00e4rmedicin)<\/li>\n<li>M\u00f6rnstad, H\u00e5kan, docent (r\u00e4ttsmedicin)<\/li>\n<\/ul>\n<h3>N<\/h3>\n<ul>\n<li>Nelson, Buck Dean, professor (cellbiologi)<\/li>\n<li>Nettelbladt, Ulrika, professor (logopedi)<\/li>\n<li>Nilsson, Lars-G\u00f6ran, professor (psykologi)<\/li>\n<li>Nilsson, Ove, professor (anatomi, embryologi)<\/li>\n<li>Nordberg, Gunvor, avdelningsdirekt\u00f6r (veterin\u00e4rmedicin)<\/li>\n<li>Nordholm, Sven, f.d. rektor (pedagogik)<\/li>\n<li>Nordstr\u00f6m, Carl-Henrik, docent (neurokirurgi)<\/li>\n<li>Nordstr\u00f6m, G\u00f6ran, \u00f6verl\u00e4kare (psykiatri)<\/li>\n<li>Norrby, Erling, professor (virologi)<\/li>\n<li>Norrby, Ragnar, professor (infektionssjukdomar)<\/li>\n<li>Nosslin, Bertil, professor (nuklearmedicin)<\/li>\n<li>Nycander, Margareta, zonterapeut (alternativmedicin)<\/li>\n<li>Nyman, Dag, docent (koagulationsl\u00e4ra)<\/li>\n<\/ul>\n<h3>O<\/h3>\n<ul>\n<li>Olin, Christian, professor (thoraxkirurgi)<\/li>\n<li>Olsson, Rolf, docent (internmedicin)<\/li>\n<li>Olsson, Tore, 1:e biolog (kriminalteknik)<\/li>\n<li>Ormstad, Kari, docent (r\u00e4ttsmedicin)<\/li>\n<li>Oscarson, Jan, docent (kirurgi)<\/li>\n<li>Otto, Ulf, docent (psykiatri)<\/li>\n<li>Ottosson, Jan-Otto, professor (psykiatri)<\/li>\n<li>Owman, Christer, professor (histologi)<\/li>\n<\/ul>\n<h3>P<\/h3>\n<ul>\n<li>Persson, Bodil, distriktsl\u00e4kare (medicinhistoria)<\/li>\n<li>Persson, Hans, \u00f6verl\u00e4kare (toxikologi)<\/li>\n<li>Pettersson, Ulf, professor (genetik)<\/li>\n<li>Pont\u00e9n, Jan, professor (patologi)<\/li>\n<li>P\u00f6yh\u00f6nen, Reijo (akupunktur)<\/li>\n<\/ul>\n<h3>Q<\/h3>\n<ul>\n<li>Qvarsell, Roger, professor (medicinhistoria)<\/li>\n<\/ul>\n<h3>R<\/h3>\n<ul>\n<li>Rand\u00e9n, Johan, leg.l\u00e4kare (allm\u00e4nmedicin)<\/li>\n<li>Ripe, Erik, docent (lungmedicin)<\/li>\n<li>Rippe, Bengt, professor (njurmedicin)<\/li>\n<li>Ron\u00e9us, Merike, statsveterin\u00e4r (veterin\u00e4rmedicin)<\/li>\n<li>Rorsman, Hans, professor (dermatologi, venereologi)<\/li>\n<li>Rybo, G\u00f6ran, docent (obstetrik, gynekologi)<\/li>\n<li>Rydberg, Ulf, professor (alkoholforskning)<\/li>\n<li>Ryd\u00e9n, Lars, professor (kardiologi)<\/li>\n<li>Rydholm, Anders, docent (ortopedi)<\/li>\n<li>Rylander, Ragnar, professor (hygien)<\/li>\n<li>R\u00f6ssner, Stephan, professor (internmedicin)<\/li>\n<\/ul>\n<h3>S<\/h3>\n<ul>\n<li>Sachs, Charlotte, docent (neurologi)<\/li>\n<li>Salford, Leif, professor (neurokirurgi)<\/li>\n<li>Samuelsson, Gunnar, professor (farmakognosi)<\/li>\n<li>Sandberg-Olsson, Anita (alternativmedicin)<\/li>\n<li>von Schantz, Malcolm, fil.dr (\u00f6gats fysiologi och biokemi)<\/li>\n<li>Scherst\u00e9n, Tore, professor (kirurgi)<\/li>\n<li>Sch\u00fcller, Hans, docent (thoraxkirurgi)<\/li>\n<li>Siesj\u00f6, Bo, professor (neurokemi)<\/li>\n<li>Sj\u00f6berg, Nils-Otto, professor (obstetrik)<\/li>\n<li>Sj\u00f6gren, Bengt, med.dr (yrkesmedicin)<\/li>\n<li>Sj\u00f6str\u00f6m, Hans, professor (medicinsk kemi)<\/li>\n<li>Skerfving, Staffan, professor (yrkesmedicin)<\/li>\n<li>Smedby, Bj\u00f6rn, professor (h\u00e4lso- och sjukv\u00e5rdsforskning)<\/li>\n<li>Sonesson, Bertil, docent (anatomi)<\/li>\n<li>Stenkula, Staffan, \u00f6verl\u00e4kare (oftalmologi)<\/li>\n<li>Sternby, Nils-Herman, professor (patologi)<\/li>\n<li>Sturfelt, Gunnar, docent (reumatologi)<\/li>\n<li>Swahn, Jan-\u00d6jvind, professor (medicinhistoria)<\/li>\n<li>\n<div>Svensson, Bengt, professor (narkotikamissbruk)<\/div>\n<div><\/div>\n<\/li>\n<li>\n<div>Svensson, Camilla, leg. sjuksk\u00f6terska (trakealv\u00e5rd)<\/div>\n<\/li>\n<li>S\u00f6derlund, Greger (alternativmedicin)<\/li>\n<li>S\u00f6derlund Leifler, Karin, med.dr (cancer och biografier)<\/li>\n<li>S\u00f6derqvist, Thomas, docent (medicinhistoria)<\/li>\n<li>S\u00f6rbom, Per, docent (medicinhistoria)<\/li>\n<\/ul>\n<h3>T<\/h3>\n<ul>\n<li>Tansj\u00f6, Levi, docent (medicinhistoria)<\/li>\n<li>Thiringer, Gunnar, docent (yrkesmedicin)<\/li>\n<li>Thulin, Ola, \u00f6verl\u00e4kare (narkotikamissbruk)<\/li>\n<li>Tibblin, G\u00f6sta, professor (allm\u00e4nmedicin)<\/li>\n<li>Treiberg Berndtsson, Louise, leg. veterin\u00e4r (veterin\u00e4rmedicin)<\/li>\n<li>Tuns\u00e4ter, Alf, leg.l\u00e4kare (allergologi)<\/li>\n<li>Tunving, Kerstin, \u00f6verl\u00e4kare (narkotikamissbruk)<\/li>\n<\/ul>\n<h3>U<\/h3>\n<ul>\n<li>Uggla, Arvid, professor (parasitologi)<\/li>\n<li>Unenge Hallerb\u00e4ck, Maria, \u00f6verl\u00e4kare (psykiatri)<\/li>\n<li>Ursing, Bo, docent (infektionssjukdomar)<\/li>\n<\/ul>\n<h3>VW<\/h3>\n<ul>\n<li>Wahlgren, Mats, professor (parasitologi)<\/li>\n<li>Valentin, Jack, docent (genetik)<\/li>\n<li>Vallbo, \u00c5ke, professor (sinnesfysiologi)<\/li>\n<li>Valverius, Milan, docent (alkoholforskning)<\/li>\n<li>Westin, Jan, docent (hematologi)<\/li>\n<li>Westling, H\u00e5kan, professor (medicinhistoria)<\/li>\n<li>Wieslander, Lars, docent (cellforskning)<\/li>\n<li>Wigzell, Hans, professor (immunologi)<\/li>\n<li>Wiklund, Olov, professor (internmedicin)<\/li>\n<li>Winqvist, G\u00f6sta, professor (veterin\u00e4rmedicin)<\/li>\n<li>Voigt, Gerhard, professor (r\u00e4ttsmedicin)<\/li>\n<\/ul>\n<h3>Z<\/h3>\n<ul>\n<li>Zetterstr\u00f6m, Bj\u00f6rn, generall\u00e4kare (f\u00f6rsvarsmedicin)<\/li>\n<li>Zetterstr\u00f6m, Rolf, professor (pediatrik)<\/li>\n<\/ul>\n<h3>\u00c5<\/h3>\n<ul>\n<li>\u00c5berg, Magnus, docent (plastikkirurgi)<\/li>\n<li>\u00c5man, Margareta, fil.dr (medicinhistoria)<\/li>\n<li>\u00c5sw\u00e4rd, J\u00f6rgen, naturl\u00e4kare (alternativmedicin)<\/li>\n<\/ul>\n<h3>\u00d6<\/h3>\n<ul>\n<li>\u00d6gren, Jan Erik, apotekare (farmaci)<\/li>\n<li>\u00d6wall, Bengt, professor (odontologi)<\/li>\n<\/ul>\n                    <\/div>\n    <\/div>\n<\/section>\n\n\n\n\n\n\n<section  class=\"big-header bg-gray \">\n    <div class=\"container\">\n        <div class=\"inner  pt-5 pb-5\">\n\n            \n\n<div class=\"big-header-center\">\n                \n<h3 class=\"h3\"> Redaktionen <\/h3>                \n<p class=\"ample\">\n    Har du en allm\u00e4n fr\u00e5ga eller synpunkt g\u00e4llande inneh\u00e5llet i v\u00e5ra tj\u00e4nster \u00e4r du v\u00e4lkommen att h\u00f6ra av dig till oss p\u00e5 redaktionen.<\/p>    \n    \n            <div class=\"btn-container\">\n                            \n<a href=\"https:\/\/www.ne.se\/info\/kontaktsida\/?tab=Redaktion\" target=\"_blank\" aria-label=\"Kontakta oss\" class=\"button button-blue\">\n    Kontakta oss            <svg width=\"16\" height=\"16\" viewBox=\"0 0 16 16\" fill=\"none\" xmlns=\"http:\/\/www.w3.org\/2000\/svg\">\n<path d=\"M14 6.00001L14 2.00001M14 2.00001H9.99999M14 2.00001L8 8M6.66667 2H5.2C4.0799 2 3.51984 2 3.09202 2.21799C2.71569 2.40973 2.40973 2.71569 2.21799 3.09202C2 3.51984 2 4.07989 2 5.2V10.8C2 11.9201 2 12.4802 2.21799 12.908C2.40973 13.2843 2.71569 13.5903 3.09202 13.782C3.51984 14 4.07989 14 5.2 14H10.8C11.9201 14 12.4802 14 12.908 13.782C13.2843 13.5903 13.5903 13.2843 13.782 12.908C14 12.4802 14 11.9201 14 10.8V9.33333\" stroke=\"#F2F5F8\" stroke-width=\"2\" stroke-linecap=\"round\" stroke-linejoin=\"round\"\/>\n<\/svg>\n    <\/a>                                <\/div>\n    <\/div>\n        <\/div>\n    <\/div>\n<\/section>","protected":false},"excerpt":{"rendered":"","protected":false},"author":6,"featured_media":0,"parent":5420,"menu_order":0,"comment_status":"closed","ping_status":"closed","template":"","meta":{"inline_featured_image":false,"footnotes":""},"subject":[],"class_list":["post-5648","page","type-page","status-publish","hentry"],"acf":[],"_links":{"self":[{"href":"https:\/\/www.ne.se\/info\/wp-json\/wp\/v2\/pages\/5648","targetHints":{"allow":["GET"]}}],"collection":[{"href":"https:\/\/www.ne.se\/info\/wp-json\/wp\/v2\/pages"}],"about":[{"href":"https:\/\/www.ne.se\/info\/wp-json\/wp\/v2\/types\/page"}],"author":[{"embeddable":true,"href":"https:\/\/www.ne.se\/info\/wp-json\/wp\/v2\/users\/6"}],"replies":[{"embeddable":true,"href":"https:\/\/www.ne.se\/info\/wp-json\/wp\/v2\/comments?post=5648"}],"version-history":[{"count":8,"href":"https:\/\/www.ne.se\/info\/wp-json\/wp\/v2\/pages\/5648\/revisions"}],"predecessor-version":[{"id":16512,"href":"https:\/\/www.ne.se\/info\/wp-json\/wp\/v2\/pages\/5648\/revisions\/16512"}],"up":[{"embeddable":true,"href":"https:\/\/www.ne.se\/info\/wp-json\/wp\/v2\/pages\/5420"}],"wp:attachment":[{"href":"https:\/\/www.ne.se\/info\/wp-json\/wp\/v2\/media?parent=5648"}],"wp:term":[{"taxonomy":"subject","embeddable":true,"href":"https:\/\/www.ne.se\/info\/wp-json\/wp\/v2\/subject?post=5648"}],"curies":[{"name":"wp","href":"https:\/\/api.w.org\/{rel}","templated":true}]}}