{"id":5660,"date":"2023-04-27T19:49:01","date_gmt":"2023-04-27T19:49:01","guid":{"rendered":"https:\/\/www.ne.se\/info\/?page_id=5660"},"modified":"2023-04-27T19:49:02","modified_gmt":"2023-04-27T19:49:02","slug":"musik","status":"publish","type":"page","link":"https:\/\/www.ne.se\/info\/experter-och-skribenter\/musik\/","title":{"rendered":"Musik"},"content":{"rendered":"\n\n<section  class=\"big-header bg-gradient-top \">\n    <div class=\"container\">\n        <div class=\"inner   \">\n\n            \n\n<div class=\"big-header-center\">\n            \n<p class=\"uptext center\">\n    Experter och skribenter    <span class=\"line\"><\/span>\n<\/p>                \n<h2 class=\"h2\"> Musik <\/h2>        \n    \n    <\/div>\n        <\/div>\n    <\/div>\n<\/section>\n\n\n\n<section  class=\"blog-text\">\n    <div class=\"container\">\n        <div class=\"inner  pt-0 pb-5\">\n                            \n<h3 class=\"h3\"> Redakt\u00f6r: Per S\u00f6derberg <\/h3>                                        <h3>A<\/h3>\n<ul>\n<li>Aghed, Jan, journalist (country and western)<\/li>\n<li>Agrell, Alexander, journalist (jazz)<\/li>\n<li>Ahlstedt, Eva, fil.dr<\/li>\n<li>Andersson, Greger, professor<\/li>\n<li>Asplund, Anneli, fil.mag.<\/li>\n<li>Axelsson, Olof, musiketnolog (afrikansk musik)<\/li>\n<\/ul>\n<h3>B<\/h3>\n<ul>\n<li>Berger, Sven, fil.kand. (musikinstrument)<\/li>\n<li>Bernski\u00f6ld, Hans, fil.dr<\/li>\n<li>Bj\u00f6rnberg, Alf, professor (rock, popul\u00e4rmusik)<\/li>\n<li>Blomquist, Gunvor, f.d. kulturredakt\u00f6r<\/li>\n<li>Blomqvist, Jerker, professor<\/li>\n<li>Bohlin, Folke, professor<\/li>\n<li>Bohman, Stefan, fil.dr, museichef<\/li>\n<li>Breithel, Ingemar, redakt\u00f6r<\/li>\n<li>Brilioth, Erik-Gustaf (slaginstrument)<\/li>\n<li>Brolinson, Per-Erik, docent<\/li>\n<li>Broman \u00c5kesson, Johanna, fil.dr<\/li>\n<\/ul>\n<h3>C<\/h3>\n<ul>\n<li>Carlsson, Anders, fil.dr<\/li>\n<\/ul>\n<h3>D<\/h3>\n<ul>\n<li>Dahl, H\u00e5kan, fil.kand.<\/li>\n<li>Davidsson, Hans, fil.dr (orgel)<\/li>\n<li>De Geer, Ingrid, docent<\/li>\n<li>Dunkels, Irena, fil.dr<\/li>\n<\/ul>\n<h3>E<\/h3>\n<ul>\n<li>Ed\u00e9n, Viggo, musikledare (klaverinstrument)<\/li>\n<li>Edling, Anders, fil.dr<\/li>\n<li>Edstr\u00f6m, Karl-Olof, professor<\/li>\n<li>Einarsson, Mats, musikproducent<\/li>\n<li>Ekenberg, Anders, docent<\/li>\n<li>Ekstr\u00f6m, Per, redakt\u00f6r (opera)<\/li>\n<li>Ellegaard, Mogens, professor (dragspel)<\/li>\n<li>Ellerstr\u00f6m, Jonas, fil.kand.<\/li>\n<li>Engstr\u00f6m, Bengt Olof, musikdirekt\u00f6r, f.d. konserthuschef<\/li>\n<li>Engstr\u00f6m, \u00c5ke, musikdirekt\u00f6r<\/li>\n<li>Eriksson, Ola, universitetslektor (musikteori)<\/li>\n<li>Eriksson, P\u00e5l (jazz)<\/li>\n<li>Eriksson, Tore, fil.dr<\/li>\n<\/ul>\n<h3>F<\/h3>\n<ul>\n<li>Fischer, Fredrik, journalist (musikal)<\/li>\n<li>Forn\u00e4s, Johan, professor<\/li>\n<li>F\u00f6lsch, Rolli (rock)<\/li>\n<\/ul>\n<h3>G<\/h3>\n<ul>\n<li>Gabrielsson, Alf, professor<\/li>\n<li>Gademan, G\u00f6ran, docent (opera)<\/li>\n<li>af Geijerstam, Claes, fil.dr<\/li>\n<li>Gerber, Maynard, kantor<\/li>\n<li>Grandin, Ingemar, fil.dr (asiatisk musik)<\/li>\n<\/ul>\n<h3>H<\/h3>\n<ul>\n<li>Hall, Lennart, professor (musikteori)<\/li>\n<li>Hallgren, Lars, fil.kand.<\/li>\n<li>Hambr\u00e6us, Bengt, professor<\/li>\n<li>Hammarlund, Anders, docent<\/li>\n<li>Hansson, Anders, redakt\u00f6r<\/li>\n<li>Haslum, Bengt, fil.kand. (operett)<\/li>\n<li>Hedblad, Lars, musikskriftst\u00e4llare<\/li>\n<li>Hedin, \u00d6sten, bibliotekarie (rock)<\/li>\n<li>Hedwall, Lennart, fil.dr<\/li>\n<li>Helenius-\u00d6berg, Eva, fil.dr<\/li>\n<li>Hellqvist, Per-Anders, musikskriftst\u00e4llare<\/li>\n<li>Henriksson, Sten, fil.dr<\/li>\n<li>Hofsten, Sune, bibliotekarie (opera)<\/li>\n<\/ul>\n<h3>I<\/h3>\n<ul>\n<li>Ivarsdotter-Johnson, Anna, bitr. professor<\/li>\n<\/ul>\n<h3>J<\/h3>\n<ul>\n<li>Jacobson, Staffan, fil.kand.<\/li>\n<li>Jacobsson, Stig, musikjournalist<\/li>\n<li>Jahja, Rosman, redakt\u00f6r (rock)<\/li>\n<li>Jansson, Sven Bertil, docent<\/li>\n<li>Jersild, Margareta, docent<\/li>\n<li>Johansson, Kjell A., fil.kand.<\/li>\n<li>Johansson, Tommy C., musiker (gitarr) Jonsson, Bengt R., professor<\/li>\n<li>J\u00e4rv, Harry, fil.dr<\/li>\n<\/ul>\n<h3>K<\/h3>\n<ul>\n<li>Karlsson, Henrik, fil.dr.<\/li>\n<li>Kask, Jan, fil.kand.<\/li>\n<li>Kjellberg, Erik, professor<\/li>\n<li>von Konow, Albrekt, fil.kand. (jazz)<\/li>\n<\/ul>\n<h3>L<\/h3>\n<ul>\n<li>Lars\u00e9n, Carlh\u00e5kan, redakt\u00f6r<\/li>\n<li>van der Lee, Pedro, fil.kand. (latinamerikansk musik)<\/li>\n<li>Lewenhaupt, Inga, fil.dr<\/li>\n<li>Liljencrants, Johan, tekn.dr<\/li>\n<li>Lilliestam, Lars, professor (rock)<\/li>\n<li>Lindberg, Boel, professor<\/li>\n<li>Lindstr\u00f6m, Sven (rock)<\/li>\n<li>Ling, Jan, professor<\/li>\n<li>Lund, Cajsa S., fil.kand. (musikarkeologi)<\/li>\n<li>Lundberg, Dan, docent<\/li>\n<li>Lundstr\u00f6m, H\u00e5kan, fil.dr (asiatisk musik)<\/li>\n<\/ul>\n<h3>M<\/h3>\n<ul>\n<li>Malm, Krister, docent<\/li>\n<li>Malmqvist, Stefan, musikjournalist (rock)<\/li>\n<li>Mattsson, Christina, fil.kand.<\/li>\n<li>Meiling, Jakob G. (rock)<\/li>\n<\/ul>\n<h3>N<\/h3>\n<ul>\n<li>Nilsson, Anne-Marie, docent<\/li>\n<li>Nordmark, Dag, professor<\/li>\n<li>Norl\u00e9n, H\u00e5kan, redakt\u00f6r<\/li>\n<\/ul>\n<h3>O<\/h3>\n<ul>\n<li>Olander, Staffan, bankdirekt\u00f6r (rock)<\/li>\n<\/ul>\n<h3>P<\/h3>\n<ul>\n<li>Persson, Lennart, musikskribent (rock)<\/li>\n<\/ul>\n<h3>R<\/h3>\n<ul>\n<li>Ralf, Klas, redakt\u00f6r (opera)<\/li>\n<li>Ramsten, M\u00e4rta, docent<\/li>\n<li>Ranung, Bj\u00f6rn, fil.lic.<\/li>\n<li>Reimers, Lennart, professor<\/li>\n<li>Reinholdsson, Peter, fil.dr (jazz)<\/li>\n<li>Ronstr\u00f6m, Owe, professor<\/li>\n<li>Rud\u00e9n, Jan Olof, fil.lic.<\/li>\n<li>R\u00e4fteg\u00e5rd, B\u00f6rje, fil.dr (jazz)<\/li>\n<li>R\u00f6rby, Margareta, fil.kand.<\/li>\n<\/ul>\n<h3>S<\/h3>\n<ul>\n<li>Sandgren, Emil, musikjournalist<\/li>\n<li>Scherwin, Johan, musikjournalist (jazz)<\/li>\n<li>af Schmidt, Frans, redakt\u00f6r<\/li>\n<li>Sepp\u00e4l\u00e4, Hilkka, fil.dr<\/li>\n<li>Sj\u00f6berg, Paul-Christian, musikbibliotekarie<\/li>\n<li>Sj\u00f6gren, Henrik, redakt\u00f6r<\/li>\n<li>Skans, Per, redakt\u00f6r<\/li>\n<li>Stenholm, Bj\u00f6rn, docent<\/li>\n<li>Stinnerbom, Leif, musikantikvarie<\/li>\n<li>Stockfelt, Ola, professor<\/li>\n<li>Sundberg, Johan, professor (musikakustik)<\/li>\n<li>Swahn, Jan-\u00d6jvind, professor<\/li>\n<\/ul>\n<h3>T<\/h3>\n<ul>\n<li>Tagg, Philip, docent (filmmusik)<\/li>\n<li>Tapper, Michael, fil.dr (filmmusik)<\/li>\n<li>Tegner, Elisabeth, fil.kand. (rock)<\/li>\n<li>Ternhag, Gunnar, professor<\/li>\n<li>Tidemalm, Dag, fil.mag.<\/li>\n<\/ul>\n<h3>VW<\/h3>\n<ul>\n<li>Werkm\u00e4ster, Barbro, fil.kand., f\u00f6rfattare<\/li>\n<li>Wiklund, Anders, professor<\/li>\n<li>Wikman, Bertil, universitetslektor, konsertpianist<\/li>\n<li>Wiman, Ulf (rock)<\/li>\n<\/ul>\n<h3>Z<\/h3>\n<ul>\n<li>Zetterholm, Finn, f\u00f6rfattare, fil.kand.<\/li>\n<\/ul>\n<h3>\u00c5<\/h3>\n<ul>\n<li>\u00c5hl\u00e9n, Carl-Gunnar, musikredakt\u00f6r, fil.dr<\/li>\n<\/ul>\n<h3>\u00d6<\/h3>\n<ul>\n<li>\u00d6hrstr\u00f6m, Eva, professor<\/li>\n<\/ul>\n                    <\/div>\n    <\/div>\n<\/section>\n\n\n\n\n\n\n<section  class=\"big-header bg-gray \">\n    <div class=\"container\">\n        <div class=\"inner  pt-5 pb-5\">\n\n            \n\n<div class=\"big-header-center\">\n                \n<h3 class=\"h3\"> Redaktionen <\/h3>                \n<p class=\"ample\">\n    Har du en allm\u00e4n fr\u00e5ga eller synpunkt g\u00e4llande inneh\u00e5llet i v\u00e5ra tj\u00e4nster \u00e4r du v\u00e4lkommen att h\u00f6ra av dig till oss p\u00e5 redaktionen.<\/p>    \n    \n            <div class=\"btn-container\">\n                            \n<a href=\"https:\/\/www.ne.se\/info\/kontaktsida\/?tab=Redaktion\" target=\"_blank\" aria-label=\"Kontakta oss\" class=\"button button-blue\">\n    Kontakta oss            <svg width=\"16\" height=\"16\" viewBox=\"0 0 16 16\" fill=\"none\" xmlns=\"http:\/\/www.w3.org\/2000\/svg\">\n<path d=\"M14 6.00001L14 2.00001M14 2.00001H9.99999M14 2.00001L8 8M6.66667 2H5.2C4.0799 2 3.51984 2 3.09202 2.21799C2.71569 2.40973 2.40973 2.71569 2.21799 3.09202C2 3.51984 2 4.07989 2 5.2V10.8C2 11.9201 2 12.4802 2.21799 12.908C2.40973 13.2843 2.71569 13.5903 3.09202 13.782C3.51984 14 4.07989 14 5.2 14H10.8C11.9201 14 12.4802 14 12.908 13.782C13.2843 13.5903 13.5903 13.2843 13.782 12.908C14 12.4802 14 11.9201 14 10.8V9.33333\" stroke=\"#F2F5F8\" stroke-width=\"2\" stroke-linecap=\"round\" stroke-linejoin=\"round\"\/>\n<\/svg>\n    <\/a>                                <\/div>\n    <\/div>\n        <\/div>\n    <\/div>\n<\/section>","protected":false},"excerpt":{"rendered":"","protected":false},"author":6,"featured_media":0,"parent":5420,"menu_order":0,"comment_status":"closed","ping_status":"closed","template":"","meta":{"inline_featured_image":false,"footnotes":""},"subject":[],"class_list":["post-5660","page","type-page","status-publish","hentry"],"acf":[],"_links":{"self":[{"href":"https:\/\/www.ne.se\/info\/wp-json\/wp\/v2\/pages\/5660","targetHints":{"allow":["GET"]}}],"collection":[{"href":"https:\/\/www.ne.se\/info\/wp-json\/wp\/v2\/pages"}],"about":[{"href":"https:\/\/www.ne.se\/info\/wp-json\/wp\/v2\/types\/page"}],"author":[{"embeddable":true,"href":"https:\/\/www.ne.se\/info\/wp-json\/wp\/v2\/users\/6"}],"replies":[{"embeddable":true,"href":"https:\/\/www.ne.se\/info\/wp-json\/wp\/v2\/comments?post=5660"}],"version-history":[{"count":2,"href":"https:\/\/www.ne.se\/info\/wp-json\/wp\/v2\/pages\/5660\/revisions"}],"predecessor-version":[{"id":5662,"href":"https:\/\/www.ne.se\/info\/wp-json\/wp\/v2\/pages\/5660\/revisions\/5662"}],"up":[{"embeddable":true,"href":"https:\/\/www.ne.se\/info\/wp-json\/wp\/v2\/pages\/5420"}],"wp:attachment":[{"href":"https:\/\/www.ne.se\/info\/wp-json\/wp\/v2\/media?parent=5660"}],"wp:term":[{"taxonomy":"subject","embeddable":true,"href":"https:\/\/www.ne.se\/info\/wp-json\/wp\/v2\/subject?post=5660"}],"curies":[{"name":"wp","href":"https:\/\/api.w.org\/{rel}","templated":true}]}}