{"id":5675,"date":"2023-04-27T19:52:23","date_gmt":"2023-04-27T19:52:23","guid":{"rendered":"https:\/\/www.ne.se\/info\/?page_id=5675"},"modified":"2023-04-27T19:52:24","modified_gmt":"2023-04-27T19:52:24","slug":"pedagogik-och-undervisning","status":"publish","type":"page","link":"https:\/\/www.ne.se\/info\/experter-och-skribenter\/pedagogik-och-undervisning\/","title":{"rendered":"Pedagogik och undervisning"},"content":{"rendered":"\n\n<section  class=\"big-header bg-gradient-top \">\n    <div class=\"container\">\n        <div class=\"inner   \">\n\n            \n\n<div class=\"big-header-center\">\n            \n<p class=\"uptext center\">\n    Experter och skribenter    <span class=\"line\"><\/span>\n<\/p>                \n<h2 class=\"h2\"> Pedagogik och undervisning <\/h2>        \n    \n    <\/div>\n        <\/div>\n    <\/div>\n<\/section>\n\n\n\n<section  class=\"blog-text\">\n    <div class=\"container\">\n        <div class=\"inner  pt-0 pb-5\">\n                            \n<h3 class=\"h3\"> Redakt\u00f6r: Olof Ollerstam <\/h3>                                        <h3>A<\/h3>\n<ul>\n<li>Ag\u00e9lii (Norberg), Eriq, journalist<\/li>\n<li>Ahlquist, Eva Maria, universitetsadjunkt<\/li>\n<li>Anderberg, Stefan, fil.kand.<\/li>\n<li>Andersson, G\u00f6sta, sameskolinspekt\u00f6r<\/li>\n<li>Andersson, Stig, docent<\/li>\n<li>Andersson, \u00d6rjan, informationschef<\/li>\n<li>Andreasson, Jan, enhetschef<\/li>\n<li>Andr\u00e9n, Carl-Gustaf, f.d. universitetskansler<\/li>\n<li>Asker, Bj\u00f6rn, fil.dr<\/li>\n<\/ul>\n<h3>B<\/h3>\n<ul>\n<li>Babic-Odlander, Lidija, redakt\u00f6r<\/li>\n<li>Bergstedt, Gunilla, fil.mag.<\/li>\n<li>Bj\u00f6rck, Henrik, fil.dr<\/li>\n<li>Bj\u00f6rck, Staffan, professor<\/li>\n<li>Bj\u00f6rklund, Elisabeth, universitetslektor<\/li>\n<li>Book, Tommy, docent<\/li>\n<li>Boye-M\u00f8ller, Monica, f\u00f6rvaltningschef<\/li>\n<li>Bron, Agnieszka, professor<\/li>\n<li>Brundenius, Claes, docent<\/li>\n<li>Brundin, Birgitta, universitetsadjunkt<\/li>\n<li>Br\u00e4ndstr\u00f6m, Dan, direkt\u00f6r<\/li>\n<\/ul>\n<h3>C<\/h3>\n<ul>\n<li>Carlgren, Frans, fil.lic.<\/li>\n<\/ul>\n<h3>D<\/h3>\n<ul>\n<li>Dahlgren, Lars Owe, professor<\/li>\n<\/ul>\n<h3>E<\/h3>\n<ul>\n<li>Edlund, Claes, professor<\/li>\n<li>Eklund, Karin, fil.mag.<\/li>\n<li>Eklund, Margareta<\/li>\n<li>Eklundh, Peter, universitetsadjunkt<\/li>\n<li>Ekman, Martin, docent<\/li>\n<li>Elgemyr, G\u00f6ran, redakt\u00f6r<\/li>\n<li>Elvin, Sten, civilingenj\u00f6r<\/li>\n<li>Engquist, Olle, l\u00e4nsskolinspekt\u00f6r<\/li>\n<li>Eriksson, S\u00f6ren, universitetsadjunkt<\/li>\n<\/ul>\n<h3>F<\/h3>\n<ul>\n<li>Flinck, Rune, docent<\/li>\n<li>Frete, Alicia, fil.mag.<\/li>\n<li>Furuland, Lars, professor<\/li>\n<\/ul>\n<h3>G<\/h3>\n<ul>\n<li>Germundsson, Tomas, fil.dr<\/li>\n<li>Gran, Bertil, docent<\/li>\n<li>Gustafsson, Ingemar, bitr. avdelningschef<\/li>\n<li>Gustafsson, Jan-Eric, professor<\/li>\n<\/ul>\n<h3>H<\/h3>\n<ul>\n<li>Hagstr\u00f6m, Bj\u00f6rn, professor<\/li>\n<li>Hamber, Hans, utbildare, konsult<\/li>\n<li>Hammar, \u00c5sa, rektor<\/li>\n<li>Hellner, Anders, redakt\u00f6r<\/li>\n<li>Henriksson, Karin, departementssekreterare<\/li>\n<li>Herrstr\u00f6m, Gunnar, docent<\/li>\n<li>Hjelmquist, Erland, professor<\/li>\n<li>Holmberg, B\u00f6rje, professor<\/li>\n<li>Holm\u00e9n, Hans, fil.dr<\/li>\n<li>Hult, Jan, professor<\/li>\n<li>Hultin, Mats, skolr\u00e5d<\/li>\n<li>Huovinen, Sulo, fil.kand.<\/li>\n<li>Hus\u00e9n, Torsten, professor<\/li>\n<li>Hyd\u00e9n, Lars-Christer, docent<\/li>\n<li>H\u00e5kansson, Gisela, docent<\/li>\n<li>H\u00e4rnqvist, Kjell, professor<\/li>\n<\/ul>\n<h3>I<\/h3>\n<ul>\n<li>Ingelstam, Lars, professor<\/li>\n<li>Ingvar, Lars, byr\u00e5chef<\/li>\n<\/ul>\n<h3>J<\/h3>\n<ul>\n<li>Jakobsson, Arne, docent<\/li>\n<li>Johansson, Gunnel, avdelningsdirekt\u00f6r<\/li>\n<li>Johansson, Inge, studierektor<\/li>\n<li>Johansson, Jan-Erik, fil.dr<\/li>\n<li>Johansson, Lars, f\u00f6rvaltningschef<\/li>\n<li>Jonsson, Inge, professor<\/li>\n<\/ul>\n<h3>K<\/h3>\n<ul>\n<li>Karlsson, Cristina, informationssekreterare<\/li>\n<li>Karlsson, Jan-Sture, fil.mag.<\/li>\n<li>Karlsson, Klas-G\u00f6ran, docent<\/li>\n<li>Knuthammar, Christer, \u00f6verbibliotekarie<\/li>\n<li>Korl\u00e9n, Gustav, professor emer.<\/li>\n<li>Kraft, Jan, rektor<\/li>\n<li>Kristj\u00e1nsson, Gu\u00f0mundur, byr\u00e5direkt\u00f6r<\/li>\n<li>Krogh Petersen, Bent, konsulent<\/li>\n<li>Krokfors, Christer, universitetsadjunkt<\/li>\n<li>Kroksmark, Tomas, professor<\/li>\n<li>Kyle, Gunhild, professor<\/li>\n<li>K\u00fcng, Andres, f\u00f6rfattare<\/li>\n<li>K\u00e4rrby, Gunni, docent<\/li>\n<\/ul>\n<h3>L<\/h3>\n<ul>\n<li>Landberg, Hans, professor<\/li>\n<li>Larsson, Lars-Olof, professor<\/li>\n<li>Larsson, Staffan, professor<\/li>\n<li>Larsson, Sven-Arne, f.d. skolinspekt\u00f6r<\/li>\n<li>Larsson, Ursula, utl\u00e4ndsk lektor<\/li>\n<li>Lazarescu, Radu, fil.kand.<\/li>\n<li>Leander, Per, byr\u00e5chef<\/li>\n<li>Lema, Antoine, fil.dr<\/li>\n<li>Lind, Agneta, enhetschef<\/li>\n<li>Lindberg, Staffan, docent<\/li>\n<li>Lindstr\u00f6m, Nils-Anders, bitr. skoldirekt\u00f6r<\/li>\n<li>Loberg, Elisabet, fil.kand.<\/li>\n<li>Lorentzon, Peter, utredningssekreterare<\/li>\n<li>Losman, Beata, docent<\/li>\n<li>Lundberg, Ingvar, professor<\/li>\n<li>Lundh, Tina, journalist<\/li>\n<li>L\u00f6tmarker, Ruth, universitetslektor<\/li>\n<\/ul>\n<h3>M<\/h3>\n<ul>\n<li>Macek, Ivana, fil.kand.<\/li>\n<li>Marklund, Sixten, professor<\/li>\n<li>Marton, Ference, professor<\/li>\n<li>Masoliver, Joaqu\u00edn, fil.mag.<\/li>\n<li>Mel\u00e9n, Birgitta, redakt\u00f6r<\/li>\n<li>M\u00e5rtensson, Solveig, docent<\/li>\n<\/ul>\n<h3>N<\/h3>\n<ul>\n<li>Naranjo, Eduardo, fil.kand.<\/li>\n<li>Norberg, Siv, universitetsadjunkt<\/li>\n<li>Norborg, Knut, docent<\/li>\n<li>Nordholm, Sven, rektor<\/li>\n<li>Nordstr\u00f6m, Gert Z., professor<\/li>\n<li>Nyholm, Monica, ekon.mag.<\/li>\n<\/ul>\n<h3>O<\/h3>\n<ul>\n<li>Odelholm, Hans, avdelningsdirekt\u00f6r<\/li>\n<li>Oderstedt, Ingemar, konsult<\/li>\n<li>Olofsson, Joakim, civilekonom<\/li>\n<li>Olsson, Maj-Lis, barnav\u00e5rdsl\u00e4rare<\/li>\n<\/ul>\n<h3>P<\/h3>\n<ul>\n<li>Pettersson, Ove, professor<\/li>\n<li>Pilotti, Anne-Marie, kanslichef<\/li>\n<li>Pilstr\u00f6m, Helen, undervisningsr\u00e5d<\/li>\n<\/ul>\n<h3>R<\/h3>\n<ul>\n<li>Richardson, Gunnar, professor<\/li>\n<li>Rundquist, Franz-Michael A., fil.dr<\/li>\n<li>Rystad, G\u00f6ran, professor<\/li>\n<\/ul>\n<h3>S<\/h3>\n<ul>\n<li>Sabatakakis, Vassilios, fil.kand.<\/li>\n<li>Sandin, Bengt, professor<\/li>\n<li>Schyl-Bjurman, Gertrud, fil.dr<\/li>\n<li>Selander, Staffan, docent<\/li>\n<li>Selander, Sven-\u00c5ke, professor<\/li>\n<li>Selin Lindgren, Eva, professor<\/li>\n<li>Sellstr\u00f6m, Tor, fil.kand.<\/li>\n<li>Sj\u00f6berg, \u00d6rjan, fil.dr<\/li>\n<li>Stjernberg, Gustaf, direkt\u00f6r<\/li>\n<li>Stjernquist, Nils, professor<\/li>\n<li>Strange, John, prorektor<\/li>\n<li>Strinnholm, Curt, universitetsadjunkt<\/li>\n<li>Str\u00e4ng, Gunnel, ombudsman<\/li>\n<li>Stuk\u00e1t, Karl-Gustaf, professor<\/li>\n<li>Sundberg, Torsten, inform. sekreterare<\/li>\n<li>Sundin, Bosse, professor<\/li>\n<li>Sundstr\u00f6m, Niclas, fil.kand.<\/li>\n<li>Svanberg, Ingvar, fil.lic.<\/li>\n<li>Svenonius, Britt Marie, univ.lektor<\/li>\n<li>Svensson, Ove, bitr. skolinspekt\u00f6r<\/li>\n<li>Svensson, Thomas, informationschef<\/li>\n<li>S\u00f6derpalm, Sven Anders, professor<\/li>\n<\/ul>\n<h3>T<\/h3>\n<ul>\n<li>Tamm, Maare, fil.dr<\/li>\n<li>Teveborg, Lennart, generaldirekt\u00f6r<\/li>\n<li>Thavenius, Jan, docent<\/li>\n<li>Thelin, Bengt, fil.dr, teol.lic.<\/li>\n<li>Thomasson, Lars, rektor<\/li>\n<li>Tingbj\u00f6rn, Gunnar, univ.lektor<\/li>\n<li>Tuijnman, Albert, fil.dr<\/li>\n<li>Tveit, Knut, professor<\/li>\n<\/ul>\n<h3>VW<\/h3>\n<ul>\n<li>Wachtmeister, Claes-Adam, redakt\u00f6r<\/li>\n<li>Wallerius, Bengt, fil.dr<\/li>\n<li>Wallin, Erik, professor<\/li>\n<li>Wedman, Ingemar, professor<\/li>\n<li>Willke, Ingeborg, professor<\/li>\n<\/ul>\n<h3>Z<\/h3>\n<ul>\n<li>Zander, Ulf, fil.kand.<\/li>\n<\/ul>\n<h3>\u00d6<\/h3>\n<ul>\n<li>\u00d6stman, Marika<\/li>\n<li>\u00d6wall, Bengt, professor<\/li>\n<\/ul>\n                    <\/div>\n    <\/div>\n<\/section>\n\n\n\n\n\n\n<section  class=\"big-header bg-gray \">\n    <div class=\"container\">\n        <div class=\"inner  pt-5 pb-5\">\n\n            \n\n<div class=\"big-header-center\">\n                \n<h3 class=\"h3\"> Redaktionen <\/h3>                \n<p class=\"ample\">\n    Har du en allm\u00e4n fr\u00e5ga eller synpunkt g\u00e4llande inneh\u00e5llet i v\u00e5ra tj\u00e4nster \u00e4r du v\u00e4lkommen att h\u00f6ra av dig till oss p\u00e5 redaktionen.<\/p>    \n    \n            <div class=\"btn-container\">\n                            \n<a href=\"https:\/\/www.ne.se\/info\/kontaktsida\/?tab=Redaktion\" target=\"_blank\" aria-label=\"Kontakta oss\" class=\"button button-blue\">\n    Kontakta oss            <svg width=\"16\" height=\"16\" viewBox=\"0 0 16 16\" fill=\"none\" xmlns=\"http:\/\/www.w3.org\/2000\/svg\">\n<path d=\"M14 6.00001L14 2.00001M14 2.00001H9.99999M14 2.00001L8 8M6.66667 2H5.2C4.0799 2 3.51984 2 3.09202 2.21799C2.71569 2.40973 2.40973 2.71569 2.21799 3.09202C2 3.51984 2 4.07989 2 5.2V10.8C2 11.9201 2 12.4802 2.21799 12.908C2.40973 13.2843 2.71569 13.5903 3.09202 13.782C3.51984 14 4.07989 14 5.2 14H10.8C11.9201 14 12.4802 14 12.908 13.782C13.2843 13.5903 13.5903 13.2843 13.782 12.908C14 12.4802 14 11.9201 14 10.8V9.33333\" stroke=\"#F2F5F8\" stroke-width=\"2\" stroke-linecap=\"round\" stroke-linejoin=\"round\"\/>\n<\/svg>\n    <\/a>                                <\/div>\n    <\/div>\n        <\/div>\n    <\/div>\n<\/section>","protected":false},"excerpt":{"rendered":"","protected":false},"author":6,"featured_media":0,"parent":5420,"menu_order":0,"comment_status":"closed","ping_status":"closed","template":"","meta":{"inline_featured_image":false,"footnotes":""},"subject":[],"class_list":["post-5675","page","type-page","status-publish","hentry"],"acf":[],"_links":{"self":[{"href":"https:\/\/www.ne.se\/info\/wp-json\/wp\/v2\/pages\/5675","targetHints":{"allow":["GET"]}}],"collection":[{"href":"https:\/\/www.ne.se\/info\/wp-json\/wp\/v2\/pages"}],"about":[{"href":"https:\/\/www.ne.se\/info\/wp-json\/wp\/v2\/types\/page"}],"author":[{"embeddable":true,"href":"https:\/\/www.ne.se\/info\/wp-json\/wp\/v2\/users\/6"}],"replies":[{"embeddable":true,"href":"https:\/\/www.ne.se\/info\/wp-json\/wp\/v2\/comments?post=5675"}],"version-history":[{"count":2,"href":"https:\/\/www.ne.se\/info\/wp-json\/wp\/v2\/pages\/5675\/revisions"}],"predecessor-version":[{"id":5677,"href":"https:\/\/www.ne.se\/info\/wp-json\/wp\/v2\/pages\/5675\/revisions\/5677"}],"up":[{"embeddable":true,"href":"https:\/\/www.ne.se\/info\/wp-json\/wp\/v2\/pages\/5420"}],"wp:attachment":[{"href":"https:\/\/www.ne.se\/info\/wp-json\/wp\/v2\/media?parent=5675"}],"wp:term":[{"taxonomy":"subject","embeddable":true,"href":"https:\/\/www.ne.se\/info\/wp-json\/wp\/v2\/subject?post=5675"}],"curies":[{"name":"wp","href":"https:\/\/api.w.org\/{rel}","templated":true}]}}