{"id":5684,"date":"2023-04-27T19:54:13","date_gmt":"2023-04-27T19:54:13","guid":{"rendered":"https:\/\/www.ne.se\/info\/?page_id=5684"},"modified":"2024-10-16T12:51:45","modified_gmt":"2024-10-16T12:51:45","slug":"religion","status":"publish","type":"page","link":"https:\/\/www.ne.se\/info\/experter-och-skribenter\/religion\/","title":{"rendered":"Religion"},"content":{"rendered":"\n\n<section  class=\"big-header bg-gradient-top \">\n    <div class=\"container\">\n        <div class=\"inner   \">\n\n            \n\n<div class=\"big-header-center\">\n            \n<p class=\"uptext center\">\n    Experter och skribenter    <span class=\"line\"><\/span>\n<\/p>                \n<h2 class=\"h2\"> Religion <\/h2>        \n    \n    <\/div>\n        <\/div>\n    <\/div>\n<\/section>\n\n\n\n<section  class=\"blog-text\">\n    <div class=\"container\">\n        <div class=\"inner  pt-0 pb-5\">\n                            \n<h3 class=\"h3\"> Redakt\u00f6r: Anders Hansson <\/h3>                                        <h3>A<\/h3>\n<ul>\n<li>Ahlb\u00e4ck, Tore, fil.dr<\/li>\n<li>Ahr\u00e9n, Per-Olov, biskop em.<\/li>\n<li>Albrektson, Bertil, professor<\/li>\n<li>Aldrin, Viktor, teol.dr.<\/li>\n<li>Alinder, Orvar, avdelningschef<\/li>\n<li>Anderberg, Stefan, fil.dr<\/li>\n<li>Andr\u00e9n, Carl-Gustaf, f.d. universitetskansler<\/li>\n<li>Andr\u00e9n, \u00c5ke, professor<\/li>\n<li>Aneer, Gudmar, docent<\/li>\n<li>Aronson, Harry, docent<\/li>\n<li>Arvidsson, Stefan, professor<\/li>\n<li>Arvidsson, Ulf, planeringsdirekt\u00f6r<\/li>\n<li>Aurelius, Carl Axel, docent<\/li>\n<\/ul>\n<h3>B<\/h3>\n<ul>\n<li>Benktson, Benkt-Erik, professor<\/li>\n<li>Berglie, Per-Arne, professor<\/li>\n<li>Bergman, Jan, professor<\/li>\n<li>Bergsten, Torsten, docent<\/li>\n<li>Bergstrand, G\u00f6ran, pr\u00e4st<\/li>\n<li>Beskow, Per, docent<\/li>\n<li>Bexell, Oloph, docent<\/li>\n<li>Block, Per, docent<\/li>\n<li>Bogdan, Michael, professor<\/li>\n<li>Bohlin, Folke, professor<\/li>\n<li>Borgehammar, Stephan, teol.dr<\/li>\n<li>Bramst\u00e5ng, Gunnar, professor<\/li>\n<li>Brodd, Sven-Erik, professor<\/li>\n<li>Brohed, Ingmar, professor<\/li>\n<li>Bryder, Peter, universitetslektor<\/li>\n<li>Br\u00e5kenhielm, Carl Reinhold, professor<\/li>\n<\/ul>\n<h3>C<\/h3>\n<ul>\n<li>Carlsson, Carl-Gustav, teol.dr<\/li>\n<\/ul>\n<h3>D<\/h3>\n<ul>\n<li>Dahlgren, Curt, professor<\/li>\n<li>Dahlstr\u00f6m, \u00c5sa N., fil.kand.<\/li>\n<\/ul>\n<h3>E<\/h3>\n<ul>\n<li>Eckerdal, Lars, biskop<\/li>\n<li>af Edholm, Erik, docent<\/li>\n<li>Edsman, Carl-Martin, professor<\/li>\n<li>Ejerfeldt, Lennart, fil.lic.<\/li>\n<li>Ekenberg, Anders, docent<\/li>\n<li>Engelhart, Monica, fil.dr<\/li>\n<li>Ergardt, Jan, docent<\/li>\n<li>Eriksson, Anne-Louise, universitetslektor<\/li>\n<li>Eriksson, Torkel, museir\u00e5d<\/li>\n<li>Estham, Inger, teol.dr<\/li>\n<\/ul>\n<h3>F<\/h3>\n<ul>\n<li>Frisk, Liselotte, universitetslektor<\/li>\n<li>Fristr\u00f6m, Jan-Olof, 1:e bibliotekarie<\/li>\n<li>Frostin, Per, professor<\/li>\n<\/ul>\n<h3>G<\/h3>\n<ul>\n<li>Gardell, Mattias, fil.dr<\/li>\n<li>Geels, Antoon, professor<\/li>\n<li>Gerhardsson, Birger, professor<\/li>\n<li>Gren-Eklund, Gunilla, professor<\/li>\n<li>Grenholm, Carl-Henric, professor<\/li>\n<li>Gustafsson, G\u00f6ran, professor<\/li>\n<\/ul>\n<h3>H<\/h3>\n<ul>\n<li>Haglund, Dick A.R., professor<\/li>\n<li>Hagren, Klas, universitetsadjunkt<\/li>\n<li>Halld\u00e9n, Philip, fil.dr<\/li>\n<li>Hallencreutz, Carl Fredrik, professor<\/li>\n<li>Hallgren, Roland, docent<\/li>\n<li>Hammer, Olav, fil.dr<\/li>\n<li>Hellstr\u00f6m, Jan Arvid, biskop<\/li>\n<li>Hellstr\u00f6m, Thomas<\/li>\n<li>Hidal, Sten, professor<\/li>\n<li>Hj\u00e4rpe, Jan, professor (nuv. e)<\/li>\n<li>Hofmann, Manfred, docent<\/li>\n<li>Holmberg, Bengt, docent<\/li>\n<li>Holm\u00e9n, Hans, universitetslektor<\/li>\n<li>Holte, Ragnar, professor<\/li>\n<li>Hultg\u00e5rd, Anders, professor<\/li>\n<li>Hultkrantz, \u00c5ke, professor<\/li>\n<li>H\u00e4gglund, Bengt, professor<\/li>\n<li>H\u00e4rdelin, Alf, professor<\/li>\n<\/ul>\n<h3>I<\/h3>\n<ul>\n<li>Illman, Karl-Johan, professor<\/li>\n<\/ul>\n<h3>J<\/h3>\n<ul>\n<li>Jeffner, Anders, professor<\/li>\n<li>Johannesson, Hans-Erik, universitetslektor<\/li>\n<li>Johnson, Bo, professor<\/li>\n<li>Jonson, Jonas, biskop<\/li>\n<li>Josefsson, G\u00f6ran, arkivchef<\/li>\n<li>Josephsson, Folke, professor<\/li>\n<\/ul>\n<h3>K<\/h3>\n<ul>\n<li>Kieffer, Ren\u00e9, professor<\/li>\n<li>Kreslins, Janis, fil.dr<\/li>\n<li>Kronholm, Tryggve, professor<\/li>\n<li>K\u00e4lvemark, Torsten, avdelningschef<\/li>\n<\/ul>\n<h3>L<\/h3>\n<ul>\n<li>Lagervall, Rickard, doktorand<\/li>\n<li>Lande, Aasulv, professor<\/li>\n<li>Lars\u00e9n, Lena, antikvarie<\/li>\n<li>Larsson, Edvin, professor<\/li>\n<li>Lidin, Olof, professor<\/li>\n<li>Lienhard, Siegfried, professor<\/li>\n<li>Lindberg, Lars, rektor<\/li>\n<li>Lindbladh Nilsson, Nils-Henrik, pr\u00e4st<\/li>\n<li>Lindgren, Mereth, docent<\/li>\n<li>Lod\u00e9n, Torbj\u00f6rn, professor<\/li>\n<li>Lyttkens, Hampus, professor<\/li>\n<li>L\u00f6vestam, Evald, professor<\/li>\n<\/ul>\n<h3>M<\/h3>\n<ul>\n<li>Malmqvist, G\u00f6ran, professor<\/li>\n<li>Martling, Carl Henrik, docent<\/li>\n<li>Montgomery, Ingun M., professor<\/li>\n<\/ul>\n<h3>N<\/h3>\n<ul>\n<li>Nilsson, Kjell-Ove, teol.dr<\/li>\n<li>Nordin, Hel\u00e8n, landskapsarkitekt<\/li>\n<li>Norman, Hans, docent<\/li>\n<li>Nyberg, Tore, fil.dr<\/li>\n<\/ul>\n<h3>O<\/h3>\n<ul>\n<li>Olsson, Bernt, professor<\/li>\n<li>Olsson, Birger, professor<\/li>\n<li>Olsson, Tord, professor<\/li>\n<li>Otterbeck, Jonas, fil.dr<\/li>\n<li>Ottosson, Magnus, professor<\/li>\n<li>Ovesen, Jan, docent<\/li>\n<\/ul>\n<h3>P<\/h3>\n<ul>\n<li>Peders\u00e9n, Olof, docent<\/li>\n<li>Pernler, Sven-Erik, docent<\/li>\n<li>Persson, Per Erik, professor<\/li>\n<li>Persson, Sune, docent<\/li>\n<li>Piltz, Anders, docent<\/li>\n<\/ul>\n<h3>R<\/h3>\n<ul>\n<li>Raudvere, Catharina, fil.dr<\/li>\n<li>Ridderstedt, Lars, kyrkoherde em.<\/li>\n<li>Riesenfeld, Harald, professor<\/li>\n<li>Ringgren, Helmer, professor<\/li>\n<li>Roald, Anne Sofie, fil.dr<\/li>\n<li>Ros\u00e9n, Staffan, professor<\/li>\n<li>Rubenson, Samuel, professor<\/li>\n<li>Rubenson, Sven, professor<\/li>\n<li>Rudberg, Stig Y., professor em.<\/li>\n<li>Rydving, H\u00e5kan, professor<\/li>\n<\/ul>\n<h3>S<\/h3>\n<ul>\n<li>Sachs, Charlotte, docent<\/li>\n<li>Salomonsson, Anders, docent<\/li>\n<li>Samuelsson, Gunnar, stiftsjurist<\/li>\n<li>Schalk, Peter, professor<\/li>\n<li>Schwarz Lausten, Martin, docent<\/li>\n<li>Segerbank, Catharina, teol.dr<\/li>\n<li>Selander, Inger, docent<\/li>\n<li>Selander, Sven-\u00c5ke, professor<\/li>\n<li>Sj\u00f6berg, \u00d6rjan, fil.dr<\/li>\n<li>Skog, Margareta, forskningsassistent<\/li>\n<li>Stenberg, Leif, fil.dr<\/li>\n<li>St\u00e5hl, David, fil.kand.<\/li>\n<li>Sundkler, Bengt, professor<\/li>\n<li>Suneson, Carl, docent<\/li>\n<li>Swahn, Jan-\u00d6jvind, professor<\/li>\n<li>Svensson, Jonas, teol.dr<\/li>\n<\/ul>\n<h3>T<\/h3>\n<ul>\n<li>Temn\u00e9us, Bosse, teol.lic.<\/li>\n<li>Thelin, Bengt, fil.dr, teol.lic.<\/li>\n<li>Tidemalm, Dag, fil.mag.<\/li>\n<\/ul>\n<h3>U<\/h3>\n<ul>\n<li>Utas, Bo, professor<\/li>\n<\/ul>\n<h3>VW<\/h3>\n<ul>\n<li>Westerlund, David, docent<\/li>\n<li>Wikstr\u00f6m, Owe, professor<\/li>\n<li>Wrede, G\u00f6sta, docent<\/li>\n<\/ul>\n<h3>\u00c5<\/h3>\n<ul>\n<li>\u00c5kesson, Anders, fil.dr<\/li>\n<li>\u00c5sberg, Christer, teol.dr<\/li>\n<\/ul>\n<h3>\u00d6<\/h3>\n<ul>\n<li>\u00d6sterlin, Lars, professor<\/li>\n<\/ul>\n                    <\/div>\n    <\/div>\n<\/section>\n\n\n\n\n\n\n<section  class=\"big-header bg-gray \">\n    <div class=\"container\">\n        <div class=\"inner  pt-5 pb-5\">\n\n            \n\n<div class=\"big-header-center\">\n                \n<h3 class=\"h3\"> Redaktionen <\/h3>                \n<p class=\"ample\">\n    Har du en allm\u00e4n fr\u00e5ga eller synpunkt g\u00e4llande inneh\u00e5llet i v\u00e5ra tj\u00e4nster \u00e4r du v\u00e4lkommen att h\u00f6ra av dig till oss p\u00e5 redaktionen.<\/p>    \n    \n            <div class=\"btn-container\">\n                            \n<a href=\"https:\/\/www.ne.se\/info\/kontaktsida\/?tab=Redaktion\" target=\"_blank\" aria-label=\"Kontakta oss\" class=\"button button-blue\">\n    Kontakta oss            <svg width=\"16\" height=\"16\" viewBox=\"0 0 16 16\" fill=\"none\" xmlns=\"http:\/\/www.w3.org\/2000\/svg\">\n<path d=\"M14 6.00001L14 2.00001M14 2.00001H9.99999M14 2.00001L8 8M6.66667 2H5.2C4.0799 2 3.51984 2 3.09202 2.21799C2.71569 2.40973 2.40973 2.71569 2.21799 3.09202C2 3.51984 2 4.07989 2 5.2V10.8C2 11.9201 2 12.4802 2.21799 12.908C2.40973 13.2843 2.71569 13.5903 3.09202 13.782C3.51984 14 4.07989 14 5.2 14H10.8C11.9201 14 12.4802 14 12.908 13.782C13.2843 13.5903 13.5903 13.2843 13.782 12.908C14 12.4802 14 11.9201 14 10.8V9.33333\" stroke=\"#F2F5F8\" stroke-width=\"2\" stroke-linecap=\"round\" stroke-linejoin=\"round\"\/>\n<\/svg>\n    <\/a>                                <\/div>\n    <\/div>\n        <\/div>\n    <\/div>\n<\/section>","protected":false},"excerpt":{"rendered":"","protected":false},"author":6,"featured_media":0,"parent":5420,"menu_order":0,"comment_status":"closed","ping_status":"closed","template":"","meta":{"inline_featured_image":false,"footnotes":""},"subject":[],"class_list":["post-5684","page","type-page","status-publish","hentry"],"acf":[],"_links":{"self":[{"href":"https:\/\/www.ne.se\/info\/wp-json\/wp\/v2\/pages\/5684","targetHints":{"allow":["GET"]}}],"collection":[{"href":"https:\/\/www.ne.se\/info\/wp-json\/wp\/v2\/pages"}],"about":[{"href":"https:\/\/www.ne.se\/info\/wp-json\/wp\/v2\/types\/page"}],"author":[{"embeddable":true,"href":"https:\/\/www.ne.se\/info\/wp-json\/wp\/v2\/users\/6"}],"replies":[{"embeddable":true,"href":"https:\/\/www.ne.se\/info\/wp-json\/wp\/v2\/comments?post=5684"}],"version-history":[{"count":5,"href":"https:\/\/www.ne.se\/info\/wp-json\/wp\/v2\/pages\/5684\/revisions"}],"predecessor-version":[{"id":16505,"href":"https:\/\/www.ne.se\/info\/wp-json\/wp\/v2\/pages\/5684\/revisions\/16505"}],"up":[{"embeddable":true,"href":"https:\/\/www.ne.se\/info\/wp-json\/wp\/v2\/pages\/5420"}],"wp:attachment":[{"href":"https:\/\/www.ne.se\/info\/wp-json\/wp\/v2\/media?parent=5684"}],"wp:term":[{"taxonomy":"subject","embeddable":true,"href":"https:\/\/www.ne.se\/info\/wp-json\/wp\/v2\/subject?post=5684"}],"curies":[{"name":"wp","href":"https:\/\/api.w.org\/{rel}","templated":true}]}}